{"id":1670,"date":"2023-01-03T13:33:17","date_gmt":"2023-01-03T12:33:17","guid":{"rendered":"https:\/\/semmelweis.hu\/baratikor\/?page_id=1670"},"modified":"2023-01-09T11:18:29","modified_gmt":"2023-01-09T10:18:29","slug":"gerenday-jozsef","status":"publish","type":"page","link":"https:\/\/semmelweis.hu\/baratikor\/galeria\/teljes-nevlista\/gerenday-jozsef\/","title":{"rendered":"Gerenday J\u00f3zsef"},"content":{"rendered":"<p style=\"text-align: justify\"><strong>(D\u00f6ms\u00f6d, 1814. \u2013 Pest, 1862. \u00e1prilis 8.)<\/strong><\/p>\n<p style=\"text-align: justify\"><strong>Tansz\u00e9k: <\/strong>N\u00f6v\u00e9nytan (botanika) 1848-1849, 1851-1862.<\/p>\n<p style=\"text-align: justify\">Orvosi tanulm\u00e1nyait Pesten v\u00e9gezte, oklevelet 1839. j\u00falius 10-\u00e9n kapott. Kezdetben tan\u00e1rseg\u00e9d volt a k\u00e9mia \u00e9s botanika tansz\u00e9ken, majd Sadler J\u00f3zsef hal\u00e1la ut\u00e1n 1848-ban \u0151 lett a botanika tan\u00e1ra \u00e9s az egyetemi f\u00fcv\u00e9szkert igazgat\u00f3ja. A szabads\u00e1gharc ut\u00e1n az 1849\/50. \u00e9s az 1850\/51. tan\u00e9vben Tognio Lajos l\u00e1tta el a tansz\u00e9k k\u00f6r\u00fcli teend\u0151ket, majd ism\u00e9t Gerenday vette \u00e1t a tansz\u00e9ket. A botanika oktat\u00e1s\u00e1t hal\u00e1l\u00e1ig folytatta, noha 1850-ben a tansz\u00e9k \u00e1tker\u00fclt a B\u00f6lcs\u00e9szettudom\u00e1nyi Karra.<\/p>\n<p style=\"text-align: justify\"><strong>F\u0151bb munk\u00e1i:<\/strong> Magyar- \u00e9s Dalm\u00e1torsz\u00e1gi k\u00edgy\u00f3k. Pest, 1839.; Dissertatio inauguralis zoologico-medica, sistens serpentes Hungariae et Dalmatiae.; A k\u00edgy\u00f3kr\u00f3l \u00e1ltal\u00e1nosan, k\u00fcl\u00f6n\u00f6sen a m\u00e9rges \u00e9s nem m\u00e9rges k\u00fcl\u00f6nbs\u00e9gr\u0151l a magyarorsz\u00e1giakra vonatkoz\u00f3lag (Magyar orvosok \u00e9s term\u00e9szetvizsg\u00e1l\u00f3k munk\u00e1i VI. 1846. 291. 1.)<\/p>\n<p style=\"text-align: justify\"><strong>Nyughelye:<\/strong> Budapest, Fiumei \u00fati temet\u0151 FM\/BAL\/1\/52 (a Sebastiani csal\u00e1d mauz\u00f3leum\u00e1ban).<\/p>\n<p><strong><a href=\"https:\/\/semmelweis.hu\/baratikor\/galeria\/teljes-nevlista\/gerenday-jozsef\/gerenday-jozsef\/\" rel=\"attachment wp-att-1671\"><img loading=\"lazy\" decoding=\"async\" class=\"alignleft size-medium wp-image-1671\" src=\"https:\/\/semmelweis.hu\/baratikor\/files\/2023\/01\/Gerenday-Jozsef-267x400.jpg\" alt=\"\" width=\"267\" height=\"400\" srcset=\"https:\/\/semmelweis.hu\/baratikor\/files\/2023\/01\/Gerenday-Jozsef-267x400.jpg 267w, https:\/\/semmelweis.hu\/baratikor\/files\/2023\/01\/Gerenday-Jozsef.jpg 667w\" sizes=\"auto, (max-width: 267px) 100vw, 267px\" \/><\/a><\/strong><\/p>\n","protected":false},"excerpt":{"rendered":"<p>(D\u00f6ms\u00f6d, 1814. \u2013 Pest, 1862. \u00e1prilis 8.) Tansz\u00e9k: N\u00f6v\u00e9nytan (botanika) 1848-1849, 1851-1862. Orvosi tanulm\u00e1nyait Pesten v\u00e9gezte, oklevelet 1839. j\u00falius 10-\u00e9n kapott. Kezdetben tan\u00e1rseg\u00e9d volt a k\u00e9mia \u00e9s botanika tansz\u00e9ken, majd Sadler J\u00f3zsef hal\u00e1la ut\u00e1n 1848-ban \u0151 lett a botanika tan\u00e1ra \u00e9s az egyetemi f\u00fcv\u00e9szkert igazgat\u00f3ja. A szabads\u00e1gharc ut\u00e1n az 1849\/50. \u00e9s az 1850\/51. tan\u00e9vben Tognio &hellip;<\/p>\n","protected":false},"author":282,"featured_media":0,"parent":347,"menu_order":0,"comment_status":"closed","ping_status":"closed","template":"template-fullwidth.php","meta":{"_acf_changed":false,"footnotes":""},"categories":[77,14],"tags":[],"class_list":["post-1670","page","type-page","status-publish","hentry","category-kegyeleti-adattar","category-teljes-nevlista"],"acf":[],"_links":{"self":[{"href":"https:\/\/semmelweis.hu\/baratikor\/wp-json\/wp\/v2\/pages\/1670","targetHints":{"allow":["GET"]}}],"collection":[{"href":"https:\/\/semmelweis.hu\/baratikor\/wp-json\/wp\/v2\/pages"}],"about":[{"href":"https:\/\/semmelweis.hu\/baratikor\/wp-json\/wp\/v2\/types\/page"}],"author":[{"embeddable":true,"href":"https:\/\/semmelweis.hu\/baratikor\/wp-json\/wp\/v2\/users\/282"}],"replies":[{"embeddable":true,"href":"https:\/\/semmelweis.hu\/baratikor\/wp-json\/wp\/v2\/comments?post=1670"}],"version-history":[{"count":3,"href":"https:\/\/semmelweis.hu\/baratikor\/wp-json\/wp\/v2\/pages\/1670\/revisions"}],"predecessor-version":[{"id":1674,"href":"https:\/\/semmelweis.hu\/baratikor\/wp-json\/wp\/v2\/pages\/1670\/revisions\/1674"}],"up":[{"embeddable":true,"href":"https:\/\/semmelweis.hu\/baratikor\/wp-json\/wp\/v2\/pages\/347"}],"wp:attachment":[{"href":"https:\/\/semmelweis.hu\/baratikor\/wp-json\/wp\/v2\/media?parent=1670"}],"wp:term":[{"taxonomy":"category","embeddable":true,"href":"https:\/\/semmelweis.hu\/baratikor\/wp-json\/wp\/v2\/categories?post=1670"},{"taxonomy":"post_tag","embeddable":true,"href":"https:\/\/semmelweis.hu\/baratikor\/wp-json\/wp\/v2\/tags?post=1670"}],"curies":[{"name":"wp","href":"https:\/\/api.w.org\/{rel}","templated":true}]}}