{"id":1666,"date":"2023-01-03T13:31:11","date_gmt":"2023-01-03T12:31:11","guid":{"rendered":"https:\/\/semmelweis.hu\/baratikor\/?page_id=1666"},"modified":"2023-01-09T11:18:30","modified_gmt":"2023-01-09T10:18:30","slug":"gottsegen-gyorgy","status":"publish","type":"page","link":"https:\/\/semmelweis.hu\/baratikor\/galeria\/teljes-nevlista\/gottsegen-gyorgy\/","title":{"rendered":"Gottsegen Gy\u00f6rgy"},"content":{"rendered":"<p style=\"text-align: justify\"><strong><a href=\"https:\/\/semmelweis.hu\/baratikor\/galeria\/teljes-nevlista\/gottsegen-gyorgy\/060_12\/\" rel=\"attachment wp-att-1667\"><img loading=\"lazy\" decoding=\"async\" class=\"alignleft size-full wp-image-1667\" src=\"https:\/\/semmelweis.hu\/baratikor\/files\/2023\/01\/060_12.jpg\" alt=\"\" width=\"295\" height=\"391\" \/><\/a>(Budapest, 1906 &#8211; Dubrovnik, 1965)<\/strong><\/p>\n<p style=\"text-align: justify\">Miut\u00e1n a budapesti Orvoskarra nem vett\u00e9k fel, orvosi tanulm\u00e1nyait P\u00e1rizsban \u00e9s B\u00e9csben v\u00e9gezte, oklevelet B\u00e9csben szerzett 1929 febru\u00e1rj\u00e1ban. Ezt k\u00e9s\u0151bb, 1934-ben honos\u00edttatta a p\u00e9csi Erzs\u00e9bet Tudom\u00e1nyegyetemen. M\u00e1r oklevele megszerz\u00e9s\u00e9t megel\u0151z\u0151en, 1927-t\u0151l gyakornokoskodott Wenkebach professzor b\u00e9csi klinik\u00e1j\u00e1n. 1929-ben a n\u00e9metorsz\u00e1gi Darmstadt \u00e9s Ratibor v\u00e1rosi k\u00f6zk\u00f3rh\u00e1zainak beloszt\u00e1lyain dolgozott k\u00fclf\u00f6ldi asszisztensk\u00e9nt. 1931-ben hazat\u00e9rt, a Pesti Izraelita Hitk\u00f6zs\u00e9g k\u00f6zk\u00f3rh\u00e1z\u00e1ban lett seg\u00e9d-, majd alorvos, v\u00e9g\u00fcl tudom\u00e1nyos munkat\u00e1rs. Itt 1944-ig dolgozott, k\u00f6zben k\u00e9tszer (1940, 1942) munkaszolg\u00e1latra h\u00edvt\u00e1k be. 1945-ben az Orsz\u00e1gos T\u00e1rsadalombiztos\u00edt\u00f3 Int\u00e9zet (OTI) szolg\u00e1lat\u00e1ba l\u00e9pett, a Kolt\u00f3i Anna baleseti k\u00f3rh\u00e1z egyik beloszt\u00e1ly\u00e1nak vezet\u0151 f\u0151orvosak\u00e9nt. Egyidej\u0171leg ell\u00e1tta az OTI igazgat\u00f3helyettesi feladatait is, \u00edgy tev\u00e9keny r\u00e9szt v\u00e1llalt az eg\u00e9szs\u00e9g\u00fcgyi h\u00e1l\u00f3zat \u00fajj\u00e1szervez\u00e9s\u00e9ben. Az OTI megsz\u00fcntet\u00e9sekor, 1950-ben a F\u0151v\u00e1rosi T\u00e9t\u00e9nyi \u00fati K\u00f3rh\u00e1z igazgat\u00f3ja, egyben belgy\u00f3gy\u00e1sz f\u0151orvosak\u00e9nt dolgozott tov\u00e1bb. 1952-t\u0151l 1957-ig az Istv\u00e1n K\u00f3rh\u00e1z III. beloszt\u00e1ly\u00e1nak f\u0151orvosa, majd 1957. augusztus 1-j\u00e9n az \u00fajonnan szervezett Orsz\u00e1gos Kardiol\u00f3giai Int\u00e9zet igazgat\u00f3ja \u00e9s beloszt\u00e1ly\u00e1nak vezet\u0151je lett. Ez ut\u00f3bbi voltak\u00e9ppen az Istv\u00e1n K\u00f3rh\u00e1z III. beloszt\u00e1ly\u00e1b\u00f3l alakult. 1959. j\u00fanius\u00e1ban ebb\u0151l szervezt\u00e9k meg a BOTE IV. sz. Belgy\u00f3gy\u00e1szati Klinik\u00e1j\u00e1t, mely tov\u00e1bbra is szerves egys\u00e9gben m\u0171k\u00f6d\u00f6tt a Kardiol\u00f3giai Int\u00e9zettel. Az \u00faj klinika \u00e9l\u00e9n egyetemi tan\u00e1ri kinevez\u00e9ssel megmaradt kor\u00e1bbi vezet\u0151je, Gottsegen Gy\u00f6rgy, eg\u00e9szen 1965 m\u00e1jus\u00e1ban bek\u00f6vetkezett hal\u00e1l\u00e1ig. Tudom\u00e1nyos munk\u00e1ss\u00e1ga f\u0151leg a sz\u00edv \u00e9s v\u00e9rkering\u00e9s betegs\u00e9geit, a vesebajosok haematol\u00f3giai elv\u00e1ltoz\u00e1sait \u00e9s a t\u00fcd\u0151 oed\u00e9ma kutat\u00e1s\u00e1t \u00e9rintette. 1947-ben a budapesti egyetemen mag\u00e1ntan\u00e1ri k\u00e9pes\u00edt\u00e9st szerzett \u201eA sz\u00edv erek \u00e9s v\u00e9rk\u00e9pz\u0151szervek function\u00e1lis k\u00f3rtana\u201d t\u00e1rgyk\u00f6rben. 1955 szeptember\u00e9t\u0151l volt az orvostudom\u00e1nyok kandid\u00e1tusa, 1961-t\u0151l doktora. Az ETT vezet\u0151s\u00e9gi tagja, a Nemzetk\u00f6zi Kardiol\u00f3giai T\u00e1rsas\u00e1g \u00e9s az Olasz Kardiol\u00f3giai T\u00e1rsas\u00e1g tiszteletbeli tagja, valamint k\u00e9t k\u00fclf\u00f6ldi lap szerkeszt\u0151bizotts\u00e1gi tagja volt. 1948-ban elnyerte a K\u00f6zt\u00e1rsas\u00e1gi \u00c9rdem\u00e9rem arany fokozat\u00e1t. \/k\u00e9p lel\u0151helye: SOTE-lev\u00e9lt\u00e1r 49. fond\/<\/p>\n","protected":false},"excerpt":{"rendered":"<p><a href=\"https:\/\/semmelweis.hu\/baratikor\/galeria\/teljes-nevlista\/gottsegen-gyorgy\/060_12\/\" rel=\"attachment wp-att-1667\"><\/a> (Budapest, 1906 &#8211; Dubrovnik, 1965) Miut\u00e1n a budapesti Orvoskarra nem vett\u00e9k fel, orvosi tanulm\u00e1nyait P\u00e1rizsban \u00e9s B\u00e9csben v\u00e9gezte, oklevelet B\u00e9csben szerzett 1929 febru\u00e1rj\u00e1ban. Ezt k\u00e9s\u0151bb, 1934-ben honos\u00edttatta a p\u00e9csi Erzs\u00e9bet Tudom\u00e1nyegyetemen. M\u00e1r oklevele megszerz\u00e9s\u00e9t megel\u0151z\u0151en, 1927-t\u0151l gyakornokoskodott Wenkebach professzor b\u00e9csi klinik\u00e1j\u00e1n. 1929-ben a n\u00e9metorsz\u00e1gi Darmstadt \u00e9s Ratibor v\u00e1rosi k\u00f6zk\u00f3rh\u00e1zainak beloszt\u00e1lyain dolgozott k\u00fclf\u00f6ldi asszisztensk\u00e9nt. 1931-ben hazat\u00e9rt, &hellip;<\/p>\n","protected":false},"author":282,"featured_media":1667,"parent":347,"menu_order":0,"comment_status":"closed","ping_status":"closed","template":"template-fullwidth.php","meta":{"_acf_changed":false,"footnotes":""},"categories":[77,14],"tags":[],"class_list":["post-1666","page","type-page","status-publish","has-post-thumbnail","hentry","category-kegyeleti-adattar","category-teljes-nevlista"],"acf":[],"_links":{"self":[{"href":"https:\/\/semmelweis.hu\/baratikor\/wp-json\/wp\/v2\/pages\/1666","targetHints":{"allow":["GET"]}}],"collection":[{"href":"https:\/\/semmelweis.hu\/baratikor\/wp-json\/wp\/v2\/pages"}],"about":[{"href":"https:\/\/semmelweis.hu\/baratikor\/wp-json\/wp\/v2\/types\/page"}],"author":[{"embeddable":true,"href":"https:\/\/semmelweis.hu\/baratikor\/wp-json\/wp\/v2\/users\/282"}],"replies":[{"embeddable":true,"href":"https:\/\/semmelweis.hu\/baratikor\/wp-json\/wp\/v2\/comments?post=1666"}],"version-history":[{"count":2,"href":"https:\/\/semmelweis.hu\/baratikor\/wp-json\/wp\/v2\/pages\/1666\/revisions"}],"predecessor-version":[{"id":1669,"href":"https:\/\/semmelweis.hu\/baratikor\/wp-json\/wp\/v2\/pages\/1666\/revisions\/1669"}],"up":[{"embeddable":true,"href":"https:\/\/semmelweis.hu\/baratikor\/wp-json\/wp\/v2\/pages\/347"}],"wp:featuredmedia":[{"embeddable":true,"href":"https:\/\/semmelweis.hu\/baratikor\/wp-json\/wp\/v2\/media\/1667"}],"wp:attachment":[{"href":"https:\/\/semmelweis.hu\/baratikor\/wp-json\/wp\/v2\/media?parent=1666"}],"wp:term":[{"taxonomy":"category","embeddable":true,"href":"https:\/\/semmelweis.hu\/baratikor\/wp-json\/wp\/v2\/categories?post=1666"},{"taxonomy":"post_tag","embeddable":true,"href":"https:\/\/semmelweis.hu\/baratikor\/wp-json\/wp\/v2\/tags?post=1666"}],"curies":[{"name":"wp","href":"https:\/\/api.w.org\/{rel}","templated":true}]}}