{"id":1648,"date":"2023-01-03T13:11:07","date_gmt":"2023-01-03T12:11:07","guid":{"rendered":"https:\/\/semmelweis.hu\/baratikor\/?page_id=1648"},"modified":"2023-10-11T15:08:04","modified_gmt":"2023-10-11T13:08:04","slug":"foldvari-ferenc","status":"publish","type":"page","link":"https:\/\/semmelweis.hu\/baratikor\/galeria\/teljes-nevlista\/foldvari-ferenc\/","title":{"rendered":"F\u00f6ldv\u00e1ri Ferenc"},"content":{"rendered":"<p style=\"text-align: justify\"><strong><a href=\"https:\/\/semmelweis.hu\/baratikor\/galeria\/teljes-nevlista\/foldvari-ferenc\/foldvari-ferenc\/\" rel=\"attachment wp-att-1649\"><img loading=\"lazy\" decoding=\"async\" class=\"alignleft size-medium wp-image-1649\" src=\"https:\/\/semmelweis.hu\/baratikor\/files\/2023\/01\/Foldvari-Ferenc-280x400.jpg\" alt=\"\" width=\"280\" height=\"400\" srcset=\"https:\/\/semmelweis.hu\/baratikor\/files\/2023\/01\/Foldvari-Ferenc-280x400.jpg 280w, https:\/\/semmelweis.hu\/baratikor\/files\/2023\/01\/Foldvari-Ferenc.jpg 700w\" sizes=\"auto, (max-width: 280px) 100vw, 280px\" \/><\/a> (Budapest, 1895. augusztus 25. \u2013 Budapest, 1981. febru\u00e1r 19.)<\/strong><\/p>\n<p style=\"text-align: justify\"><strong>Tansz\u00e9k: <\/strong>B\u0151r- \u00e9s Nemik\u00f3rtani Klinika 1938-1939 (mb.), 1946-1967.<\/p>\n<p style=\"text-align: justify\">Orvoscsal\u00e1db\u00f3l sz\u00e1rmazik, \u00e9desapja, F\u00f6ldv\u00e1ri Artur szint\u00e9n b\u0151rgy\u00f3gy\u00e1sz volt. K\u00f6z\u00e9pfok\u00fa tanulm\u00e1nyait a budapesti VI. ker\u00fcleti \u00c1llami F\u0151gimn\u00e1ziumban v\u00e9gezte, majd 1913-ban iratkozott be a budapesti Orvostudom\u00e1nyi Karra. 1915. m\u00e1jus 15-\u00e9n orvosn\u00f6vend\u00e9kk\u00e9nt h\u00edvt\u00e1k be katonai szolg\u00e1latra, melyet az 1., a 29. \u00e9s a 31. honv\u00e9dezredek k\u00f6tel\u00e9k\u00e9ben Budapesten, Veszpr\u00e9mben \u00e9s a harct\u00e9ren teljes\u00edtett 1918. november 9-i leszerel\u00e9s\u00e9ig. Szolg\u00e1lat\u00e1\u00e9rt 1917-ben arany \u00e9rdemkeresztet kapott. Orvosi oklevel\u00e9t 1919. j\u00fanius 28-\u00e1n kapta, majd az \u00e9v h\u00e1tral\u00e9v\u0151 r\u00e9sz\u00e9ben a K\u00f3rbonctani Int\u00e9zetben dolgozott. 1920. janu\u00e1r 6-\u00e1n l\u00e9pett a B\u0151r- \u00e9s Nemik\u00f3rtani Klinika szolg\u00e1lat\u00e1ba d\u00edjtalan gyakornokk\u00e9nt. V\u00e9gigj\u00e1rta a klinikai rangl\u00e9tr\u00e1t, 1923. szept. 1-j\u00e9t\u0151l d\u00edjas gyakornok, 1924. szept. 1-j\u00e9t\u0151l d\u00edjas gyakornok c\u00edmzetes tan\u00e1rseg\u00e9d, 1925. szept. 1-j\u00e9t\u0151l II. fizet\u00e9ses tan\u00e1rseg\u00e9d, 1926. szept. 1-j\u00e9t\u0151l I. fizet\u00e9ses tan\u00e1rseg\u00e9d lett. 1936. febr. 8-\u00e1n mag\u00e1ntan\u00e1ri k\u00e9pes\u00edt\u00e9st nyert a <em>B\u0151rgy\u00f3gy\u00e1szati ther\u00e1pia <\/em>t\u00e1rgyk\u00f6r\u00e9ben. 1936. szept. 1-j\u00e9n fizet\u00e9stelen adjunktusi c\u00edmet nyert, de megtartotta kor\u00e1bbi fizet\u00e9ses \u00e1ll\u00e1s\u00e1t. 1938. j\u00falius 1-j\u00e9n, mikor N\u00e9k\u00e1m Lajos nyug\u00e1llom\u00e1nyba vonult, \u00e1tmenetileg megb\u00edzt\u00e1k a klinika vezet\u00e9s\u00e9vel, amir\u0151l 1939. november 4-\u00e9n lemondott. 1945. \u00e1prilis 4-\u00e9n \u00fajb\u00f3l fizet\u00e9stelen adjunktus lett 1939-ig visszamen\u0151 hat\u00e1llyal, majd egy \u00e9v m\u00falva (1946.IV.5.) egyetemi nyilv\u00e1nos rendes tan\u00e1ri kinevez\u00e9st kapott a klinika \u00e9l\u00e9re. 1952. j\u00falius 14-\u00e9n elnyerte a kandid\u00e1tusi fokozatot. 1952-t\u0151l vezette az Orsz\u00e1gos B\u0151r- \u00e9s Nemik\u00f3rtani Int\u00e9zetet. Jelent\u0151s szerepe volt a klinika 1956-ban s\u00falyosan megs\u00e9r\u00fclt \u00e9p\u00fclet\u00e9nek helyre\u00e1ll\u00edt\u00e1s\u00e1ban. Munk\u00e1ss\u00e1ga a b\u0151r h\u00f3lyagos megbeteged\u00e9seire, a m\u00e9ly gomb\u00e1s fert\u0151z\u00e9sekre, a differenci\u00e1l diagnosztik\u00e1ra, a nemi betegs\u00e9gekre \u00e9s f\u0151k\u00e9ppen a szifilisz k\u00fcl\u00f6nb\u00f6z\u0151 vonatkoz\u00e1saira terjedt ki. Jelent\u0151s szerepe volt abban, hogy a kor\u00e1bban, f\u0151k\u00e9nt a h\u00e1bor\u00fas id\u0151kben, szinte n\u00e9pbetegs\u00e9gnek sz\u00e1m\u00edt\u00f3 szifiliszt az 1960-as \u00e9vekre siker\u00fclt haz\u00e1nkban visszaszor\u00edtani. A h\u00f3lyagos megbeteged\u00e9sek t\u00e1rgy\u00e1ban Bal\u00f3 J\u00f3zseffel k\u00f6z\u00f6s kutat\u00e1sokat is v\u00e9gzett.<\/p>\n<p style=\"text-align: justify\">A Bolg\u00e1r Dermatol\u00f3giai T\u00e1rsas\u00e1g (1964), a pr\u00e1gai Purkynje T\u00e1rsulat, az Argentin Dermatol\u00f3giai T\u00e1rsulat, az Olasz (1966) \u00e9s a D\u00e1n Dermatol\u00f3giai T\u00e1rsulat (1967) tiszteletbeli tagja, a Belga Dermatol\u00f3giai T\u00e1rsulat levelez\u0151 tagja (1966) \u00e9s a Deutsche Akademie der Naturforscher Leopoldina tagja (1967) volt. A Helsinki Egyetem 1966-ban tiszteletbeli doktor\u00e1v\u00e1 fogadta. Ezeken t\u00falmen\u0151en angol, francia, kanadai, new yorki, lengyel \u00e9s osztr\u00e1k tudom\u00e1nyos t\u00e1rsulatoknak t\u00e1rsult, illetve felk\u00e9rt tagja volt. T\u00f6bb k\u00fclf\u00f6ldi tudom\u00e1nyos lap (Basel, M\u00fcnchen, Moszkva, Berlin, Amszterdam) szerkeszt\u0151bizotts\u00e1g\u00e1nak volt felk\u00e9rt tagja.<\/p>\n<p style=\"text-align: justify\">Tagja volt az Orvos-Eg\u00e9szs\u00e9g\u00fcgyi Szakszervezetnek, de politikai p\u00e1rthoz soha nem csatlakozott. 1954-ben Kiv\u00e1l\u00f3 orvos kit\u00fcntet\u00e9st kapott. Az egyetem 1964-ben \u00e9s 1967-ben is korm\u00e1nykit\u00fcntet\u00e9sre terjesztette fel, de annak elfogad\u00e1s\u00e1r\u00f3l nincs adatunk.<\/p>\n<p style=\"text-align: justify\"><strong>F\u0151bb munk\u00e1i<em>:<\/em><\/strong> <em>A constitutio a dermatol\u00f3gi\u00e1ban. In: <\/em>Orvosk\u00e9pz\u00e9s, 1936.; <em>A syphilis gy\u00f3gy\u00edt\u00e1s\u00e1r\u00f3l \u00e9s a gy\u00f3gyul\u00e1s\u00e1r\u00f3l. In: <\/em>Orvosk\u00e9pz\u00e9s, 1936.; A nemibetegs\u00e9gek k\u00f3rtana \u00e9s gy\u00f3gy\u00edt\u00e1sa. BOTE, Bp., 1966.<\/p>\n<p style=\"text-align: justify\"><strong>Nyughelye:<\/strong> Budapest, Farkasr\u00e9ti temet\u0151 27-3\/0\/1\/10.<\/p>\n<p><strong><a href=\"https:\/\/semmelweis.hu\/baratikor\/galeria\/teljes-nevlista\/foldvari-ferenc\/img_20200418_135154\/\" rel=\"attachment wp-att-1650\"><img loading=\"lazy\" decoding=\"async\" class=\"alignleft size-medium wp-image-1650\" src=\"https:\/\/semmelweis.hu\/baratikor\/files\/2023\/01\/IMG_20200418_135154-400x300.jpg\" alt=\"\" width=\"400\" height=\"300\" srcset=\"https:\/\/semmelweis.hu\/baratikor\/files\/2023\/01\/IMG_20200418_135154-400x300.jpg 400w, https:\/\/semmelweis.hu\/baratikor\/files\/2023\/01\/IMG_20200418_135154-768x576.jpg 768w, https:\/\/semmelweis.hu\/baratikor\/files\/2023\/01\/IMG_20200418_135154-753x565.jpg 753w, https:\/\/semmelweis.hu\/baratikor\/files\/2023\/01\/IMG_20200418_135154.jpg 1000w\" sizes=\"auto, (max-width: 400px) 100vw, 400px\" \/><\/a><\/strong><\/p>\n","protected":false},"excerpt":{"rendered":"<p><a href=\"https:\/\/semmelweis.hu\/baratikor\/galeria\/teljes-nevlista\/foldvari-ferenc\/foldvari-ferenc\/\" rel=\"attachment wp-att-1649\"><\/a> (Budapest, 1895. augusztus 25. \u2013 Budapest, 1981. febru\u00e1r 19.) Tansz\u00e9k: B\u0151r- \u00e9s Nemik\u00f3rtani Klinika 1938-1939 (mb.), 1946-1967. Orvoscsal\u00e1db\u00f3l sz\u00e1rmazik, \u00e9desapja, F\u00f6ldv\u00e1ri Artur szint\u00e9n b\u0151rgy\u00f3gy\u00e1sz volt. K\u00f6z\u00e9pfok\u00fa tanulm\u00e1nyait a budapesti VI. ker\u00fcleti \u00c1llami F\u0151gimn\u00e1ziumban v\u00e9gezte, majd 1913-ban iratkozott be a budapesti Orvostudom\u00e1nyi Karra. 1915. m\u00e1jus 15-\u00e9n orvosn\u00f6vend\u00e9kk\u00e9nt h\u00edvt\u00e1k be katonai szolg\u00e1latra, melyet az 1., a 29. &hellip;<\/p>\n","protected":false},"author":282,"featured_media":5372,"parent":347,"menu_order":0,"comment_status":"closed","ping_status":"closed","template":"template-fullwidth.php","meta":{"_acf_changed":false,"footnotes":""},"categories":[77,14],"tags":[],"class_list":["post-1648","page","type-page","status-publish","has-post-thumbnail","hentry","category-kegyeleti-adattar","category-teljes-nevlista"],"acf":[],"_links":{"self":[{"href":"https:\/\/semmelweis.hu\/baratikor\/wp-json\/wp\/v2\/pages\/1648","targetHints":{"allow":["GET"]}}],"collection":[{"href":"https:\/\/semmelweis.hu\/baratikor\/wp-json\/wp\/v2\/pages"}],"about":[{"href":"https:\/\/semmelweis.hu\/baratikor\/wp-json\/wp\/v2\/types\/page"}],"author":[{"embeddable":true,"href":"https:\/\/semmelweis.hu\/baratikor\/wp-json\/wp\/v2\/users\/282"}],"replies":[{"embeddable":true,"href":"https:\/\/semmelweis.hu\/baratikor\/wp-json\/wp\/v2\/comments?post=1648"}],"version-history":[{"count":2,"href":"https:\/\/semmelweis.hu\/baratikor\/wp-json\/wp\/v2\/pages\/1648\/revisions"}],"predecessor-version":[{"id":1652,"href":"https:\/\/semmelweis.hu\/baratikor\/wp-json\/wp\/v2\/pages\/1648\/revisions\/1652"}],"up":[{"embeddable":true,"href":"https:\/\/semmelweis.hu\/baratikor\/wp-json\/wp\/v2\/pages\/347"}],"wp:featuredmedia":[{"embeddable":true,"href":"https:\/\/semmelweis.hu\/baratikor\/wp-json\/wp\/v2\/media\/5372"}],"wp:attachment":[{"href":"https:\/\/semmelweis.hu\/baratikor\/wp-json\/wp\/v2\/media?parent=1648"}],"wp:term":[{"taxonomy":"category","embeddable":true,"href":"https:\/\/semmelweis.hu\/baratikor\/wp-json\/wp\/v2\/categories?post=1648"},{"taxonomy":"post_tag","embeddable":true,"href":"https:\/\/semmelweis.hu\/baratikor\/wp-json\/wp\/v2\/tags?post=1648"}],"curies":[{"name":"wp","href":"https:\/\/api.w.org\/{rel}","templated":true}]}}