{"id":1642,"date":"2023-01-03T12:41:11","date_gmt":"2023-01-03T11:41:11","guid":{"rendered":"https:\/\/semmelweis.hu\/baratikor\/?page_id=1642"},"modified":"2023-10-11T15:04:12","modified_gmt":"2023-10-11T13:04:12","slug":"feher-janos","status":"publish","type":"page","link":"https:\/\/semmelweis.hu\/baratikor\/galeria\/teljes-nevlista\/feher-janos\/","title":{"rendered":"Feh\u00e9r J\u00e1nos"},"content":{"rendered":"<p style=\"text-align: justify\"><strong><a href=\"https:\/\/semmelweis.hu\/baratikor\/galeria\/teljes-nevlista\/feher-janos\/feher-janos-1999-2004\/\" rel=\"attachment wp-att-1645\"><img loading=\"lazy\" decoding=\"async\" class=\"alignleft size-medium wp-image-1645\" src=\"https:\/\/semmelweis.hu\/baratikor\/files\/2023\/01\/Feher-Janos-1999-2004-274x400.jpg\" alt=\"\" width=\"274\" height=\"400\" srcset=\"https:\/\/semmelweis.hu\/baratikor\/files\/2023\/01\/Feher-Janos-1999-2004-274x400.jpg 274w, https:\/\/semmelweis.hu\/baratikor\/files\/2023\/01\/Feher-Janos-1999-2004.jpg 684w\" sizes=\"auto, (max-width: 274px) 100vw, 274px\" \/><\/a>(Kisbar\u00e1t, 1932. november 23. \u2013 Budapest, 2010. m\u00e1jus 28.)<\/strong><\/p>\n<p style=\"text-align: justify\"><strong>Tansz\u00e9k: <\/strong>II. sz. Belgy\u00f3gy\u00e1szati Klinika 1983-1993.<\/p>\n<p style=\"text-align: justify\">H\u00e9tgyermekes falusi csal\u00e1db\u00f3l sz\u00e1rmazik, \u00e9desapja malomipari munk\u00e1s volt. K\u00f6z\u00e9pfok\u00fa tanulm\u00e1nyait a gy\u0151ri Czuczor Gergely Gimn\u00e1ziumban \u00e9s a szint\u00e9n gy\u0151ri R\u00e9vai Mikl\u00f3s \u00c1llami \u00c1ltal\u00e1nos Gimn\u00e1ziumban v\u00e9gezte, 1952-ben \u00e9retts\u00e9gizett. Orvosi oklevel\u00e9t 1958. szeptember 27-\u00e9n szerezte a BOTE \u00c1ltal\u00e1nos Orvostudom\u00e1nyi Kar\u00e1n summa cum laude min\u0151s\u00edt\u00e9ssel. Az 1956-os forradalom napjaiban a Gy\u0151ri K\u00f6zk\u00f3rh\u00e1z sz\u00fcl\u00e9szeti oszt\u00e1ly\u00e1n dolgozott. Tudom\u00e1nyos di\u00e1kk\u00f6ri hallgat\u00f3k\u00e9nt m\u00e1r 1955-t\u0151l r\u00e9szt vett a II. sz. K\u00f3rbonctani Int\u00e9zet munk\u00e1j\u00e1ban. Innen 1958. okt. 1-j\u00e9n ker\u00fclt \u00e1t az egyetem Kolt\u00f3i Anna K\u00f3rh\u00e1z (a III. Belgy\u00f3gy\u00e1szati \u00e9s a III. Seb\u00e9szeti Klinik\u00e1k) K\u00f3rsz\u00f6vettani Laborat\u00f3rium\u00e1ba k\u00f6zponti gyakornokk\u00e9nt, k\u00e9s\u0151bb tan\u00e1rseg\u00e9d lett. 1961. nov. 10-\u00e9n k\u00f3rbonctan-k\u00f3rsz\u00f6vettan szakvizsg\u00e1t tett. Ugyanebben az \u00e9vben tan\u00e1rseg\u00e9dk\u00e9nt ker\u00fclt \u00e1t a III. sz. Belgy\u00f3gy\u00e1szati Klinik\u00e1ra, ahol 1972-ben adjunktusi beoszt\u00e1st nyert. K\u00f6zben, 1965. dec. 3-\u00e1n belgy\u00f3gy\u00e1szati szakk\u00e9pes\u00edt\u00e9st szerzett. Tudom\u00e1nyos munk\u00e1ss\u00e1ga a glycoproteid metabolizmusra ir\u00e1nyult, ezen bel\u00fcl is a m\u00e1jbetegs\u00e9g \u00e9s a glycoproteid anyagcsere k\u00f6z\u00f6tti \u00f6sszef\u00fcgg\u00e9sre. Kandid\u00e1tusi fokozat\u00e1t 1975. m\u00e1jus 29-\u00e9n szerezte <em>A glycoproteid anyagcsere egyes k\u00e9rd\u00e9seinek vizsg\u00e1lata k\u00eds\u00e9rletes sz\u00f6veti k\u00e1rosod\u00e1sban \u00e9s m\u00e1jbetegs\u00e9gekben <\/em>c. disszert\u00e1ci\u00f3ja alapj\u00e1n. 1979-ben egyetemi docensi kinevez\u00e9st kapott. 1980. m\u00e1rc. 7-\u00e9n gasztroenterol\u00f3gia szakvizsg\u00e1t tett. 1981. okt\u00f3ber 28-\u00e1n az orvostudom\u00e1ny doktora fokozatot \u00e9rte el. 1983. j\u00falius 1-j\u00e9n, imm\u00e1r egyetemi tan\u00e1rk\u00e9nt kinevez\u00e9st kapott a II. sz. Belgy\u00f3gy\u00e1szati Klinika \u00e9l\u00e9re, amely beoszt\u00e1st 1993. j\u00fanius 30-ig t\u00f6lt\u00f6tt be. P\u00e1rhuzamosan 1986-2002 k\u00f6z\u00f6tt az Orsz\u00e1gos Belgy\u00f3gy\u00e1szati Int\u00e9zetet is igazgatta. Tudom\u00e1nyos \u00e9rdekl\u0151d\u00e9s\u00e9nek f\u0151 ter\u00fclete a m\u00e1jbetegs\u00e9gek pathomechanizmusa, a m\u00e1jbetegs\u00e9gek megel\u0151z\u00e9se, diagn\u00f3zisa \u00e9s ter\u00e1pi\u00e1ja volt, els\u0151sorban a sejtk\u00e1rosod\u00e1s szabadgy\u00f6k\u00f6s reakci\u00f3i. Klinik\u00e1j\u00e1t, illetve int\u00e9zet\u00e9t a vil\u00e1g egyik elismert kutat\u00e1si centrum\u00e1v\u00e1 fejlesztette. \u0150 \u00edrta az <em>International Textbook of Medicine<\/em> mikrobiol\u00f3giai fejezet\u00e9t, mely a korai szifiliszes hepatitisz k\u00f3rokoz\u00f3j\u00e1t \u00edrja le, amit kutat\u00f3csoportj\u00e1val a vil\u00e1gon els\u0151k\u00e9nt mutatott ki \u00e9l\u0151 emberi m\u00e1jsz\u00f6vetben. 2002. j\u00fanius 30-\u00e1n vonult nyugd\u00edjba.<\/p>\n<p style=\"text-align: justify\">1962-ben lett tagja az MSZMP-nek, majd k\u00fcl\u00f6nb\u00f6z\u0151 vezet\u0151 beoszt\u00e1sok ut\u00e1n 1970-ben beker\u00fclt az egyetem p\u00e1rtbizotts\u00e1g\u00e1ba.<\/p>\n<p style=\"text-align: justify\">Tanulm\u00e1ny\u00fatjai k\u00f6z\u00fcl megeml\u00edtend\u0151 a Rom\u00e1n Tudom\u00e1nyos Akad\u00e9mia bukaresti K\u00f3rbonctani-k\u00f3rsz\u00f6vettani Int\u00e9zete (1965), a University of Newcastle upon Tyne K\u00f3rbonctani Int\u00e9zete (1970), valamint a jap\u00e1n Tokai Egyetem, ahol 1990-ben vend\u00e9gprofesszor volt.<\/p>\n<p style=\"text-align: justify\">Tev\u00e9kenyen r\u00e9szt vett a szakmai k\u00f6z\u00e9letben, sz\u00e1mos hazai \u00e9s nemzetk\u00f6zi t\u00e1rsas\u00e1gnak volt tagja, vezet\u0151je: Magyar Arteriosclerosis T\u00e1rsas\u00e1g (1982-1987 f\u0151titk\u00e1r, 1987- aleln\u00f6k), Magyar Gastroenterologiai T\u00e1rsas\u00e1g (1987-1992 f\u0151titk\u00e1r, 1992- eln\u00f6k), European Association for the Study of the Liver (1990- eln\u00f6k), International Gastro-Surgical Club Internal Medicine Section (1991- v\u00e9grehajt\u00f3 bizotts\u00e1g tagja, magyar tagozat eln\u00f6ke), 1992-ben alap\u00edt\u00f3ja \u00e9s eln\u00f6ke volt a Magyar-Finn-\u00c9szt Orvost\u00e1rsas\u00e1gnak, MOTESZ (1988-1990 eln\u00f6ks\u00e9gi tag, 1990-1992 eln\u00f6k, 1992- tb. eln\u00f6k). 1988-t\u00f3l vett r\u00e9szt az Orvosi Hetilap szerkeszt\u00e9s\u00e9ben, 1989-2010 k\u00f6z\u00f6tt f\u0151szerkeszt\u0151k\u00e9nt. Tov\u00e1bbi szerkeszt\u0151s\u00e9gi tags\u00e1gai: J. Hepatogastroenterology (1988-), Journal of Hepatology (1990-), Zeitschrift f\u00fcr Gastroenterologie (1991-), Therapie Woche (1991-).<\/p>\n<p style=\"text-align: justify\">Kit\u00fcntet\u00e9sei: Munka \u00c9rdemrend ez\u00fcst fokozata (1975), Eg\u00e9szs\u00e9g\u00fcgyi Miniszt\u00e9rium Kiv\u00e1l\u00f3 Munk\u00e1\u00e9rt (1978), BM a Haza Szolg\u00e1lat\u00e1\u00e9rt \u00c9rdem\u00e9rem arany fokozat (1987), Het\u00e9nyi-eml\u00e9k\u00e9rem (1987), Markusovszky-eml\u00e9k\u00e9rem (1990), MOTESZ-\u00e9rem (1991), Magyar K\u00f6zt\u00e1rsas\u00e1gi \u00c9rdemrend k\u00f6z\u00e9pkeresztje (2003), Matkovics B\u00e9la-eml\u00e9kd\u00edj (2007), Gy\u0151r\u00fajbar\u00e1t d\u00edszpolg\u00e1ra.<\/p>\n<p style=\"text-align: justify\"><strong>F\u0151bb munk\u00e1i:<\/strong> Spirocethal hepatitis\u2026 In: International Textbook of Medicine. Cecil Textbook of Medicine, 1981\/82.; Belgy\u00f3gy\u00e1szati betegs\u00e9gek. \/Szerk.: Feh\u00e9r \u2013 Gergely.\/, Bp. 1985.; Akut appendicitis \/et al.\/. Bp., 1988.; M\u00e1j- \u00e9s epebetegs\u00e9gek \/Lengyel Gabriell\u00e1val\/. Bp., 1996.<\/p>\n<p style=\"text-align: justify\"><strong>Nyughelye:<\/strong> Gy\u0151r\u00fajbar\u00e1ti temet\u0151. (temet\u00e9s: 2010. j\u00fanius 4. 15.00 \u00f3ra)<\/p>\n<p><strong><a href=\"https:\/\/semmelweis.hu\/baratikor\/galeria\/teljes-nevlista\/feher-janos\/feher-janos\/\" rel=\"attachment wp-att-1644\"><img loading=\"lazy\" decoding=\"async\" class=\"alignleft size-medium wp-image-1644\" src=\"https:\/\/semmelweis.hu\/baratikor\/files\/2023\/01\/Feher-Janos-321x400.jpg\" alt=\"\" width=\"321\" height=\"400\" srcset=\"https:\/\/semmelweis.hu\/baratikor\/files\/2023\/01\/Feher-Janos-321x400.jpg 321w, https:\/\/semmelweis.hu\/baratikor\/files\/2023\/01\/Feher-Janos-768x958.jpg 768w, https:\/\/semmelweis.hu\/baratikor\/files\/2023\/01\/Feher-Janos-753x939.jpg 753w, https:\/\/semmelweis.hu\/baratikor\/files\/2023\/01\/Feher-Janos.jpg 802w\" sizes=\"auto, (max-width: 321px) 100vw, 321px\" \/><\/a><\/strong><strong><a href=\"https:\/\/semmelweis.hu\/baratikor\/galeria\/teljes-nevlista\/feher-janos\/20190520_155141\/\" rel=\"attachment wp-att-1643\"><img loading=\"lazy\" decoding=\"async\" class=\"alignleft size-medium wp-image-1643\" src=\"https:\/\/semmelweis.hu\/baratikor\/files\/2023\/01\/20190520_155141-225x400.jpg\" alt=\"\" width=\"225\" height=\"400\" srcset=\"https:\/\/semmelweis.hu\/baratikor\/files\/2023\/01\/20190520_155141-225x400.jpg 225w, https:\/\/semmelweis.hu\/baratikor\/files\/2023\/01\/20190520_155141.jpg 563w\" sizes=\"auto, (max-width: 225px) 100vw, 225px\" \/><\/a><\/strong><\/p>\n","protected":false},"excerpt":{"rendered":"<p><a href=\"https:\/\/semmelweis.hu\/baratikor\/galeria\/teljes-nevlista\/feher-janos\/feher-janos-1999-2004\/\" rel=\"attachment wp-att-1645\"><\/a> (Kisbar\u00e1t, 1932. november 23. \u2013 Budapest, 2010. m\u00e1jus 28.) Tansz\u00e9k: II. sz. Belgy\u00f3gy\u00e1szati Klinika 1983-1993. H\u00e9tgyermekes falusi csal\u00e1db\u00f3l sz\u00e1rmazik, \u00e9desapja malomipari munk\u00e1s volt. K\u00f6z\u00e9pfok\u00fa tanulm\u00e1nyait a gy\u0151ri Czuczor Gergely Gimn\u00e1ziumban \u00e9s a szint\u00e9n gy\u0151ri R\u00e9vai Mikl\u00f3s \u00c1llami \u00c1ltal\u00e1nos Gimn\u00e1ziumban v\u00e9gezte, 1952-ben \u00e9retts\u00e9gizett. Orvosi oklevel\u00e9t 1958. szeptember 27-\u00e9n szerezte a BOTE \u00c1ltal\u00e1nos Orvostudom\u00e1nyi Kar\u00e1n summa cum &hellip;<\/p>\n","protected":false},"author":282,"featured_media":5371,"parent":347,"menu_order":0,"comment_status":"closed","ping_status":"closed","template":"template-fullwidth.php","meta":{"_acf_changed":false,"footnotes":""},"categories":[77,14],"tags":[],"class_list":["post-1642","page","type-page","status-publish","has-post-thumbnail","hentry","category-kegyeleti-adattar","category-teljes-nevlista"],"acf":[],"_links":{"self":[{"href":"https:\/\/semmelweis.hu\/baratikor\/wp-json\/wp\/v2\/pages\/1642","targetHints":{"allow":["GET"]}}],"collection":[{"href":"https:\/\/semmelweis.hu\/baratikor\/wp-json\/wp\/v2\/pages"}],"about":[{"href":"https:\/\/semmelweis.hu\/baratikor\/wp-json\/wp\/v2\/types\/page"}],"author":[{"embeddable":true,"href":"https:\/\/semmelweis.hu\/baratikor\/wp-json\/wp\/v2\/users\/282"}],"replies":[{"embeddable":true,"href":"https:\/\/semmelweis.hu\/baratikor\/wp-json\/wp\/v2\/comments?post=1642"}],"version-history":[{"count":2,"href":"https:\/\/semmelweis.hu\/baratikor\/wp-json\/wp\/v2\/pages\/1642\/revisions"}],"predecessor-version":[{"id":1647,"href":"https:\/\/semmelweis.hu\/baratikor\/wp-json\/wp\/v2\/pages\/1642\/revisions\/1647"}],"up":[{"embeddable":true,"href":"https:\/\/semmelweis.hu\/baratikor\/wp-json\/wp\/v2\/pages\/347"}],"wp:featuredmedia":[{"embeddable":true,"href":"https:\/\/semmelweis.hu\/baratikor\/wp-json\/wp\/v2\/media\/5371"}],"wp:attachment":[{"href":"https:\/\/semmelweis.hu\/baratikor\/wp-json\/wp\/v2\/media?parent=1642"}],"wp:term":[{"taxonomy":"category","embeddable":true,"href":"https:\/\/semmelweis.hu\/baratikor\/wp-json\/wp\/v2\/categories?post=1642"},{"taxonomy":"post_tag","embeddable":true,"href":"https:\/\/semmelweis.hu\/baratikor\/wp-json\/wp\/v2\/tags?post=1642"}],"curies":[{"name":"wp","href":"https:\/\/api.w.org\/{rel}","templated":true}]}}