{"id":1637,"date":"2023-01-03T12:35:35","date_gmt":"2023-01-03T11:35:35","guid":{"rendered":"https:\/\/semmelweis.hu\/baratikor\/?page_id=1637"},"modified":"2023-10-11T15:02:57","modified_gmt":"2023-10-11T13:02:57","slug":"farkas-pal","status":"publish","type":"page","link":"https:\/\/semmelweis.hu\/baratikor\/galeria\/teljes-nevlista\/farkas-pal\/","title":{"rendered":"Farkas P\u00e1l"},"content":{"rendered":"<p style=\"text-align: justify\"><strong><a href=\"https:\/\/semmelweis.hu\/baratikor\/galeria\/teljes-nevlista\/1637-2\/farkas-pal\/\" rel=\"attachment wp-att-1638\"><img loading=\"lazy\" decoding=\"async\" class=\"alignleft size-medium wp-image-1638\" src=\"https:\/\/semmelweis.hu\/baratikor\/files\/2023\/01\/Farkas-Pal-274x400.jpg\" alt=\"\" width=\"274\" height=\"400\" srcset=\"https:\/\/semmelweis.hu\/baratikor\/files\/2023\/01\/Farkas-Pal-274x400.jpg 274w, https:\/\/semmelweis.hu\/baratikor\/files\/2023\/01\/Farkas-Pal.jpg 684w\" sizes=\"auto, (max-width: 274px) 100vw, 274px\" \/><\/a>(M\u00f3dos, 1912. janu\u00e1r 16. \u2013 Budapest, 1984. november 9.)<\/strong><\/p>\n<p style=\"text-align: justify\"><strong>Tansz\u00e9k: <\/strong>Testnevel\u00e9si Tansz\u00e9k 1958-1974.<\/p>\n<p style=\"text-align: justify\">\u00c9desapja ad\u00f3hivatali tisztvisel\u0151 volt, \u0151 maga k\u00f6z\u00e9piskolai tanulm\u00e1nyait Csongr\u00e1don v\u00e9gezte, majd 1929-ben beiratkozott a Testnevel\u00e9si F\u0151iskol\u00e1ra, amit 1933. j\u00fanius 14-\u00e9n v\u00e9gzett el. Innen Szegedre ker\u00fclt, a Klauz\u00e1l G\u00e1bor Gimn\u00e1ziumba, \u00f3raad\u00f3 tan\u00e1ri beoszt\u00e1sba. 1934 \u0151sz\u00e9n a budapesti Szent Imre Gimn\u00e1ziumba j\u00f6tt \u00e1t el\u0151bb \u00f3raad\u00f3nak, majd helyettes, v\u00e9g\u00fcl rendes tan\u00e1ri \u00e1ll\u00e1sokba. 1938-ban a Magyar Atl\u00e9tikai Sz\u00f6vets\u00e9g eln\u00f6ks\u00e9gi tagja lett, amely feladatot 1968-ig l\u00e1tott el. 1947-1952 k\u00f6z\u00f6tt a Magyar Atl\u00e9tikai Sz\u00f6vets\u00e9g ifj\u00fas\u00e1gi kapit\u00e1nya volt. 1948. szept. 1-j\u00e9n a P\u00e1zm\u00e1ny P\u00e9ter Tudom\u00e1nyegyetemen lett testnevel\u0151 tan\u00e1r. Itt els\u0151sorban az orvostanhallgat\u00f3k sport\u00fcgyeit vezette. Amikor 1951-ben az Orvostudom\u00e1nyi Kart lev\u00e1lasztott\u00e1k az id\u0151k\u00f6zben E\u00f6tv\u00f6s Lor\u00e1ndra \u00e1tnevezett tudom\u00e1nyegyetemr\u0151l, Farkas P\u00e1lt a Lenin Int\u00e9zethez osztott\u00e1k be, ahol 1954. szeptember 1-j\u00e9n tansz\u00e9kvezet\u0151 lett. 1956 j\u00fanius\u00e1ban az int\u00e9zetet az egyetem felsz\u00e1molta, pontosabban \u201ebeolvasztotta\u201d, \u00edgy \u00e1ll\u00e1sa megsz\u0171nt. R\u00f6vid ideig a kispesti Landler Gimn\u00e1ziumban tan\u00edtott, majd a F\u0151v\u00e1rosi Tan\u00e1cs Oktat\u00e1si Oszt\u00e1ly\u00e1ra ker\u00fclt el\u0151ad\u00f3k\u00e9nt. Megp\u00e1ly\u00e1zta a Budapesti Orvostudom\u00e1nyi Egyetem Testnevel\u00e9si Tansz\u00e9k\u00e9re hirdetett tansz\u00e9kvezet\u0151i \u00e1ll\u00e1st, ahov\u00e1 1958. febru\u00e1r 1-j\u00e9n kapott kinevez\u00e9st, melyet nyugd\u00edjaz\u00e1s\u00e1ig bet\u00f6lt\u00f6tt. Nev\u00e9hez f\u0171z\u0151dik az 1963-ban megszerzett n\u00e9pligeti sportp\u00e1lya t\u00e1rsadalmi munk\u00e1ban t\u00f6rt\u00e9nt fel\u00faj\u00edt\u00e1sa, illetve a Medikus Kupa megszervez\u00e9se 1970-ben. Politikai p\u00e1rtnak nem, csak az Eg\u00e9szs\u00e9g\u00fcgyi Dolgoz\u00f3k Szakszervezet\u00e9nek volt tagja. 1958-t\u00f3l volt szerkeszt\u0151je az Atl\u00e9tika c. sz\u00f6vets\u00e9gi szaklapnak. Kit\u00fcntet\u00e9sei: Magyar N\u00e9pk\u00f6zt\u00e1rsas\u00e1g Sport\u00e9rdem\u00e9rem ez\u00fcst fokozat (1955), Testnevel\u00e9s \u00e9s Sport kiv\u00e1l\u00f3 dolgoz\u00f3ja (1958, 1965), Testnevel\u00e9s \u00e9s Sport \u00e9rdemes dolgoz\u00f3ja (1963), Magyar N\u00e9pk\u00f6zt\u00e1rsas\u00e1g \u00c9rdem\u00e9rem bronz fokozat (1972).<\/p>\n<p style=\"text-align: justify\"><strong>F\u0151bb munk\u00e1i:<\/strong> Tornaj\u00e1t\u00e9kok. Bp., 1938.; A j\u00e1t\u00e9k pedag\u00f3gi\u00e1ja. Bp., 1939.; A k\u00f6z\u00e9piskolai testnevel\u00e9s oszt\u00e1lyoz\u00e1sa. In: Testnevel\u00e9s. ?.<\/p>\n<p style=\"text-align: justify\"><strong>Nyughelye:<\/strong> Farkasr\u00e9ti temet\u0151.<\/p>\n","protected":false},"excerpt":{"rendered":"<p><a href=\"https:\/\/semmelweis.hu\/baratikor\/galeria\/teljes-nevlista\/1637-2\/farkas-pal\/\" rel=\"attachment wp-att-1638\"><\/a> (M\u00f3dos, 1912. janu\u00e1r 16. \u2013 Budapest, 1984. november 9.) Tansz\u00e9k: Testnevel\u00e9si Tansz\u00e9k 1958-1974. \u00c9desapja ad\u00f3hivatali tisztvisel\u0151 volt, \u0151 maga k\u00f6z\u00e9piskolai tanulm\u00e1nyait Csongr\u00e1don v\u00e9gezte, majd 1929-ben beiratkozott a Testnevel\u00e9si F\u0151iskol\u00e1ra, amit 1933. j\u00fanius 14-\u00e9n v\u00e9gzett el. Innen Szegedre ker\u00fclt, a Klauz\u00e1l G\u00e1bor Gimn\u00e1ziumba, \u00f3raad\u00f3 tan\u00e1ri beoszt\u00e1sba. 1934 \u0151sz\u00e9n a budapesti Szent Imre Gimn\u00e1ziumba j\u00f6tt \u00e1t el\u0151bb &hellip;<\/p>\n","protected":false},"author":282,"featured_media":5370,"parent":347,"menu_order":0,"comment_status":"closed","ping_status":"closed","template":"template-fullwidth.php","meta":{"_acf_changed":false,"footnotes":""},"categories":[77,14],"tags":[],"class_list":["post-1637","page","type-page","status-publish","has-post-thumbnail","hentry","category-kegyeleti-adattar","category-teljes-nevlista"],"acf":[],"_links":{"self":[{"href":"https:\/\/semmelweis.hu\/baratikor\/wp-json\/wp\/v2\/pages\/1637","targetHints":{"allow":["GET"]}}],"collection":[{"href":"https:\/\/semmelweis.hu\/baratikor\/wp-json\/wp\/v2\/pages"}],"about":[{"href":"https:\/\/semmelweis.hu\/baratikor\/wp-json\/wp\/v2\/types\/page"}],"author":[{"embeddable":true,"href":"https:\/\/semmelweis.hu\/baratikor\/wp-json\/wp\/v2\/users\/282"}],"replies":[{"embeddable":true,"href":"https:\/\/semmelweis.hu\/baratikor\/wp-json\/wp\/v2\/comments?post=1637"}],"version-history":[{"count":3,"href":"https:\/\/semmelweis.hu\/baratikor\/wp-json\/wp\/v2\/pages\/1637\/revisions"}],"predecessor-version":[{"id":1641,"href":"https:\/\/semmelweis.hu\/baratikor\/wp-json\/wp\/v2\/pages\/1637\/revisions\/1641"}],"up":[{"embeddable":true,"href":"https:\/\/semmelweis.hu\/baratikor\/wp-json\/wp\/v2\/pages\/347"}],"wp:featuredmedia":[{"embeddable":true,"href":"https:\/\/semmelweis.hu\/baratikor\/wp-json\/wp\/v2\/media\/5370"}],"wp:attachment":[{"href":"https:\/\/semmelweis.hu\/baratikor\/wp-json\/wp\/v2\/media?parent=1637"}],"wp:term":[{"taxonomy":"category","embeddable":true,"href":"https:\/\/semmelweis.hu\/baratikor\/wp-json\/wp\/v2\/categories?post=1637"},{"taxonomy":"post_tag","embeddable":true,"href":"https:\/\/semmelweis.hu\/baratikor\/wp-json\/wp\/v2\/tags?post=1637"}],"curies":[{"name":"wp","href":"https:\/\/api.w.org\/{rel}","templated":true}]}}