{"id":1626,"date":"2023-01-05T12:28:28","date_gmt":"2023-01-05T11:28:28","guid":{"rendered":"https:\/\/semmelweis.hu\/baratikor\/?page_id=1626"},"modified":"2023-01-06T06:37:47","modified_gmt":"2023-01-06T05:37:47","slug":"fekete-gyorgy","status":"publish","type":"page","link":"https:\/\/semmelweis.hu\/baratikor\/galeria\/teljes-nevlista\/fekete-gyorgy\/","title":{"rendered":"Fekete Gy\u00f6rgy"},"content":{"rendered":"<p style=\"text-align: justify\"><strong><a href=\"https:\/\/semmelweis.hu\/baratikor\/galeria\/teljes-nevlista\/fekete-gyorgy\/214_11\/\" rel=\"attachment wp-att-1627\"><img loading=\"lazy\" decoding=\"async\" class=\"alignleft size-full wp-image-1627\" src=\"https:\/\/semmelweis.hu\/baratikor\/files\/2023\/01\/214_11.jpg\" alt=\"\" width=\"295\" height=\"395\" \/><\/a>(Budapest, 1944- )<\/strong><\/p>\n<p style=\"text-align: justify\">1968-ban szerzett orvosi diplom\u00e1t a Budapesti Orvostudom\u00e1nyi Egyetemen, majd Kerpel-Fronius \u00d6d\u00f6n akad\u00e9mikus gyakornoki \u00e1ll\u00e1s\u00e1n kezdte p\u00e1ly\u00e1j\u00e1t a II. sz. Gyermekgy\u00f3gy\u00e1szati Klinik\u00e1n. Csecsem\u0151- \u00e9s gyermekgy\u00f3gy\u00e1szat, hum\u00e1ngenetika \u00e9s klinikai farmakol\u00f3gia szakk\u00e9pes\u00edt\u00e9st szerzett. Kutat\u00e1sai els\u0151 id\u0151szak\u00e1ban Schuler Dezs\u0151 professzor ir\u00e1ny\u00edt\u00e1s\u00e1val a velesz\u00fcletett chromosoma rendelleness\u00e9gek \u00e9s a malignus daganatok \u00f6sszef\u00fcgg\u00e9seinek k\u00e9rd\u00e9seit vizsg\u00e1lta. Az \u00f6r\u00f6kl\u0151d\u0151 anyagcserezavarok tanulm\u00e1nyoz\u00e1s\u00e1hoz 1972\/73-ban kiv\u00e1l\u00f3 ind\u00edt\u00e1st kapott N\u00e9metorsz\u00e1gban a Marburgi Gyermekklinik\u00e1n, ahol 15 h\u00f3napig \u00f6szt\u00f6nd\u00edjask\u00e9nt Friedrich Linneweh professzor laborat\u00f3rium\u00e1ban dolgozott. 1977-t\u0151l egy \u00e9vig a M\u00fcncheni Sug\u00e1r- \u00e9s K\u00f6rnyezetkutat\u00f3 Int\u00e9zet genetikai oszt\u00e1ly\u00e1n v\u00e9gzett kutat\u00f3munk\u00e1t. Az aminosav anyagcsere zavarai \u00e9s az \u00e9rtelmi fogyat\u00e9koss\u00e1g k\u00f6z\u00f6tti kapcsolatok tiszt\u00e1z\u00e1s\u00e1t c\u00e9lz\u00f3 korai vizsg\u00e1latai \u00faj lehet\u0151s\u00e9gekkel b\u0151v\u00fcltek az Egyes\u00fclt \u00c1llamokban, Indianapolisban 1987\/88-ban megval\u00f3sult egy \u00e9ves \u00f6szt\u00f6nd\u00edjas kutat\u00f3i munk\u00e1ss\u00e1ga sor\u00e1n. 1990-ig akad\u00e9miai \u00e1ll\u00e1son dolgozott, majd egyetemi docensi, professzori, \u00e9s 1994-ben tansz\u00e9kvezet\u0151 egyetemi tan\u00e1ri kinevez\u00e9st kapott. Tudom\u00e1nyos \u00e9rdekl\u0151d\u00e9se kezdett\u0151l fogva a klinikai genetika, melynek korszer\u0171 m\u00f3dszereit a gyermekgy\u00f3gy\u00e1szatban alkalmazza. Kutat\u00e1si eredm\u00e9nyeit a \u201eMolekul\u00e1ris genetikai diagnosztika egyes gyermekgy\u00f3gy\u00e1szati k\u00f3rk\u00e9pekben\u201d c\u00edm\u0171 doktori \u00e9rtekez\u00e9s\u00e9ben foglalta \u00f6ssze, amit 1992-ben v\u00e9dett meg. Genetikai munkacsoportja tagja a k\u00f6zelm\u00faltban megalakult magyarorsz\u00e1gi Genomikai Konzorciumnak.<\/p>\n<p style=\"text-align: justify\">2000-ben sikeres, 14 orsz\u00e1g k\u00e9pvisel\u0151inek r\u00e9szv\u00e9tel\u00e9vel tartott nemzetk\u00f6zi konferenci\u00e1t szervezett Budapesten az Eur\u00f3pai Uni\u00f3 Cystikus Fibrosis Kutat\u00e1si K\u00f6zpontja felk\u00e9r\u00e9s\u00e9re. Sz\u00e1mos hazai, \u00e9s nemzetk\u00f6zi tudom\u00e1nyos t\u00e1rsas\u00e1g, szakfoly\u00f3irat szerkeszt\u0151bizotts\u00e1gi tagja. A Magyar Gyermekorvosok T\u00e1rsas\u00e1g\u00e1nak el\u0151z\u0151 eln\u00f6ke, a Magyar Hum\u00e1ngenetikai T\u00e1rsas\u00e1g kor\u00e1bbi f\u0151titk\u00e1ra. Tagja a Semmelweis Egyetem Region\u00e1lis Kutat\u00e1setikai Bizotts\u00e1g\u00e1nak \u00e9s \u00e1lland\u00f3 referense az ETT Tudom\u00e1nyos Etikai Bizotts\u00e1g\u00e1nak. K\u00e9t ciklusban v\u00e1lasztott\u00e1k az Egyetemi Tan\u00e1cs tagj\u00e1v\u00e1, a Semmelweis Egyetem t\u00f6bb Bizotts\u00e1g\u00e1nak jelenleg is tagja. Akt\u00edvan k\u00f6zrem\u0171k\u00f6d\u00f6tt a Semmelweis Orvostudom\u00e1nyi Egyetem Bar\u00e1ti K\u00f6r\u00e9nek megalak\u00edt\u00e1s\u00e1ban, melynek \u00e9veken \u00e1t titk\u00e1ra, majd 2002-ig eln\u00f6ke volt. Egy\u00fcttm\u0171k\u00f6d\u00e9si kapcsolatot kezdem\u00e9nyezett az Amerikai Magyar Orvossz\u00f6vets\u00e9ggel, 1991- 2002 k\u00f6z\u00f6tt az eln\u00f6ks\u00e9g magyarorsz\u00e1gi k\u00e9pvisel\u0151j\u00e9v\u00e9 v\u00e1lasztott\u00e1k.<\/p>\n<p style=\"text-align: justify\">Az egyetemen meghat\u00e1roz\u00f3 szerepe volt a klinikai genetika oktat\u00e1s\u00e1nak bevezet\u00e9s\u00e9ben. Tan\u00e1ri tev\u00e9kenys\u00e9g\u00e9t 1993-ban a Semmelweis Orvostudom\u00e1nyi Egyetem Kiv\u00e1l\u00f3 Oktat\u00f3ja kit\u00fcntet\u00e9ssel ismert\u00e9k el. Ir\u00e1ny\u00edt\u00e1s\u00e1val \u00e9s szerkeszt\u00e9s\u00e9ben val\u00f3sult meg a vil\u00e1gszerte gyermekgy\u00f3gy\u00e1szati alaptank\u00f6nyvnek sz\u00e1m\u00edt\u00f3 amerikai Nelson Textbook of Pediatrics 1995-ben megjelent els\u0151 \u00e9s 1998-ban kiadott \u00e1tdolgozott, m\u00e1sodik magyar nyelv\u0171 kiad\u00e1sa.<\/p>\n<p style=\"text-align: justify\">1973-ban a Magyar Tudom\u00e1nyos Akad\u00e9mia D\u00edja, 1978\u2013ban a Magyar Tudom\u00e1nyos Akad\u00e9mia Ifj\u00fas\u00e1gi D\u00edja kit\u00fcntet\u00e9sben r\u00e9szes\u00fclt. A Sz\u00e9chenyi Professzori \u00d6szt\u00f6nd\u00edjat az alap\u00edt\u00e1s els\u0151 \u00e9v\u00e9t\u0151l, 1997-t\u0151l nyerte el. 2003-ban a londoni Royal College of Physicians tagj\u00e1ul v\u00e1lasztotta. 2004-ben a Magyar Gyermekorvosok T\u00e1rsas\u00e1ga Schoepf-Merei eml\u00e9k\u00e9remmel t\u00fcntette ki.<\/p>\n","protected":false},"excerpt":{"rendered":"<p><a href=\"https:\/\/semmelweis.hu\/baratikor\/galeria\/teljes-nevlista\/fekete-gyorgy\/214_11\/\" rel=\"attachment wp-att-1627\"><\/a> (Budapest, 1944- ) 1968-ban szerzett orvosi diplom\u00e1t a Budapesti Orvostudom\u00e1nyi Egyetemen, majd Kerpel-Fronius \u00d6d\u00f6n akad\u00e9mikus gyakornoki \u00e1ll\u00e1s\u00e1n kezdte p\u00e1ly\u00e1j\u00e1t a II. sz. Gyermekgy\u00f3gy\u00e1szati Klinik\u00e1n. Csecsem\u0151- \u00e9s gyermekgy\u00f3gy\u00e1szat, hum\u00e1ngenetika \u00e9s klinikai farmakol\u00f3gia szakk\u00e9pes\u00edt\u00e9st szerzett. Kutat\u00e1sai els\u0151 id\u0151szak\u00e1ban Schuler Dezs\u0151 professzor ir\u00e1ny\u00edt\u00e1s\u00e1val a velesz\u00fcletett chromosoma rendelleness\u00e9gek \u00e9s a malignus daganatok \u00f6sszef\u00fcgg\u00e9seinek k\u00e9rd\u00e9seit vizsg\u00e1lta. Az \u00f6r\u00f6kl\u0151d\u0151 anyagcserezavarok tanulm\u00e1nyoz\u00e1s\u00e1hoz &hellip;<\/p>\n","protected":false},"author":282,"featured_media":1627,"parent":347,"menu_order":0,"comment_status":"closed","ping_status":"closed","template":"template-fullwidth.php","meta":{"_acf_changed":false,"footnotes":""},"categories":[75,14],"tags":[],"class_list":["post-1626","page","type-page","status-publish","has-post-thumbnail","hentry","category-barati-kor","category-teljes-nevlista"],"acf":[],"_links":{"self":[{"href":"https:\/\/semmelweis.hu\/baratikor\/wp-json\/wp\/v2\/pages\/1626","targetHints":{"allow":["GET"]}}],"collection":[{"href":"https:\/\/semmelweis.hu\/baratikor\/wp-json\/wp\/v2\/pages"}],"about":[{"href":"https:\/\/semmelweis.hu\/baratikor\/wp-json\/wp\/v2\/types\/page"}],"author":[{"embeddable":true,"href":"https:\/\/semmelweis.hu\/baratikor\/wp-json\/wp\/v2\/users\/282"}],"replies":[{"embeddable":true,"href":"https:\/\/semmelweis.hu\/baratikor\/wp-json\/wp\/v2\/comments?post=1626"}],"version-history":[{"count":4,"href":"https:\/\/semmelweis.hu\/baratikor\/wp-json\/wp\/v2\/pages\/1626\/revisions"}],"predecessor-version":[{"id":2316,"href":"https:\/\/semmelweis.hu\/baratikor\/wp-json\/wp\/v2\/pages\/1626\/revisions\/2316"}],"up":[{"embeddable":true,"href":"https:\/\/semmelweis.hu\/baratikor\/wp-json\/wp\/v2\/pages\/347"}],"wp:featuredmedia":[{"embeddable":true,"href":"https:\/\/semmelweis.hu\/baratikor\/wp-json\/wp\/v2\/media\/1627"}],"wp:attachment":[{"href":"https:\/\/semmelweis.hu\/baratikor\/wp-json\/wp\/v2\/media?parent=1626"}],"wp:term":[{"taxonomy":"category","embeddable":true,"href":"https:\/\/semmelweis.hu\/baratikor\/wp-json\/wp\/v2\/categories?post=1626"},{"taxonomy":"post_tag","embeddable":true,"href":"https:\/\/semmelweis.hu\/baratikor\/wp-json\/wp\/v2\/tags?post=1626"}],"curies":[{"name":"wp","href":"https:\/\/api.w.org\/{rel}","templated":true}]}}