{"id":1601,"date":"2023-01-03T12:06:09","date_gmt":"2023-01-03T11:06:09","guid":{"rendered":"https:\/\/semmelweis.hu\/baratikor\/?page_id=1601"},"modified":"2023-10-11T14:58:30","modified_gmt":"2023-10-11T12:58:30","slug":"diescher-janos","status":"publish","type":"page","link":"https:\/\/semmelweis.hu\/baratikor\/galeria\/teljes-nevlista\/diescher-janos\/","title":{"rendered":"Diescher J\u00e1nos"},"content":{"rendered":"<p style=\"text-align: justify\"><strong> <a href=\"https:\/\/semmelweis.hu\/baratikor\/galeria\/teljes-nevlista\/diescher-janos\/diescher-janos-49-a-iv-1\/\" rel=\"attachment wp-att-1603\"><img loading=\"lazy\" decoding=\"async\" class=\"alignleft size-medium wp-image-1603\" src=\"https:\/\/semmelweis.hu\/baratikor\/files\/2023\/01\/Diescher-Janos-49.a-IV-1.-297x400.jpg\" alt=\"\" width=\"297\" height=\"400\" srcset=\"https:\/\/semmelweis.hu\/baratikor\/files\/2023\/01\/Diescher-Janos-49.a-IV-1.-297x400.jpg 297w, https:\/\/semmelweis.hu\/baratikor\/files\/2023\/01\/Diescher-Janos-49.a-IV-1..jpg 742w\" sizes=\"auto, (max-width: 297px) 100vw, 297px\" \/><\/a>(Pest, 1813. ?\u00a0 \u2013 Budapest, 1883. november 11.)<\/strong><\/p>\n<p style=\"text-align: justify\"><strong>Tansz\u00e9k: <\/strong>elm\u00e9leti orvostan 1851-1866, \u00e1ltal\u00e1nos k\u00f3r- \u00e9s gy\u00f3gyszertan (helyettesk\u00e9nt) 1854-1855, sz\u00fcl\u00e9szet 1866-1874.<\/p>\n<p style=\"text-align: justify\">Orvosi tanulm\u00e1nyait Pesten v\u00e9gezte, 1838. augusztus 21-\u00e9n avatt\u00e1k orvoss\u00e1. Ugyanebben a tan\u00e9vben sz\u00fcl\u00e9szmesteri oklevelet is szerzett, majd tan\u00e1rseg\u00e9dk\u00e9nt dolgozott a sz\u00fcl\u00e9szeti tansz\u00e9ken. 1842-ben Pest v\u00e1ros sz\u00fcl\u00e9szorvos\u00e1nak v\u00e1lasztott\u00e1k. Orvosi praxisa a belgy\u00f3gy\u00e1szatra is kiterjedt, hamarosan a v\u00e1ros egyik keresett orvosa lett. Az 1848\/49. \u00e9vi forradalom \u00e9s szabads\u00e1gharc idej\u00e9n udvarh\u0171 magatart\u00e1st tan\u00fas\u00edtott, \u00edgy az 1849\/50. tan\u00e9vben megkapta az elbocs\u00e1tott Bug\u00e1t P\u00e1l tansz\u00e9k\u00e9t, a seb\u00e9szmester n\u00f6vend\u00e9kek sz\u00e1m\u00e1ra el\u0151adott elm\u00e9leti orvostant. 1854-ben megb\u00edzt\u00e1k az \u00e1ltal\u00e1nos k\u00f3r- \u00e9s gy\u00f3gy(szer)tan helyettesk\u00e9nt val\u00f3 el\u0151ad\u00e1s\u00e1val is. Semmelweis hal\u00e1la ut\u00e1n, 1865-ben \u00e1tvette a sz\u00fcl\u00e9szeti tansz\u00e9ket, de egy\u00e1ltal\u00e1n nem k\u00f6vette el\u0151dje tan\u00edt\u00e1sait, \u00edgy a gyermek\u00e1gyi l\u00e1z el\u0151fordul\u00e1sa csakhamar 6%-ra emelkedett klinik\u00e1j\u00e1n. V\u00e9g\u00fcl a tan\u00e1ri kar kezdem\u00e9nyez\u00e9s\u00e9re maga k\u00e9rte nyugd\u00edjaz\u00e1s\u00e1t, ami 1874-ben meg is t\u00f6rt\u00e9nt. Ett\u0151l kezdve mag\u00e1npraxis\u00e1nak szentelte idej\u00e9t. Bud\u00e1n kiadott orvosi disszert\u00e1ci\u00f3j\u00e1n k\u00edv\u00fcl m\u00e1s megjelent irodalmi munk\u00e1ja nem ismert.<\/p>\n<p style=\"text-align: justify\"><strong>F\u0151bb munk\u00e1i:<\/strong> Syphilis<em>. <\/em>Dissertatio inauguralis medicopractica. Buda, 1838.; Relatio medica synoptica partuum et morborum in clinico obstetricio reg. scient. Univ. Hung. sub auspiciis spect. ac clar. dni prof. Flor. Eduardi a Birly de cursu anni schol. 1840\/1 observatorium (k\u00e9ziratk\u00e9nt a budapesti egyetemi k\u00f6nyvt\u00e1rban).<\/p>\n<p style=\"text-align: justify\"><strong>Nyughelye:<\/strong> Budapest, Fiumei \u00fati temet\u0151 A\/K\u00d6Z\u00c9P\/1\/IV.<\/p>\n<p><strong><a href=\"https:\/\/semmelweis.hu\/baratikor\/galeria\/teljes-nevlista\/diescher-janos\/diescher-janos\/\" rel=\"attachment wp-att-1602\"><img loading=\"lazy\" decoding=\"async\" class=\"alignleft size-medium wp-image-1602\" src=\"https:\/\/semmelweis.hu\/baratikor\/files\/2023\/01\/Diescher-Janos-267x400.jpg\" alt=\"\" width=\"267\" height=\"400\" srcset=\"https:\/\/semmelweis.hu\/baratikor\/files\/2023\/01\/Diescher-Janos-267x400.jpg 267w, https:\/\/semmelweis.hu\/baratikor\/files\/2023\/01\/Diescher-Janos.jpg 667w\" sizes=\"auto, (max-width: 267px) 100vw, 267px\" \/><\/a><\/strong><\/p>\n","protected":false},"excerpt":{"rendered":"<p><a href=\"https:\/\/semmelweis.hu\/baratikor\/galeria\/teljes-nevlista\/diescher-janos\/diescher-janos-49-a-iv-1\/\" rel=\"attachment wp-att-1603\"><\/a> (Pest, 1813. ?\u00a0 \u2013 Budapest, 1883. november 11.) Tansz\u00e9k: elm\u00e9leti orvostan 1851-1866, \u00e1ltal\u00e1nos k\u00f3r- \u00e9s gy\u00f3gyszertan (helyettesk\u00e9nt) 1854-1855, sz\u00fcl\u00e9szet 1866-1874. Orvosi tanulm\u00e1nyait Pesten v\u00e9gezte, 1838. augusztus 21-\u00e9n avatt\u00e1k orvoss\u00e1. Ugyanebben a tan\u00e9vben sz\u00fcl\u00e9szmesteri oklevelet is szerzett, majd tan\u00e1rseg\u00e9dk\u00e9nt dolgozott a sz\u00fcl\u00e9szeti tansz\u00e9ken. 1842-ben Pest v\u00e1ros sz\u00fcl\u00e9szorvos\u00e1nak v\u00e1lasztott\u00e1k. Orvosi praxisa a belgy\u00f3gy\u00e1szatra is kiterjedt, hamarosan a &hellip;<\/p>\n","protected":false},"author":282,"featured_media":5367,"parent":347,"menu_order":0,"comment_status":"closed","ping_status":"closed","template":"template-fullwidth.php","meta":{"_acf_changed":false,"footnotes":""},"categories":[14],"tags":[],"class_list":["post-1601","page","type-page","status-publish","has-post-thumbnail","hentry","category-teljes-nevlista"],"acf":[],"_links":{"self":[{"href":"https:\/\/semmelweis.hu\/baratikor\/wp-json\/wp\/v2\/pages\/1601","targetHints":{"allow":["GET"]}}],"collection":[{"href":"https:\/\/semmelweis.hu\/baratikor\/wp-json\/wp\/v2\/pages"}],"about":[{"href":"https:\/\/semmelweis.hu\/baratikor\/wp-json\/wp\/v2\/types\/page"}],"author":[{"embeddable":true,"href":"https:\/\/semmelweis.hu\/baratikor\/wp-json\/wp\/v2\/users\/282"}],"replies":[{"embeddable":true,"href":"https:\/\/semmelweis.hu\/baratikor\/wp-json\/wp\/v2\/comments?post=1601"}],"version-history":[{"count":2,"href":"https:\/\/semmelweis.hu\/baratikor\/wp-json\/wp\/v2\/pages\/1601\/revisions"}],"predecessor-version":[{"id":1605,"href":"https:\/\/semmelweis.hu\/baratikor\/wp-json\/wp\/v2\/pages\/1601\/revisions\/1605"}],"up":[{"embeddable":true,"href":"https:\/\/semmelweis.hu\/baratikor\/wp-json\/wp\/v2\/pages\/347"}],"wp:featuredmedia":[{"embeddable":true,"href":"https:\/\/semmelweis.hu\/baratikor\/wp-json\/wp\/v2\/media\/5367"}],"wp:attachment":[{"href":"https:\/\/semmelweis.hu\/baratikor\/wp-json\/wp\/v2\/media?parent=1601"}],"wp:term":[{"taxonomy":"category","embeddable":true,"href":"https:\/\/semmelweis.hu\/baratikor\/wp-json\/wp\/v2\/categories?post=1601"},{"taxonomy":"post_tag","embeddable":true,"href":"https:\/\/semmelweis.hu\/baratikor\/wp-json\/wp\/v2\/tags?post=1601"}],"curies":[{"name":"wp","href":"https:\/\/api.w.org\/{rel}","templated":true}]}}