{"id":1597,"date":"2023-01-03T11:50:21","date_gmt":"2023-01-03T10:50:21","guid":{"rendered":"https:\/\/semmelweis.hu\/baratikor\/?page_id=1597"},"modified":"2023-10-11T14:56:25","modified_gmt":"2023-10-11T12:56:25","slug":"dabis-laszlo","status":"publish","type":"page","link":"https:\/\/semmelweis.hu\/baratikor\/galeria\/teljes-nevlista\/dabis-laszlo\/","title":{"rendered":"Dabis L\u00e1szl\u00f3"},"content":{"rendered":"<p style=\"text-align: justify\"><strong><a href=\"https:\/\/semmelweis.hu\/baratikor\/dabis-laszlo\/dabis-laszlo\/\" rel=\"attachment wp-att-1598\"><img loading=\"lazy\" decoding=\"async\" class=\"alignleft size-medium wp-image-1598\" src=\"https:\/\/semmelweis.hu\/baratikor\/files\/2023\/01\/Dabis-Laszlo-277x400.jpg\" alt=\"\" width=\"277\" height=\"400\" srcset=\"https:\/\/semmelweis.hu\/baratikor\/files\/2023\/01\/Dabis-Laszlo-277x400.jpg 277w, https:\/\/semmelweis.hu\/baratikor\/files\/2023\/01\/Dabis-Laszlo.jpg 692w\" sizes=\"auto, (max-width: 277px) 100vw, 277px\" \/><\/a>(R\u00e1kospalota, 1891. okt\u00f3ber 1. \u2013 Budapest, 1956. okt\u00f3ber 20.)<\/strong><\/p>\n<p style=\"text-align: justify\"><strong>Tansz\u00e9k: <\/strong>K\u00f6zeg\u00e9szs\u00e9gtani Int\u00e9zet 1948-1956.<\/p>\n<p style=\"text-align: justify\">Eredeti csal\u00e1dneve Scheff volt. Orvosi oklevel\u00e9t 1914. augusztus 29-\u00e9n szerezte a budapesti orvosi karon, de m\u00e1r medikus kor\u00e1ban r\u00e9szt vett a Preisz Hug\u00f3 vezette Bakteriol\u00f3giai Int\u00e9zet munk\u00e1j\u00e1ban 1912-1914 k\u00f6z\u00f6tt. M\u00e1r orvostanhallgat\u00f3 kor\u00e1ban bel\u00e9pett a Galilei K\u00f6rbe, melynek f\u0151titk\u00e1ra lett. 1914 \u00e9s 1918 k\u00f6z\u00f6tt csapatorvosi szolg\u00e1latot teljes\u00edtett az orosz \u00e9s a montenegr\u00f3i harctereken. Leszerel\u00e9se ut\u00e1n Liebermann Le\u00f3 mellett dolgozott a K\u00f6zeg\u00e9szs\u00e9gtani Int\u00e9zetben gyakornokk\u00e9nt, majd tan\u00e1rseg\u00e9dk\u00e9nt. 1919-ben, a kommunista diktat\u00fara idej\u00e9n referens volt a munka\u00fcgyi \u00e9s n\u00e9pj\u00f3l\u00e9ti n\u00e9pbiztoss\u00e1gon. M\u00e1r tan\u00e1rseg\u00e9d volt, amikor 1924-ben megh\u00edv\u00e1st kapott Dienes Lajost\u00f3l az Egyes\u00fclt \u00c1llamokba, ahol 1926-ig az Ashville-i tbc kutat\u00f3int\u00e9zetben dolgozott, majd nyugat-eur\u00f3pai tanulm\u00e1nyutat tett. Visszat\u00e9rve tanulm\u00e1ny\u00fatj\u00e1r\u00f3l a Sz\u00e9kesf\u0151v\u00e1rosi K\u00f6zeg\u00e9szs\u00e9g\u00fcgyi \u00e9s Bakteriol\u00f3giai Int\u00e9zetben dolgozott tov\u00e1bb, 1928-t\u00f3l oszt\u00e1lyvezet\u0151i, 1936-t\u00f3l helyettes igazgat\u00f3i, 1945-t\u0151l igazgat\u00f3i beoszt\u00e1sokban. 1948-ban megb\u00edzt\u00e1k a P\u00e1zm\u00e1ny P\u00e9ter Tudom\u00e1nyegyetem Orvostudom\u00e1nyi Kara K\u00f6zeg\u00e9szs\u00e9gtani Int\u00e9zet\u00e9nek vezet\u00e9s\u00e9vel. Egyetemi tan\u00e1ri kinevez\u00e9s\u00e9t 1950-ben kapta meg. Egyetemi kinevez\u00e9se ut\u00e1n nagy igyekezettel tervezte az int\u00e9zet kib\u0151v\u00edt\u00e9s\u00e9t, az asszisztensi kar megteremt\u00e9s\u00e9t, a k\u00f6zeg\u00e9szs\u00e9gtan \u00f3rasz\u00e1m\u00e1nak felemel\u00e9s\u00e9t. Professzors\u00e1ga idej\u00e9n v\u00e1lt a k\u00f6zeg\u00e9szs\u00e9gtani st\u00fadium k\u00e9t f\u00e9l\u00e9ves t\u00e1rggy\u00e1, amely az orvos- \u00e9s gy\u00f3gyszer\u00e9szk\u00e9pz\u00e9sen k\u00edv\u00fcl az \u00f6n\u00e1ll\u00f3 kari keretek k\u00f6z\u00f6tt szervez\u0151d\u0151 fogorvosk\u00e9pz\u00e9sbe is beker\u00fclt. Szakmai munk\u00e1ss\u00e1ga sokr\u00e9t\u0171 volt, de els\u0151sorban a k\u00f6rnyezeti t\u00e9nyez\u0151k k\u00f3roktani hat\u00e1s\u00e1nak (kiv\u00e1ltk\u00e9pp laborat\u00f3riumi m\u00f3dszerekkel t\u00f6rt\u00e9n\u0151) vizsg\u00e1lat\u00e1ra \u00f6sszpontosult. T\u00f6bb bakteriol\u00f3giai m\u00f3dszert dolgozott ki a k\u00f6rnyezeti elemek \u00e9s az \u00e9lelmiszerek higi\u00e9n\u00e9s \u00e9rt\u00e9km\u00e9r\u00e9s\u00e9re. Kidolgozta a v\u00edz- \u00e9s \u00e9lelmiszerszabv\u00e1nyok higi\u00e9n\u00e9s k\u00f6vetelm\u00e9nyeit. Nagy fontoss\u00e1g\u00faak Budapest leveg\u0151j\u00e9nek f\u00fcst- \u00e9s korommentes\u00edt\u00e9s\u00e9re vonatkoz\u00f3 tanulm\u00e1nyai. Sz\u00e1mos k\u00fclf\u00f6ldi elj\u00e1r\u00e1st honos\u00edtott meg \u00e9s fejlesztett tov\u00e1bb. Mindezek mellett sug\u00e1rbiol\u00f3gi\u00e1val is foglalkozott.<\/p>\n<p style=\"text-align: justify\"><strong>F\u0151bb munk\u00e1i<em>:<\/em><\/strong> <em>A nagyv\u00e1rosi t\u00f6m\u00f6r\u00fcl\u00e9sek v\u00edzell\u00e1t\u00e1sa. <\/em>Bp., 1934.; <em>K\u00f6zeg\u00e9szs\u00e9gtani leveg\u0151hygi\u00e9ne. <\/em>Szeged, 1950.; <em>A <\/em><em>v\u00edrushepatitisek. \/<\/em>Magyar Imr\u00e9vel\/. Bp., 1955.<\/p>\n<p style=\"text-align: justify\"><strong>Nyughelye:<\/strong> Budapest, Farkasr\u00e9ti temet\u0151 8-1-A\/0\/1\/129-130.<\/p>\n<p style=\"text-align: justify\">(Forr\u00e1s: <a href=\"http:\/\/kozegeszsegtan.sote.hu\/index.php?id=14\">Tahin Emma: A K\u00f6zeg\u00e9szs\u00e9gtani Int\u00e9zet v\u00e1zlatos t\u00f6rt\u00e9nete 1874-2005.<\/a>)<\/p>\n","protected":false},"excerpt":{"rendered":"<p><a href=\"https:\/\/semmelweis.hu\/baratikor\/dabis-laszlo\/dabis-laszlo\/\" rel=\"attachment wp-att-1598\"><\/a> (R\u00e1kospalota, 1891. okt\u00f3ber 1. \u2013 Budapest, 1956. okt\u00f3ber 20.) Tansz\u00e9k: K\u00f6zeg\u00e9szs\u00e9gtani Int\u00e9zet 1948-1956. Eredeti csal\u00e1dneve Scheff volt. Orvosi oklevel\u00e9t 1914. augusztus 29-\u00e9n szerezte a budapesti orvosi karon, de m\u00e1r medikus kor\u00e1ban r\u00e9szt vett a Preisz Hug\u00f3 vezette Bakteriol\u00f3giai Int\u00e9zet munk\u00e1j\u00e1ban 1912-1914 k\u00f6z\u00f6tt. M\u00e1r orvostanhallgat\u00f3 kor\u00e1ban bel\u00e9pett a Galilei K\u00f6rbe, melynek f\u0151titk\u00e1ra lett. 1914 \u00e9s 1918 &hellip;<\/p>\n","protected":false},"author":282,"featured_media":5366,"parent":347,"menu_order":0,"comment_status":"closed","ping_status":"closed","template":"","meta":{"_acf_changed":false,"footnotes":""},"categories":[77,14],"tags":[],"class_list":["post-1597","page","type-page","status-publish","has-post-thumbnail","hentry","category-kegyeleti-adattar","category-teljes-nevlista"],"acf":[],"_links":{"self":[{"href":"https:\/\/semmelweis.hu\/baratikor\/wp-json\/wp\/v2\/pages\/1597","targetHints":{"allow":["GET"]}}],"collection":[{"href":"https:\/\/semmelweis.hu\/baratikor\/wp-json\/wp\/v2\/pages"}],"about":[{"href":"https:\/\/semmelweis.hu\/baratikor\/wp-json\/wp\/v2\/types\/page"}],"author":[{"embeddable":true,"href":"https:\/\/semmelweis.hu\/baratikor\/wp-json\/wp\/v2\/users\/282"}],"replies":[{"embeddable":true,"href":"https:\/\/semmelweis.hu\/baratikor\/wp-json\/wp\/v2\/comments?post=1597"}],"version-history":[{"count":2,"href":"https:\/\/semmelweis.hu\/baratikor\/wp-json\/wp\/v2\/pages\/1597\/revisions"}],"predecessor-version":[{"id":1600,"href":"https:\/\/semmelweis.hu\/baratikor\/wp-json\/wp\/v2\/pages\/1597\/revisions\/1600"}],"up":[{"embeddable":true,"href":"https:\/\/semmelweis.hu\/baratikor\/wp-json\/wp\/v2\/pages\/347"}],"wp:featuredmedia":[{"embeddable":true,"href":"https:\/\/semmelweis.hu\/baratikor\/wp-json\/wp\/v2\/media\/5366"}],"wp:attachment":[{"href":"https:\/\/semmelweis.hu\/baratikor\/wp-json\/wp\/v2\/media?parent=1597"}],"wp:term":[{"taxonomy":"category","embeddable":true,"href":"https:\/\/semmelweis.hu\/baratikor\/wp-json\/wp\/v2\/categories?post=1597"},{"taxonomy":"post_tag","embeddable":true,"href":"https:\/\/semmelweis.hu\/baratikor\/wp-json\/wp\/v2\/tags?post=1597"}],"curies":[{"name":"wp","href":"https:\/\/api.w.org\/{rel}","templated":true}]}}