{"id":1586,"date":"2023-01-03T11:46:08","date_gmt":"2023-01-03T10:46:08","guid":{"rendered":"https:\/\/semmelweis.hu\/baratikor\/?page_id=1586"},"modified":"2023-10-11T14:55:02","modified_gmt":"2023-10-11T12:55:02","slug":"csomor-sandor","status":"publish","type":"page","link":"https:\/\/semmelweis.hu\/baratikor\/galeria\/teljes-nevlista\/csomor-sandor\/","title":{"rendered":"Cs\u00f6m\u00f6r S\u00e1ndor"},"content":{"rendered":"<p style=\"text-align: justify\"><strong><a href=\"https:\/\/semmelweis.hu\/baratikor\/galeria\/teljes-nevlista\/csomor-sandor\/csomor-sandor\/\" rel=\"attachment wp-att-1587\"><img loading=\"lazy\" decoding=\"async\" class=\"alignleft size-medium wp-image-1587\" src=\"https:\/\/semmelweis.hu\/baratikor\/files\/2023\/01\/Csomor-Sandor-321x400.jpg\" alt=\"\" width=\"321\" height=\"400\" srcset=\"https:\/\/semmelweis.hu\/baratikor\/files\/2023\/01\/Csomor-Sandor-321x400.jpg 321w, https:\/\/semmelweis.hu\/baratikor\/files\/2023\/01\/Csomor-Sandor-768x958.jpg 768w, https:\/\/semmelweis.hu\/baratikor\/files\/2023\/01\/Csomor-Sandor-753x939.jpg 753w, https:\/\/semmelweis.hu\/baratikor\/files\/2023\/01\/Csomor-Sandor.jpg 802w\" sizes=\"auto, (max-width: 321px) 100vw, 321px\" \/><\/a> (Dunavecse, 1919. december 14. \u2013 Budapest, 2007. febru\u00e1r 21.)<\/strong><\/p>\n<p style=\"text-align: justify\"><strong>Tansz\u00e9k: <\/strong>I. sz. N\u0151gy\u00f3gy\u00e1szati Klinika 1972-1990.<\/p>\n<p style=\"text-align: justify\"><strong>Viselt egyetemi m\u00e9lt\u00f3s\u00e1g:<\/strong> klinikai rektorhelyettes 1975-1985.<\/p>\n<p style=\"text-align: justify\">K\u00f6z\u00e9pbirtokos paraszti csal\u00e1db\u00f3l sz\u00e1rmazik, elemi iskol\u00e1t sz\u00fcl\u0151hely\u00e9n, k\u00f6z\u00e9piskol\u00e1t Kunszentmikl\u00f3son v\u00e9gzett. 1938-ban beiratkozott a kir. m. P\u00e1zm\u00e1ny P\u00e9ter Tudom\u00e1nyegyetemre, ahol 1944. j\u00fanius 17-\u00e9n orvosdoktori diplom\u00e1t szerzett. Tanulm\u00e1nyai idej\u00e9n kapcsolatba ker\u00fclt a reform\u00e1tus Soli Deo Gloria Sz\u00f6vets\u00e9ggel \u00e9s a Csaba Bajt\u00e1rsi Egyes\u00fclettel. M\u00e1r m\u00e1sod- \u00e9s harmad\u00e9ves kor\u00e1ban demonstr\u00e1tork\u00e9nt m\u0171k\u00f6d\u00f6tt az Anat\u00f3miai Int\u00e9zetben. Az Ar\u00e1nyi-f\u00e9le versenyboncol\u00e1son szerzett els\u0151 helyez\u00e9se seg\u00edtette be a K\u00f3rbonctani \u00e9s K\u00eds\u00e9rleti R\u00e1kkutat\u00f3 Int\u00e9zetbe, ahol 1941. szeptember 1-j\u00e9n demonstr\u00e1tor lett. Beoszt\u00e1sa 1943. szeptember 1-j\u00e9n d\u00edjas gyakornokira v\u00e1ltozott. 1944. szeptember 1-j\u00e9n ker\u00fclt \u00e1t az I. sz. Sz\u00fcl\u00e9szeti \u00e9s N\u0151gy\u00f3gy\u00e1szati Klinik\u00e1ra, ahol nyug\u00e1llom\u00e1nyba vonul\u00e1s\u00e1ig szolg\u00e1lt. R\u00f6viddel a klinik\u00e1ra t\u00f6rt\u00e9nt bel\u00e9p\u00e9se ut\u00e1n, 1944. okt\u00f3ber 1-j\u00e9n katonai szolg\u00e1latra h\u00edvt\u00e1k be, amely 1945. m\u00e1jus 9-ig tartott. Karpaszom\u00e1nyos szakaszvezet\u0151k\u00e9nt t\u00e9rt haza, elker\u00fclve a hadifogs\u00e1got. K\u00e9s\u0151bb, 1951-ben tartal\u00e9kos tiszti iskol\u00e1t v\u00e9gzett, amit orvos f\u0151hadnagyi rendfokozattal fejezett be. M\u00e9g 1945-ben bel\u00e9pett az Orvos-eg\u00e9szs\u00e9g\u00fcgyi Dolgoz\u00f3k Szakszervezet\u00e9be, majd 1946-ban a Szoci\u00e1ldemokrata P\u00e1rtba (k\u00e9s\u0151bb a p\u00e1rtegyes\u00fcl\u00e9ssel MDP). 1947-ben r\u00e9szt vett a Magyar N\u00e9phadsereg \u00e1ltal szervezett \u201eFalu eg\u00e9szs\u00e9g\u00fcgy\u00e9\u00e9rt\u201d akci\u00f3ban, illetve n\u00e9pnevel\u0151k\u00e9nt is m\u0171k\u00f6d\u00f6tt. 1956-ig munkahely\u00e9n k\u00fcl\u00f6nb\u00f6z\u0151 p\u00e1rtfeladatokat is ell\u00e1tott, de a forradalom ut\u00e1n nem l\u00e9pett \u00e1t az MSZMP-be. Tags\u00e1g\u00e1t csak 1959-ben \u00faj\u00edtotta meg, majd 1961-ig a v\u00e9grehajt\u00f3 bizotts\u00e1g tagja volt. A klinik\u00e1ra 1945-ben visszat\u00e9rve, kezdetben d\u00edjtalan gyakornoki \u00e1ll\u00e1sban dolgozott, majd 1950. m\u00e1rcius 1-j\u00e9t\u0151l r\u00f6vid ideig gyakornok, okt\u00f3ber 15-t\u0151l tan\u00e1rseg\u00e9d volt. Id\u0151k\u00f6zben, 1948. j\u00fanius 26-\u00e1n sz\u00fcl\u00e9szet-n\u0151gy\u00f3gy\u00e1szati szakk\u00e9pes\u00edt\u00e9st szerzett. 1955. \u00e1prilis 22-\u00e9n sugaras elj\u00e1r\u00e1sokb\u00f3l szerzett \u00fajabb k\u00e9pes\u00edt\u00e9st. 1958. m\u00e1jus 1-j\u00e9t\u0151l egyetemi adjunktus, 1963. december 15-t\u0151l egyetemi docens. 1972. j\u00falius 1-j\u00e9n kapott egyetemi tan\u00e1ri, egyben klinikaigazgat\u00f3i kinevez\u00e9st kapott. 1975. szeptember 1-j\u00e9t\u0151l 1985. augusztus 31-ig az egyetem klinikai rektorhelyettesi tiszt\u00e9t t\u00f6lt\u00f6tte be. 1979. november 29-\u00e9n klinikai onkol\u00f3gi\u00e1b\u00f3l szerzett szakk\u00e9pes\u00edt\u00e9st.<\/p>\n<p style=\"text-align: justify\">Hazai viszonylatban els\u0151k\u00e9nt val\u00f3s\u00edtotta meg az egys\u00e9ges perinat\u00e1lis ell\u00e1t\u00e1si rendszert, ami nemzetk\u00f6zi viszonylatban is \u00fatt\u00f6r\u0151nek sz\u00e1m\u00edtott, \u00e9s alapj\u00e1ul szolg\u00e1lt a k\u00e9s\u0151bbi perinat\u00e1lis intenz\u00edv centrumok kialak\u00edt\u00e1s\u00e1nak. Foglalkozott a n\u0151i rosszindulat\u00fa daganatos betegs\u00e9gek megel\u0151z\u00e9s\u00e9vel \u00e9s \u00f6sszetett kezel\u00e9s\u00e9v\u00e9l, valamint a medd\u0151s\u00e9g k\u00e9rd\u00e9s\u00e9vel. Alkalmazta az akkor \u00fajdons\u00e1gnak sz\u00e1m\u00edt\u00f3 audiovizu\u00e1lis oktat\u00e1si m\u00f3dszereket, munkat\u00e1rsaival 21 oktat\u00f3filmet k\u00e9sz\u00edtett. Szoros egy\u00fcttm\u0171k\u00f6d\u00e9st alak\u00edtott ki a berlini, drezdai \u00e9s a j\u00e9nai, valamint a moszkvai Szecsenov Egyetem sz\u00fcl\u00e9szeti \u00e9s n\u0151gy\u00f3gy\u00e1szati klinik\u00e1ival.<\/p>\n<p style=\"text-align: justify\">T\u00f6bb szakmai egyes\u00fcletnek \u00e9s test\u00fcletnek volt tagja: Magyar N\u0151orvos T\u00e1rsas\u00e1g (eln\u00f6k, ill. 1948-t\u00f3l vezet\u0151s\u00e9gi tag), Magyar Onkol\u00f3gus T\u00e1rsas\u00e1g (vezet\u0151s\u00e9gi tag), ETT Igazs\u00e1g\u00fcgyi Bizotts\u00e1ga (1967-t\u0151l p\u00f3ttag, 1976-t\u00f3l tag), ETT Sz\u00fcl\u00e9szeti \u00e9s N\u0151gy\u00f3gy\u00e1szati Bizotts\u00e1g (1967-1970 tag), OSZNI Szakmai Koll\u00e9gium (1973-t\u00f3l tag). Az NDK N\u0151orvos T\u00e1rsas\u00e1ga \u00e9s a Rom\u00e1n N\u0151orvos T\u00e1rsas\u00e1g 1978-ban tiszteletbeli tagg\u00e1 v\u00e1lasztotta. Tagja volt a Magyar N\u0151orvosok Lapja szerkeszt\u0151bizotts\u00e1g\u00e1nak.<\/p>\n<p style=\"text-align: justify\">1960-ban \u00c9rdemes orvos kit\u00fcntet\u00e9st nyert, a Munka\u00e9rdemrend ez\u00fcst fokozat\u00e1t1969-ben, arany fokozat\u00e1t 1982-ben nyerte el. Szint\u00e9n 1982-ben lett a Madzsar J\u00f3zsef-d\u00edj kit\u00fcntetettje.1986-ban a Haza Szolg\u00e1lat\u00e1\u00e9rt \u00c9rdem\u00e9rem arany fokozat\u00e1ban r\u00e9szes\u00fclt, 1987-ben Semmelweis-eml\u00e9k\u00e9rmet kapott. 1988-ban a V\u00f6r\u00f6skereszt Henri Dunant-eml\u00e9k\u00e9remmel t\u00fcntette ki.<\/p>\n<p style=\"text-align: justify\"><strong>F\u0151bb munk\u00e1i:<\/strong> A m\u00e9hnyakr\u00e1k n\u00e9h\u00e1ny k\u00e9rd\u00e9se. MTA\/TMB, Bp., 1971.; Akut appendicitis (et al., szerk. Dubecz S\u00e1ndor). Bp., 1988.<\/p>\n<p style=\"text-align: justify\"><strong>Nyughelye:<\/strong> Budapest, Fiumei \u00fati temet\u0151 36\/0\/0\/2 sz\u00f3r\u00f3 parcella.<\/p>\n<p><strong><a href=\"https:\/\/semmelweis.hu\/baratikor\/galeria\/teljes-nevlista\/csomor-sandor\/csomor-sandor-2\/\" rel=\"attachment wp-att-1588\"><img loading=\"lazy\" decoding=\"async\" class=\"alignleft size-medium wp-image-1588\" src=\"https:\/\/semmelweis.hu\/baratikor\/files\/2023\/01\/Csomor-Sandor-2-272x400.jpg\" alt=\"\" width=\"272\" height=\"400\" srcset=\"https:\/\/semmelweis.hu\/baratikor\/files\/2023\/01\/Csomor-Sandor-2-272x400.jpg 272w, https:\/\/semmelweis.hu\/baratikor\/files\/2023\/01\/Csomor-Sandor-2.jpg 679w\" sizes=\"auto, (max-width: 272px) 100vw, 272px\" \/><\/a><\/strong><\/p>\n<p style=\"text-align: justify\">\u00a0<\/p>\n","protected":false},"excerpt":{"rendered":"<p><a href=\"https:\/\/semmelweis.hu\/baratikor\/galeria\/teljes-nevlista\/csomor-sandor\/csomor-sandor\/\" rel=\"attachment wp-att-1587\"><\/a> (Dunavecse, 1919. december 14. \u2013 Budapest, 2007. febru\u00e1r 21.) Tansz\u00e9k: I. sz. N\u0151gy\u00f3gy\u00e1szati Klinika 1972-1990. Viselt egyetemi m\u00e9lt\u00f3s\u00e1g: klinikai rektorhelyettes 1975-1985. K\u00f6z\u00e9pbirtokos paraszti csal\u00e1db\u00f3l sz\u00e1rmazik, elemi iskol\u00e1t sz\u00fcl\u0151hely\u00e9n, k\u00f6z\u00e9piskol\u00e1t Kunszentmikl\u00f3son v\u00e9gzett. 1938-ban beiratkozott a kir. m. P\u00e1zm\u00e1ny P\u00e9ter Tudom\u00e1nyegyetemre, ahol 1944. j\u00fanius 17-\u00e9n orvosdoktori diplom\u00e1t szerzett. Tanulm\u00e1nyai idej\u00e9n kapcsolatba ker\u00fclt a reform\u00e1tus Soli Deo Gloria &hellip;<\/p>\n","protected":false},"author":282,"featured_media":5365,"parent":347,"menu_order":0,"comment_status":"closed","ping_status":"closed","template":"template-fullwidth.php","meta":{"_acf_changed":false,"footnotes":""},"categories":[77,14],"tags":[],"class_list":["post-1586","page","type-page","status-publish","has-post-thumbnail","hentry","category-kegyeleti-adattar","category-teljes-nevlista"],"acf":[],"_links":{"self":[{"href":"https:\/\/semmelweis.hu\/baratikor\/wp-json\/wp\/v2\/pages\/1586","targetHints":{"allow":["GET"]}}],"collection":[{"href":"https:\/\/semmelweis.hu\/baratikor\/wp-json\/wp\/v2\/pages"}],"about":[{"href":"https:\/\/semmelweis.hu\/baratikor\/wp-json\/wp\/v2\/types\/page"}],"author":[{"embeddable":true,"href":"https:\/\/semmelweis.hu\/baratikor\/wp-json\/wp\/v2\/users\/282"}],"replies":[{"embeddable":true,"href":"https:\/\/semmelweis.hu\/baratikor\/wp-json\/wp\/v2\/comments?post=1586"}],"version-history":[{"count":2,"href":"https:\/\/semmelweis.hu\/baratikor\/wp-json\/wp\/v2\/pages\/1586\/revisions"}],"predecessor-version":[{"id":1590,"href":"https:\/\/semmelweis.hu\/baratikor\/wp-json\/wp\/v2\/pages\/1586\/revisions\/1590"}],"up":[{"embeddable":true,"href":"https:\/\/semmelweis.hu\/baratikor\/wp-json\/wp\/v2\/pages\/347"}],"wp:featuredmedia":[{"embeddable":true,"href":"https:\/\/semmelweis.hu\/baratikor\/wp-json\/wp\/v2\/media\/5365"}],"wp:attachment":[{"href":"https:\/\/semmelweis.hu\/baratikor\/wp-json\/wp\/v2\/media?parent=1586"}],"wp:term":[{"taxonomy":"category","embeddable":true,"href":"https:\/\/semmelweis.hu\/baratikor\/wp-json\/wp\/v2\/categories?post=1586"},{"taxonomy":"post_tag","embeddable":true,"href":"https:\/\/semmelweis.hu\/baratikor\/wp-json\/wp\/v2\/tags?post=1586"}],"curies":[{"name":"wp","href":"https:\/\/api.w.org\/{rel}","templated":true}]}}