{"id":1584,"date":"2023-01-03T11:44:28","date_gmt":"2023-01-03T10:44:28","guid":{"rendered":"https:\/\/semmelweis.hu\/baratikor\/?page_id=1584"},"modified":"2023-01-09T11:11:29","modified_gmt":"2023-01-09T10:11:29","slug":"csipke-zoltan","status":"publish","type":"page","link":"https:\/\/semmelweis.hu\/baratikor\/galeria\/teljes-nevlista\/csipke-zoltan\/","title":{"rendered":"Csipke Zolt\u00e1n"},"content":{"rendered":"<p style=\"text-align: justify\"><strong>(Szentes, 1899. j\u00falius 24.<a href=\"#_ftn1\" name=\"_ftnref1\">[1]<\/a> \u2013 Budapest, 1966. febru\u00e1r 6.)<\/strong><\/p>\n<p style=\"text-align: justify\"><strong>Tansz\u00e9k: <\/strong>Egyetemi Gy\u00f3gyszer\u00e9szeti Int\u00e9zet 1932-1934 (helyettes), Egyetemi Gy\u00f3gyszert\u00e1r 1947-1966<\/p>\n<p style=\"text-align: justify\">K\u00f6z\u00e9piskolai tanulm\u00e1nyait 1911-ben, Nagyv\u00e1radon kezdte, majd 1913-t\u00f3l a mez\u0151t\u00fari reform\u00e1tus f\u0151gimn\u00e1ziumban folytatta, ahol 1917-ben \u00fan. hadi\u00e9retts\u00e9git tett. 1917 m\u00e1rcius\u00e1ban Nagyv\u00e1radra vonult be a 4. honv\u00e9d gyalogezredhez. 1918 janu\u00e1rj\u00e1ban befejezte a tiszti iskol\u00e1t \u00e9s h.j. \u0151rmesteri rendfokozattal az olasz harct\u00e9rre vez\u00e9nyelt\u00e9k. Itt megsebes\u00fclt, majd szeptemberben ism\u00e9t az olasz harct\u00e9rre k\u00fcldt\u00e9k, a fegyversz\u00fcnet Udin\u00e9ben \u00e9rte. Hazat\u00e9rve 1918 december\u00e9t\u0151l 1920 \u00e1prilis\u00e1ig Nagyv\u00e1radon volt gy\u00f3gyszer\u00e9szgyakornok, majd a budapesti orvoskar gy\u00f3gyszer\u00e9szi szak\u00e1ra iratkozott, ahol 1921. j\u00fanius 20-\u00e1n gy\u00f3gyszer\u00e9szi oklevelet kapott. 1920-ban az orvosi szakot is elkezdte, \u00e9s 1927. december 3-\u00e1n orvosdoktori oklevelet is szerzett. 1921. j\u00falius 1-t\u0151l a Gy\u00f3gyszer\u00e9szeti Int\u00e9zet munkat\u00e1rsa volt, kezdetben havid\u00edjas gy\u00f3gyszer\u00e9szk\u00e9nt. 1922 szeptember\u00e9t\u0151l m\u00e1r d\u00edjas gyakornok, 1923 elej\u00e9t\u0151l tan\u00e1rseg\u00e9d, 1930. szeptember 1-t\u0151l f\u0151vegy\u00e9sz, mindv\u00e9gig Matolcsy Mikl\u00f3s c\u00edmzetes rendk\u00edv\u00fcli tan\u00e1r mellett. Csipke Zolt\u00e1n vezette az approb\u00e1ci\u00f3s vizsg\u00e1ra k\u00e9sz\u00fcl\u0151 n\u00f6vend\u00e9kek felk\u00e9sz\u00edt\u00e9s\u00e9t. Matolcsy nyugalomba vonul\u00e1sakor, 1932. december 1-t\u0151l helyettesk\u00e9nt vezette az int\u00e9zetet 1934. m\u00e1rcius 7-ig, Mozsonyi S\u00e1ndor kinevez\u00e9s\u00e9ig. 1935-ben mag\u00e1ntan\u00e1ri fokozatot szerzett a gy\u00f3gyszer\u00e9szeti vizsg\u00e1latok t\u00e1rgyk\u00f6r\u00e9ben. A gy\u00f3gyszer\u00e9szhallgat\u00f3k oktat\u00e1sa ter\u00e9n el\u00e9rt eredm\u00e9nyei\u00e9rt 1942-ben c\u00edmzetes rendk\u00edv\u00fcli tan\u00e1ri c\u00edmet kapott. 1947. janu\u00e1r 1-j\u00e9n r\u00e1b\u00edzt\u00e1k az int\u00e9zett\u0151l k\u00fcl\u00f6nv\u00e1lasztott Egyetemi Gy\u00f3gyszert\u00e1r vezet\u00e9s\u00e9t, miut\u00e1n Mozsonyi S\u00e1ndor err\u0151l lemondott, \u00e9s csak az Egyetemi Gy\u00f3gyszer\u00e9szeti Int\u00e9zetnek szentelte idej\u00e9t. 1949-ig adta el\u0151 az orvostanhallgat\u00f3knak aj\u00e1nlott V\u00e9nyk\u00e9sz\u00edt\u00e9stan c. t\u00e1rgyat. 1950 m\u00e1rcius\u00e1ban int\u00e9zetvezet\u0151 tan\u00e1r c\u00edmet kapott, 1952 december\u00e9t\u0151l docensk\u00e9nt l\u00e1tta el a gy\u00f3gyszert\u00e1r vezet\u00e9s\u00e9t eg\u00e9szen hal\u00e1l\u00e1ig.<\/p>\n<p style=\"text-align: justify\"><strong>F\u0151bb munk\u00e1i:<\/strong> A v\u00e9nyk\u00e9sz\u00edt\u00e9s k\u00e9zik\u00f6nyve \/N\u00e9medy Imr\u00e9vel\/. Bp., 1938.; Anyagismeret \/K\u00e1d\u00e1r Tiborral\/. Bp., 1949.; V\u00e9nyk\u00e9sz\u00edt\u00e9stan \/Bevezet\u00e9s a recept\u00far\u00e1ba\/ &#8211; egyetemi jegyzet. Bp., 1950., 1958.<\/p>\n<p style=\"text-align: justify\"><strong>Nyughelye:<\/strong> Budapest, Farkasr\u00e9ti temet\u0151, felsz\u00e1molva.<\/p>\n<p style=\"text-align: justify\"><a href=\"#_ftnref1\" name=\"_ftn1\">[1]<\/a> A szakirodalomban tal\u00e1lhat\u00f3, \u00e9s feltehet\u0151en egym\u00e1sra t\u00e1maszkod\u00f3 \u00e9letrajzaiban j\u00falius 26. szerepel. Maga Csipke Zolt\u00e1n is k\u00fcl\u00f6nb\u00f6z\u0151 d\u00e1tumokat jel\u00f6lt meg. Hallgat\u00f3 kor\u00e1ban a saj\u00e1t kez\u0171leg kit\u00f6lt\u00f6tt beiratkoz\u00e1si t\u00f6rzslapokon j\u00fal. 24. \u00e9s 26. szerepel felv\u00e1ltva. A hivatalos egyetemi nyilv\u00e1ntart\u00e1sokban (v\u00e9gbizony\u00edtv\u00e1ny, prom\u00f3ci\u00f3s k\u00f6nyv) a j\u00fal. 24-\u00e9t t\u00fcntetik fel. K\u00e9s\u0151bbi saj\u00e1t \u00f6n\u00e9letrajz\u00e1ban \u00e9s az \u00e1ltala ellenjegyzett szem\u00e9lyi nyilv\u00e1ntart\u00f3 lapjain \u00e9s min\u0151s\u00edt\u00e9sein minden\u00fctt j\u00falius 29. a megadott sz\u00fclet\u00e9si nap.<\/p>\n","protected":false},"excerpt":{"rendered":"<p>(Szentes, 1899. j\u00falius 24. <a href=\"#_ftn1\" name=\"_ftnref1\">[1]<\/a> \u2013 Budapest, 1966. febru\u00e1r 6.) Tansz\u00e9k: Egyetemi Gy\u00f3gyszer\u00e9szeti Int\u00e9zet 1932-1934 (helyettes), Egyetemi Gy\u00f3gyszert\u00e1r 1947-1966 K\u00f6z\u00e9piskolai tanulm\u00e1nyait 1911-ben, Nagyv\u00e1radon kezdte, majd 1913-t\u00f3l a mez\u0151t\u00fari reform\u00e1tus f\u0151gimn\u00e1ziumban folytatta, ahol 1917-ben \u00fan. hadi\u00e9retts\u00e9git tett. 1917 m\u00e1rcius\u00e1ban Nagyv\u00e1radra vonult be a 4. honv\u00e9d gyalogezredhez. 1918 janu\u00e1rj\u00e1ban befejezte a tiszti iskol\u00e1t \u00e9s h.j. \u0151rmesteri rendfokozattal az &hellip;<\/p>\n","protected":false},"author":282,"featured_media":0,"parent":347,"menu_order":0,"comment_status":"closed","ping_status":"closed","template":"template-fullwidth.php","meta":{"_acf_changed":false,"footnotes":""},"categories":[77,14],"tags":[],"class_list":["post-1584","page","type-page","status-publish","hentry","category-kegyeleti-adattar","category-teljes-nevlista"],"acf":[],"_links":{"self":[{"href":"https:\/\/semmelweis.hu\/baratikor\/wp-json\/wp\/v2\/pages\/1584","targetHints":{"allow":["GET"]}}],"collection":[{"href":"https:\/\/semmelweis.hu\/baratikor\/wp-json\/wp\/v2\/pages"}],"about":[{"href":"https:\/\/semmelweis.hu\/baratikor\/wp-json\/wp\/v2\/types\/page"}],"author":[{"embeddable":true,"href":"https:\/\/semmelweis.hu\/baratikor\/wp-json\/wp\/v2\/users\/282"}],"replies":[{"embeddable":true,"href":"https:\/\/semmelweis.hu\/baratikor\/wp-json\/wp\/v2\/comments?post=1584"}],"version-history":[{"count":1,"href":"https:\/\/semmelweis.hu\/baratikor\/wp-json\/wp\/v2\/pages\/1584\/revisions"}],"predecessor-version":[{"id":1585,"href":"https:\/\/semmelweis.hu\/baratikor\/wp-json\/wp\/v2\/pages\/1584\/revisions\/1585"}],"up":[{"embeddable":true,"href":"https:\/\/semmelweis.hu\/baratikor\/wp-json\/wp\/v2\/pages\/347"}],"wp:attachment":[{"href":"https:\/\/semmelweis.hu\/baratikor\/wp-json\/wp\/v2\/media?parent=1584"}],"wp:term":[{"taxonomy":"category","embeddable":true,"href":"https:\/\/semmelweis.hu\/baratikor\/wp-json\/wp\/v2\/categories?post=1584"},{"taxonomy":"post_tag","embeddable":true,"href":"https:\/\/semmelweis.hu\/baratikor\/wp-json\/wp\/v2\/tags?post=1584"}],"curies":[{"name":"wp","href":"https:\/\/api.w.org\/{rel}","templated":true}]}}