{"id":1580,"date":"2023-01-03T11:40:51","date_gmt":"2023-01-03T10:40:51","guid":{"rendered":"https:\/\/semmelweis.hu\/baratikor\/?page_id=1580"},"modified":"2023-10-11T14:53:25","modified_gmt":"2023-10-11T12:53:25","slug":"csanda-endre","status":"publish","type":"page","link":"https:\/\/semmelweis.hu\/baratikor\/galeria\/teljes-nevlista\/csanda-endre\/","title":{"rendered":"Csanda Endre"},"content":{"rendered":"<p style=\"text-align: justify\"><strong><a href=\"https:\/\/semmelweis.hu\/baratikor\/galeria\/teljes-nevlista\/csanda-endre\/csanda-endre-49-a-iv-1\/\" rel=\"attachment wp-att-1581\"><img loading=\"lazy\" decoding=\"async\" class=\"alignleft size-medium wp-image-1581\" src=\"https:\/\/semmelweis.hu\/baratikor\/files\/2023\/01\/Csanda-Endre-49.a-IV-1-400x305.jpg\" alt=\"\" width=\"400\" height=\"305\" srcset=\"https:\/\/semmelweis.hu\/baratikor\/files\/2023\/01\/Csanda-Endre-49.a-IV-1-400x305.jpg 400w, https:\/\/semmelweis.hu\/baratikor\/files\/2023\/01\/Csanda-Endre-49.a-IV-1-1024x782.jpg 1024w, https:\/\/semmelweis.hu\/baratikor\/files\/2023\/01\/Csanda-Endre-49.a-IV-1-768x586.jpg 768w, https:\/\/semmelweis.hu\/baratikor\/files\/2023\/01\/Csanda-Endre-49.a-IV-1-753x575.jpg 753w, https:\/\/semmelweis.hu\/baratikor\/files\/2023\/01\/Csanda-Endre-49.a-IV-1.jpg 1310w\" sizes=\"auto, (max-width: 400px) 100vw, 400px\" \/><\/a>(Nagyv\u00e1rad, 1923. m\u00e1rcius 14. \u2013 Budapest, 2015. augusztus 3.)<\/strong><\/p>\n<p style=\"text-align: justify\"><strong>Tansz\u00e9k: <\/strong>Neurol\u00f3giai Klinika 1975-1993.<\/p>\n<p style=\"text-align: justify\">\u00c9desapj\u00e1nak saj\u00e1t gy\u00f3gyszert\u00e1ra volt Nagyv\u00e1radon, eg\u00e9szen az 1948-ban v\u00e9grehajtott \u00e1llamos\u00edt\u00e1sig. Csanda Endre sz\u00fcl\u0151v\u00e1ros\u00e1ban v\u00e9gezte el k\u00f6z\u00e9piskolai tanulm\u00e1nyait, melyet rom\u00e1nul kezdett el, de az 1940-es visszacsatol\u00e1s ut\u00e1n m\u00e1r magyarul fejezett be 1941-ben. Orvosi tanulm\u00e1nyait Budapesten v\u00e9gezte, diplom\u00e1t 1947. janu\u00e1r 21-\u00e9n nyert. M\u00e1sod\u00e9ves kor\u00e1t\u00f3l, 1943-t\u00f3l az Anat\u00f3miai \u00e9s T\u00e1jbonctani Int\u00e9zetben dolgozott Szent\u00e1gothai J\u00e1nos beosztottjak\u00e9nt. 1944 v\u00e9g\u00e9n, amikor a fels\u0151bb \u00e9ves hallgat\u00f3kat katonai beh\u00edv\u00f3val N\u00e9metorsz\u00e1gba vitt\u00e9k, \u0151 az Idegklinik\u00e1n bujk\u00e1lt, itt \u00e9rte a v\u00e1ros ostroma. Eg\u00e9szen 1950-ig dolgozott itt, amikor j\u00fanius 1-j\u00e9n \u00e1thelyezt\u00e9k a budapesti K\u00f6zponti Katonai K\u00f3rh\u00e1z ideg- elme- \u00e9s idegseb\u00e9szeti oszt\u00e1ly\u00e1ra Juh\u00e1sz P\u00e1l professzor mell\u00e9, ahol 1954. dec. 30-ig szolg\u00e1lt. Aspir\u00e1nsk\u00e9nt szerelt le, \u00e9s \u00e1tker\u00fclt az Orsz\u00e1gos Idegseb\u00e9szeti Tudom\u00e1nyos Int\u00e9zetbe. P\u00e1ly\u00e1ja sor\u00e1n n\u00e9gyf\u00e9le szakk\u00e9pes\u00edt\u00e9st szerzett: neurol\u00f3giai (1951.VI.28.), seb\u00e9szeti (1954.VI.29.), idegseb\u00e9szeti (1959.III.3.), pszichi\u00e1triai (1974.I.25.). Az 1956-os forradalom idej\u00e9n \u00fajra az Idegklinik\u00e1n volt, ahol r\u00e9szt vett a sebes\u00fcltell\u00e1t\u00e1sban. 1957-ben ism\u00e9t katonai szolg\u00e1latot teljes\u00edtett tartal\u00e9kos tisztk\u00e9nt. 1964-ben tartal\u00e9kos orvos\u0151rnagyi rendfokozatot kapott. 1956-1959 k\u00f6z\u00f6tt az Idegseb\u00e9szeti Int\u00e9zet Neuropathol\u00f3giai Laborat\u00f3rium f\u0151orvosa volt. Innen a debreceni Idegklinik\u00e1ra ment, majd 1961-ben a Szegedi Orvostudom\u00e1nyi Egyetem Idegklinik\u00e1j\u00e1n kapott docensi \u00e1ll\u00e1st. 1962-ben kandid\u00e1tusi fokozatot szerzett <em>Az agyoed\u00e9ma \u00e9s jelent\u0151s\u00e9ge a koponya\u0171ri nyom\u00e1sfokoz\u00f3d\u00e1s k\u00f3rtan\u00e1ban <\/em>c. \u00e9rtekez\u00e9ssel. 1969\/70-ben egy \u00e9vet t\u00f6lt\u00f6tt CIS-\u00f6szt\u00f6nd\u00edjjal P\u00e1rizsban, Talairach professzor int\u00e9zet\u00e9ben (Service de Neurochirurgie Fonctionnelle et Laboratoire de Neuropathologie de l\u2019Hopital Ste. Anne). 1975. j\u00falius 1-j\u00e9n kapott kinevez\u00e9st a SOTE Neurol\u00f3giai Klinik\u00e1j\u00e1ra. Tudom\u00e1nyos munk\u00e1ss\u00e1ga \u00f6t f\u0151 ter\u00fcletet \u00e9rintett: 1. Az agy\u00f6d\u00e9ma \u00e9s koponya\u0171ri nyom\u00e1sfokoz\u00f3d\u00e1s hum\u00e1n \u00e9s experiment\u00e1lis vizsg\u00e1lata, pathomechanizmus \u00e9s ter\u00e1pia szempontj\u00e1b\u00f3l. Barrier probl\u00e9m\u00e1k, k\u00fcl\u00f6n\u00f6s tekintettel az agy\u00f6d\u00e9m\u00e1ra, 2. A subarachnoidalis v\u00e9rz\u00e9s neuropathol\u00f3giai, ter\u00e1pi\u00e1s \u00e9s pathol\u00f3gi\u00e1s vonatkoz\u00e1sai, 3. Klinikopathol\u00f3giai \u00e9s k\u00eds\u00e9rletes vizsg\u00e1latok a liquort\u00e9r \u00e9s extracranialis nyirokrendszer k\u00f6z\u00f6tti kapcsolatokra vonatkoz\u00f3an, 4. A beta sug\u00e1rz\u00e1s k\u00f6zponti idegrendszerre kifejtett hat\u00e1s\u00e1nak tanulm\u00e1nyoz\u00e1sa, \u00f6dematog\u00e9n \u00e9s progressz\u00edv emyelinisati\u00f3s folyamat szempontj\u00e1b\u00f3l, 5. Az extrapyramidalis k\u00f3rk\u00e9pek, f\u0151leg a parkinsonismus gy\u00f3gyszeres stereotaxi\u00e1s kezel\u00e9s\u00e9nek probl\u00e9m\u00e1i. 1993. j\u00fanius 30-\u00e1n vonult nyug\u00e1llom\u00e1nyba. 1999-ben az orvostudom\u00e1ny doktora fokozatot szerzett.<\/p>\n<p style=\"text-align: justify\">A szakmai k\u00f6z\u00e9letben igen tev\u00e9kenyen vett r\u00e9szt, 1963-1986 k\u00f6z\u00f6tt \u00f6sszesen 81 k\u00fclf\u00f6ldi kongresszuson vett r\u00e9szt, illetve adott el\u0151. 1980-1986 k\u00f6z\u00f6tt a SOTE Etikai Tan\u00e1cs\u00e1nak eln\u00f6ki tiszt\u00e9t t\u00f6lt\u00f6tte be, 1981-ben megv\u00e1lasztott\u00e1k az Orvos-Eg\u00e9szs\u00e9g\u00fcgyi Dolgoz\u00f3k Szakszervezete Budapesti Bizotts\u00e1ga eln\u00f6k\u00e9v\u00e9. A Magyar Ideg- \u00e9s Elmeorvosok T\u00e1rsas\u00e1g\u00e1nak eln\u00f6ke, a Kor\u00e1nyi T\u00e1rsas\u00e1g vezet\u0151s\u00e9gi tagja, az EEG T\u00e1rsas\u00e1g, az Idegseb\u00e9szeti T\u00e1rsas\u00e1g, illetve a Neurol\u00f3giai, Idegseb\u00e9szeti \u00e9s Onkol\u00f3giai Koll\u00e9gium tagja volt. K\u00fclf\u00f6ldi tags\u00e1gai k\u00f6z\u00fcl meg kell eml\u00edteni, hogy 1981-1984 k\u00f6z\u00f6tt ell\u00e1tta a Neurol\u00f3giai Vil\u00e1gsz\u00f6vets\u00e9g aleln\u00f6ki feladatait, illetve tagja volt az Eur\u00f3pai Funkcion\u00e1lis \u00e9s Stereotaxi\u00e1s Idegseb\u00e9sz T\u00e1rsas\u00e1gnak \u00e9s a Neuropathol\u00f3gus Vil\u00e1gsz\u00f6vets\u00e9gnek, tiszteletbeli tagja t\u00f6bb lengyel, NDK-beli, csehszlov\u00e1k, osztr\u00e1k \u00e9s finn ideggy\u00f3gy\u00e1sz t\u00e1rsas\u00e1gnak.<\/p>\n<p style=\"text-align: justify\">F\u0151bb kit\u00fcntet\u00e9sei: Miniszteri dics\u00e9ret (1972), Oktat\u00e1s\u00fcgy Kiv\u00e1l\u00f3 Dolgoz\u00f3ja (1974); SZOTE Kiv\u00e1l\u00f3 Nevel\u0151je (1975), Kiv\u00e1l\u00f3 Orvos (1981), Kiv\u00e1l\u00f3 Munk\u00e1\u00e9rt (1982), Szakszervezeti Munk\u00e1\u00e9rt arany fokozat (1984), Ap\u00e1czai Csere J\u00e1nos-d\u00edj (1986), Erki D\u00edj (Finnorsz\u00e1g, 1986), SOTE Kiv\u00e1l\u00f3 Oktat\u00f3ja (1989), Magyar Fels\u0151oktat\u00e1s\u00e9rt Eml\u00e9kplakett (1993), Kiv\u00e1l\u00f3 TDK Nevel\u0151 I. fokozat (1995), Eg\u00e9szs\u00e9g\u00fcgyi Miniszter d\u00edszoklevele (2003).<\/p>\n<p style=\"text-align: justify\"><strong>F\u0151bb munk\u00e1i:<\/strong> Neurol\u00f3gia. Egyetemi tank\u00f6nyv. Bp. 1978, 1980, 1983, 1986, 1990.; Psychiatriai jegyzet \/szerk.\/. Bp., 1981, 1987.; Fejf\u00e1j\u00e1s \/Kov\u00e1cs Katalinnal, Bozsik Gy\u00f6rggyel \u00e9s Jelencsik Ilon\u00e1val\/. Bp. 1994.; Beta sug\u00e1rz\u00e1s hat\u00e1sa az agysz\u00f6vetre. Doktori disszert\u00e1ci\u00f3. MTA TMB, Bp., 1998.<\/p>\n<p style=\"text-align: justify\"><strong>Nyughelye:<\/strong> Budapest, \u00d3budai temet\u0151<\/p>\n","protected":false},"excerpt":{"rendered":"<p><a href=\"https:\/\/semmelweis.hu\/baratikor\/galeria\/teljes-nevlista\/csanda-endre\/csanda-endre-49-a-iv-1\/\" rel=\"attachment wp-att-1581\"><\/a> (Nagyv\u00e1rad, 1923. m\u00e1rcius 14. \u2013 Budapest, 2015. augusztus 3.) Tansz\u00e9k: Neurol\u00f3giai Klinika 1975-1993. \u00c9desapj\u00e1nak saj\u00e1t gy\u00f3gyszert\u00e1ra volt Nagyv\u00e1radon, eg\u00e9szen az 1948-ban v\u00e9grehajtott \u00e1llamos\u00edt\u00e1sig. Csanda Endre sz\u00fcl\u0151v\u00e1ros\u00e1ban v\u00e9gezte el k\u00f6z\u00e9piskolai tanulm\u00e1nyait, melyet rom\u00e1nul kezdett el, de az 1940-es visszacsatol\u00e1s ut\u00e1n m\u00e1r magyarul fejezett be 1941-ben. Orvosi tanulm\u00e1nyait Budapesten v\u00e9gezte, diplom\u00e1t 1947. janu\u00e1r 21-\u00e9n nyert. M\u00e1sod\u00e9ves kor\u00e1t\u00f3l, &hellip;<\/p>\n","protected":false},"author":282,"featured_media":5364,"parent":347,"menu_order":0,"comment_status":"closed","ping_status":"closed","template":"template-fullwidth.php","meta":{"_acf_changed":false,"footnotes":""},"categories":[77,14],"tags":[],"class_list":["post-1580","page","type-page","status-publish","has-post-thumbnail","hentry","category-kegyeleti-adattar","category-teljes-nevlista"],"acf":[],"_links":{"self":[{"href":"https:\/\/semmelweis.hu\/baratikor\/wp-json\/wp\/v2\/pages\/1580","targetHints":{"allow":["GET"]}}],"collection":[{"href":"https:\/\/semmelweis.hu\/baratikor\/wp-json\/wp\/v2\/pages"}],"about":[{"href":"https:\/\/semmelweis.hu\/baratikor\/wp-json\/wp\/v2\/types\/page"}],"author":[{"embeddable":true,"href":"https:\/\/semmelweis.hu\/baratikor\/wp-json\/wp\/v2\/users\/282"}],"replies":[{"embeddable":true,"href":"https:\/\/semmelweis.hu\/baratikor\/wp-json\/wp\/v2\/comments?post=1580"}],"version-history":[{"count":2,"href":"https:\/\/semmelweis.hu\/baratikor\/wp-json\/wp\/v2\/pages\/1580\/revisions"}],"predecessor-version":[{"id":1583,"href":"https:\/\/semmelweis.hu\/baratikor\/wp-json\/wp\/v2\/pages\/1580\/revisions\/1583"}],"up":[{"embeddable":true,"href":"https:\/\/semmelweis.hu\/baratikor\/wp-json\/wp\/v2\/pages\/347"}],"wp:featuredmedia":[{"embeddable":true,"href":"https:\/\/semmelweis.hu\/baratikor\/wp-json\/wp\/v2\/media\/5364"}],"wp:attachment":[{"href":"https:\/\/semmelweis.hu\/baratikor\/wp-json\/wp\/v2\/media?parent=1580"}],"wp:term":[{"taxonomy":"category","embeddable":true,"href":"https:\/\/semmelweis.hu\/baratikor\/wp-json\/wp\/v2\/categories?post=1580"},{"taxonomy":"post_tag","embeddable":true,"href":"https:\/\/semmelweis.hu\/baratikor\/wp-json\/wp\/v2\/tags?post=1580"}],"curies":[{"name":"wp","href":"https:\/\/api.w.org\/{rel}","templated":true}]}}