{"id":1572,"date":"2023-01-03T11:37:09","date_gmt":"2023-01-03T10:37:09","guid":{"rendered":"https:\/\/semmelweis.hu\/baratikor\/?page_id=1572"},"modified":"2023-01-09T11:11:29","modified_gmt":"2023-01-09T10:11:29","slug":"brunkala-roman","status":"publish","type":"page","link":"https:\/\/semmelweis.hu\/baratikor\/galeria\/teljes-nevlista\/brunkala-roman\/","title":{"rendered":"Brunkala Rom\u00e1n"},"content":{"rendered":"<p style=\"text-align: justify\"><strong>(Oravka, \/\u00c1rva\/ 1782 \u2013 Pest, 1821. augusztus 12.)<\/strong><\/p>\n<p style=\"text-align: justify\"><strong>Tansz\u00e9k: <\/strong>\u00c1llatgy\u00f3gy\u00e1szati tansz\u00e9k \u00e9s \u00e1llatgy\u00f3gyint\u00e9zet 1818-1821.<\/p>\n<p style=\"text-align: justify\">K\u00f6z\u00e9pfok\u00fa tanulm\u00e1nyai ut\u00e1n b\u00f6lcs\u00e9szetet tanult, majd a jogi kart l\u00e1togatta. 1802-ben beiratkozott a pesti orvoskaron a k\u00e9t\u00e9ves seb\u00e9szmesteri szakra, ahol 1804. szeptember 9-\u00e9n seb\u00e9szmesteri oklevelet szerzett. Ezut\u00e1n B\u00e9csben tanult \u00e1llatorvosl\u00e1st. Innen h\u00edvt\u00e1k a keszthelyi Georgikonba, ahol 1807. m\u00e1rcius 21-\u00e9n nevezt\u00e9k ki az \u00e1llatgy\u00f3gy\u00e1szat tan\u00e1r\u00e1v\u00e1. Alig egy \u00e9vvel k\u00e9s\u0151bb tan\u00e1rt\u00e1rsai az alig 26 \u00e9ves fiatalembert megv\u00e1lasztott\u00e1k az arkh\u00f3n tiszts\u00e9gre. 1810-ben Pestre h\u00edvt\u00e1k, mert az akkor 63 \u00e9ves Tolnay S\u00e1ndor kor\u00e1n\u00e1l fogva m\u00e1r nem volt k\u00e9pes egyed\u00fcl ell\u00e1tni a tansz\u00e9k teend\u0151it, \u00edgy enged\u00e9lyezt\u00e9k egy tan\u00e1rseg\u00e9d alkalmaz\u00e1s\u00e1t. Ezt az \u00e1ll\u00e1st nyerte el Brunkala. Az \u00e1llatorvostant az orvostanhallgat\u00f3knak latinul, a seb\u00e9szmester szakon \u00e9s az \u00e1llatorvosi tanfolyamon magyarul \u00e9s n\u00e9met\u00fcl, de sz\u00fcks\u00e9g szerint szl\u00e1v (szlov\u00e1k) nyelven adta el\u0151. Nyelvismeret\u00e9nek k\u00f6sz\u00f6nhet\u0151en k\u00fclf\u00f6ldi megh\u00edv\u00e1sokat is kapott, amelyekkel azonban nem \u00e9lt. 1817-ben k\u00e9rv\u00e9nyezte egyetemi tan\u00e1ri kinevez\u00e9s\u00e9t, amit a kar \u00e9s az egyetemi tan\u00e1cs is t\u00e1mogatott, \u00e1m az uralkod\u00f3 elutas\u00edtotta. Tolnay 1818. \u00e1prilis 25-\u00e9n bek\u00f6vetkezett hal\u00e1la ut\u00e1n egyed\u00fcl v\u00e9gezte a tansz\u00e9k k\u00f6r\u00fcli teend\u0151ket. Az el\u0151\u00edrt p\u00e1ly\u00e1zat lezajl\u00e1sa ut\u00e1n 1821. m\u00e1rcius 17-\u00e9n kapta meg tansz\u00e9kvezet\u0151i kinevez\u00e9s\u00e9t. N\u00e9h\u00e1ny h\u00f3nappal k\u00e9s\u0151bb, mind\u00f6ssze 39 \u00e9vesen hunyt el.<\/p>\n<p style=\"text-align: justify\"><strong>F\u0151bb munk\u00e1i:<\/strong> nem ismert.<\/p>\n<p style=\"text-align: justify\"><strong>Nyughelye:<\/strong> nincs adat.<\/p>\n","protected":false},"excerpt":{"rendered":"<p>(Oravka, \/\u00c1rva\/ 1782 \u2013 Pest, 1821. augusztus 12.) Tansz\u00e9k: \u00c1llatgy\u00f3gy\u00e1szati tansz\u00e9k \u00e9s \u00e1llatgy\u00f3gyint\u00e9zet 1818-1821. K\u00f6z\u00e9pfok\u00fa tanulm\u00e1nyai ut\u00e1n b\u00f6lcs\u00e9szetet tanult, majd a jogi kart l\u00e1togatta. 1802-ben beiratkozott a pesti orvoskaron a k\u00e9t\u00e9ves seb\u00e9szmesteri szakra, ahol 1804. szeptember 9-\u00e9n seb\u00e9szmesteri oklevelet szerzett. Ezut\u00e1n B\u00e9csben tanult \u00e1llatorvosl\u00e1st. Innen h\u00edvt\u00e1k a keszthelyi Georgikonba, ahol 1807. m\u00e1rcius 21-\u00e9n nevezt\u00e9k ki &hellip;<\/p>\n","protected":false},"author":282,"featured_media":0,"parent":347,"menu_order":0,"comment_status":"closed","ping_status":"closed","template":"template-fullwidth.php","meta":{"_acf_changed":false,"footnotes":""},"categories":[77,14],"tags":[],"class_list":["post-1572","page","type-page","status-publish","hentry","category-kegyeleti-adattar","category-teljes-nevlista"],"acf":[],"_links":{"self":[{"href":"https:\/\/semmelweis.hu\/baratikor\/wp-json\/wp\/v2\/pages\/1572","targetHints":{"allow":["GET"]}}],"collection":[{"href":"https:\/\/semmelweis.hu\/baratikor\/wp-json\/wp\/v2\/pages"}],"about":[{"href":"https:\/\/semmelweis.hu\/baratikor\/wp-json\/wp\/v2\/types\/page"}],"author":[{"embeddable":true,"href":"https:\/\/semmelweis.hu\/baratikor\/wp-json\/wp\/v2\/users\/282"}],"replies":[{"embeddable":true,"href":"https:\/\/semmelweis.hu\/baratikor\/wp-json\/wp\/v2\/comments?post=1572"}],"version-history":[{"count":1,"href":"https:\/\/semmelweis.hu\/baratikor\/wp-json\/wp\/v2\/pages\/1572\/revisions"}],"predecessor-version":[{"id":1573,"href":"https:\/\/semmelweis.hu\/baratikor\/wp-json\/wp\/v2\/pages\/1572\/revisions\/1573"}],"up":[{"embeddable":true,"href":"https:\/\/semmelweis.hu\/baratikor\/wp-json\/wp\/v2\/pages\/347"}],"wp:attachment":[{"href":"https:\/\/semmelweis.hu\/baratikor\/wp-json\/wp\/v2\/media?parent=1572"}],"wp:term":[{"taxonomy":"category","embeddable":true,"href":"https:\/\/semmelweis.hu\/baratikor\/wp-json\/wp\/v2\/categories?post=1572"},{"taxonomy":"post_tag","embeddable":true,"href":"https:\/\/semmelweis.hu\/baratikor\/wp-json\/wp\/v2\/tags?post=1572"}],"curies":[{"name":"wp","href":"https:\/\/api.w.org\/{rel}","templated":true}]}}