{"id":1567,"date":"2023-01-03T11:35:15","date_gmt":"2023-01-03T10:35:15","guid":{"rendered":"https:\/\/semmelweis.hu\/baratikor\/?page_id=1567"},"modified":"2023-10-11T14:50:27","modified_gmt":"2023-10-11T12:50:27","slug":"boros-jozsef-marton","status":"publish","type":"page","link":"https:\/\/semmelweis.hu\/baratikor\/galeria\/teljes-nevlista\/boros-jozsef-marton\/","title":{"rendered":"Boros J\u00f3zsef M\u00e1rton"},"content":{"rendered":"<p style=\"text-align: justify\"><strong><a href=\"https:\/\/semmelweis.hu\/baratikor\/galeria\/teljes-nevlista\/1567-2\/boros-jozsef-318-ii-31\/\" rel=\"attachment wp-att-1568\"><img loading=\"lazy\" decoding=\"async\" class=\"alignleft size-medium wp-image-1568\" src=\"https:\/\/semmelweis.hu\/baratikor\/files\/2023\/01\/Boros-Jozsef-318.-II.31-293x400.jpg\" alt=\"\" width=\"293\" height=\"400\" srcset=\"https:\/\/semmelweis.hu\/baratikor\/files\/2023\/01\/Boros-Jozsef-318.-II.31-293x400.jpg 293w, https:\/\/semmelweis.hu\/baratikor\/files\/2023\/01\/Boros-Jozsef-318.-II.31.jpg 732w\" sizes=\"auto, (max-width: 293px) 100vw, 293px\" \/><\/a>Boros J\u00f3zsef M\u00e1rton, zelenai (Arad, 1890. janu\u00e1r 26. \u2013 Saarbr\u00fccken, 1962. november 11.)<\/strong><\/p>\n<p style=\"text-align: justify\"><strong>Tansz\u00e9k: <\/strong>II. sz. Belgy\u00f3gy\u00e1szati Klinika 1938-1944.<\/p>\n<p style=\"text-align: justify\"><strong>Viselt egyetemi m\u00e9lt\u00f3s\u00e1g: <\/strong>rektor 1945\/46 (Hall\u00e9ba kitelep\u00edtett egyetem).<\/p>\n<p style=\"text-align: justify\">K\u00f6z\u00e9piskol\u00e1it Aradon v\u00e9gezte, majd 1908-ban a budapesti orvoskarra iratkozott be. 1912. okt\u00f3ber 26-\u00e1n avatt\u00e1k orvosdoktorr\u00e1. Ezut\u00e1n 1914-ig a K\u00f3rbonctani Int\u00e9zet tan\u00e1rseg\u00e9dje volt. V\u00e9gigszolg\u00e1lta az I. vil\u00e1gh\u00e1bor\u00fa k\u00fcl\u00f6nb\u00f6z\u0151 frontjait 1914-t\u0151l 1918-ig. Hazat\u00e9r\u00e9se ut\u00e1n a II. sz. Belklinika (1918-1921), majd a IV. sz. Belklinika (1921-1930) tan\u00e1rseg\u00e9dje volt. 1927-ben mag\u00e1ntan\u00e1ri k\u00e9pes\u00edt\u00e9st szerzett a sz\u00edv- \u00e9s v\u00e9r betegs\u00e9gei t\u00e1rgyk\u00f6r\u00e9ben. 1930-1937 k\u00f6z\u00f6tt az I. sz. Belgy\u00f3gy\u00e1szati Klinika adjunktusa volt. 1932-ben c\u00edmzetes nyilv\u00e1nos rendk\u00edv\u00fcli, 1937-ben nyilv\u00e1nos rendk\u00edv\u00fcli tan\u00e1ri c\u00edmet kapott. 1938-ban nevezt\u00e9k ki a II. sz. Belgy\u00f3gy\u00e1szati Klinika ny. r. tan\u00e1r\u00e1v\u00e1 \u00e9s igazgat\u00f3j\u00e1v\u00e1. A hematol\u00f3giai kutat\u00e1sok hazai el\u0151fut\u00e1rjak\u00e9nt a v\u00e9rrendszer betegs\u00e9geivel, a v\u00e9rk\u00e9pz\u0151 rendszer \u00e9lettan\u00e1val \u00e9s k\u00f3ros elv\u00e1ltoz\u00e1saival foglalkozott. 1944 december\u00e9ben a Sz\u00e1lasi-korm\u00e1ny \u00e1ltal N\u00e9metorsz\u00e1gba telep\u00edtett orvostan- \u00e9s gy\u00f3gyszer\u00e9szhallgat\u00f3k k\u00eds\u00e9ret\u00e9ben elhagyta az orsz\u00e1got. 1945\/46-ban a kitelep\u00edtett egyetem rektori tiszt\u00e9t is ell\u00e1tta. Magyarorsz\u00e1g szovjet megsz\u00e1ll\u00e1sa, illetve a be\u00e1llt politikai fordulat miatt jobbnak l\u00e1tta, ha nem t\u00e9r haza. 1948-t\u00f3l a Saar-vid\u00e9ki Eur\u00f3pa Egyetem el\u0151ad\u00f3ja, majd az egyetem Belgy\u00f3gy\u00e1szati Klinik\u00e1j\u00e1nak igazgat\u00f3ja (1950-1962) lett.<\/p>\n<p style=\"text-align: justify\"><strong>F\u0151bb munk\u00e1i:<\/strong> Vizsg\u00e1latok az emberi v\u00f6r\u00f6sv\u00e9rtestek nagys\u00e1g\u00e1r\u00f3l, t\u00e9rfogat\u00e1r\u00f3l \u00e9s alakj\u00e1r\u00f3l. 1-4. Bp., 1925\u20131926.; A v\u00e9rbetegs\u00e9gek diagnosztik\u00e1ja. Bp., 1928.; Haematologia (el\u0151sz\u00f3: Herzog Ferenc). Magyar Orvosi K\u00f6nyvkiad\u00f3 T\u00e1rsulat K\u00f6nyvt\u00e1ra. 145. Bp., 1935. 2. kiad. 1942.; A helyes t\u00e1pl\u00e1lkoz\u00e1s (vit\u00e9z Kolta Ervinnel). Bp., 1940.; A v\u00f6r\u00f6sv\u00e9rk\u00e9pz\u00e9s zavarai. Bp., 1941.; Klinische H\u00e4matologie. Stuttgart, 1944.; Lehrbuch der klinischen H\u00e4matologie (Boross B\u00e9nivel, Franz Walterrel). M\u00fcnchen\u2013Gr\u00e4felfing, 1960.<\/p>\n<p style=\"text-align: justify\"><strong>Nyughelye:<\/strong> nem ismert.<\/p>\n","protected":false},"excerpt":{"rendered":"<p><a href=\"https:\/\/semmelweis.hu\/baratikor\/galeria\/teljes-nevlista\/1567-2\/boros-jozsef-318-ii-31\/\" rel=\"attachment wp-att-1568\"><\/a> Boros J\u00f3zsef M\u00e1rton, zelenai (Arad, 1890. janu\u00e1r 26. \u2013 Saarbr\u00fccken, 1962. november 11.) Tansz\u00e9k: II. sz. Belgy\u00f3gy\u00e1szati Klinika 1938-1944. Viselt egyetemi m\u00e9lt\u00f3s\u00e1g: rektor 1945\/46 (Hall\u00e9ba kitelep\u00edtett egyetem). K\u00f6z\u00e9piskol\u00e1it Aradon v\u00e9gezte, majd 1908-ban a budapesti orvoskarra iratkozott be. 1912. okt\u00f3ber 26-\u00e1n avatt\u00e1k orvosdoktorr\u00e1. Ezut\u00e1n 1914-ig a K\u00f3rbonctani Int\u00e9zet tan\u00e1rseg\u00e9dje volt. V\u00e9gigszolg\u00e1lta az I. vil\u00e1gh\u00e1bor\u00fa k\u00fcl\u00f6nb\u00f6z\u0151 frontjait &hellip;<\/p>\n","protected":false},"author":282,"featured_media":5362,"parent":347,"menu_order":0,"comment_status":"closed","ping_status":"closed","template":"template-fullwidth.php","meta":{"_acf_changed":false,"footnotes":""},"categories":[77,14],"tags":[],"class_list":["post-1567","page","type-page","status-publish","has-post-thumbnail","hentry","category-kegyeleti-adattar","category-teljes-nevlista"],"acf":[],"_links":{"self":[{"href":"https:\/\/semmelweis.hu\/baratikor\/wp-json\/wp\/v2\/pages\/1567","targetHints":{"allow":["GET"]}}],"collection":[{"href":"https:\/\/semmelweis.hu\/baratikor\/wp-json\/wp\/v2\/pages"}],"about":[{"href":"https:\/\/semmelweis.hu\/baratikor\/wp-json\/wp\/v2\/types\/page"}],"author":[{"embeddable":true,"href":"https:\/\/semmelweis.hu\/baratikor\/wp-json\/wp\/v2\/users\/282"}],"replies":[{"embeddable":true,"href":"https:\/\/semmelweis.hu\/baratikor\/wp-json\/wp\/v2\/comments?post=1567"}],"version-history":[{"count":3,"href":"https:\/\/semmelweis.hu\/baratikor\/wp-json\/wp\/v2\/pages\/1567\/revisions"}],"predecessor-version":[{"id":1571,"href":"https:\/\/semmelweis.hu\/baratikor\/wp-json\/wp\/v2\/pages\/1567\/revisions\/1571"}],"up":[{"embeddable":true,"href":"https:\/\/semmelweis.hu\/baratikor\/wp-json\/wp\/v2\/pages\/347"}],"wp:featuredmedia":[{"embeddable":true,"href":"https:\/\/semmelweis.hu\/baratikor\/wp-json\/wp\/v2\/media\/5362"}],"wp:attachment":[{"href":"https:\/\/semmelweis.hu\/baratikor\/wp-json\/wp\/v2\/media?parent=1567"}],"wp:term":[{"taxonomy":"category","embeddable":true,"href":"https:\/\/semmelweis.hu\/baratikor\/wp-json\/wp\/v2\/categories?post=1567"},{"taxonomy":"post_tag","embeddable":true,"href":"https:\/\/semmelweis.hu\/baratikor\/wp-json\/wp\/v2\/tags?post=1567"}],"curies":[{"name":"wp","href":"https:\/\/api.w.org\/{rel}","templated":true}]}}