{"id":1557,"date":"2023-01-03T11:30:01","date_gmt":"2023-01-03T10:30:01","guid":{"rendered":"https:\/\/semmelweis.hu\/baratikor\/?page_id=1557"},"modified":"2023-10-11T14:40:02","modified_gmt":"2023-10-11T12:40:02","slug":"benedek-laszlo","status":"publish","type":"page","link":"https:\/\/semmelweis.hu\/baratikor\/galeria\/teljes-nevlista\/benedek-laszlo\/","title":{"rendered":"Benedek L\u00e1szl\u00f3"},"content":{"rendered":"<p><strong><a href=\"https:\/\/semmelweis.hu\/baratikor\/galeria\/teljes-nevlista\/benedek-laszlo\/benedek-laszlo-318-ii-4\/\" rel=\"attachment wp-att-1558\"><img loading=\"lazy\" decoding=\"async\" class=\"alignleft size-medium wp-image-1558\" src=\"https:\/\/semmelweis.hu\/baratikor\/files\/2023\/01\/Benedek-Laszlo-318.-II.4-350x400.jpg\" alt=\"\" width=\"350\" height=\"400\" srcset=\"https:\/\/semmelweis.hu\/baratikor\/files\/2023\/01\/Benedek-Laszlo-318.-II.4-350x400.jpg 350w, https:\/\/semmelweis.hu\/baratikor\/files\/2023\/01\/Benedek-Laszlo-318.-II.4-768x878.jpg 768w, https:\/\/semmelweis.hu\/baratikor\/files\/2023\/01\/Benedek-Laszlo-318.-II.4-753x861.jpg 753w, https:\/\/semmelweis.hu\/baratikor\/files\/2023\/01\/Benedek-Laszlo-318.-II.4.jpg 875w\" sizes=\"auto, (max-width: 350px) 100vw, 350px\" \/><\/a>(Bel\u00e9nyes \/Bihar\/, 1887. szeptember 5. \u2013 Kitzb\u00fchel \/Ausztria\/, 1945. szeptember 6.)<\/strong><\/p>\n<p><strong>Tansz\u00e9k: <\/strong>Elme- \u00e9s Idegk\u00f3rtani Klinika 1936-1944.<\/p>\n<p>Orvosi tanulm\u00e1nyait a kolozsv\u00e1ri Ferenc J\u00f3zsef Tudom\u00e1nyegyetemen folytatta, diplom\u00e1t 1910-ben szerzett. 1909-ben az <em>Egyetem<\/em> c\u00edm\u0171 di\u00e1klap szerkeszt\u0151je volt. Avat\u00e1sa ut\u00e1n az egyetem K\u00f3rbonctani Int\u00e9zet\u00e9ben (1910-1911), majd az Ideg- \u00e9s Elmek\u00f3rtani Int\u00e9zetben (1911-1912) gyakornokoskodott, k\u00e9s\u0151bb 1914-ig ugyanitt tan\u00e1rseg\u00e9dk\u00e9nt dolgozott. A vil\u00e1gh\u00e1bor\u00faban 1914-1917 k\u00f6z\u00f6tt z\u00e1szl\u00f3aljorvosk\u00e9nt szolg\u00e1lt, f\u0151k\u00e9nt az olasz fronton, v\u00e9g\u00fcl 1917-1918-ban az I. \u00e9s a VI. hadsereg San Daniele del Friuliban telep\u00fclt k\u00f3rh\u00e1za k\u00f6zponti idegoszt\u00e1ly\u00e1nak vezet\u0151je volt. 1917-ben a kolozsv\u00e1ri egyetemen mag\u00e1ntan\u00e1ri habilit\u00e1ci\u00f3t szerzett az ideggy\u00f3gy\u00e1szat t\u00e1rgyk\u00f6r\u00e9ben. Erd\u00e9ly elszak\u00edt\u00e1sa ut\u00e1n Debrecenbe k\u00f6lt\u00f6z\u00f6tt \u00e9s a Tisza Istv\u00e1n Tudom\u00e1nyegyetemen az Elme- \u00e9s Ideggy\u00f3gy\u00e1szati Klinika igazgat\u00f3ja volt 1921-1936 k\u00f6z\u00f6tt. Az 1935\/36. tan\u00e9vben az egyetem rektori m\u00e9lt\u00f3s\u00e1g\u00e1t viselte. 1936-ban a budapesti kir. m. P\u00e1zm\u00e1ny P\u00e9ter Tudom\u00e1nyegyetemen az Elme- \u00e9s Idegk\u00f3rtani Klinika igazgat\u00f3 tan\u00e1ra lett, mely poszton 1944-ig szolg\u00e1lta egyetem\u00fcnket. Munk\u00e1ss\u00e1ga az elmek\u00f3rtan, az ideggy\u00f3gy\u00e1szat, az orvosi l\u00e9lektan, a t\u00f6rv\u00e9nysz\u00e9ki elmeorvos-szak\u00e9rt\u0151i v\u00e9lem\u00e9nyez\u00e9s ter\u00fcleteire terjedt ki. Foglalkozott a paralysis progressiva l\u00e1zter\u00e1pi\u00e1j\u00e1val, a k\u00f6zponti idegrendszer gyullad\u00e1saival, az ependyma-daganatokkal, az alv\u00e1sk\u00f6zponttal, a narcolepsia probl\u00e9m\u00e1j\u00e1val, a Korszakov-t\u00fcnetegy\u00fcttessel, a Parkinson-k\u00f3r \u00f6r\u00f6kl\u0151d\u00e9s\u00e9vel, az eugenika, vagyis fajnemes\u00edt\u00e9s k\u00e9rd\u00e9seivel. Haz\u00e1nkban els\u0151k\u00e9nt alkalmazott inzulin-sokk kezel\u00e9st skizofr\u00e9ni\u00e1s betegeken. A koponyakopogtat\u00e1s \u00faj m\u00f3dszer\u00e9t dolgozta ki. Egy Rencz Antallal egy\u00fctt kifejlesztett speci\u00e1lis k\u00e9sz\u00fcl\u00e9kkel h\u00e1romdimenzi\u00f3s r\u00f6ntgenfelv\u00e9telt k\u00e9sz\u00edtett az agyvel\u0151r\u0151l, ezzel \u00f6sszef\u00fcgg\u0151 eredeti \u00f6tlete volt az \u00fan. pneumoenkefalogr\u00e1fia egyes\u00edt\u00e9se a cerebr\u00e1lis angiogr\u00e1fi\u00e1val \u00e9s r\u00f6ntgenfilmfelv\u00e9telen val\u00f3 r\u00f6gz\u00edt\u00e9s\u00e9vel. Sz\u00e1mos hazai \u00e9s k\u00fclhoni szakmai egyes\u00fcletnek volt tagja, vezet\u0151je. \u00cdgy a Magyar Psychol\u00f3giai T\u00e1rsas\u00e1g eln\u00f6ke (1934\u20131944), majd \u00f6r\u00f6k\u00f6s tiszteletbeli eln\u00f6ke volt. A Magyar Individual-Psychol\u00f3giai T\u00e1rsas\u00e1g tiszteletbeli eln\u00f6ke. A Magyar Elmeorvosok Egyes\u00fclet\u00e9nek m\u00e1sodeln\u00f6ke, majd eln\u00f6ke. A Magyar Csal\u00e1dv\u00e9delmi Sz\u00f6vets\u00e9g Fajeg\u00e9szs\u00e9g\u00fcgyi \u00e9s Fajnemes\u00edt\u00e9si Szakoszt\u00e1ly\u00e1nak t\u00e1rseln\u00f6ke. A Brazil Idegorvosok Egyes\u00fclete (1939), a Sv\u00e9d Idegorvosok Egyes\u00fclete (1942), a N\u00e9met Idegorvosok Egyes\u00fclete, ill. a b\u00e9csi Pszichi\u00e1triai \u00e9s Neurol\u00f3giai Egyes\u00fclet tiszteletbeli tagja volt.<\/p>\n<p>Egyes \u00e9letrajzai szerint az akkori nev\u00e9n g\u00f6r\u00f6g-r\u00f3mai (ma k\u00f6t\u00f6ttfog\u00e1s\u00fa) birk\u00f3z\u00e1s t\u00f6bbsz\u00f6r\u00f6s magyar bajnoka volt, m\u00e1sok ezt c\u00e1folj\u00e1k. A sport\u00e1ghoz mindenesetre k\u00f6ze volt, bizony\u00edt\u00e9k erre a kaposv\u00e1ri I. vil\u00e1gh\u00e1bor\u00fas eml\u00e9km\u0171, melynek f\u00e9rfialakj\u00e1t r\u00f3la mint\u00e1zt\u00e1k. Szeretett feles\u00e9ge, Zilahy Ir\u00e9n sz\u00edn\u00e9szn\u0151 elveszt\u00e9se, aki 1944. \u00e1prilis 3-\u00e1n egy bombat\u00e1mad\u00e1s \u00e1ldozat\u00e1v\u00e1 v\u00e1lt, m\u00e9ly depresszi\u00f3ba sodorta. Koll\u00e9g\u00e1ja, a kor\u00e1bban Karinthyt is oper\u00e1l\u00f3 Herbert Olivecrona seg\u00edts\u00e9g\u00e9vel szeretett volna eljutni Sv\u00e9dorsz\u00e1gba, de \u00fatk\u00f6zben elakadt. Az ausztriai Kitzb\u00fchelben \u00f6nkez\u00e9vel vetett v\u00e9get \u00e9let\u00e9nek.<\/p>\n<p><strong>F\u0151bb munk\u00e1i:<\/strong> Az influenz\u00e1s elmezavarokr\u00f3l. Porsche Ferenc Oszk\u00e1rral. Kolozsv\u00e1r, 1919.; <em>A paralysis progressiva gy\u00f3gykezel\u00e9s\u00e9r\u0151l. <\/em>1924.; Die Bedeutung der progressiven Paralyse. Monogr\u00e1fia. Berlin, 1925.; A cselekv\u0151 eugenik\u00e1nak \u00e9s a psychi\u00e1tri\u00e1nak \u00f6r\u00f6kl\u00e9sbiol\u00f3giai \u00e9s orvosi vonatkoz\u00e1sai. In: Monatschrift Ungarischer Mediziner 1931:10. pp. 1-72.; Az \u00fan. \u201es\u00e9r\u00fcl\u00e9ses idegess\u00e9g\u201d-r\u0151l, annak hat\u00e1rter\u00fclet\u00e9r\u0151l \u00e9s balesetbiztos\u00edt\u00e1si vonatkoz\u00e1sair\u00f3l a v\u00e9lem\u00e9nyez\u0151 ideggy\u00f3gy\u00e1sz szempontj\u00e1b\u00f3l. Mell\u00e9klet a Gy\u00f3gy\u00e1szat 1935. 46. sz\u00e1m\u00e1hoz. Bp., 1935.; Ideggy\u00f3gy\u00e1szati munk\u00e1latok. Bp., 1936.; Ideg- \u00e9s elmek\u00f3rtani jegyzetek. Bp., 1943.<\/p>\n<p><strong>Nyughelye:<\/strong> nem ismert.<\/p>\n","protected":false},"excerpt":{"rendered":"<p><a href=\"https:\/\/semmelweis.hu\/baratikor\/galeria\/teljes-nevlista\/benedek-laszlo\/benedek-laszlo-318-ii-4\/\" rel=\"attachment wp-att-1558\"><\/a> (Bel\u00e9nyes \/Bihar\/, 1887. szeptember 5. \u2013 Kitzb\u00fchel \/Ausztria\/, 1945. szeptember 6.) Tansz\u00e9k: Elme- \u00e9s Idegk\u00f3rtani Klinika 1936-1944. Orvosi tanulm\u00e1nyait a kolozsv\u00e1ri Ferenc J\u00f3zsef Tudom\u00e1nyegyetemen folytatta, diplom\u00e1t 1910-ben szerzett. 1909-ben az Egyetem c\u00edm\u0171 di\u00e1klap szerkeszt\u0151je volt. Avat\u00e1sa ut\u00e1n az egyetem K\u00f3rbonctani Int\u00e9zet\u00e9ben (1910-1911), majd az Ideg- \u00e9s Elmek\u00f3rtani Int\u00e9zetben (1911-1912) gyakornokoskodott, k\u00e9s\u0151bb 1914-ig ugyanitt tan\u00e1rseg\u00e9dk\u00e9nt dolgozott. &hellip;<\/p>\n","protected":false},"author":282,"featured_media":5358,"parent":347,"menu_order":0,"comment_status":"closed","ping_status":"closed","template":"template-fullwidth.php","meta":{"_acf_changed":false,"footnotes":""},"categories":[77,14],"tags":[],"class_list":["post-1557","page","type-page","status-publish","has-post-thumbnail","hentry","category-kegyeleti-adattar","category-teljes-nevlista"],"acf":[],"_links":{"self":[{"href":"https:\/\/semmelweis.hu\/baratikor\/wp-json\/wp\/v2\/pages\/1557","targetHints":{"allow":["GET"]}}],"collection":[{"href":"https:\/\/semmelweis.hu\/baratikor\/wp-json\/wp\/v2\/pages"}],"about":[{"href":"https:\/\/semmelweis.hu\/baratikor\/wp-json\/wp\/v2\/types\/page"}],"author":[{"embeddable":true,"href":"https:\/\/semmelweis.hu\/baratikor\/wp-json\/wp\/v2\/users\/282"}],"replies":[{"embeddable":true,"href":"https:\/\/semmelweis.hu\/baratikor\/wp-json\/wp\/v2\/comments?post=1557"}],"version-history":[{"count":2,"href":"https:\/\/semmelweis.hu\/baratikor\/wp-json\/wp\/v2\/pages\/1557\/revisions"}],"predecessor-version":[{"id":1560,"href":"https:\/\/semmelweis.hu\/baratikor\/wp-json\/wp\/v2\/pages\/1557\/revisions\/1560"}],"up":[{"embeddable":true,"href":"https:\/\/semmelweis.hu\/baratikor\/wp-json\/wp\/v2\/pages\/347"}],"wp:featuredmedia":[{"embeddable":true,"href":"https:\/\/semmelweis.hu\/baratikor\/wp-json\/wp\/v2\/media\/5358"}],"wp:attachment":[{"href":"https:\/\/semmelweis.hu\/baratikor\/wp-json\/wp\/v2\/media?parent=1557"}],"wp:term":[{"taxonomy":"category","embeddable":true,"href":"https:\/\/semmelweis.hu\/baratikor\/wp-json\/wp\/v2\/categories?post=1557"},{"taxonomy":"post_tag","embeddable":true,"href":"https:\/\/semmelweis.hu\/baratikor\/wp-json\/wp\/v2\/tags?post=1557"}],"curies":[{"name":"wp","href":"https:\/\/api.w.org\/{rel}","templated":true}]}}