{"id":155,"date":"2022-07-13T09:40:26","date_gmt":"2022-07-13T07:40:26","guid":{"rendered":"https:\/\/semmelweis.hu\/baratikor\/?p=155"},"modified":"2023-10-11T13:47:01","modified_gmt":"2023-10-11T11:47:01","slug":"adam-lajos","status":"publish","type":"page","link":"https:\/\/semmelweis.hu\/baratikor\/galeria\/teljes-nevlista\/adam-lajos\/","title":{"rendered":"\u00c1d\u00e1m Lajos"},"content":{"rendered":"<p style=\"text-align: justify\"><strong><a href=\"https:\/\/semmelweis.hu\/baratikor\/files\/2022\/05\/Adam-Lajos.jpg\"><img loading=\"lazy\" decoding=\"async\" class=\"alignleft wp-image-168 size-medium\" src=\"https:\/\/semmelweis.hu\/baratikor\/files\/2022\/05\/Adam-Lajos-277x400.jpg\" alt=\"\" width=\"277\" height=\"400\" srcset=\"https:\/\/semmelweis.hu\/baratikor\/files\/2022\/05\/Adam-Lajos-277x400.jpg 277w, https:\/\/semmelweis.hu\/baratikor\/files\/2022\/05\/Adam-Lajos-709x1024.jpg 709w, https:\/\/semmelweis.hu\/baratikor\/files\/2022\/05\/Adam-Lajos-768x1109.jpg 768w, https:\/\/semmelweis.hu\/baratikor\/files\/2022\/05\/Adam-Lajos-1063x1536.jpg 1063w, https:\/\/semmelweis.hu\/baratikor\/files\/2022\/05\/Adam-Lajos-1418x2048.jpg 1418w, https:\/\/semmelweis.hu\/baratikor\/files\/2022\/05\/Adam-Lajos-753x1088.jpg 753w, https:\/\/semmelweis.hu\/baratikor\/files\/2022\/05\/Adam-Lajos.jpg 1436w\" sizes=\"auto, (max-width: 277px) 100vw, 277px\" \/><\/a>(Tergenye, 1879. m\u00e1jus 1. &#8211; Budapest, 1946. november 17.)<\/strong><\/p>\n<p style=\"text-align: justify\"><strong>Tansz\u00e9kek: <\/strong>III. sz. Seb\u00e9szeti Klinika 1926-1946, II. sz. Seb\u00e9szeti Klinika 1946.<\/p>\n<p style=\"text-align: justify\"><strong>Viselt egyetemi m\u00e9lt\u00f3s\u00e1g: <\/strong>rektor 1946.<\/p>\n<p style=\"text-align: justify\">Neve eredetileg Auspitz \u00c1rmin (1899-ig). K\u00f6z\u00e9piskol\u00e1it a budapesti kir. egyetemi katolikus gimn\u00e1ziumban v\u00e9gezte, 1899-ben beiratkozott a budapesti orvoskarra. Orvosi oklevel\u00e9t itt szerezte 1904. november 12-\u00e9n, \u00c1d\u00e1m \u00c1rmin n\u00e9ven. Az \u00c1d\u00e1m Lajos nevet 1904-t\u0151l haszn\u00e1lta. P\u00e1ly\u00e1ja kezdet\u00e9n a Szent Istv\u00e1n K\u00f3rh\u00e1zban H\u00fcltl H\u00fcm\u00e9r professzor mellett alorvosk\u00e9nt m\u0171k\u00f6d\u00f6tt. 1912-ben Dollinger Gyula tan\u00e1rseg\u00e9dje lett az I. sz. Seb\u00e9szeti Klinik\u00e1n. 1916. janu\u00e1r 14-\u00e9n mag\u00e1ntan\u00e1ri k\u00e9pes\u00edt\u00e9st nyert a zsigerek seb\u00e9szet\u00e9nek t\u00e1rgyk\u00f6r\u00e9b\u0151l. 1919 december\u00e9t\u0151l k\u00f3rh\u00e1zi f\u0151orvos, majd 1926-ban nyilv\u00e1nos rendk\u00edv\u00fcli tan\u00e1rk\u00e9nt kinevez\u00e9st kapott az \u00fajra megszervezett III. sz. Seb\u00e9szeti Klinika \u00e9l\u00e9re. Az 1930-as \u00e9vekben \u00e1llami \u00f6szt\u00f6nd\u00edjjal t\u00f6bb k\u00fclf\u00f6ldi tanulm\u00e1nyutat tett:<\/p>\n<p style=\"text-align: justify\">1930-t\u00f3l nyilv\u00e1nos rendes tan\u00e1r, 1946. j\u00fanius 1-j\u00e9t\u0151l a II. sz. Seb\u00e9szeti Klinika igazgat\u00f3ja. Nev\u00e9hez f\u0171z\u0151dik a helyi \u00e9rz\u00e9stelen\u00edt\u00e9s bevezet\u00e9se Magyarorsz\u00e1gon. Mintegy 150 tan\u00edtv\u00e1nyt nevelt, k\u00f6zel sz\u00e1zezer m\u0171t\u00e9tet v\u00e9gzett. Jelent\u0151sek a sipolyokra, a tetanuszra, az \u00e9rz\u00e9stelen\u00edt\u00e9sre vonatkoz\u00f3 tanulm\u00e1nyai, illetve az epe \u00e9s a v\u00e9gb\u00e9l seb\u00e9szete ter\u00e9n el\u00e9rt eredm\u00e9nyei. 1936-t\u00f3l a Nemzetk\u00f6zi Seb\u00e9szeti T\u00e1rsas\u00e1g vezet\u0151s\u00e9gi tagja volt. Rektorr\u00e1 az 1946\/47. tan\u00e9vben v\u00e1lasztott\u00e1k meg, de november 17-\u00e9n k\u00f6zbej\u00f6tt v\u00e1ratlan hal\u00e1la megakad\u00e1lyozta ciklusa kit\u00f6lt\u00e9s\u00e9ben.<\/p>\n<p style=\"text-align: justify\"><strong>F\u0151bb munk\u00e1i:<\/strong> A helybeli \u00e9rz\u00e9stelen\u00edt\u00e9sek k\u00e9zik\u00f6nyve. Bp., 1926.; A r\u00e1kk\u00e9rd\u00e9sr\u0151l. Bp., 1935.; Az \u00e9let megbecs\u00fcl\u00e9se. Bp., 1936.<\/p>\n<p style=\"text-align: justify\">(Forr\u00e1s: Kov\u00e1cs I. G\u00e1bor \u2013 Kiss Zsuzsanna \u2013 Tak\u00e1cs \u00c1rp\u00e1d: Magyarorsz\u00e1gi egyetemi tan\u00e1rok \u00e9letrajzi adatt\u00e1ra 1848-1944. I. Zsid\u00f3 \u00e9s zsid\u00f3 sz\u00e1rmaz\u00e1s\u00fa egyetemi tan\u00e1rok. ELTE, E\u00f6tv\u00f6s Kiad\u00f3, Bp., 2012.)<\/p>\n<p style=\"text-align: justify\"><strong>Nyughelye:<\/strong> Budapest, Fiumei \u00fati temet\u0151 34\/0\/4\/18.<\/p>\n\r\n        [slb_exclude]\r\n        <div class=\"row galeria-wrapper mx-0 h-auto\">\r\n            <div class=\"col-9 pl-0 pr-2\">\r\n            <span class=\"gallery-item frame\">\r\n\t\t\t\t<div class=\"galeria-left-img\"><a href=\"https:\/\/semmelweis.hu\/baratikor\/files\/2022\/05\/141_21.jpg\"><img src=https:\/\/semmelweis.hu\/baratikor\/files\/2022\/05\/141_21.jpg  \r\n                            alt=\"\" \r\n                            class=\"attachment-sote-gallery-big size-sote-gallery-big\" \r\n                            srcset=\"https:\/\/semmelweis.hu\/baratikor\/files\/2022\/05\/141_21.jpg 295w, https:\/\/semmelweis.hu\/baratikor\/files\/2022\/05\/141_21-150x150.jpg 150w\" ><\/a><\/div>\r\n            <\/span>\r\n\r\n            <\/div>\r\n\r\n\t\t\t<div class=\"col-3 pl-0 pr-0\">\r\n\t\t\t\t<div class=\"galeria-right-img d-flex justify-content-between flex-column h-100 w-100 px-0 mx-0 \">\r\n                <div class=\"galeria-box\">\r\n\t\t\t\t\t<h3 class=\"galeria-title\">Gal\u00e9ria<\/h3>\r\n\t\t\t\t\t<div class=\"galeria-subtitle\">\r\n\r\n\t\t\t\t\t\t<div class=\"galeria-page-counter\"><span>4<\/span>k\u00e9p<\/div>\r\n                    <\/div> <\/div>\r\n                    <span class=\"gallery-item frame d-none d-md-flex\">\r\n\t\t\t\t\t<div class=\"galeria-small-img mt-0\"><a href=\"https:\/\/semmelweis.hu\/baratikor\/files\/2022\/05\/141_11.jpg\"><img src=https:\/\/semmelweis.hu\/baratikor\/files\/2022\/05\/141_11.jpg \r\n                                alt=\"\"  \r\n                                class=\"attachment-sote-gallery-small size-sote-gallery-small\" \r\n                                srcset=\"\" ><\/a><\/div>\r\n                    <\/span>\r\n                    <span class=\"gallery-item frame d-none d-md-flex\">\r\n\t\t\t\t\t<div class=\"galeria-small-img mt-0\"><a href=\"https:\/\/semmelweis.hu\/baratikor\/files\/2022\/05\/Adam-Lajos-sirja.jpg\"><img src=https:\/\/semmelweis.hu\/baratikor\/files\/2022\/05\/Adam-Lajos-sirja.jpg \r\n                                alt=\"\" \r\n                                class=\"attachment-sote-gallery-small size-sote-gallery-small\" \r\n                                srcset=\"https:\/\/semmelweis.hu\/baratikor\/files\/2022\/05\/Adam-Lajos-sirja-267x400.jpg 267w, https:\/\/semmelweis.hu\/baratikor\/files\/2022\/05\/Adam-Lajos-sirja.jpg 500w\" ><\/a><\/div>\r\n                    <\/span>\r\n\r\n                <\/div>\r\n\r\n            <\/div>\r\n\r\n            <span class=\"gallery-item\"><div class=\"hidden\"><a href=\"https:\/\/semmelweis.hu\/baratikor\/files\/2022\/05\/Adam-kozeli.jpg\">\r\n        <img src=https:\/\/semmelweis.hu\/baratikor\/files\/2022\/05\/Adam-kozeli.jpg alt=\"\" class=\"attachment-sote-gallery-big size-sote-gallery-big\" srcset=\"https:\/\/semmelweis.hu\/baratikor\/files\/2022\/05\/Adam-kozeli-400x267.jpg 400w, https:\/\/semmelweis.hu\/baratikor\/files\/2022\/05\/Adam-kozeli-768x512.jpg 768w, https:\/\/semmelweis.hu\/baratikor\/files\/2022\/05\/Adam-kozeli-753x502.jpg 753w, https:\/\/semmelweis.hu\/baratikor\/files\/2022\/05\/Adam-kozeli-203x135.jpg 203w, https:\/\/semmelweis.hu\/baratikor\/files\/2022\/05\/Adam-kozeli.jpg 950w\" >\r\n        <\/a><\/div><\/span>\r\n            <\/div>\r\n\r\n            [\/slb_exclude]\r\n\t\n","protected":false},"excerpt":{"rendered":"<p><a href=\"https:\/\/semmelweis.hu\/baratikor\/files\/2022\/05\/Adam-Lajos.jpg\"><\/a> (Tergenye, 1879. m\u00e1jus 1. &#8211; Budapest, 1946. november 17.) Tansz\u00e9kek: III. sz. Seb\u00e9szeti Klinika 1926-1946, II. sz. Seb\u00e9szeti Klinika 1946. Viselt egyetemi m\u00e9lt\u00f3s\u00e1g: rektor 1946. Neve eredetileg Auspitz \u00c1rmin (1899-ig). K\u00f6z\u00e9piskol\u00e1it a budapesti kir. egyetemi katolikus gimn\u00e1ziumban v\u00e9gezte, 1899-ben beiratkozott a budapesti orvoskarra. Orvosi oklevel\u00e9t itt szerezte 1904. november 12-\u00e9n, \u00c1d\u00e1m \u00c1rmin n\u00e9ven. Az \u00c1d\u00e1m &hellip;<\/p>\n","protected":false},"author":282,"featured_media":5338,"parent":347,"menu_order":0,"comment_status":"closed","ping_status":"closed","template":"template-fullwidth.php","meta":{"_acf_changed":false,"footnotes":""},"categories":[77,5,14],"tags":[],"class_list":["post-155","page","type-page","status-publish","has-post-thumbnail","hentry","category-kegyeleti-adattar","category-rektorok","category-teljes-nevlista"],"acf":[],"_links":{"self":[{"href":"https:\/\/semmelweis.hu\/baratikor\/wp-json\/wp\/v2\/pages\/155","targetHints":{"allow":["GET"]}}],"collection":[{"href":"https:\/\/semmelweis.hu\/baratikor\/wp-json\/wp\/v2\/pages"}],"about":[{"href":"https:\/\/semmelweis.hu\/baratikor\/wp-json\/wp\/v2\/types\/page"}],"author":[{"embeddable":true,"href":"https:\/\/semmelweis.hu\/baratikor\/wp-json\/wp\/v2\/users\/282"}],"replies":[{"embeddable":true,"href":"https:\/\/semmelweis.hu\/baratikor\/wp-json\/wp\/v2\/comments?post=155"}],"version-history":[{"count":10,"href":"https:\/\/semmelweis.hu\/baratikor\/wp-json\/wp\/v2\/pages\/155\/revisions"}],"predecessor-version":[{"id":2308,"href":"https:\/\/semmelweis.hu\/baratikor\/wp-json\/wp\/v2\/pages\/155\/revisions\/2308"}],"up":[{"embeddable":true,"href":"https:\/\/semmelweis.hu\/baratikor\/wp-json\/wp\/v2\/pages\/347"}],"wp:featuredmedia":[{"embeddable":true,"href":"https:\/\/semmelweis.hu\/baratikor\/wp-json\/wp\/v2\/media\/5338"}],"wp:attachment":[{"href":"https:\/\/semmelweis.hu\/baratikor\/wp-json\/wp\/v2\/media?parent=155"}],"wp:term":[{"taxonomy":"category","embeddable":true,"href":"https:\/\/semmelweis.hu\/baratikor\/wp-json\/wp\/v2\/categories?post=155"},{"taxonomy":"post_tag","embeddable":true,"href":"https:\/\/semmelweis.hu\/baratikor\/wp-json\/wp\/v2\/tags?post=155"}],"curies":[{"name":"wp","href":"https:\/\/api.w.org\/{rel}","templated":true}]}}