{"id":153,"date":"2022-05-16T11:25:26","date_gmt":"2022-05-16T09:25:26","guid":{"rendered":"https:\/\/semmelweis.hu\/baratikor\/?p=153"},"modified":"2023-10-11T13:45:46","modified_gmt":"2023-10-11T11:45:46","slug":"aczel-gyorgy","status":"publish","type":"page","link":"https:\/\/semmelweis.hu\/baratikor\/galeria\/teljes-nevlista\/aczel-gyorgy\/","title":{"rendered":"Acz\u00e9l Gy\u00f6rgy"},"content":{"rendered":"<p style=\"text-align: justify\"><strong><a href=\"https:\/\/semmelweis.hu\/baratikor\/files\/2022\/05\/Aczel-Gyorgy.jpg\"><img loading=\"lazy\" decoding=\"async\" class=\"wp-image-179 size-medium alignleft\" src=\"https:\/\/semmelweis.hu\/baratikor\/files\/2022\/05\/Aczel-Gyorgy-320x400.jpg\" alt=\"\" width=\"320\" height=\"400\" srcset=\"https:\/\/semmelweis.hu\/baratikor\/files\/2022\/05\/Aczel-Gyorgy-320x400.jpg 320w, https:\/\/semmelweis.hu\/baratikor\/files\/2022\/05\/Aczel-Gyorgy.jpg 679w\" sizes=\"auto, (max-width: 320px) 100vw, 320px\" \/><\/a>(Debrecen, 1923. febru\u00e1r 18. \u2013 Budapest, 1984. janu\u00e1r 8.)<\/strong><\/p>\n<p style=\"text-align: justify\"><strong>Tansz\u00e9k: <\/strong>Eg\u00e9szs\u00e9g\u00fcgyi Szervez\u00e9si Int\u00e9zet 1978-1984<\/p>\n<p style=\"text-align: justify\">Iskol\u00e1it Debrecenben v\u00e9gezte, ugyanitt szerzett orvosi diplom\u00e1t 1946-ban, summa cum laude min\u0151s\u00edt\u00e9ssel. Egyetemi \u00e9vei alatt, 1944 \u00e1prilis\u00e1ban \u00e9desapj\u00e1val egy\u00fctt deport\u00e1lt\u00e1k (Hajd\u00faszentgy\u00f6rgy, Ausztria, N\u00e9metorsz\u00e1g), majd 1945. j\u00fanius 3-\u00e1n t\u00e9rt vissza Debrecenbe. 1945 szeptember\u00e9ben bel\u00e9pett az MKP-ba, p\u00e1rttags\u00e1ga a szervezeti v\u00e1ltoz\u00e1sok ellen\u00e9re mindv\u00e9gig folyamatos maradt. 1946-ban tagja lett az Orvos-Eg\u00e9szs\u00e9g\u00fcgyi Dolgoz\u00f3k Szakszervezet\u00e9nek is. M\u00e1r 1945 j\u00fanius\u00e1t\u00f3l a debreceni Szemklinik\u00e1n dolgozott eg\u00e9szen 1949 november\u00e9ig, el\u0151bb d\u00edjas gyakornokk\u00e9nt, majd fizet\u00e9ses tan\u00e1rseg\u00e9dk\u00e9nt, ahol Kettesy Alad\u00e1r tan\u00edtv\u00e1nya volt. 1949 m\u00e1jus\u00e1ban szem\u00e9sz szakorvosi k\u00e9pes\u00edt\u00e9st szerzett. 1949 november\u00e9ben hivat\u00e1sos orvos-\u0151rnagyk\u00e9nt katonai szolg\u00e1latra vonult be. Kezdetben tudom\u00e1nyos int\u00e9zeti szakf\u0151orvosk\u00e9nt, majd szervez\u0151 munkak\u00f6rben, v\u00e9g\u00fcl 1955 janu\u00e1rj\u00e1t\u00f3l a Katonai Rep\u00fcl\u0151 K\u00f3rh\u00e1z szem\u00e9szeti oszt\u00e1ly\u00e1nak f\u0151orvosak\u00e9nt m\u0171k\u00f6d\u00f6tt. 1957 \u00e1prilis\u00e1ban visszat\u00e9rt a civil \u00e9letbe, a Gy\u00e1li \u00fati k\u00f3rh\u00e1z szem\u00e9szeti oszt\u00e1ly\u00e1t vezette. Ugyanott a k\u00f3rh\u00e1z igazgat\u00f3helyettesi feladatait is ell\u00e1tta 1959. janu\u00e1r \u00e9s 1965 k\u00f6z\u00f6tt. Id\u0151k\u00f6zben a p\u00e1rt \u00e1ltal szervezett fels\u0151oktat\u00e1sban is r\u00e9szt vett. 1953-ban elv\u00e9gezte a Marxizmus-leninizmus Esti Egyetemet, a filoz\u00f3fia tanfolyamot (1955) \u00e9s a filoz\u00f3fia szakos\u00edt\u00f3 tanfolyamot is (1960). 1960 \u00f3ta az Orvos-Eg\u00e9szs\u00e9g\u00fcgyi Dolgoz\u00f3k Szakszervezet\u00e9nek K\u00f6zpontj\u00e1ban bels\u0151 politikai munkat\u00e1rsk\u00e9nt is dolgozott 1965-ig. 1963. december 12-\u00e9n v\u00e9dte meg kandid\u00e1tusi \u00e9rtekez\u00e9s\u00e9t <em>A sz\u00ednt\u00e9veszt\u00e9s elm\u00e9lete \u00e9s gyakorlata<\/em> c\u00edmmel. 1970-ben rep\u00fcl\u0151orvosi szakk\u00e9pes\u00edt\u00e9st nyert. 1965. j\u00falius 1-jei hat\u00e1llyal kinevezt\u00e9k az Eg\u00e9szs\u00e9g\u00fcgyi Miniszt\u00e9rium III. gy\u00f3gy\u00edt\u00f3-megel\u0151z\u0151 ell\u00e1t\u00e1s f\u0151oszt\u00e1lya \u00e9l\u00e9re. Ett\u0151l kezdve szerepet j\u00e1tszott a hazai k\u00f3rh\u00e1zi rendszer \u00e1talak\u00edt\u00e1s\u00e1ban, illetve az eg\u00e9szs\u00e9g\u00fcgyi t\u00f6rv\u00e9ny el\u0151k\u00e9sz\u00edt\u00e9s\u00e9ben. 1973. janu\u00e1r 1-t\u0151l csoportf\u0151n\u00f6k, 1974. m\u00e1rcius 15-t\u0151l miniszterhelyettes volt. 1978. okt\u00f3ber 1-j\u00e9n vette \u00e1t a Semmelweis Orvostudom\u00e1nyi Egyetem Eg\u00e9szs\u00e9g\u00fcgyi Szervez\u00e9si Int\u00e9zet\u00e9nek vezet\u00e9s\u00e9t egyetemi tan\u00e1ri rangban, mely munkak\u00f6rt hal\u00e1l\u00e1ig t\u00f6lt\u00f6tte be. 1979-ben t\u00e1rsadalom-orvostani szakk\u00e9pes\u00edt\u00e9st szerzett.<\/p>\n<p style=\"text-align: justify\">Tudom\u00e1nyos munk\u00e1ss\u00e1g\u00e1nak els\u0151 id\u0151szak\u00e1ban (1951-1965) szem\u00e9szeti k\u00e9rd\u00e9sekkel foglalkozott: fiziol\u00f3giai optik\u00e1val, k\u00fcl\u00f6n\u00f6s tekintettel a rep\u00fcl\u00e9sre, valamint szem\u00e9szeti m\u0171t\u00e9ttani k\u00e9rd\u00e9sekkel, els\u0151sorban szemh\u00e9jplasztik\u00e1val. A m\u00e1sodik id\u0151szakban t\u00e1rsadalomeg\u00e9szs\u00e9g\u00fcgyi \u00e9s eg\u00e9szs\u00e9g\u00fcgyi szervez\u00e9si k\u00e9rd\u00e9sek foglalkoztatt\u00e1k, ezen bel\u00fcl is a k\u00f3rh\u00e1zszervez\u00e9s.<\/p>\n<p style=\"text-align: justify\">Szakmai k\u00f6z\u00e9leti tev\u00e9kenys\u00e9g\u00e9t tekintve vezet\u0151s\u00e9gi tagja volt az Orvos-eg\u00e9szs\u00e9g\u00fcgyi Dolgoz\u00f3k Szakszervezet\u00e9nek, v\u00e1lasztm\u00e1nyi tagja a Magyar Szemorvos T\u00e1rsas\u00e1gnak \u00e9s 1951-t\u0151l titk\u00e1ra az \u00c9lettani\u2013Optikai Bizotts\u00e1gnak. Bet\u00f6lt\u00f6tte a Magyar K\u00f3rh\u00e1zsz\u00f6vets\u00e9g eln\u00f6ki, a Nemzetk\u00f6zi K\u00f3rh\u00e1zsz\u00f6vets\u00e9g Tan\u00e1cs\u00e1nak aleln\u00f6ki tiszts\u00e9g\u00e9t. Tagja volt a <em>Szem\u00e9szet <\/em>c. foly\u00f3irat szerkeszt\u0151bizotts\u00e1g\u00e1nak.<\/p>\n<p style=\"text-align: justify\">Kit\u00fcntet\u00e9sei: \u00c9rdemes Orvos &#8211; 1954, Kiv\u00e1l\u00f3 Szolg\u00e1lat\u00e9rt \u00c9rdem\u00e9rem &#8211; 1955, Szocialista Munk\u00e1\u00e9rt \u00c9rdem\u00e9rem &#8211; 1962, Szakszervezeti Munk\u00e1\u00e9rt arany fokozat &#8211; 1965, Haza Szolg\u00e1lat\u00e1\u00e9rt \u00c9rdem\u00e9rem arany fokozat (BM) &#8211; 1968, Kiv\u00e1l\u00f3 Orvos &#8211; 1969, Jubileumi Eml\u00e9k\u00e9rem &#8211; 1970, Haza Szolg\u00e1lat\u00e1\u00e9rt \u00c9rdem\u00e9rem arany fokozat (HM) -1973, Munka \u00c9rdemrend arany fokozata &#8211; 1975, V\u00f6r\u00f6skereszt Munk\u00e1\u00e9rt arany fokozat &#8211; 1977, Az Eg\u00e9szs\u00e9g\u00fcgyi Szervez\u0151k Tudom\u00e1nyos Egyes\u00fclet\u00e9nek plakettje &#8211; 1975, A Magyar K\u00f3rh\u00e1zsz\u00f6vets\u00e9g plakettje &#8211; 1981, Munka \u00c9rdemrend arany fokozata &#8211; 1983.<\/p>\n<p style=\"text-align: justify\"><strong>F\u0151bb munk\u00e1i:<\/strong> A sz\u00edn\u00e9rz\u00e9sr\u0151l \u00e9s annak gyakorlati jelent\u0151s\u00e9g\u00e9r\u0151l. In: Honv\u00e9dorvos, 1951.; Rep\u00fcl\u0151orvostan (t\u00f6bbekkel). Bp., 1956.; A m\u00e9lys\u00e9gl\u00e1t\u00e1s \u00e9s a szemizomegyens\u00faly \u00f6sszef\u00fcgg\u00e9seir\u0151l. \u2013 A neuritis n. optici \u00e9s a sclerosis multiplex egyes \u00f6sszef\u00fcgg\u00e9seir\u0151l (Sz\u00e1k J\u00e1nossal). In: A Gy\u00e1li \u00fati K\u00f3rh\u00e1z jubileumi \u00e9vk\u00f6nyve. (szerkeszt\u0151 is Sz\u00e1k J\u00e1nossal, V\u00e1nkos J\u00f3zseffel) Bp., 1960.; A sz\u00ednt\u00e9veszt\u00e9s elm\u00e9lete \u00e9s gyakorlata. Kandid\u00e1tusi \u00e9rtekez\u00e9s. Bp., 1963.; Az eg\u00e9szs\u00e9g\u00fcgy harmadik \u00f6t\u00e9ves terv\u00e9nek feladatai \u00e9s az \u00faj gazdas\u00e1gi mechanizmus megval\u00f3s\u00edt\u00e1sa (Cs\u00e1sz\u00e1r Ferenccel \u00e9s Cserba L\u00e1szl\u00f3val). In: Eg\u00e9szs\u00e9g\u00fcgyi Gazdas\u00e1gi Szemle, 1967.; A gy\u00f3gy\u00edt\u00f3-megel\u0151z\u0151 ell\u00e1t\u00e1s 25 \u00e9ves fejl\u0151d\u00e9se. \u2013 K\u00f3rh\u00e1z-rendel\u0151int\u00e9zeti egys\u00e9g egyes szervez\u00e9si k\u00e9rd\u00e9sei. In: N\u00e9peg\u00e9szs\u00e9g\u00fcgy, 1970.; T\u00e1rsadalomorvostan \u00e9s eg\u00e9szs\u00e9g\u00fcgyi szervez\u00e9s. 1\u20132. Egyetemi jegyzet (K\u00e1rolyi Gy\u00f6rggyel). Bp., 1983; \u00faj kiad. 1\u20133. 1986, 1989.<\/p>\n<p style=\"text-align: justify\"><strong>Nyughelye:<\/strong> Budapest, Farkasr\u00e9ti temet\u0151 60-6\/0\/4\/10<\/p>\n<p><a href=\"https:\/\/semmelweis.hu\/baratikor\/files\/2022\/05\/IMG_20200425_132213.jpg\"><img loading=\"lazy\" decoding=\"async\" class=\"alignnone wp-image-178 size-medium\" src=\"https:\/\/semmelweis.hu\/baratikor\/files\/2022\/05\/IMG_20200425_132213-300x400.jpg\" alt=\"\" width=\"300\" height=\"400\" srcset=\"https:\/\/semmelweis.hu\/baratikor\/files\/2022\/05\/IMG_20200425_132213-300x400.jpg 300w, https:\/\/semmelweis.hu\/baratikor\/files\/2022\/05\/IMG_20200425_132213.jpg 750w\" sizes=\"auto, (max-width: 300px) 100vw, 300px\" \/><\/a><\/p>\n","protected":false},"excerpt":{"rendered":"<p><a href=\"https:\/\/semmelweis.hu\/baratikor\/files\/2022\/05\/Aczel-Gyorgy.jpg\"><\/a> (Debrecen, 1923. febru\u00e1r 18. \u2013 Budapest, 1984. janu\u00e1r 8.) Tansz\u00e9k: Eg\u00e9szs\u00e9g\u00fcgyi Szervez\u00e9si Int\u00e9zet 1978-1984 Iskol\u00e1it Debrecenben v\u00e9gezte, ugyanitt szerzett orvosi diplom\u00e1t 1946-ban, summa cum laude min\u0151s\u00edt\u00e9ssel. Egyetemi \u00e9vei alatt, 1944 \u00e1prilis\u00e1ban \u00e9desapj\u00e1val egy\u00fctt deport\u00e1lt\u00e1k (Hajd\u00faszentgy\u00f6rgy, Ausztria, N\u00e9metorsz\u00e1g), majd 1945. j\u00fanius 3-\u00e1n t\u00e9rt vissza Debrecenbe. 1945 szeptember\u00e9ben bel\u00e9pett az MKP-ba, p\u00e1rttags\u00e1ga a szervezeti v\u00e1ltoz\u00e1sok ellen\u00e9re mindv\u00e9gig &hellip;<\/p>\n","protected":false},"author":282,"featured_media":5337,"parent":347,"menu_order":3,"comment_status":"closed","ping_status":"closed","template":"template-fullwidth.php","meta":{"_acf_changed":false,"footnotes":""},"categories":[77,14],"tags":[],"class_list":["post-153","page","type-page","status-publish","has-post-thumbnail","hentry","category-kegyeleti-adattar","category-teljes-nevlista"],"acf":[],"_links":{"self":[{"href":"https:\/\/semmelweis.hu\/baratikor\/wp-json\/wp\/v2\/pages\/153","targetHints":{"allow":["GET"]}}],"collection":[{"href":"https:\/\/semmelweis.hu\/baratikor\/wp-json\/wp\/v2\/pages"}],"about":[{"href":"https:\/\/semmelweis.hu\/baratikor\/wp-json\/wp\/v2\/types\/page"}],"author":[{"embeddable":true,"href":"https:\/\/semmelweis.hu\/baratikor\/wp-json\/wp\/v2\/users\/282"}],"replies":[{"embeddable":true,"href":"https:\/\/semmelweis.hu\/baratikor\/wp-json\/wp\/v2\/comments?post=153"}],"version-history":[{"count":9,"href":"https:\/\/semmelweis.hu\/baratikor\/wp-json\/wp\/v2\/pages\/153\/revisions"}],"predecessor-version":[{"id":5336,"href":"https:\/\/semmelweis.hu\/baratikor\/wp-json\/wp\/v2\/pages\/153\/revisions\/5336"}],"up":[{"embeddable":true,"href":"https:\/\/semmelweis.hu\/baratikor\/wp-json\/wp\/v2\/pages\/347"}],"wp:featuredmedia":[{"embeddable":true,"href":"https:\/\/semmelweis.hu\/baratikor\/wp-json\/wp\/v2\/media\/5337"}],"wp:attachment":[{"href":"https:\/\/semmelweis.hu\/baratikor\/wp-json\/wp\/v2\/media?parent=153"}],"wp:term":[{"taxonomy":"category","embeddable":true,"href":"https:\/\/semmelweis.hu\/baratikor\/wp-json\/wp\/v2\/categories?post=153"},{"taxonomy":"post_tag","embeddable":true,"href":"https:\/\/semmelweis.hu\/baratikor\/wp-json\/wp\/v2\/tags?post=153"}],"curies":[{"name":"wp","href":"https:\/\/api.w.org\/{rel}","templated":true}]}}