{"id":1521,"date":"2023-01-03T10:45:18","date_gmt":"2023-01-03T09:45:18","guid":{"rendered":"https:\/\/semmelweis.hu\/baratikor\/?page_id=1521"},"modified":"2023-10-11T14:27:10","modified_gmt":"2023-10-11T12:27:10","slug":"balint-rezso","status":"publish","type":"page","link":"https:\/\/semmelweis.hu\/baratikor\/galeria\/teljes-nevlista\/balint-rezso\/","title":{"rendered":"B\u00e1lint Rezs\u0151"},"content":{"rendered":"<p style=\"text-align: justify\"><strong><a href=\"https:\/\/semmelweis.hu\/baratikor\/balint-rezso-318-i-38-3\/\" rel=\"attachment wp-att-1519\"><img loading=\"lazy\" decoding=\"async\" class=\"alignleft size-medium wp-image-1519\" src=\"https:\/\/semmelweis.hu\/baratikor\/files\/2023\/01\/Balint-Rezso-318.-I.38.3-301x400.jpg\" alt=\"\" width=\"301\" height=\"400\" srcset=\"https:\/\/semmelweis.hu\/baratikor\/files\/2023\/01\/Balint-Rezso-318.-I.38.3-301x400.jpg 301w, https:\/\/semmelweis.hu\/baratikor\/files\/2023\/01\/Balint-Rezso-318.-I.38.3.jpg 752w\" sizes=\"auto, (max-width: 301px) 100vw, 301px\" \/><\/a>(Budapest, 1874. okt\u00f3ber 22. \u2013 Budapest, 1929. m\u00e1jus 23.)<\/strong><\/p>\n<p style=\"text-align: justify\"><strong>Tansz\u00e9k: <\/strong>I. sz. Belgy\u00f3gy\u00e1szati Klinika 1914-1929.<\/p>\n<p style=\"text-align: justify\">\u00c9desapja zsid\u00f3 gabonakeresked\u0151 volt, eredeti neve Bleyer Rudolf Jen\u0151. Apja hal\u00e1la ut\u00e1n, 1892-ben nev\u00e9t testv\u00e9reivel egy\u00fctt B\u00e1lintra magyaros\u00edtotta, egyben katoliz\u00e1lt. K\u00f6z\u00e9pfok\u00fa tanulm\u00e1nyait a Mark\u00f3 utcai \u00e1llami f\u0151re\u00e1lgimn\u00e1ziumban v\u00e9gezte, majd 1892-1897 k\u00f6z\u00f6tt a m. kir. Budapesti Tudom\u00e1nyegyetem Orvostudom\u00e1nyi Kar\u00e1n tanult, ahol 1897. szeptember 21-\u00e9n kapott orvosdoktori diplom\u00e1t. Ezt k\u00f6vet\u0151en Kor\u00e1nyi Frigyes I. sz. Belgy\u00f3gy\u00e1szati Klinik\u00e1j\u00e1n volt d\u00edjtalan gyakornok 1900-ig, majd 1902-ig d\u00edjazott gyakornok. 1902-1906 k\u00f6z\u00f6tt harmadik tan\u00e1rseg\u00e9d, 1906\/07-ben m\u00e1sodik, majd 1907\/08-ban els\u0151 tan\u00e1rseg\u00e9d. 1908\/09-t\u0151l a Kor\u00e1nyi S\u00e1ndor vezette III. sz. Belklinik\u00e1n els\u0151 tan\u00e1rseg\u00e9d 1911-ig. 1909-ben fedezett fel egy ritka neurol\u00f3giai megbeteged\u00e9st, a r\u00f3la elnevezett B\u00e1lint-szindr\u00f3m\u00e1t. 1910-ben szerzett mag\u00e1ntan\u00e1ri k\u00e9pes\u00edt\u00e9st a bels\u0151 bajok k\u00f3r- \u00e9s gy\u00f3gytana t\u00e1rgyk\u00f6rben. F\u0151k\u00e9nt a sz\u00edv \u00e9s az idegrendszer megbeteged\u00e9seivel, a Basedow-k\u00f3rral, illetve sav-b\u00e1zis egyens\u00faly vizsg\u00e1latokkal foglalkozott. 1914-ben p\u00e1ly\u00e1zott nyilv\u00e1nos rendes egyetemi tan\u00e1ri \u00e1ll\u00e1sra az I. sz. Belgy\u00f3gy\u00e1szati Klinik\u00e1ra, de p\u00e9nz\u00fcgyi okok miatt m\u00e1jus 30-\u00e1n csak rendk\u00edv\u00fcli tan\u00e1ri kinevez\u00e9st kapott a klinika \u00e9l\u00e9re, amit 1917. febru\u00e1r 2-\u00e1n v\u00e1ltoztattak nyilv\u00e1nos rendes egyetemi tan\u00e1ri kinevez\u00e9sre. A vil\u00e1gh\u00e1bor\u00faban 1915 \u00e9s 1917 j\u00faniusa k\u00f6z\u00f6tt szolg\u00e1lt a k\u00f6z\u00f6s hadseregben t\u00f6rzsorvosk\u00e9nt, illetve k\u00f3rh\u00e1zparancsnokk\u00e9nt. Ezalatt sokat tett a tbc-j\u00e1rv\u00e1nyok megf\u00e9kez\u00e9s\u00e9\u00e9rt, a t\u00fcd\u0151beteg katon\u00e1k sz\u00e1m\u00e1ra kl\u00edmaint\u00e9zeteket hozott l\u00e9tre. A h\u00e1bor\u00fa ut\u00e1ni id\u0151kben f\u0151leg a gyomorfek\u00e9ly k\u00f3roktan\u00e1val foglalkozott, de eredm\u00e9nyeket \u00e9rt el a cukorbetegs\u00e9g, illetve egy\u00e9b anyagcsere-betegs\u00e9gek gy\u00f3gy\u00edt\u00e1s\u00e1ban is.<\/p>\n<p style=\"text-align: justify\">1912-ben a Budapesti Orvosegyes\u00fclet f\u0151titk\u00e1ra lett, majd \u00e9lete alkony\u00e1n, 1924-ban a Tauszk Ferenc d\u00edjban r\u00e9szes\u00fclt.<\/p>\n<p style=\"text-align: justify\"><strong>F\u0151bb munk\u00e1i:<\/strong> A t\u00fcd\u0151beteg katon\u00e1k kl\u00edmaint\u00e9zetekben val\u00f3 gy\u00f3gy\u00edt\u00e1sa. In: Orvosk\u00e9pz\u00e9s, 1917.; Tudom\u00e1nyos besz\u00e1mol\u00f3 az inzulinr\u00f3l. In: Orvosi Hetilap, 1923.; Diaetetikai vez\u00e9rfonal. 1. Az anyagcseremegbeteged\u00e9sek diaetetik\u00e1ja. Bp., 1924.; Gy\u00f3gy\u00edt\u00e1s \u00e9s kuruzsl\u00e1s. In: Orvosk\u00e9pz\u00e9s, 1927.; Ulcusproblem und S\u00e4urebasengleichgewicht. Eine klinische experimentelle Studie. Berlin, 1927.; A cukorbetegs\u00e9g \u00e9s az insulin. Ernst Zolt\u00e1nnal \u00e9s Purjesz B\u00e9l\u00e1val. Bp., 1927.; Di\u00e9t\u00e1s tan\u00e1csad\u00f3 cukorbetegs\u00e9g, elh\u00edz\u00e1s eseteiben. Bp., 193?; Gewesbsproliferation und S\u00e4urebasengleichgewicht. Weiss Istv\u00e1nnal. Berlin\u2013Wien, 1930.<\/p>\n<p style=\"text-align: justify\"><strong>Nyughelye:<\/strong> Budapest, Fiumei \u00fati temet\u0151 55\/0\/1\/55.<\/p>\n<p><a href=\"https:\/\/semmelweis.hu\/baratikor\/galeria\/teljes-nevlista\/balint-rezso\/103_11\/\" rel=\"attachment wp-att-1524\"><img loading=\"lazy\" decoding=\"async\" class=\"alignleft size-full wp-image-1524\" src=\"https:\/\/semmelweis.hu\/baratikor\/files\/2023\/01\/103_11.jpg\" alt=\"\" width=\"295\" height=\"370\" \/><\/a><\/p>\n","protected":false},"excerpt":{"rendered":"<p><a href=\"https:\/\/semmelweis.hu\/baratikor\/balint-rezso-318-i-38-3\/\" rel=\"attachment wp-att-1519\"><\/a> (Budapest, 1874. okt\u00f3ber 22. \u2013 Budapest, 1929. m\u00e1jus 23.) Tansz\u00e9k: I. sz. Belgy\u00f3gy\u00e1szati Klinika 1914-1929. \u00c9desapja zsid\u00f3 gabonakeresked\u0151 volt, eredeti neve Bleyer Rudolf Jen\u0151. Apja hal\u00e1la ut\u00e1n, 1892-ben nev\u00e9t testv\u00e9reivel egy\u00fctt B\u00e1lintra magyaros\u00edtotta, egyben katoliz\u00e1lt. K\u00f6z\u00e9pfok\u00fa tanulm\u00e1nyait a Mark\u00f3 utcai \u00e1llami f\u0151re\u00e1lgimn\u00e1ziumban v\u00e9gezte, majd 1892-1897 k\u00f6z\u00f6tt a m. kir. Budapesti Tudom\u00e1nyegyetem Orvostudom\u00e1nyi Kar\u00e1n tanult, ahol &hellip;<\/p>\n","protected":false},"author":282,"featured_media":5351,"parent":347,"menu_order":0,"comment_status":"closed","ping_status":"closed","template":"template-fullwidth.php","meta":{"_acf_changed":false,"footnotes":""},"categories":[77,14],"tags":[],"class_list":["post-1521","page","type-page","status-publish","has-post-thumbnail","hentry","category-kegyeleti-adattar","category-teljes-nevlista"],"acf":[],"_links":{"self":[{"href":"https:\/\/semmelweis.hu\/baratikor\/wp-json\/wp\/v2\/pages\/1521","targetHints":{"allow":["GET"]}}],"collection":[{"href":"https:\/\/semmelweis.hu\/baratikor\/wp-json\/wp\/v2\/pages"}],"about":[{"href":"https:\/\/semmelweis.hu\/baratikor\/wp-json\/wp\/v2\/types\/page"}],"author":[{"embeddable":true,"href":"https:\/\/semmelweis.hu\/baratikor\/wp-json\/wp\/v2\/users\/282"}],"replies":[{"embeddable":true,"href":"https:\/\/semmelweis.hu\/baratikor\/wp-json\/wp\/v2\/comments?post=1521"}],"version-history":[{"count":4,"href":"https:\/\/semmelweis.hu\/baratikor\/wp-json\/wp\/v2\/pages\/1521\/revisions"}],"predecessor-version":[{"id":5352,"href":"https:\/\/semmelweis.hu\/baratikor\/wp-json\/wp\/v2\/pages\/1521\/revisions\/5352"}],"up":[{"embeddable":true,"href":"https:\/\/semmelweis.hu\/baratikor\/wp-json\/wp\/v2\/pages\/347"}],"wp:featuredmedia":[{"embeddable":true,"href":"https:\/\/semmelweis.hu\/baratikor\/wp-json\/wp\/v2\/media\/5351"}],"wp:attachment":[{"href":"https:\/\/semmelweis.hu\/baratikor\/wp-json\/wp\/v2\/media?parent=1521"}],"wp:term":[{"taxonomy":"category","embeddable":true,"href":"https:\/\/semmelweis.hu\/baratikor\/wp-json\/wp\/v2\/categories?post=1521"},{"taxonomy":"post_tag","embeddable":true,"href":"https:\/\/semmelweis.hu\/baratikor\/wp-json\/wp\/v2\/tags?post=1521"}],"curies":[{"name":"wp","href":"https:\/\/api.w.org\/{rel}","templated":true}]}}