{"id":1492,"date":"2023-01-05T12:58:05","date_gmt":"2023-01-05T11:58:05","guid":{"rendered":"https:\/\/semmelweis.hu\/baratikor\/?page_id=1492"},"modified":"2023-01-09T11:11:27","modified_gmt":"2023-01-09T10:11:27","slug":"balint-peter","status":"publish","type":"page","link":"https:\/\/semmelweis.hu\/baratikor\/galeria\/teljes-nevlista\/balint-peter\/","title":{"rendered":"B\u00e1lint P\u00e9ter"},"content":{"rendered":"<p style=\"text-align: justify\"><strong><a href=\"https:\/\/semmelweis.hu\/baratikor\/galeria\/teljes-nevlista\/balint-peter\/211_11\/\" rel=\"attachment wp-att-1493\"><img loading=\"lazy\" decoding=\"async\" class=\"alignleft size-medium wp-image-1493\" src=\"https:\/\/semmelweis.hu\/baratikor\/files\/2023\/01\/211_11-265x400.jpg\" alt=\"\" width=\"265\" height=\"400\" srcset=\"https:\/\/semmelweis.hu\/baratikor\/files\/2023\/01\/211_11-265x400.jpg 265w, https:\/\/semmelweis.hu\/baratikor\/files\/2023\/01\/211_11.jpg 276w\" sizes=\"auto, (max-width: 265px) 100vw, 265px\" \/><\/a>(Budapest, 1911-Budapest, 1998)<\/strong><\/p>\n<p style=\"text-align: justify\">\u00c9desanyja r\u00e9v\u00e9n f\u00e9lig horv\u00e1t, \u00e9rtelmis\u00e9gi csal\u00e1db\u00f3l sz\u00e1rmazik. 1928-ban kit\u0171n\u0151 eredm\u00e9nnyel \u00e9retts\u00e9gizett, majd a P\u00e1zm\u00e1ny P\u00e9ter Tudom\u00e1nyegyetem Orvoskar\u00e1ra iratkozott be. Orvosdoktori diplom\u00e1j\u00e1t 1934-ben szerezte, de m\u00e1r 1933-t\u00f3l k\u00e9miai tanulm\u00e1nyokat is folytatott a B\u00f6lcs\u00e9szettudom\u00e1nyi Karon. 1936-ban b\u00f6lcs\u00e9szdoktorr\u00e1 avatt\u00e1k. Orvostanhallgat\u00f3 kor\u00e1ban externistak\u00e9nt vett r\u00e9szt az I. sz. Anat\u00f3miai, a II. sz. K\u00f3rbonctani, majd az \u00c9let- \u00e9s K\u00f3rvegytani Int\u00e9zet munk\u00e1j\u00e1ban. 1934-1936 k\u00f6z\u00f6tt ez ut\u00f3bbi int\u00e9zet d\u00edjtalan gyakornoka. 1936 \u00e9s 1946 k\u00f6z\u00f6tt a p\u00e9csi Erzs\u00e9bet Tudom\u00e1nyegyetem Belklinik\u00e1j\u00e1n gyakornok, majd tan\u00e1rseg\u00e9d. 1946-ban visszat\u00e9rt Budapestre, az I. sz. Belklinik\u00e1ra, ahol docensi besorol\u00e1ssal klinikai f\u0151orvosi \u00e1ll\u00e1st kapott. K\u00f6zben 1948-1950 k\u00f6z\u00f6tt helyettesk\u00e9nt vezette az \u00c1llatorvosi Kar \u00c9lettani Int\u00e9zet\u00e9t. 1950. szeptember 15-t\u0151l az egyetem (akkor ELTE Orvostudom\u00e1nyi Kar) \u00c9lettani Int\u00e9zet\u00e9nek \u00e9l\u00e9re ker\u00fclt, innen vonult nyugd\u00edjba 1981-ben. 1952-ben lett az orvostudom\u00e1nyok kandid\u00e1tusa, majd 1955-ben doktora. 1970-ben az MTA levelez\u0151, 1976-ban rendes tagj\u00e1v\u00e1 v\u00e1lasztotta. Kutat\u00e1sai a v\u00e9r feh\u00e9rj\u00e9ire, a hypersalaemi\u00e1ra, a vese m\u0171k\u00f6d\u00e9s\u00e9re \u00e9s idegi szab\u00e1lyoz\u00e1s\u00e1ra, valamint a posthaemorraghi\u00e1s anuri\u00e1ra vonatkoztak. T\u00f6bb biok\u00e9miai vizsg\u00e1l\u00f3 elj\u00e1r\u00e1st dolgozott ki. Sz\u00e9lesk\u00f6r\u0171 nyelvismerete (angol, n\u00e9met, francia fels\u0151fokon, orosz, olasz k\u00f6z\u00e9pfok, spanyol, szerb-horv\u00e1t alapfok) nagyban seg\u00edtette szakmai el\u0151menetel\u00e9t. Az Egyetem Bar\u00e1ti K\u00f6r\u00e9nek els\u0151 eln\u00f6ke volt (1989-1991). Fontosabb kit\u00fcntet\u00e9sei: N\u00e9pk\u00f6zt\u00e1rsas\u00e1gi \u00c9rdem\u00e9rem arany fokozata (1950), Szocialista Munk\u00e1\u00e9rt \u00c9rdem\u00e9rem (1955), Hufeland-kit\u00fcntet\u00e9s ez\u00fcst fokozat (NDK, 1964), MTA II. oszt. Jutalom (1964), MOTESZ I. d\u00edj (1967), Szent-Gy\u00f6rgyi Albert-d\u00edj (1996).<\/p>\n<p><a href=\"https:\/\/semmelweis.hu\/baratikor\/galeria\/teljes-nevlista\/balint-peter\/211_21\/\" rel=\"attachment wp-att-1494\"><img loading=\"lazy\" decoding=\"async\" class=\"alignleft size-full wp-image-1494\" src=\"https:\/\/semmelweis.hu\/baratikor\/files\/2023\/01\/211_21.jpg\" alt=\"\" width=\"295\" height=\"370\" \/><\/a><\/p>\n","protected":false},"excerpt":{"rendered":"<p><a href=\"https:\/\/semmelweis.hu\/baratikor\/galeria\/teljes-nevlista\/balint-peter\/211_11\/\" rel=\"attachment wp-att-1493\"><\/a> (Budapest, 1911-Budapest, 1998) \u00c9desanyja r\u00e9v\u00e9n f\u00e9lig horv\u00e1t, \u00e9rtelmis\u00e9gi csal\u00e1db\u00f3l sz\u00e1rmazik. 1928-ban kit\u0171n\u0151 eredm\u00e9nnyel \u00e9retts\u00e9gizett, majd a P\u00e1zm\u00e1ny P\u00e9ter Tudom\u00e1nyegyetem Orvoskar\u00e1ra iratkozott be. Orvosdoktori diplom\u00e1j\u00e1t 1934-ben szerezte, de m\u00e1r 1933-t\u00f3l k\u00e9miai tanulm\u00e1nyokat is folytatott a B\u00f6lcs\u00e9szettudom\u00e1nyi Karon. 1936-ban b\u00f6lcs\u00e9szdoktorr\u00e1 avatt\u00e1k. Orvostanhallgat\u00f3 kor\u00e1ban externistak\u00e9nt vett r\u00e9szt az I. sz. Anat\u00f3miai, a II. sz. K\u00f3rbonctani, majd az \u00c9let- &hellip;<\/p>\n","protected":false},"author":282,"featured_media":1493,"parent":347,"menu_order":3,"comment_status":"closed","ping_status":"closed","template":"template-fullwidth.php","meta":{"_acf_changed":false,"footnotes":""},"categories":[75,77,14],"tags":[],"class_list":["post-1492","page","type-page","status-publish","has-post-thumbnail","hentry","category-barati-kor","category-kegyeleti-adattar","category-teljes-nevlista"],"acf":[],"_links":{"self":[{"href":"https:\/\/semmelweis.hu\/baratikor\/wp-json\/wp\/v2\/pages\/1492","targetHints":{"allow":["GET"]}}],"collection":[{"href":"https:\/\/semmelweis.hu\/baratikor\/wp-json\/wp\/v2\/pages"}],"about":[{"href":"https:\/\/semmelweis.hu\/baratikor\/wp-json\/wp\/v2\/types\/page"}],"author":[{"embeddable":true,"href":"https:\/\/semmelweis.hu\/baratikor\/wp-json\/wp\/v2\/users\/282"}],"replies":[{"embeddable":true,"href":"https:\/\/semmelweis.hu\/baratikor\/wp-json\/wp\/v2\/comments?post=1492"}],"version-history":[{"count":3,"href":"https:\/\/semmelweis.hu\/baratikor\/wp-json\/wp\/v2\/pages\/1492\/revisions"}],"predecessor-version":[{"id":2315,"href":"https:\/\/semmelweis.hu\/baratikor\/wp-json\/wp\/v2\/pages\/1492\/revisions\/2315"}],"up":[{"embeddable":true,"href":"https:\/\/semmelweis.hu\/baratikor\/wp-json\/wp\/v2\/pages\/347"}],"wp:featuredmedia":[{"embeddable":true,"href":"https:\/\/semmelweis.hu\/baratikor\/wp-json\/wp\/v2\/media\/1493"}],"wp:attachment":[{"href":"https:\/\/semmelweis.hu\/baratikor\/wp-json\/wp\/v2\/media?parent=1492"}],"wp:term":[{"taxonomy":"category","embeddable":true,"href":"https:\/\/semmelweis.hu\/baratikor\/wp-json\/wp\/v2\/categories?post=1492"},{"taxonomy":"post_tag","embeddable":true,"href":"https:\/\/semmelweis.hu\/baratikor\/wp-json\/wp\/v2\/tags?post=1492"}],"curies":[{"name":"wp","href":"https:\/\/api.w.org\/{rel}","templated":true}]}}