{"id":1490,"date":"2023-01-02T12:55:14","date_gmt":"2023-01-02T11:55:14","guid":{"rendered":"https:\/\/semmelweis.hu\/baratikor\/?page_id=1490"},"modified":"2023-01-02T12:55:14","modified_gmt":"2023-01-02T11:55:14","slug":"balazs-dezso","status":"publish","type":"page","link":"https:\/\/semmelweis.hu\/baratikor\/galeria\/teljes-nevlista\/balazs-dezso\/","title":{"rendered":"Bal\u00e1zs Dezs\u0151"},"content":{"rendered":"<p style=\"text-align: justify\">(Budapest, 1915 &#8211; )<\/p>\n<p style=\"text-align: justify\">Polg\u00e1ri csal\u00e1db\u00f3l sz\u00e1rmazik, \u00e9desapja tan\u00e1csos volt a m. kir. Post\u00e1n\u00e1l. K\u00f6z\u00e9piskol\u00e1it a budapesti piarist\u00e1kn\u00e1l v\u00e9gezte, 1933-ban \u00e9retts\u00e9gizett. Ezut\u00e1n beiratkozott a m. kir. P\u00e1zm\u00e1ny P\u00e9ter Tudom\u00e1nyegyetem Orvostudom\u00e1nyi Kar\u00e1ra, ahol 1940. m\u00e1rcius 2-\u00e1n avatt\u00e1k orvosdoktorr\u00e1. R\u00f6ntgenorvosi szakvizsg\u00e1t tett. Budapest ostrom\u00e1nak utols\u00f3 napjaiban megsebes\u00fclt, amikor k\u00e9nyszermunka v\u00e9gz\u00e9se k\u00f6zben egy orosz katona r\u00e1l\u0151tt. 1947-ben \u00e9desanyj\u00e1val kiv\u00e1ndorolt Braz\u00edli\u00e1ba, ahol akkor m\u00e1r h\u00e1rom nagyb\u00e1tyja \u00e9lt. Orvosk\u00e9nt praktiz\u00e1lt \u00e9s itt ismerkedett meg libanoni sz\u00e1rmaz\u00e1s\u00fa feles\u00e9g\u00e9vel. A 60-as \u00e9vek elej\u00e9n az Egyes\u00fclt \u00c1llamokba k\u00f6lt\u00f6z\u00f6tt, ahol v\u00e9gre siker\u00fclt diplom\u00e1j\u00e1t honos\u00edttatnia. El\u0151bb Buffal\u00f3ban telepedett le, majd amikor \u00e1ll\u00e1st kapott a Yale Egyetemen, tov\u00e1bbk\u00f6lt\u00f6ztek. Innen ism\u00e9t a mag\u00e1npraxis fel\u00e9 fordult. Nyugd\u00edjaztat\u00e1sa ut\u00e1n, ha lehet, m\u00e9g akt\u00edvabb \u00e9letet \u00e9l.<\/p>\n","protected":false},"excerpt":{"rendered":"<p>(Budapest, 1915 &#8211; ) Polg\u00e1ri csal\u00e1db\u00f3l sz\u00e1rmazik, \u00e9desapja tan\u00e1csos volt a m. kir. Post\u00e1n\u00e1l. K\u00f6z\u00e9piskol\u00e1it a budapesti piarist\u00e1kn\u00e1l v\u00e9gezte, 1933-ban \u00e9retts\u00e9gizett. Ezut\u00e1n beiratkozott a m. kir. P\u00e1zm\u00e1ny P\u00e9ter Tudom\u00e1nyegyetem Orvostudom\u00e1nyi Kar\u00e1ra, ahol 1940. m\u00e1rcius 2-\u00e1n avatt\u00e1k orvosdoktorr\u00e1. R\u00f6ntgenorvosi szakvizsg\u00e1t tett. Budapest ostrom\u00e1nak utols\u00f3 napjaiban megsebes\u00fclt, amikor k\u00e9nyszermunka v\u00e9gz\u00e9se k\u00f6zben egy orosz katona r\u00e1l\u0151tt. 1947-ben \u00e9desanyj\u00e1val &hellip;<\/p>\n","protected":false},"author":282,"featured_media":0,"parent":347,"menu_order":0,"comment_status":"closed","ping_status":"closed","template":"template-fullwidth.php","meta":{"_acf_changed":false,"footnotes":""},"categories":[14],"tags":[],"class_list":["post-1490","page","type-page","status-publish","hentry","category-teljes-nevlista"],"acf":[],"_links":{"self":[{"href":"https:\/\/semmelweis.hu\/baratikor\/wp-json\/wp\/v2\/pages\/1490","targetHints":{"allow":["GET"]}}],"collection":[{"href":"https:\/\/semmelweis.hu\/baratikor\/wp-json\/wp\/v2\/pages"}],"about":[{"href":"https:\/\/semmelweis.hu\/baratikor\/wp-json\/wp\/v2\/types\/page"}],"author":[{"embeddable":true,"href":"https:\/\/semmelweis.hu\/baratikor\/wp-json\/wp\/v2\/users\/282"}],"replies":[{"embeddable":true,"href":"https:\/\/semmelweis.hu\/baratikor\/wp-json\/wp\/v2\/comments?post=1490"}],"version-history":[{"count":1,"href":"https:\/\/semmelweis.hu\/baratikor\/wp-json\/wp\/v2\/pages\/1490\/revisions"}],"predecessor-version":[{"id":1491,"href":"https:\/\/semmelweis.hu\/baratikor\/wp-json\/wp\/v2\/pages\/1490\/revisions\/1491"}],"up":[{"embeddable":true,"href":"https:\/\/semmelweis.hu\/baratikor\/wp-json\/wp\/v2\/pages\/347"}],"wp:attachment":[{"href":"https:\/\/semmelweis.hu\/baratikor\/wp-json\/wp\/v2\/media?parent=1490"}],"wp:term":[{"taxonomy":"category","embeddable":true,"href":"https:\/\/semmelweis.hu\/baratikor\/wp-json\/wp\/v2\/categories?post=1490"},{"taxonomy":"post_tag","embeddable":true,"href":"https:\/\/semmelweis.hu\/baratikor\/wp-json\/wp\/v2\/tags?post=1490"}],"curies":[{"name":"wp","href":"https:\/\/api.w.org\/{rel}","templated":true}]}}