{"id":1481,"date":"2023-01-02T12:47:57","date_gmt":"2023-01-02T11:47:57","guid":{"rendered":"https:\/\/semmelweis.hu\/baratikor\/?page_id=1481"},"modified":"2023-10-11T14:32:40","modified_gmt":"2023-10-11T12:32:40","slug":"balogh-ferenc","status":"publish","type":"page","link":"https:\/\/semmelweis.hu\/baratikor\/galeria\/teljes-nevlista\/balogh-ferenc\/","title":{"rendered":"Balogh Ferenc"},"content":{"rendered":"<p style=\"text-align: justify\"><strong><a href=\"https:\/\/semmelweis.hu\/baratikor\/galeria\/teljes-nevlista\/balogh-ferenc\/balogh-ferenc\/\" rel=\"attachment wp-att-1482\"><img loading=\"lazy\" decoding=\"async\" class=\"alignleft size-medium wp-image-1482\" src=\"https:\/\/semmelweis.hu\/baratikor\/files\/2023\/01\/Balogh-Ferenc-319x400.jpg\" alt=\"\" width=\"319\" height=\"400\" srcset=\"https:\/\/semmelweis.hu\/baratikor\/files\/2023\/01\/Balogh-Ferenc-319x400.jpg 319w, https:\/\/semmelweis.hu\/baratikor\/files\/2023\/01\/Balogh-Ferenc-768x964.jpg 768w, https:\/\/semmelweis.hu\/baratikor\/files\/2023\/01\/Balogh-Ferenc-753x945.jpg 753w, https:\/\/semmelweis.hu\/baratikor\/files\/2023\/01\/Balogh-Ferenc.jpg 797w\" sizes=\"auto, (max-width: 319px) 100vw, 319px\" \/><\/a>(Saj\u00f3szentp\u00e9ter, 1916. janu\u00e1r 29. \u2013 Budapest, 2003. szeptember 13.)<\/strong><\/p>\n<p style=\"text-align: justify\"><strong>Tansz\u00e9k: <\/strong>Urol\u00f3giai Klinika 1974-1986.<\/p>\n<p style=\"text-align: justify\">Nyolcgyermekes f\u00f6ldm\u0171ves csal\u00e1db\u00f3l sz\u00e1rmazik, k\u00f6z\u00e9pfok\u00fa tanulm\u00e1nyait a miskolci reform\u00e1tus gimn\u00e1ziumban v\u00e9gezte. 1935-ben iratkozott be a P\u00e1zm\u00e1ny P\u00e9ter Tudom\u00e1nyegyetem Orvostudom\u00e1nyi Kar\u00e1ra, ahol 1941. szeptember 27-\u00e9n szerzett orvosi diplom\u00e1t. M\u00e1r hallgat\u00f3k\u00e9nt az I. sz. K\u00f3rbonctani Int\u00e9zet el\u0151bb d\u00edjtalan, majd d\u00edjas gyakornoka volt 1938. m\u00e1jus 15-t\u0151l kezdve. 1941 okt\u00f3ber\u00e9t\u0151l 1942. szeptember 1-ig ugyanott d\u00edjas tan\u00e1rseg\u00e9d. Ekkor \u00e1tker\u00fclt az Urol\u00f3giai Klinik\u00e1ra d\u00edjtalan gyakornokk\u00e9nt. Id\u0151k\u00f6zben 1938 m\u00e1jus\u00e1t\u00f3l t\u00f6bb r\u00e9szletben katonai szolg\u00e1latot teljes\u00edtett, 1944 augusztusa \u00e9s 1945 \u00e1prilisa k\u00f6z\u00f6tt az arcvonalban. Hazat\u00e9rve azonnal csatlakozott az Eg\u00e9szs\u00e9g\u00fcgyi Dolgoz\u00f3k Szakszervezet\u00e9hez. 1948-ban bel\u00e9pett a Magyar Kommunista P\u00e1rtba, de tags\u00e1g\u00e1t a p\u00e1rt 1956-os \u00e1talakul\u00e1s\u00e1t k\u00f6vet\u0151en csak 1960-ban \u00faj\u00edtotta meg.<\/p>\n<p style=\"text-align: justify\">1946 szeptember\u00e9ben urol\u00f3gus-seb\u00e9sz szakk\u00e9pes\u00edt\u00e9st szerzett, ugyanekkor d\u00edjas gyakornok lett, 1951-ben tan\u00e1rseg\u00e9d, majd 1960-1963 k\u00f6z\u00f6tt docens \u00e9s igazgat\u00f3helyettes. Kandid\u00e1tusi \u00e9rtekez\u00e9s\u00e9t 1955-ben v\u00e9dte meg <em>Hugyivarszervi daganatok egyes pathol\u00f3giai tulajdons\u00e1gainak jelent\u0151s\u00e9ge a klinikumban <\/em>c\u00edmmel. 1963. j\u00fanius 6-\u00e1n az orvostudom\u00e1nyok doktor\u00e1v\u00e1 avatt\u00e1k. 1963. \u00e1prilis 1-j\u00e9n egyetemi tan\u00e1ri kinevez\u00e9st kapott a P\u00e9csi Orvostudom\u00e1nyi Egyetem Urol\u00f3giai Klinik\u00e1ja \u00e9l\u00e9re. 1974. j\u00falius 1-j\u00e9n t\u00e9rt vissza Budapestre, az Urol\u00f3giai Klinika igazgat\u00f3jak\u00e9nt. 1975. janu\u00e1r 1-j\u00e9t\u0151l kezdve m\u00e1sod\u00e1ll\u00e1sban az Orsz\u00e1gos Urol\u00f3giai Int\u00e9zet igazgat\u00f3i teend\u0151it is ell\u00e1tta. Tudom\u00e1nyos tev\u00e9kenys\u00e9ge kezdetben morfol\u00f3giai jelleg\u0171 volt, k\u00e9s\u0151bb a daganatkutat\u00e1s fel\u00e9 fordult. Urol\u00f3giai onkol\u00f3gi\u00e1val, r\u00f6ntgendiagnosztik\u00e1val, els\u0151sorban a vesedaganatok, ill. a h\u00f3lyagdaganatok immunhisztol\u00f3gi\u00e1j\u00e1val foglalkozott. Nemzetk\u00f6zileg is alapvet\u0151en \u00faj eredm\u00e9nyeket \u00e9rt el a vesekelyhek izomzat\u00e1nak anat\u00f3mi\u00e1ja, ill. egyes urol\u00f3giai betegs\u00e9gek \u00e9s megbeteged\u00e9sek klinikopatol\u00f3gi\u00e1j\u00e1nak felt\u00e1r\u00e1sa ter\u00e9n. Szakm\u00e1j\u00e1nak tudom\u00e1nyt\u00f6rt\u00e9net\u00e9vel is foglalkozott. 1986. j\u00fanius 30-\u00e1n vonult nyugalomba. P\u00e1lyafut\u00e1sa sor\u00e1n mindv\u00e9gig bet\u00f6lt\u00f6tt k\u00fcl\u00f6nb\u00f6z\u0151 p\u00e1rt- \u00e9s t\u00e1rsadalmi funkci\u00f3kat is (pl. BOTE K\u00fcls\u0151 Klinikai Alapszerv \u00dcB titk\u00e1ra 1949-1953, TMB Klinikai Biz. tagja 1961-1967, SOTE Lak\u00e1seloszt\u00f3 Biz. eln\u00f6ke, Hazafias N\u00e9pfront VIII. ker\u00fcleti Bizotts\u00e1g\u00e1nak aleln\u00f6ke-1980 stb.).<\/p>\n<p style=\"text-align: justify\">T\u00f6bb hazai \u00e9s k\u00fclf\u00f6ldi szakmai t\u00e1rsas\u00e1g tagja volt: Magyar Urol\u00f3giai T\u00e1rsas\u00e1g \u00f6r\u00f6k\u00f6s tb. eln\u00f6ke, a Magyar Onkol\u00f3giai \u00e9s Nephrol\u00f3giai T\u00e1rsas\u00e1g eln\u00f6ks\u00e9gi tagja, Nemzetk\u00f6zi Urol\u00f3gus T\u00e1rsas\u00e1g, Angol Kir\u00e1lyi T\u00e1rsas\u00e1g, Purkinje T\u00e1rsas\u00e1g, Eur\u00f3pai Dialysis \u00e9s Transzplant\u00e1ci\u00f3s T\u00e1rsas\u00e1g, Eur\u00f3pai Urol\u00f3gus T\u00e1rsas\u00e1g (alap\u00edt\u00f3 tag), N\u00e9met Urol\u00f3gus T\u00e1rsas\u00e1g, D\u00e9l-Nyugatn\u00e9met Urol\u00f3gus T\u00e1rsas\u00e1g (1985- tb. tag), Bolg\u00e1r Urol\u00f3gus T\u00e1rsas\u00e1g (1985- tb. tag) stb. R\u00e9szt vett t\u00f6bb szaklap szerkeszt\u0151bizotts\u00e1g\u00e1nak munk\u00e1j\u00e1ban is: Urologia i Nephrologia, Urologia Internationalis, Urology and Nephrology, Magyar Urol\u00f3giai \u00e9s Nephrol\u00f3giai Szemle.<\/p>\n<p style=\"text-align: justify\">Kit\u00fcntet\u00e9sei: Kiv\u00e1l\u00f3 orvos (1966), Illy\u00e9s G\u00e9za-d\u00edj (1978), Krompecher-eml\u00e9k\u00e9rem (1980), Munka \u00c9rdemrend arany fokozat (1986), Pro Sanitate-d\u00edj (2001). Gy\u00e9m\u00e1ntdiplom\u00e1j\u00e1t 2001-ben vette \u00e1t.<\/p>\n<p style=\"text-align: justify\"><strong>F\u0151bb munk\u00e1i:<\/strong> H\u00e1rom k\u00fcl\u00f6nb\u00f6z\u0151 kiindul\u00e1s\u00fa carcinoma egy\u00fcttes jelentkez\u00e9se. In: Pathol\u00f3gusok \u00c9vk\u00f6nyve, 1941.; A vese \u00fcregrendszer\u00e9nek felsz\u00edv\u00f3d\u00e1si viszonyai \/R\u00e9nyi-V\u00e1mos Ferenccel \u00e9s Szendr\u0151i Zolt\u00e1nnal\/. In: K\u00eds\u00e9rletes Orvostudom\u00e1ny, 1950.; Az urogenit\u00e1lis rendszer traumatol\u00f3gi\u00e1ja. Bp., 1957.; Pathologie und Klinik der Nierengeschw\u00fclste \/Szendr\u0151i Zolt\u00e1nnal\/. Bp., 1960.; A prosztatar\u00e1k kezel\u00e9s\u00e9nek mai \u00e1ll\u00e1sa, k\u00fcl\u00f6n\u00f6s tekintettel a komplex konzervat\u00edv ther\u00e1pi\u00e1ra. Doktori \u00e9rtekez\u00e9s. P\u00e9cs, 1963.; Der Prostatakrebs. Bp.\u2013Dresden\u2013Leipzig. 1965.; A gyakorl\u00f3 orvos urol\u00f3gi\u00e1ja. Bp., 1967, 4. kiad. 1976.; Cancer of Prostate \/Szendr\u0151i Zolt\u00e1nnal\/. Bp., 1968.; Pyelonephritis \/R\u00e9nyi- V\u00e1mos Ferenccel\/. Bp., 1977, angolul: 1979.; Heredaganatok \/Pint\u00e9r J\u00f3zseffel\/. Bp., 1978.; Dial\u00edziskezel\u00e9s \/R\u00e9nyi- V\u00e1mos Ferenccel \u00e9s Taraba Istv\u00e1nnal\/. Bp., 1985.; Urol\u00f3gia. Bp., 1986.; Magyar urol\u00f3gia 1946 \u00e9s 1996 k\u00f6z\u00f6tt. In: Magyar Urol\u00f3gia, 1997.<\/p>\n<p style=\"text-align: justify\"><strong>Nyughelye:<\/strong> Budapest, Farkasr\u00e9ti temet\u0151 31\/0\/5\/14.<\/p>\n<p><a href=\"https:\/\/semmelweis.hu\/baratikor\/galeria\/teljes-nevlista\/balogh-ferenc\/balogh-ferenc-1999-2004\/\" rel=\"attachment wp-att-1483\"><img loading=\"lazy\" decoding=\"async\" class=\"alignleft size-medium wp-image-1483\" src=\"https:\/\/semmelweis.hu\/baratikor\/files\/2023\/01\/Balogh-Ferenc-1999-2004-273x400.jpg\" alt=\"\" width=\"273\" height=\"400\" srcset=\"https:\/\/semmelweis.hu\/baratikor\/files\/2023\/01\/Balogh-Ferenc-1999-2004-273x400.jpg 273w, https:\/\/semmelweis.hu\/baratikor\/files\/2023\/01\/Balogh-Ferenc-1999-2004.jpg 682w\" sizes=\"auto, (max-width: 273px) 100vw, 273px\" \/><\/a><a href=\"https:\/\/semmelweis.hu\/baratikor\/galeria\/teljes-nevlista\/balogh-ferenc\/145_11\/\" rel=\"attachment wp-att-1555\"><img loading=\"lazy\" decoding=\"async\" class=\"alignleft size-full wp-image-1555\" src=\"https:\/\/semmelweis.hu\/baratikor\/files\/2023\/01\/145_11.jpg\" alt=\"\" width=\"295\" height=\"370\" \/><\/a><a href=\"https:\/\/semmelweis.hu\/baratikor\/galeria\/teljes-nevlista\/balogh-ferenc\/img_20200418_131949\/\" rel=\"attachment wp-att-1484\"><img loading=\"lazy\" decoding=\"async\" class=\"alignleft size-medium wp-image-1484\" src=\"https:\/\/semmelweis.hu\/baratikor\/files\/2023\/01\/IMG_20200418_131949-296x400.jpg\" alt=\"\" width=\"296\" height=\"400\" srcset=\"https:\/\/semmelweis.hu\/baratikor\/files\/2023\/01\/IMG_20200418_131949-296x400.jpg 296w, https:\/\/semmelweis.hu\/baratikor\/files\/2023\/01\/IMG_20200418_131949.jpg 741w\" sizes=\"auto, (max-width: 296px) 100vw, 296px\" \/><\/a><\/p>\n","protected":false},"excerpt":{"rendered":"<p><a href=\"https:\/\/semmelweis.hu\/baratikor\/galeria\/teljes-nevlista\/balogh-ferenc\/balogh-ferenc\/\" rel=\"attachment wp-att-1482\"><\/a> (Saj\u00f3szentp\u00e9ter, 1916. janu\u00e1r 29. \u2013 Budapest, 2003. szeptember 13.) Tansz\u00e9k: Urol\u00f3giai Klinika 1974-1986. Nyolcgyermekes f\u00f6ldm\u0171ves csal\u00e1db\u00f3l sz\u00e1rmazik, k\u00f6z\u00e9pfok\u00fa tanulm\u00e1nyait a miskolci reform\u00e1tus gimn\u00e1ziumban v\u00e9gezte. 1935-ben iratkozott be a P\u00e1zm\u00e1ny P\u00e9ter Tudom\u00e1nyegyetem Orvostudom\u00e1nyi Kar\u00e1ra, ahol 1941. szeptember 27-\u00e9n szerzett orvosi diplom\u00e1t. M\u00e1r hallgat\u00f3k\u00e9nt az I. sz. K\u00f3rbonctani Int\u00e9zet el\u0151bb d\u00edjtalan, majd d\u00edjas gyakornoka volt 1938. m\u00e1jus &hellip;<\/p>\n","protected":false},"author":282,"featured_media":5354,"parent":347,"menu_order":0,"comment_status":"closed","ping_status":"closed","template":"template-fullwidth.php","meta":{"_acf_changed":false,"footnotes":""},"categories":[77,14],"tags":[],"class_list":["post-1481","page","type-page","status-publish","has-post-thumbnail","hentry","category-kegyeleti-adattar","category-teljes-nevlista"],"acf":[],"_links":{"self":[{"href":"https:\/\/semmelweis.hu\/baratikor\/wp-json\/wp\/v2\/pages\/1481","targetHints":{"allow":["GET"]}}],"collection":[{"href":"https:\/\/semmelweis.hu\/baratikor\/wp-json\/wp\/v2\/pages"}],"about":[{"href":"https:\/\/semmelweis.hu\/baratikor\/wp-json\/wp\/v2\/types\/page"}],"author":[{"embeddable":true,"href":"https:\/\/semmelweis.hu\/baratikor\/wp-json\/wp\/v2\/users\/282"}],"replies":[{"embeddable":true,"href":"https:\/\/semmelweis.hu\/baratikor\/wp-json\/wp\/v2\/comments?post=1481"}],"version-history":[{"count":3,"href":"https:\/\/semmelweis.hu\/baratikor\/wp-json\/wp\/v2\/pages\/1481\/revisions"}],"predecessor-version":[{"id":1556,"href":"https:\/\/semmelweis.hu\/baratikor\/wp-json\/wp\/v2\/pages\/1481\/revisions\/1556"}],"up":[{"embeddable":true,"href":"https:\/\/semmelweis.hu\/baratikor\/wp-json\/wp\/v2\/pages\/347"}],"wp:featuredmedia":[{"embeddable":true,"href":"https:\/\/semmelweis.hu\/baratikor\/wp-json\/wp\/v2\/media\/5354"}],"wp:attachment":[{"href":"https:\/\/semmelweis.hu\/baratikor\/wp-json\/wp\/v2\/media?parent=1481"}],"wp:term":[{"taxonomy":"category","embeddable":true,"href":"https:\/\/semmelweis.hu\/baratikor\/wp-json\/wp\/v2\/categories?post=1481"},{"taxonomy":"post_tag","embeddable":true,"href":"https:\/\/semmelweis.hu\/baratikor\/wp-json\/wp\/v2\/tags?post=1481"}],"curies":[{"name":"wp","href":"https:\/\/api.w.org\/{rel}","templated":true}]}}