{"id":1471,"date":"2023-01-02T12:42:05","date_gmt":"2023-01-02T11:42:05","guid":{"rendered":"https:\/\/semmelweis.hu\/baratikor\/?page_id=1471"},"modified":"2023-10-11T14:01:51","modified_gmt":"2023-10-11T12:01:51","slug":"balassa-janos","status":"publish","type":"page","link":"https:\/\/semmelweis.hu\/baratikor\/galeria\/teljes-nevlista\/balassa-janos\/","title":{"rendered":"Balassa J\u00e1nos"},"content":{"rendered":"<p style=\"text-align: justify\"><strong> <a href=\"https:\/\/semmelweis.hu\/baratikor\/galeria\/teljes-nevlista\/balassa-janos\/balassa-janos-1866\/\" rel=\"attachment wp-att-1475\"><img loading=\"lazy\" decoding=\"async\" class=\"alignleft size-medium wp-image-1475\" src=\"https:\/\/semmelweis.hu\/baratikor\/files\/2023\/01\/Balassa-Janos-1866-315x400.jpg\" alt=\"\" width=\"315\" height=\"400\" srcset=\"https:\/\/semmelweis.hu\/baratikor\/files\/2023\/01\/Balassa-Janos-1866-315x400.jpg 315w, https:\/\/semmelweis.hu\/baratikor\/files\/2023\/01\/Balassa-Janos-1866-768x975.jpg 768w, https:\/\/semmelweis.hu\/baratikor\/files\/2023\/01\/Balassa-Janos-1866-753x956.jpg 753w, https:\/\/semmelweis.hu\/baratikor\/files\/2023\/01\/Balassa-Janos-1866.jpg 788w\" sizes=\"auto, (max-width: 315px) 100vw, 315px\" \/><\/a>(S\u00e1rszentl\u0151rinc, 1814. m\u00e1jus 5. \u2013 Pest, 1868. december 9.)<\/strong><\/p>\n<p style=\"text-align: justify\"><strong>Viselt egyetemi m\u00e9lt\u00f3s\u00e1g: <\/strong>kari igazgat\u00f3 1848\/49.<\/p>\n<p style=\"text-align: justify\">Tolna megyei evang\u00e9likus lelk\u00e9sz csal\u00e1dban sz\u00fcletett, k\u00f6z\u00e9piskol\u00e1it Sopronban \u00e9s Pozsonyban v\u00e9gezte. 1832-ben iratkozott be a pesti orvosi karra. H\u00e1rom \u00e9v elv\u00e9gz\u00e9se ut\u00e1n, sz\u00e1mos p\u00e1lyat\u00e1rs\u00e1hoz hasonl\u00f3an a sz\u00ednvonalasabb, \u00e1m l\u00e9nyegesen dr\u00e1g\u00e1bb b\u00e9csi egyetemen folytatta tanulm\u00e1nyait. Ekkor alakult ki az \u00fan. m\u00e1sodik b\u00e9csi iskola n\u00e9ven ismert \u00faj ir\u00e1nyzat, t\u00f6bbek k\u00f6z\u00f6tt Rokitansky, Skoda, Hebra, Kolletschka munk\u00e1ss\u00e1ga nyom\u00e1n, akiknek el\u0151ad\u00e1sait Balassa szorgalmasan l\u00e1togatta. Orvosi oklevel\u00e9t 1838-ban szerezte meg, majd \u00f6szt\u00f6nd\u00edjjal Wattmann professzor m\u0171t\u0151n\u00f6vend\u00e9ke lett a b\u00e9csi I. sz. seb\u00e9szeti klinik\u00e1n. Itt szerzett seb\u00e9szi k\u00e9pes\u00edt\u00e9st 1841-ben. A k\u00f6vetkez\u0151 \u00e9vben kinevezt\u00e9k a II. sz. seb\u00e9szeti klinika tan\u00e1rseg\u00e9di \u00e1ll\u00e1s\u00e1ba. Hamarosan megh\u00edv\u00e1st kapott a pesti seb\u00e9szeti klinik\u00e1ra, miut\u00e1n annak tan\u00e1r\u00e1t, St\u00e1hly Ign\u00e1cot orsz\u00e1gos f\u0151orvoss\u00e1 nevezt\u00e9k ki. A tansz\u00e9k meg\u00faj\u00edt\u00e1sa \u00e9s \u00e1tszervez\u00e9se \u00e9rdek\u00e9ben m\u00e9g 1842-ben hosszabb tanulm\u00e1ny\u00fatra indult. Ideje nagy r\u00e9sz\u00e9t P\u00e1rizsban t\u00f6lt\u00f6tte a francia seb\u00e9szeti iskola tanulm\u00e1nyoz\u00e1s\u00e1val. Munk\u00e1ss\u00e1g\u00e1ban a konzervat\u00edv gy\u00f3gyelj\u00e1r\u00e1sok h\u00edve volt, a seb\u00e9szeti beavatkoz\u00e1st csak a v\u00e9gs\u0151 megold\u00e1snak tekintette. A csonk\u00edt\u00e1s helyett a helyre\u00e1ll\u00edt\u00f3 megold\u00e1sokat prefer\u00e1lta, a plasztikai seb\u00e9szetben kiemelked\u0151 eredm\u00e9nyeket \u00e9rt el. 1847-ben, mind\u00f6ssze h\u00e1rom h\u00f3nappal a massachussets-i bemutat\u00f3 ut\u00e1n, Magyarorsz\u00e1gon els\u0151k\u00e9nt pr\u00f3b\u00e1lta ki az \u00e9teres altat\u00e1st, \u00f6nk\u00e9nt jelentkez\u0151 orvostanhallgat\u00f3kon. Ezut\u00e1n igen gyorsan sor ker\u00fclt a m\u0171t\u00e9ti alkalmaz\u00e1sra, ami m\u00e1r Schoepf-Merei \u00c1gost nev\u00e9hez f\u0171z\u0151dik. Szint\u00e9n els\u0151k\u00e9nt haszn\u00e1lta fel 1861-ben a tan\u00e1rt\u00e1rsa, Jan Nepomuk Czermak \u00e1ltal kifejlesztett g\u00e9get\u00fckr\u00f6t m\u0171t\u00e9tekn\u00e9l. Az 1840-es \u00e9vek k\u00f6zep\u00e9t\u0151l kezdett form\u00e1l\u00f3dni Balassa bar\u00e1ti k\u00f6r\u00e9b\u0151l az \u00fan. pesti orvosi iskola, ahol olyan nevekkel tal\u00e1lkozni mint Kor\u00e1nyi Frigyes, Kov\u00e1cs Sebest\u00e9ny Endre, Lumniczer S\u00e1ndor, Markusovszky Lajos, Wagner J\u00e1nos. Hozz\u00e1juk csatlakozott k\u00e9s\u0151bb Semmelweis, Hirschler Ign\u00e1c \u00e9s B\u00f3kai J\u00e1nos. 1848-ban szerepet v\u00e1llaltak az orsz\u00e1g k\u00f6zeg\u00e9szs\u00e9g\u00fcgye \u00e9s az orvosk\u00e9pz\u00e9s \u00e1talak\u00edt\u00e1s\u00e1ban. A Batthy\u00e1ny-korm\u00e1ny Balass\u00e1t nevezte ki a pesti orvosi kar igazgat\u00f3j\u00e1v\u00e1 \u00e9s a vall\u00e1s-\u00e9s k\u00f6zoktat\u00e1si miniszt\u00e9rium egyetemi \u00fcgyeket int\u00e9z\u0151 oszt\u00e1ly\u00e1nak vezet\u0151j\u00e9v\u00e9. A szabads\u00e1gharc kit\u00f6r\u00e9sekor a pesti orvoskaron honv\u00e9dk\u00f3rh\u00e1zat \u00e9s honv\u00e9dorvosi tanfolyamot szervezett. Tev\u00e9kenys\u00e9g\u00e9\u00e9rt a szabads\u00e1gharc lever\u00e9se ut\u00e1n a hadit\u00f6rv\u00e9nysz\u00e9k h\u00e1romhavi b\u00f6rt\u00f6nb\u00fcntet\u00e9sre \u00edt\u00e9lte, de k\u00e9t h\u00f3nap ut\u00e1n kegyelemmel szabadult. 1857-ben bar\u00e1taival megind\u00edtotta az Orvosi Hetilapot. A k\u00f6r kidolgozta a hazai eg\u00e9szs\u00e9g\u00fcgy \u00e9s orvosk\u00e9pz\u00e9s meg\u00faj\u00edt\u00e1s\u00e1nak programj\u00e1t. 1858-ban az MTA tiszteleti tagj\u00e1v\u00e1 v\u00e1lasztotta. A kiegyez\u00e9s ut\u00e1n Balass\u00e1t megv\u00e1lasztott\u00e1k a korm\u00e1ny tan\u00e1csad\u00f3 test\u00fcletek\u00e9nt is m\u0171k\u00f6d\u0151 Orsz\u00e1gos K\u00f6zeg\u00e9szs\u00e9g\u00fcgyi Tan\u00e1cs eln\u00f6k\u00e9v\u00e9. Nagy tervei val\u00f3ra v\u00e1lt\u00e1sa azonban bar\u00e1taira, els\u0151sorban Markusovszkyra maradt, mivel 1868. december 9-\u00e9n, 56 \u00e9ves kor\u00e1ban meghalt egy akkor m\u00e9g kezelhetetlen vakb\u00e9lgyullad\u00e1s k\u00f6vetkezt\u00e9ben. Eml\u00e9k\u00e9re alap\u00edtotta a Magyar Seb\u00e9szt\u00e1rsas\u00e1g 1906-ban a Balassa J\u00e1nos eml\u00e9k\u00e9rmet.<\/p>\n<p style=\"text-align: justify\"><strong>F\u0151bb munk\u00e1i:<\/strong> Gyakorlati seb\u00e9szet. Pest, 1844.; A hass\u00e9rvekr\u0151l. Pest, 1853.; \u00daj m\u0171t\u00e9t m\u00f3dozata az orrk\u00e9pz\u00e9s k\u00f6r\u00fcl. Pest, 1863.; K\u00e9pz\u0151 m\u0171t\u00e9tek. Pest, 1867.; Balassa J\u00e1nos \u00f6sszegy\u0171jt\u00f6tt kisebb m\u0171vei. \u00d6ssze\u00e1ll\u00edtotta: Janny Gyula, Bp., 1875.<\/p>\n<p style=\"text-align: justify\"><strong>Nyughelye: <\/strong>Fiumei \u00fati temet\u0151 FM\/JOBB\/1\/194-195 (Fiumei \u00fat-Salg\u00f3tarj\u00e1ni \u00fat sarok).<\/p>\n<p><strong><a href=\"https:\/\/semmelweis.hu\/baratikor\/galeria\/teljes-nevlista\/balassa-janos\/081_11\/\" rel=\"attachment wp-att-1478\"><img loading=\"lazy\" decoding=\"async\" class=\"alignleft size-full wp-image-1478\" src=\"https:\/\/semmelweis.hu\/baratikor\/files\/2023\/01\/081_11.jpg\" alt=\"\" width=\"295\" height=\"370\" \/><\/a><a href=\"https:\/\/semmelweis.hu\/baratikor\/galeria\/teljes-nevlista\/balassa-janos\/balassa-1866-b\/\" rel=\"attachment wp-att-1472\"><img loading=\"lazy\" decoding=\"async\" class=\"alignleft size-medium wp-image-1472\" src=\"https:\/\/semmelweis.hu\/baratikor\/files\/2023\/01\/Balassa-1866-b-354x400.jpg\" alt=\"\" width=\"354\" height=\"400\" srcset=\"https:\/\/semmelweis.hu\/baratikor\/files\/2023\/01\/Balassa-1866-b-354x400.jpg 354w, https:\/\/semmelweis.hu\/baratikor\/files\/2023\/01\/Balassa-1866-b-768x867.jpg 768w, https:\/\/semmelweis.hu\/baratikor\/files\/2023\/01\/Balassa-1866-b-753x850.jpg 753w, https:\/\/semmelweis.hu\/baratikor\/files\/2023\/01\/Balassa-1866-b.jpg 886w\" sizes=\"auto, (max-width: 354px) 100vw, 354px\" \/><\/a><\/strong><strong><a href=\"https:\/\/semmelweis.hu\/baratikor\/galeria\/teljes-nevlista\/balassa-janos\/balassa-2\/\" rel=\"attachment wp-att-1473\"><img loading=\"lazy\" decoding=\"async\" class=\"alignleft size-medium wp-image-1473\" src=\"https:\/\/semmelweis.hu\/baratikor\/files\/2023\/01\/Balassa-2-236x400.jpg\" alt=\"\" width=\"236\" height=\"400\" srcset=\"https:\/\/semmelweis.hu\/baratikor\/files\/2023\/01\/Balassa-2-236x400.jpg 236w, https:\/\/semmelweis.hu\/baratikor\/files\/2023\/01\/Balassa-2.jpg 590w\" sizes=\"auto, (max-width: 236px) 100vw, 236px\" \/><\/a><\/strong><strong><a href=\"https:\/\/semmelweis.hu\/baratikor\/galeria\/teljes-nevlista\/balassa-janos\/balassa-janos\/\" rel=\"attachment wp-att-1474\"><img loading=\"lazy\" decoding=\"async\" class=\"alignleft size-medium wp-image-1474\" src=\"https:\/\/semmelweis.hu\/baratikor\/files\/2023\/01\/Balassa-Janos-267x400.jpg\" alt=\"\" width=\"267\" height=\"400\" srcset=\"https:\/\/semmelweis.hu\/baratikor\/files\/2023\/01\/Balassa-Janos-267x400.jpg 267w, https:\/\/semmelweis.hu\/baratikor\/files\/2023\/01\/Balassa-Janos.jpg 667w\" sizes=\"auto, (max-width: 267px) 100vw, 267px\" \/><\/a><\/strong><\/p>\n","protected":false},"excerpt":{"rendered":"<p><a href=\"https:\/\/semmelweis.hu\/baratikor\/galeria\/teljes-nevlista\/balassa-janos\/balassa-janos-1866\/\" rel=\"attachment wp-att-1475\"><\/a> (S\u00e1rszentl\u0151rinc, 1814. m\u00e1jus 5. \u2013 Pest, 1868. december 9.) Viselt egyetemi m\u00e9lt\u00f3s\u00e1g: kari igazgat\u00f3 1848\/49. Tolna megyei evang\u00e9likus lelk\u00e9sz csal\u00e1dban sz\u00fcletett, k\u00f6z\u00e9piskol\u00e1it Sopronban \u00e9s Pozsonyban v\u00e9gezte. 1832-ben iratkozott be a pesti orvosi karra. H\u00e1rom \u00e9v elv\u00e9gz\u00e9se ut\u00e1n, sz\u00e1mos p\u00e1lyat\u00e1rs\u00e1hoz hasonl\u00f3an a sz\u00ednvonalasabb, \u00e1m l\u00e9nyegesen dr\u00e1g\u00e1bb b\u00e9csi egyetemen folytatta tanulm\u00e1nyait. Ekkor alakult ki az \u00fan. m\u00e1sodik &hellip;<\/p>\n","protected":false},"author":282,"featured_media":5350,"parent":347,"menu_order":0,"comment_status":"closed","ping_status":"closed","template":"template-fullwidth.php","meta":{"_acf_changed":false,"footnotes":""},"categories":[77,14],"tags":[],"class_list":["post-1471","page","type-page","status-publish","has-post-thumbnail","hentry","category-kegyeleti-adattar","category-teljes-nevlista"],"acf":[],"_links":{"self":[{"href":"https:\/\/semmelweis.hu\/baratikor\/wp-json\/wp\/v2\/pages\/1471","targetHints":{"allow":["GET"]}}],"collection":[{"href":"https:\/\/semmelweis.hu\/baratikor\/wp-json\/wp\/v2\/pages"}],"about":[{"href":"https:\/\/semmelweis.hu\/baratikor\/wp-json\/wp\/v2\/types\/page"}],"author":[{"embeddable":true,"href":"https:\/\/semmelweis.hu\/baratikor\/wp-json\/wp\/v2\/users\/282"}],"replies":[{"embeddable":true,"href":"https:\/\/semmelweis.hu\/baratikor\/wp-json\/wp\/v2\/comments?post=1471"}],"version-history":[{"count":4,"href":"https:\/\/semmelweis.hu\/baratikor\/wp-json\/wp\/v2\/pages\/1471\/revisions"}],"predecessor-version":[{"id":1480,"href":"https:\/\/semmelweis.hu\/baratikor\/wp-json\/wp\/v2\/pages\/1471\/revisions\/1480"}],"up":[{"embeddable":true,"href":"https:\/\/semmelweis.hu\/baratikor\/wp-json\/wp\/v2\/pages\/347"}],"wp:featuredmedia":[{"embeddable":true,"href":"https:\/\/semmelweis.hu\/baratikor\/wp-json\/wp\/v2\/media\/5350"}],"wp:attachment":[{"href":"https:\/\/semmelweis.hu\/baratikor\/wp-json\/wp\/v2\/media?parent=1471"}],"wp:term":[{"taxonomy":"category","embeddable":true,"href":"https:\/\/semmelweis.hu\/baratikor\/wp-json\/wp\/v2\/categories?post=1471"},{"taxonomy":"post_tag","embeddable":true,"href":"https:\/\/semmelweis.hu\/baratikor\/wp-json\/wp\/v2\/tags?post=1471"}],"curies":[{"name":"wp","href":"https:\/\/api.w.org\/{rel}","templated":true}]}}