{"id":1457,"date":"2023-01-02T11:44:04","date_gmt":"2023-01-02T10:44:04","guid":{"rendered":"https:\/\/semmelweis.hu\/baratikor\/?page_id=1457"},"modified":"2023-01-09T11:11:26","modified_gmt":"2023-01-09T10:11:26","slug":"auer-karoly-gabor","status":"publish","type":"page","link":"https:\/\/semmelweis.hu\/baratikor\/galeria\/teljes-nevlista\/auer-karoly-gabor\/","title":{"rendered":"Auer K\u00e1roly G\u00e1bor"},"content":{"rendered":"<p><strong>(Baja, 1794. &#8211; Pest, 1821. szeptember 12.) <\/strong><\/p>\n<p><strong>Tansz\u00e9k: <\/strong>\u00e1ltal\u00e1nos k\u00f3r- \u00e9s gy\u00f3gyszertan.<\/p>\n<p>\u00c9let\u00e9r\u0151l alig tudunk valamit. Orvosi tanulm\u00e1nyait a pesti egyetemen v\u00e9gezte, 1819. m\u00e1jus 29-\u00e9n avatt\u00e1k orvosdoktorr\u00e1. Fiatal kora ellen\u00e9re m\u00e1r 1821. m\u00e1rcius 21-\u00e9n kinevez\u00e9st kapott az \u00e1ltal\u00e1nos k\u00f3r- \u00e9s gy\u00f3gytan tansz\u00e9k\u00e9re, amit betegesked\u00e9se miatt nem foglalhatott el, \u00e9s m\u00e9g ebben az \u00e9vben, a tan\u00e9v kezdete el\u0151tt el is hunyt. Egyetlen ismert munk\u00e1ja orvosi disszert\u00e1ci\u00f3ja, mely nyomtat\u00e1sban is megjelent.<\/p>\n<p><strong>F\u0151bb munk\u00e1ja:<\/strong> Dissertatio inauguralis medica de athmosphaera et eius influxu morbifico. Pestini, 1819.<\/p>\n<p><strong>Nyughelye:<\/strong> nem ismert.<\/p>\n","protected":false},"excerpt":{"rendered":"<p>(Baja, 1794. &#8211; Pest, 1821. szeptember 12.) Tansz\u00e9k: \u00e1ltal\u00e1nos k\u00f3r- \u00e9s gy\u00f3gyszertan. \u00c9let\u00e9r\u0151l alig tudunk valamit. Orvosi tanulm\u00e1nyait a pesti egyetemen v\u00e9gezte, 1819. m\u00e1jus 29-\u00e9n avatt\u00e1k orvosdoktorr\u00e1. Fiatal kora ellen\u00e9re m\u00e1r 1821. m\u00e1rcius 21-\u00e9n kinevez\u00e9st kapott az \u00e1ltal\u00e1nos k\u00f3r- \u00e9s gy\u00f3gytan tansz\u00e9k\u00e9re, amit betegesked\u00e9se miatt nem foglalhatott el, \u00e9s m\u00e9g ebben az \u00e9vben, a tan\u00e9v &hellip;<\/p>\n","protected":false},"author":282,"featured_media":0,"parent":347,"menu_order":0,"comment_status":"closed","ping_status":"closed","template":"template-fullwidth.php","meta":{"_acf_changed":false,"footnotes":""},"categories":[77,14],"tags":[],"class_list":["post-1457","page","type-page","status-publish","hentry","category-kegyeleti-adattar","category-teljes-nevlista"],"acf":[],"_links":{"self":[{"href":"https:\/\/semmelweis.hu\/baratikor\/wp-json\/wp\/v2\/pages\/1457","targetHints":{"allow":["GET"]}}],"collection":[{"href":"https:\/\/semmelweis.hu\/baratikor\/wp-json\/wp\/v2\/pages"}],"about":[{"href":"https:\/\/semmelweis.hu\/baratikor\/wp-json\/wp\/v2\/types\/page"}],"author":[{"embeddable":true,"href":"https:\/\/semmelweis.hu\/baratikor\/wp-json\/wp\/v2\/users\/282"}],"replies":[{"embeddable":true,"href":"https:\/\/semmelweis.hu\/baratikor\/wp-json\/wp\/v2\/comments?post=1457"}],"version-history":[{"count":1,"href":"https:\/\/semmelweis.hu\/baratikor\/wp-json\/wp\/v2\/pages\/1457\/revisions"}],"predecessor-version":[{"id":1458,"href":"https:\/\/semmelweis.hu\/baratikor\/wp-json\/wp\/v2\/pages\/1457\/revisions\/1458"}],"up":[{"embeddable":true,"href":"https:\/\/semmelweis.hu\/baratikor\/wp-json\/wp\/v2\/pages\/347"}],"wp:attachment":[{"href":"https:\/\/semmelweis.hu\/baratikor\/wp-json\/wp\/v2\/media?parent=1457"}],"wp:term":[{"taxonomy":"category","embeddable":true,"href":"https:\/\/semmelweis.hu\/baratikor\/wp-json\/wp\/v2\/categories?post=1457"},{"taxonomy":"post_tag","embeddable":true,"href":"https:\/\/semmelweis.hu\/baratikor\/wp-json\/wp\/v2\/tags?post=1457"}],"curies":[{"name":"wp","href":"https:\/\/api.w.org\/{rel}","templated":true}]}}