{"id":1429,"date":"2023-01-02T09:42:18","date_gmt":"2023-01-02T08:42:18","guid":{"rendered":"https:\/\/semmelweis.hu\/baratikor\/?page_id=1429"},"modified":"2023-01-09T11:29:46","modified_gmt":"2023-01-09T10:29:46","slug":"prandt-adam-ignac","status":"publish","type":"page","link":"https:\/\/semmelweis.hu\/baratikor\/galeria\/teljes-nevlista\/prandt-adam-ignac\/","title":{"rendered":"Prandt \u00c1d\u00e1m Ign\u00e1c"},"content":{"rendered":"<p style=\"text-align: justify\"><strong>(P\u00e9terv\u00e1rad, 1739. febru\u00e1r 12. \u2013 Pest, 1817. j\u00falius 15.)<\/strong><\/p>\n<p style=\"text-align: justify\"><strong>Tansz\u00e9k: <\/strong>\u00e9lettan \u00e9s gy\u00f3gyszertan 1770-1783, \u00e1ltal\u00e1nos k\u00f3r- \u00e9s gy\u00f3gytan 1783-1791, k\u00fcl\u00f6n\u00f6s k\u00f3r- \u00e9s gy\u00f3gytan 1791-1813.<\/p>\n<p style=\"text-align: justify\"><strong>Viselt egyetemi m\u00e9lt\u00f3s\u00e1g: <\/strong>d\u00e9k\u00e1n 1770\/71-1772\/73, 1776\/77, 1781\/82, 1787\/88, 1789\/90; rektor 1774\/75.<\/p>\n<p style=\"text-align: justify\">Orvosi tanulm\u00e1nyait B\u00e9csben v\u00e9gezte el 1768-ban. 1770-t\u0151l a nagyszombati Orvoskar egyik els\u0151 tan\u00e1ra az \u00e9lettan \u00e9s gy\u00f3gyszertan tansz\u00e9ken. T\u00e1rgy\u00e1t Boerhaave munk\u00e1ja, illetve van Swieten hozz\u00e1f\u0171z\u00f6tt komment\u00e1rjai alapj\u00e1n adta el\u0151. 1783\/84-t\u0151l az \u00e1ltal\u00e1nos k\u00f3r- \u00e9s gy\u00f3gytan tan\u00e1ra lett. Az 1791\/92. tan\u00e9vt\u0151l p\u00e1ly\u00e1ja v\u00e9g\u00e9ig, az 1812\/13. tan\u00e9vig a k\u00fcl\u00f6n\u00f6s k\u00f3r- \u00e9s gy\u00f3gytan tansz\u00e9k\u00e9t vezette. Az uralkod\u00f3, I. Ferenc 1813. okt\u00f3ber 22-\u00e9n nyug\u00e1llom\u00e1nyba helyezte az id\u0151s \u00e9s feladatait t\u00f6bb\u00e9 ell\u00e1tni csak nehezen k\u00e9pes Prandtot. H\u00e9t alkalommal viselt d\u00e9k\u00e1ni (1770\/71, 1771\/72, 1772\/73, 1776\/77, 1781\/82, 1787\/88, 1789\/90), egyszer (1774\/75) rektori m\u00e9lt\u00f3s\u00e1got. 1790. november 30-\u00e1n ism\u00e9t rektorr\u00e1 v\u00e1lasztott\u00e1k, de \u0151 nem fogadta el a tiszts\u00e9get.<\/p>\n<p style=\"text-align: justify\"><strong>F\u0151bb munk\u00e1ja:<\/strong> Dissertatio inauguralis medica de vesicantibus. Viennae, 1768.<\/p>\n<p style=\"text-align: justify\"><strong>Nyughelye:<\/strong> nem ismert.<\/p>\n","protected":false},"excerpt":{"rendered":"<p>(P\u00e9terv\u00e1rad, 1739. febru\u00e1r 12. \u2013 Pest, 1817. j\u00falius 15.) Tansz\u00e9k: \u00e9lettan \u00e9s gy\u00f3gyszertan 1770-1783, \u00e1ltal\u00e1nos k\u00f3r- \u00e9s gy\u00f3gytan 1783-1791, k\u00fcl\u00f6n\u00f6s k\u00f3r- \u00e9s gy\u00f3gytan 1791-1813. Viselt egyetemi m\u00e9lt\u00f3s\u00e1g: d\u00e9k\u00e1n 1770\/71-1772\/73, 1776\/77, 1781\/82, 1787\/88, 1789\/90; rektor 1774\/75. Orvosi tanulm\u00e1nyait B\u00e9csben v\u00e9gezte el 1768-ban. 1770-t\u0151l a nagyszombati Orvoskar egyik els\u0151 tan\u00e1ra az \u00e9lettan \u00e9s gy\u00f3gyszertan tansz\u00e9ken. T\u00e1rgy\u00e1t Boerhaave &hellip;<\/p>\n","protected":false},"author":282,"featured_media":0,"parent":347,"menu_order":0,"comment_status":"closed","ping_status":"closed","template":"template-fullwidth.php","meta":{"_acf_changed":false,"footnotes":""},"categories":[6,20,77,81,5,16,14],"tags":[],"class_list":["post-1429","page","type-page","status-publish","hentry","category-dekanok","category-dekanok-karok-szerint","category-kegyeleti-adattar","category-orvosi-kar-dekanjai","category-rektorok","category-tanszekvezetok","category-teljes-nevlista"],"acf":[],"_links":{"self":[{"href":"https:\/\/semmelweis.hu\/baratikor\/wp-json\/wp\/v2\/pages\/1429","targetHints":{"allow":["GET"]}}],"collection":[{"href":"https:\/\/semmelweis.hu\/baratikor\/wp-json\/wp\/v2\/pages"}],"about":[{"href":"https:\/\/semmelweis.hu\/baratikor\/wp-json\/wp\/v2\/types\/page"}],"author":[{"embeddable":true,"href":"https:\/\/semmelweis.hu\/baratikor\/wp-json\/wp\/v2\/users\/282"}],"replies":[{"embeddable":true,"href":"https:\/\/semmelweis.hu\/baratikor\/wp-json\/wp\/v2\/comments?post=1429"}],"version-history":[{"count":2,"href":"https:\/\/semmelweis.hu\/baratikor\/wp-json\/wp\/v2\/pages\/1429\/revisions"}],"predecessor-version":[{"id":1441,"href":"https:\/\/semmelweis.hu\/baratikor\/wp-json\/wp\/v2\/pages\/1429\/revisions\/1441"}],"up":[{"embeddable":true,"href":"https:\/\/semmelweis.hu\/baratikor\/wp-json\/wp\/v2\/pages\/347"}],"wp:attachment":[{"href":"https:\/\/semmelweis.hu\/baratikor\/wp-json\/wp\/v2\/media?parent=1429"}],"wp:term":[{"taxonomy":"category","embeddable":true,"href":"https:\/\/semmelweis.hu\/baratikor\/wp-json\/wp\/v2\/categories?post=1429"},{"taxonomy":"post_tag","embeddable":true,"href":"https:\/\/semmelweis.hu\/baratikor\/wp-json\/wp\/v2\/tags?post=1429"}],"curies":[{"name":"wp","href":"https:\/\/api.w.org\/{rel}","templated":true}]}}