{"id":1427,"date":"2023-01-02T09:45:24","date_gmt":"2023-01-02T08:45:24","guid":{"rendered":"https:\/\/semmelweis.hu\/baratikor\/?page_id=1427"},"modified":"2023-10-12T17:20:34","modified_gmt":"2023-10-12T15:20:34","slug":"winterl-jakab-jozsef","status":"publish","type":"page","link":"https:\/\/semmelweis.hu\/baratikor\/galeria\/teljes-nevlista\/winterl-jakab-jozsef\/","title":{"rendered":"Winterl Jakab J\u00f3zsef"},"content":{"rendered":"<p style=\"text-align: justify\"><strong> <a href=\"https:\/\/semmelweis.hu\/baratikor\/files\/2023\/07\/Winterl-Jozsef-Jakab-318.-X.119-3_jav.jpg\"><img loading=\"lazy\" decoding=\"async\" class=\"alignleft size-medium wp-image-5197\" src=\"https:\/\/semmelweis.hu\/baratikor\/files\/2023\/07\/Winterl-Jozsef-Jakab-318.-X.119-3_jav-256x400.jpg\" alt=\"\" width=\"256\" height=\"400\" srcset=\"https:\/\/semmelweis.hu\/baratikor\/files\/2023\/07\/Winterl-Jozsef-Jakab-318.-X.119-3_jav-256x400.jpg 256w, https:\/\/semmelweis.hu\/baratikor\/files\/2023\/07\/Winterl-Jozsef-Jakab-318.-X.119-3_jav-655x1024.jpg 655w, https:\/\/semmelweis.hu\/baratikor\/files\/2023\/07\/Winterl-Jozsef-Jakab-318.-X.119-3_jav-768x1201.jpg 768w, https:\/\/semmelweis.hu\/baratikor\/files\/2023\/07\/Winterl-Jozsef-Jakab-318.-X.119-3_jav-982x1536.jpg 982w, https:\/\/semmelweis.hu\/baratikor\/files\/2023\/07\/Winterl-Jozsef-Jakab-318.-X.119-3_jav-753x1178.jpg 753w, https:\/\/semmelweis.hu\/baratikor\/files\/2023\/07\/Winterl-Jozsef-Jakab-318.-X.119-3_jav.jpg 1220w\" sizes=\"auto, (max-width: 256px) 100vw, 256px\" \/><\/a>(Eisenerz\/Steyr, 1739. \u00e1prilis 15. &#8211; Pest, 1809. november 23.)<\/strong><\/p>\n<p style=\"text-align: justify\"><strong>Tansz\u00e9k: <\/strong>botanika \u00e9s k\u00e9mia 1770-1809.<\/p>\n<p style=\"text-align: justify\"><strong>Viselt egyetemi m\u00e9lt\u00f3s\u00e1g: <\/strong>rektor 1779\/80, 1790\/91, d\u00e9k\u00e1n 1773\/74-1774\/75, 1778\/79, 1783\/84, 1788\/89, 1792\/93.<\/p>\n<p style=\"text-align: justify\">Ausztriai sz\u00fclet\u00e9s\u0171, b\u00e1r a pontos helyet illet\u0151en elt\u00e9rnek a forr\u00e1sok (St\u00e1jerorsz\u00e1g vagy Fels\u0151-Ausztria). Eredetileg papi p\u00e1ly\u00e1ra k\u00e9sz\u00fclt, de azt\u00e1n B\u00e9csben orvosl\u00e1st \u00e9s botanik\u00e1t tanult. Itt szerzett el\u0151bb b\u00f6lcs\u00e9sz, majd orvosi doktor\u00e1tust. Ezut\u00e1n Fels\u0151-Ausztri\u00e1ban, majd a fels\u0151-magyarorsz\u00e1gi b\u00e1nyav\u00e1rosokban folytatott orvosi gyakorlatot. 1770-t\u0151l a nagyszombati Orvoskar botanika \u00e9s k\u00e9mia tan\u00e1ra lett, mely \u00e1ll\u00e1s\u00e1t hal\u00e1l\u00e1ig t\u00f6lt\u00f6tte be. A k\u00f6zben k\u00e9tszer is tov\u00e1bbk\u00f6lt\u00f6z\u0151 egyetem mindh\u00e1rom sz\u00e9khely\u00e9n (Nagyszombat, Buda, Pest) l\u00e9tes\u00edtett f\u00fcv\u00e9szkertet, sz\u00e1mos hazai n\u00f6v\u00e9nyt els\u0151k\u00e9nt \u00edrt le. Els\u0151k\u00e9nt honos\u00edtotta meg Magyarorsz\u00e1gon a dualisztikus k\u00e9miai rendszert. 1784-ben k\u00f6zz\u00e9tett elektrok\u00e9miai vizsg\u00e1lataival m\u00e1r elvi lehet\u0151s\u00e9gk\u00e9nt vetette fel az akkumul\u00e1tor megalkot\u00e1s\u00e1nak lehet\u0151s\u00e9g\u00e9t. Felfedezte a rod\u00e1nidos vasreakci\u00f3t. Sz\u00e1mos kort\u00e1rs\u00e1hoz hasonl\u00f3an \u00e1sv\u00e1nyv\u00edzelemz\u00e9seket is v\u00e9gzett. V\u00e9rl\u00fags\u00f3b\u00f3l k\u00e9k fest\u00e9ket \u00e1ll\u00edtott el\u0151, meg\u00e1llap\u00edtotta, hogy k\u0151sz\u00e9nb\u0151l is el\u0151\u00e1ll\u00edthat\u00f3 k\u00e9k fest\u00e9k, vizsg\u00e1lta \u00f6sszet\u00e9tel\u00e9t \u00e9s figyelemre m\u00e9lt\u00f3 eredm\u00e9nyeket \u00e9rt el. Nagy \u00e9rdeme, hogy a botanikai oktat\u00e1sba is bevezette a szeml\u00e9ltet\u00e9st. 1784-ben a J\u00f3zsefv\u00e1rosban saj\u00e1t p\u00e9nzen v\u00e1s\u00e1rolt telken megalap\u00edtotta a pesti botanikus kertet, ahol vir\u00e1gz\u00f3 gy\u00fcm\u00f6lcs\u00f6st l\u00e9tes\u00edtett. Kort\u00e1rs\u00e1val, Tessedik S\u00e1muellel egy\u00fctt az alf\u00f6ldi gy\u00fcm\u00f6lcstermeszt\u00e9s egyik \u00fatt\u00f6r\u0151je volt. Linn\u00e9 rendszer\u00e9hez ragaszkodott. Befejezetlen Index\u00e9ben 1656 n\u00f6v\u00e9nyfaj nev\u00e9t sorolta fel, 26 n\u00f6v\u00e9ny rajz\u00e1t r\u00e9zmetszetben mell\u00e9kelte, de csak azt jelezte, hogy h\u00e1ny ismeretlen fajt tal\u00e1lt. 1784-ben tud\u00f3st\u00e1rsas\u00e1got is szervezett. Endlicher r\u00f3la nevezte el az amm\u00f3nia egyik fajt\u00e1j\u00e1t Winterli\u00e1nak. D\u00e9k\u00e1ni tiszts\u00e9gre hatszor, rektorira k\u00e9tszer v\u00e1lasztott\u00e1k.<\/p>\n<p style=\"text-align: justify\"><strong>F\u0151bb munk\u00e1i:<\/strong> Dissertatio inauguralis medica proponens in flammationis theoriam novam. Viennae, 1767.; De metallis dubiis. Viennae, 1770.; Systematis them\u00edci. Tyrnaviae, 1773.; Flora Tyrnaviensis. Tyrnaviae, 1774\u201378.; Index horti botanici Tyrnaviensis. Tyrnaviae, 1775.; Index secundus horti botanici Universitatis quae Pestini est. N\u00e9v n\u00e9lk\u00fcl, Pestini, 1788.; Die Kunst, Blutlauge und mehrere zur Blauf\u00e4rberei dienliche Materialien in Grossen zu bereiten und solches zur Blauf\u00e4rberei anzuwenden. Wien, 1790.; \u00dcber das Brownische System. Ofen, 1798.; De aqua soteria thermarum Budensium. Budae, 1804.; Darstellung der vier Bestandtheile der anorganischen Natur&#8230; Jena, 1804.<\/p>\n<p style=\"text-align: justify\"><strong>Nyughelye:<\/strong> nem ismert (Fiumei \u00fati temet\u0151, jobb oldali fal 571. helyen nincs).<\/p>\n<p><strong><a href=\"https:\/\/semmelweis.hu\/baratikor\/files\/2023\/07\/Winterl-Jozsef-Jakab-318.-X.119-1_jav_1.jpg\"><img loading=\"lazy\" decoding=\"async\" class=\"alignleft size-medium wp-image-5195\" src=\"https:\/\/semmelweis.hu\/baratikor\/files\/2023\/07\/Winterl-Jozsef-Jakab-318.-X.119-1_jav_1-283x400.jpg\" alt=\"\" width=\"283\" height=\"400\" srcset=\"https:\/\/semmelweis.hu\/baratikor\/files\/2023\/07\/Winterl-Jozsef-Jakab-318.-X.119-1_jav_1-283x400.jpg 283w, https:\/\/semmelweis.hu\/baratikor\/files\/2023\/07\/Winterl-Jozsef-Jakab-318.-X.119-1_jav_1.jpg 708w\" sizes=\"auto, (max-width: 283px) 100vw, 283px\" \/><\/a><\/strong><strong><a href=\"https:\/\/semmelweis.hu\/baratikor\/files\/2023\/07\/Winterl-Jozsef-Jakab-318.-X.119-1_jav_2.jpg\"><img loading=\"lazy\" decoding=\"async\" class=\"alignleft size-medium wp-image-5196\" src=\"https:\/\/semmelweis.hu\/baratikor\/files\/2023\/07\/Winterl-Jozsef-Jakab-318.-X.119-1_jav_2-332x400.jpg\" alt=\"\" width=\"332\" height=\"400\" srcset=\"https:\/\/semmelweis.hu\/baratikor\/files\/2023\/07\/Winterl-Jozsef-Jakab-318.-X.119-1_jav_2-332x400.jpg 332w, https:\/\/semmelweis.hu\/baratikor\/files\/2023\/07\/Winterl-Jozsef-Jakab-318.-X.119-1_jav_2-768x926.jpg 768w, https:\/\/semmelweis.hu\/baratikor\/files\/2023\/07\/Winterl-Jozsef-Jakab-318.-X.119-1_jav_2-753x908.jpg 753w, https:\/\/semmelweis.hu\/baratikor\/files\/2023\/07\/Winterl-Jozsef-Jakab-318.-X.119-1_jav_2.jpg 829w\" sizes=\"auto, (max-width: 332px) 100vw, 332px\" \/><\/a><\/strong><\/p>\n","protected":false},"excerpt":{"rendered":"<p><a href=\"https:\/\/semmelweis.hu\/baratikor\/files\/2023\/07\/Winterl-Jozsef-Jakab-318.-X.119-3_jav.jpg\"><\/a> (Eisenerz\/Steyr, 1739. \u00e1prilis 15. &#8211; Pest, 1809. november 23.) Tansz\u00e9k: botanika \u00e9s k\u00e9mia 1770-1809. Viselt egyetemi m\u00e9lt\u00f3s\u00e1g: rektor 1779\/80, 1790\/91, d\u00e9k\u00e1n 1773\/74-1774\/75, 1778\/79, 1783\/84, 1788\/89, 1792\/93. Ausztriai sz\u00fclet\u00e9s\u0171, b\u00e1r a pontos helyet illet\u0151en elt\u00e9rnek a forr\u00e1sok (St\u00e1jerorsz\u00e1g vagy Fels\u0151-Ausztria). Eredetileg papi p\u00e1ly\u00e1ra k\u00e9sz\u00fclt, de azt\u00e1n B\u00e9csben orvosl\u00e1st \u00e9s botanik\u00e1t tanult. Itt szerzett el\u0151bb b\u00f6lcs\u00e9sz, majd &hellip;<\/p>\n","protected":false},"author":282,"featured_media":5465,"parent":347,"menu_order":0,"comment_status":"closed","ping_status":"closed","template":"template-fullwidth.php","meta":{"_acf_changed":false,"footnotes":""},"categories":[6,20,77,81,5,16,14],"tags":[],"class_list":["post-1427","page","type-page","status-publish","has-post-thumbnail","hentry","category-dekanok","category-dekanok-karok-szerint","category-kegyeleti-adattar","category-orvosi-kar-dekanjai","category-rektorok","category-tanszekvezetok","category-teljes-nevlista"],"acf":[],"_links":{"self":[{"href":"https:\/\/semmelweis.hu\/baratikor\/wp-json\/wp\/v2\/pages\/1427","targetHints":{"allow":["GET"]}}],"collection":[{"href":"https:\/\/semmelweis.hu\/baratikor\/wp-json\/wp\/v2\/pages"}],"about":[{"href":"https:\/\/semmelweis.hu\/baratikor\/wp-json\/wp\/v2\/types\/page"}],"author":[{"embeddable":true,"href":"https:\/\/semmelweis.hu\/baratikor\/wp-json\/wp\/v2\/users\/282"}],"replies":[{"embeddable":true,"href":"https:\/\/semmelweis.hu\/baratikor\/wp-json\/wp\/v2\/comments?post=1427"}],"version-history":[{"count":4,"href":"https:\/\/semmelweis.hu\/baratikor\/wp-json\/wp\/v2\/pages\/1427\/revisions"}],"predecessor-version":[{"id":5199,"href":"https:\/\/semmelweis.hu\/baratikor\/wp-json\/wp\/v2\/pages\/1427\/revisions\/5199"}],"up":[{"embeddable":true,"href":"https:\/\/semmelweis.hu\/baratikor\/wp-json\/wp\/v2\/pages\/347"}],"wp:featuredmedia":[{"embeddable":true,"href":"https:\/\/semmelweis.hu\/baratikor\/wp-json\/wp\/v2\/media\/5465"}],"wp:attachment":[{"href":"https:\/\/semmelweis.hu\/baratikor\/wp-json\/wp\/v2\/media?parent=1427"}],"wp:term":[{"taxonomy":"category","embeddable":true,"href":"https:\/\/semmelweis.hu\/baratikor\/wp-json\/wp\/v2\/categories?post=1427"},{"taxonomy":"post_tag","embeddable":true,"href":"https:\/\/semmelweis.hu\/baratikor\/wp-json\/wp\/v2\/tags?post=1427"}],"curies":[{"name":"wp","href":"https:\/\/api.w.org\/{rel}","templated":true}]}}