{"id":1425,"date":"2023-01-02T09:50:08","date_gmt":"2023-01-02T08:50:08","guid":{"rendered":"https:\/\/semmelweis.hu\/baratikor\/?page_id=1425"},"modified":"2023-01-06T14:19:44","modified_gmt":"2023-01-06T13:19:44","slug":"schoretits-mihaly","status":"publish","type":"page","link":"https:\/\/semmelweis.hu\/baratikor\/galeria\/teljes-nevlista\/schoretits-mihaly\/","title":{"rendered":"Schoretits Mih\u00e1ly"},"content":{"rendered":"<p style=\"text-align: justify\"><strong>(Cinfalva, 1741. szeptember 2. &#8211; Pest, 1786. m\u00e1rcius 3.)<\/strong><\/p>\n<p style=\"text-align: justify\">D\u00e9k\u00e1n: 1778\/79, 1783\/84 &#8211; 1784\/85<\/p>\n<p style=\"text-align: justify\">Horv\u00e1t sz\u00e1rmaz\u00e1s\u00fa orvos, egyetemi tan\u00e1r. B\u00f6lcs\u00e9sz \u00e9s orvosi tanulm\u00e1nyait B\u00e9csben v\u00e9gezte, ahol 1765. szeptember 6-\u00e1n szerzett orvosdoktori oklevelet, majd a katonai k\u00f3rh\u00e1zban lett asszisztens. 1767-ben Veszpr\u00e9m megye megh\u00edvta tiszti f\u0151orvos\u00e1nak. 1770-t\u0151l a nagyszombati Orvoskarra kapott kett\u0151s kinevez\u00e9st az \u00e1ltal\u00e1nos k\u00f3rtan, valamint a k\u00fcl\u00f6n\u00f6s k\u00f3r- \u00e9s gy\u00f3gytan tan\u00e1rak\u00e9nt. Ezzel egy id\u0151ben van Swieten javaslat\u00e1ra a B\u00f6lcs\u00e9szeti Kar igazgat\u00f3i tiszt\u00e9t is bet\u00f6lt\u00f6tte. Az \u00e1ltal\u00e1nos k\u00f3rtant 1783\/84-ig, a k\u00fcl\u00f6n\u00f6s k\u00f3r- \u00e9s gy\u00f3gytant 1784\/85-ig adta el\u0151. K\u00e9tszer volt d\u00e9k\u00e1n (1777\/78, 1782\/83), egyszer rektor (1783\/84). Szakirodalmi munk\u00e1ss\u00e1ga nem ismert.<\/p>\n","protected":false},"excerpt":{"rendered":"<p>(Cinfalva, 1741. szeptember 2. &#8211; Pest, 1786. m\u00e1rcius 3.) D\u00e9k\u00e1n: 1778\/79, 1783\/84 &#8211; 1784\/85 Horv\u00e1t sz\u00e1rmaz\u00e1s\u00fa orvos, egyetemi tan\u00e1r. B\u00f6lcs\u00e9sz \u00e9s orvosi tanulm\u00e1nyait B\u00e9csben v\u00e9gezte, ahol 1765. szeptember 6-\u00e1n szerzett orvosdoktori oklevelet, majd a katonai k\u00f3rh\u00e1zban lett asszisztens. 1767-ben Veszpr\u00e9m megye megh\u00edvta tiszti f\u0151orvos\u00e1nak. 1770-t\u0151l a nagyszombati Orvoskarra kapott kett\u0151s kinevez\u00e9st az \u00e1ltal\u00e1nos k\u00f3rtan, valamint &hellip;<\/p>\n","protected":false},"author":282,"featured_media":0,"parent":347,"menu_order":0,"comment_status":"closed","ping_status":"closed","template":"template-fullwidth.php","meta":{"_acf_changed":false,"footnotes":""},"categories":[6,20,81,5,16,14],"tags":[],"class_list":["post-1425","page","type-page","status-publish","hentry","category-dekanok","category-dekanok-karok-szerint","category-orvosi-kar-dekanjai","category-rektorok","category-tanszekvezetok","category-teljes-nevlista"],"acf":[],"_links":{"self":[{"href":"https:\/\/semmelweis.hu\/baratikor\/wp-json\/wp\/v2\/pages\/1425","targetHints":{"allow":["GET"]}}],"collection":[{"href":"https:\/\/semmelweis.hu\/baratikor\/wp-json\/wp\/v2\/pages"}],"about":[{"href":"https:\/\/semmelweis.hu\/baratikor\/wp-json\/wp\/v2\/types\/page"}],"author":[{"embeddable":true,"href":"https:\/\/semmelweis.hu\/baratikor\/wp-json\/wp\/v2\/users\/282"}],"replies":[{"embeddable":true,"href":"https:\/\/semmelweis.hu\/baratikor\/wp-json\/wp\/v2\/comments?post=1425"}],"version-history":[{"count":1,"href":"https:\/\/semmelweis.hu\/baratikor\/wp-json\/wp\/v2\/pages\/1425\/revisions"}],"predecessor-version":[{"id":1426,"href":"https:\/\/semmelweis.hu\/baratikor\/wp-json\/wp\/v2\/pages\/1425\/revisions\/1426"}],"up":[{"embeddable":true,"href":"https:\/\/semmelweis.hu\/baratikor\/wp-json\/wp\/v2\/pages\/347"}],"wp:attachment":[{"href":"https:\/\/semmelweis.hu\/baratikor\/wp-json\/wp\/v2\/media?parent=1425"}],"wp:term":[{"taxonomy":"category","embeddable":true,"href":"https:\/\/semmelweis.hu\/baratikor\/wp-json\/wp\/v2\/categories?post=1425"},{"taxonomy":"post_tag","embeddable":true,"href":"https:\/\/semmelweis.hu\/baratikor\/wp-json\/wp\/v2\/tags?post=1425"}],"curies":[{"name":"wp","href":"https:\/\/api.w.org\/{rel}","templated":true}]}}