{"id":1420,"date":"2023-01-02T09:47:45","date_gmt":"2023-01-02T08:47:45","guid":{"rendered":"https:\/\/semmelweis.hu\/baratikor\/?page_id=1420"},"modified":"2023-10-12T16:59:07","modified_gmt":"2023-10-12T14:59:07","slug":"trnka-vencel-venceslav-trnka-von-krzowitz","status":"publish","type":"page","link":"https:\/\/semmelweis.hu\/baratikor\/galeria\/teljes-nevlista\/trnka-vencel-venceslav-trnka-von-krzowitz\/","title":{"rendered":"Trnka Vencel \/ Venceslav Trnka von Krzowitz"},"content":{"rendered":"<p style=\"text-align: justify\"><strong><a href=\"https:\/\/semmelweis.hu\/baratikor\/files\/2023\/07\/Trnka-Vence_jav_2.jpg\"><img loading=\"lazy\" decoding=\"async\" class=\"alignleft size-medium wp-image-5159\" src=\"https:\/\/semmelweis.hu\/baratikor\/files\/2023\/07\/Trnka-Vence_jav_2-285x400.jpg\" alt=\"\" width=\"285\" height=\"400\" srcset=\"https:\/\/semmelweis.hu\/baratikor\/files\/2023\/07\/Trnka-Vence_jav_2-285x400.jpg 285w, https:\/\/semmelweis.hu\/baratikor\/files\/2023\/07\/Trnka-Vence_jav_2.jpg 713w\" sizes=\"auto, (max-width: 285px) 100vw, 285px\" \/><\/a>(Tabor, 1739. okt\u00f3ber 16. &#8211; Pest, 1791. m\u00e1jus 12.) <\/strong><\/p>\n<p style=\"text-align: justify\"><strong>Tansz\u00e9k: <\/strong>anat\u00f3mia 1770-1786, bels\u0151 bajok k\u00f3r- \u00e9s gy\u00f3gytana 1786-1791.<\/p>\n<p style=\"text-align: justify\"><strong>Viselt egyetemi m\u00e9lt\u00f3s\u00e1g: <\/strong>rektor 1786\/87, d\u00e9k\u00e1n 1775\/76, 1779\/80, 1784\/85.<\/p>\n<p style=\"text-align: justify\">Csehorsz\u00e1gban sz\u00fcletett, de als\u00f3fok\u00fa iskol\u00e1it Magyarorsz\u00e1gon v\u00e9gezte. 1758-ban B\u00e9csbe ment, az egyetemi el\u0151k\u00e9sz\u00edt\u0151nek sz\u00e1m\u00edt\u00f3 b\u00f6lcs\u00e9szeti tanfolyamra. Orvosi tanulm\u00e1nyait Pr\u00e1g\u00e1ban \u00e9s B\u00e9csben v\u00e9gezte, ahol 1770. febru\u00e1r 17-\u00e9n avatt\u00e1k orvoss\u00e1. Tan\u00e1ra, van Swieten k\u00f6zbenj\u00e1r\u00e1s\u00e1ra m\u00e1r 1769-ben alkalmazt\u00e1k a b\u00e9csi katonai k\u00f3rh\u00e1zban. Avat\u00e1sa ut\u00e1n, 1770-ben anat\u00f3mia tan\u00e1ri kinevez\u00e9st kapott az alakul\u00f3 nagyszombati orvoskarra, mind\u00f6ssze 31 \u00e9vesen. \u201ePolihisztor t\u00edpus\u00fa, minden ir\u00e1nt \u00e9rdekl\u0151d\u0151, hallatlan szorgalm\u00fa ember volt. Igyekezett a medicina minden \u00e1g\u00e1t \u00e1ttekinteni. Hatalmas szakirodalmi anyagot \u00e9s tekint\u00e9lyes sz\u00e1m\u00fa pathol\u00f3giai, valamint klinikai kazuisztik\u00e1t dolgozott fel tizenn\u00e9gy monogr\u00e1fi\u00e1j\u00e1ban \u00e9s nagysz\u00e1m\u00fa foly\u00f3iratcikk\u00e9ben.\u201d<sup><a href=\"#_ftn1\" name=\"_ftnref1\">[1]<\/a><\/sup> P\u00e1lyafut\u00e1sa alatt 40 hallgat\u00f3ja jelentetett meg doktori \u00e9rtekez\u00e9st, melyeknek \u0151 volt szellemi ir\u00e1ny\u00edt\u00f3ja. B\u00e1r az orvostanhallgat\u00f3k eset\u00e9ben a latin volt az oktat\u00e1si nyelv, \u0151 magyarul is j\u00f3l megtanult. \u00cdgy amikor Shoretits hal\u00e1la ut\u00e1n \u00e1tvette praxis medica (bels\u0151 bajok k\u00f3r- \u00e9s gy\u00f3gytana, vagyis a belgy\u00f3gy\u00e1szat) oktat\u00e1s\u00e1t, azt az orvostanhallgat\u00f3k mellett a seb\u00e9szmester-n\u00f6vend\u00e9keknek is el\u0151 tudta adni, hiszen az \u0151 eset\u00fckben nemzeti nyelveken, n\u00e9met\u00fcl \u00e9s magyarul zajlott a k\u00e9pz\u00e9s. Nagy, kb. 3000 k\u00f6tetes k\u00f6nyvt\u00e1rat gy\u0171jt\u00f6tt, melyet v\u00e9grendelet\u00e9ben az egyetemre hagyott azzal, hogy \u00e1r\u00e1nak harmad\u00e1t, ezer forintot a szeg\u00e9ny sors\u00fa orvosdoktorok \u00e9s hallgat\u00f3k seg\u00e9lyez\u00e9s\u00e9re ford\u00edts\u00e1k. Ez\u00e9rt a gy\u0171jtem\u00e9nyt, melynek 110 lapos jegyz\u00e9k\u00e9t 1790-ben Pesten ki is adt\u00e1k, m\u00e9g ebben az \u00e9vben el\u00e1rverezt\u00e9k. Kedvtel\u00e9sb\u0151l zeneszerz\u00e9ssel is foglalkozott, mestere fi\u00e1nak, Gottfried van Swieten zeneigazgat\u00f3nak a bar\u00e1ts\u00e1g\u00e1t is elnyerte. K\u00e9t k\u00e1nonj\u00e1t 1988-ig Mozartnak tulajdon\u00edtott\u00e1k, j\u00f3llehet, mint kider\u00fclt \u0151 csak a sz\u00f6veg\u00e9t \u00edrta \u00e1t, a zene Trnka toll\u00e1b\u00f3l sz\u00e1rmazik. D\u00e9k\u00e1nnak h\u00e1romszor, rektornak egyszer v\u00e1lasztott\u00e1k meg.<\/p>\n<p style=\"text-align: justify\"><strong>F\u0151bb munk\u00e1i:<\/strong> Dissertatio inauguralis medica de morbo coxario. Viennae, 1770.; Historia febrium intermittentium, omnis&#8230; Viennae, 1775 (n\u00e9met\u00fcl Helmst\u00e4dt, 1781).; Commentarius de tetano, plus quam ducentis cl. medicorum observationibus. Vindobonae, 1777.; De diabete commentarius. Vindobonae, 1778.; Historia amauroseos omnis aevi observata medica continens I-II. Vindobonae, 1781 (n\u00e9met\u00fcl: Breslau, 1790).; Historia cophoseos et barycoeae omnis aevi observata medica continens. Vindobonae, 1781.; Historia ophithalmiae omnis aevi observata medica continens. Vindobonae, 1783.; Historia cardialgiae omnis aevi observata medica continens. Vindobonae, 1785.; De prolapsu ani. Pest, 1785.; Historia rachitidis omnis aevi observata medica continens. Vindobonae, 1787 (n\u00e9met\u00fcl: Leipzig, 1789).; Abhandlung \u00fcber das Magenweh. Leipzig, 1788.; Geschichte der englischen Krankheit. Leipzig, 1789.; Geschichte des schwarzen Staars. Breslau, 1790.; Tov\u00e1bb\u00e1 14 kiadatlan k\u00e9zirata maradt fenn. Felsorolja A budapesti m. kir. egyetemi k\u00f6nyvt\u00e1r k\u00e9ziratainak cz\u00edmjegyz\u00e9ke. Bp., 1899. I. 116\u2013117. old.<\/p>\n<p style=\"text-align: justify\"><strong>Nyughelye:<\/strong> nem ismert.<\/p>\n<p style=\"text-align: justify\"><a href=\"#_ftnref1\" name=\"_ftn1\"><sup>[1]<\/sup><\/a> Schultheisz Emil: Trnka Vencel. In: Orvosi Hetilap 1964:48. sz. pp. 2293-2294.<\/p>\n<p><strong><a href=\"https:\/\/semmelweis.hu\/baratikor\/files\/2023\/07\/Trnka-Vence_jav_1l.jpg\"><img loading=\"lazy\" decoding=\"async\" class=\"alignleft size-medium wp-image-5158\" src=\"https:\/\/semmelweis.hu\/baratikor\/files\/2023\/07\/Trnka-Vence_jav_1l-250x400.jpg\" alt=\"\" width=\"250\" height=\"400\" srcset=\"https:\/\/semmelweis.hu\/baratikor\/files\/2023\/07\/Trnka-Vence_jav_1l-250x400.jpg 250w, https:\/\/semmelweis.hu\/baratikor\/files\/2023\/07\/Trnka-Vence_jav_1l.jpg 625w\" sizes=\"auto, (max-width: 250px) 100vw, 250px\" \/><\/a><\/strong><\/p>\n","protected":false},"excerpt":{"rendered":"<p><a href=\"https:\/\/semmelweis.hu\/baratikor\/files\/2023\/07\/Trnka-Vence_jav_2.jpg\"><\/a> (Tabor, 1739. okt\u00f3ber 16. &#8211; Pest, 1791. m\u00e1jus 12.) Tansz\u00e9k: anat\u00f3mia 1770-1786, bels\u0151 bajok k\u00f3r- \u00e9s gy\u00f3gytana 1786-1791. Viselt egyetemi m\u00e9lt\u00f3s\u00e1g: rektor 1786\/87, d\u00e9k\u00e1n 1775\/76, 1779\/80, 1784\/85. Csehorsz\u00e1gban sz\u00fcletett, de als\u00f3fok\u00fa iskol\u00e1it Magyarorsz\u00e1gon v\u00e9gezte. 1758-ban B\u00e9csbe ment, az egyetemi el\u0151k\u00e9sz\u00edt\u0151nek sz\u00e1m\u00edt\u00f3 b\u00f6lcs\u00e9szeti tanfolyamra. Orvosi tanulm\u00e1nyait Pr\u00e1g\u00e1ban \u00e9s B\u00e9csben v\u00e9gezte, ahol 1770. febru\u00e1r 17-\u00e9n avatt\u00e1k orvoss\u00e1. &hellip;<\/p>\n","protected":false},"author":282,"featured_media":5459,"parent":347,"menu_order":0,"comment_status":"closed","ping_status":"closed","template":"template-fullwidth.php","meta":{"_acf_changed":false,"footnotes":""},"categories":[6,20,77,81,5,16,14],"tags":[],"class_list":["post-1420","page","type-page","status-publish","has-post-thumbnail","hentry","category-dekanok","category-dekanok-karok-szerint","category-kegyeleti-adattar","category-orvosi-kar-dekanjai","category-rektorok","category-tanszekvezetok","category-teljes-nevlista"],"acf":[],"_links":{"self":[{"href":"https:\/\/semmelweis.hu\/baratikor\/wp-json\/wp\/v2\/pages\/1420","targetHints":{"allow":["GET"]}}],"collection":[{"href":"https:\/\/semmelweis.hu\/baratikor\/wp-json\/wp\/v2\/pages"}],"about":[{"href":"https:\/\/semmelweis.hu\/baratikor\/wp-json\/wp\/v2\/types\/page"}],"author":[{"embeddable":true,"href":"https:\/\/semmelweis.hu\/baratikor\/wp-json\/wp\/v2\/users\/282"}],"replies":[{"embeddable":true,"href":"https:\/\/semmelweis.hu\/baratikor\/wp-json\/wp\/v2\/comments?post=1420"}],"version-history":[{"count":4,"href":"https:\/\/semmelweis.hu\/baratikor\/wp-json\/wp\/v2\/pages\/1420\/revisions"}],"predecessor-version":[{"id":5161,"href":"https:\/\/semmelweis.hu\/baratikor\/wp-json\/wp\/v2\/pages\/1420\/revisions\/5161"}],"up":[{"embeddable":true,"href":"https:\/\/semmelweis.hu\/baratikor\/wp-json\/wp\/v2\/pages\/347"}],"wp:featuredmedia":[{"embeddable":true,"href":"https:\/\/semmelweis.hu\/baratikor\/wp-json\/wp\/v2\/media\/5459"}],"wp:attachment":[{"href":"https:\/\/semmelweis.hu\/baratikor\/wp-json\/wp\/v2\/media?parent=1420"}],"wp:term":[{"taxonomy":"category","embeddable":true,"href":"https:\/\/semmelweis.hu\/baratikor\/wp-json\/wp\/v2\/categories?post=1420"},{"taxonomy":"post_tag","embeddable":true,"href":"https:\/\/semmelweis.hu\/baratikor\/wp-json\/wp\/v2\/tags?post=1420"}],"curies":[{"name":"wp","href":"https:\/\/api.w.org\/{rel}","templated":true}]}}