{"id":1416,"date":"2023-01-02T09:18:59","date_gmt":"2023-01-02T08:18:59","guid":{"rendered":"https:\/\/semmelweis.hu\/baratikor\/?page_id=1416"},"modified":"2023-01-09T11:34:32","modified_gmt":"2023-01-09T10:34:32","slug":"tolnay-sandor","status":"publish","type":"page","link":"https:\/\/semmelweis.hu\/baratikor\/galeria\/teljes-nevlista\/tolnay-sandor\/","title":{"rendered":"Tolnay S\u00e1ndor"},"content":{"rendered":"<p style=\"text-align: justify\"><strong><a href=\"https:\/\/semmelweis.hu\/baratikor\/galeria\/teljes-nevlista\/tolnay-sandor\/129_11\/\" rel=\"attachment wp-att-1417\"><img loading=\"lazy\" decoding=\"async\" class=\"alignleft size-medium wp-image-1417\" src=\"https:\/\/semmelweis.hu\/baratikor\/files\/2023\/01\/129_11-253x400.jpg\" alt=\"\" width=\"253\" height=\"400\" srcset=\"https:\/\/semmelweis.hu\/baratikor\/files\/2023\/01\/129_11-253x400.jpg 253w, https:\/\/semmelweis.hu\/baratikor\/files\/2023\/01\/129_11.jpg 379w\" sizes=\"auto, (max-width: 253px) 100vw, 253px\" \/><\/a>(Nagycs\u00f6m\u00f6te, 1747 &#8211; Pest, 1818)<\/strong><\/p>\n<p style=\"text-align: justify\">Vas megyei nemesi csal\u00e1d sarja, iskol\u00e1it K\u0151szegen \u00e9s Trencs\u00e9nben v\u00e9gezte. Orvosi tanulm\u00e1nyokat a pesti Orvoskaron folytatott, de oklevelet nem szerzett. Orvosjel\u00f6ltk\u00e9nt (medicinae candidatus) k\u00fcldt\u00e9k B\u00e9csbe 1784-ben, amikor II. J\u00f3zsef elhat\u00e1roz\u00e1sa szerint megkezdt\u00e9k az \u00e1llatorvosi tansz\u00e9k szervez\u00e9s\u00e9t a pesti egyetemen. Ennek akkoriban nemcsak mez\u0151gazdas\u00e1gi, hanem katonai jelent\u0151s\u00e9ge is volt. B\u00e9csben az \u00e1llatorvosi oktat\u00e1s ausztriai meghonos\u00edt\u00f3ja, Johann Wolstein mellett tanult, aki a pesti tansz\u00e9k megszervez\u00e9s\u00e9ben is k\u00f6zrem\u0171k\u00f6d\u00f6tt. Visszat\u00e9rve 1787. febru\u00e1r 15-\u00e9n tartotta tansz\u00e9kfoglal\u00f3 el\u0151ad\u00e1s\u00e1t. Ekkor m\u00e9g rendk\u00edv\u00fcli, 1791\/92-t\u0151l nyilv\u00e1nos rendes tan\u00e1r. Ennek ellen\u00e9re tan\u00e1rt\u00e1rsai nem tekintett\u00e9k magukkal egyenrang\u00fanak, d\u00e9k\u00e1nnak nem v\u00e1lasztott\u00e1k \u00e9s a kari \u00fcl\u00e9sekre sem h\u00edvt\u00e1k meg. Tolnay f\u00e1radhatatlanul dolgozott tansz\u00e9ke fejleszt\u00e9s\u00e9n, hogy azt hasonlatoss\u00e1 tegye a mint\u00e1nak tekintett b\u00e9csi \u00e1llatgy\u00f3gyint\u00e9zethez. Nagysz\u00e1m\u00fa javaslata \u00e9s tervezete k\u00f6z\u00fcl sajnos csak kev\u00e9s val\u00f3sulhatott meg. T\u00e1rgy\u00e1t az orvosok \u00e9s seb\u00e9szek mellett a t\u00e9li id\u0151szakokban patkol\u00f3kov\u00e1csoknak, gazd\u00e1knak, ist\u00e1ll\u00f3mestereknek szervezett ingyenes kurzusokon is el\u0151adta. Sokat tett a marhav\u00e9sz j\u00e1rv\u00e1nyok visszaszor\u00edt\u00e1s\u00e1\u00e9rt, jelent\u0151s irodalmi tev\u00e9kenys\u00e9get fejtett ki nem csak tudom\u00e1nyos, de ismeretterjeszt\u0151 szinten is. \u00c9rdemei elismer\u00e9s\u00e9\u00fcl 1807-ben az orvosi kar rendes tagj\u00e1ul v\u00e1lasztotta, 1808-ban pedig Pest megye k\u00f6zgy\u0171l\u00e9se n\u00e9gy fi\u00e1val egy\u00fctt felvette nemesei sor\u00e1ba. A magyar \u00e1llatorvosk\u00e9pz\u00e9s benne tiszteli alap\u00edt\u00f3j\u00e1t.<\/p>\n","protected":false},"excerpt":{"rendered":"<p><a href=\"https:\/\/semmelweis.hu\/baratikor\/galeria\/teljes-nevlista\/tolnay-sandor\/129_11\/\" rel=\"attachment wp-att-1417\"><\/a> (Nagycs\u00f6m\u00f6te, 1747 &#8211; Pest, 1818) Vas megyei nemesi csal\u00e1d sarja, iskol\u00e1it K\u0151szegen \u00e9s Trencs\u00e9nben v\u00e9gezte. Orvosi tanulm\u00e1nyokat a pesti Orvoskaron folytatott, de oklevelet nem szerzett. Orvosjel\u00f6ltk\u00e9nt (medicinae candidatus) k\u00fcldt\u00e9k B\u00e9csbe 1784-ben, amikor II. J\u00f3zsef elhat\u00e1roz\u00e1sa szerint megkezdt\u00e9k az \u00e1llatorvosi tansz\u00e9k szervez\u00e9s\u00e9t a pesti egyetemen. Ennek akkoriban nemcsak mez\u0151gazdas\u00e1gi, hanem katonai jelent\u0151s\u00e9ge is volt. B\u00e9csben az &hellip;<\/p>\n","protected":false},"author":282,"featured_media":1417,"parent":347,"menu_order":0,"comment_status":"closed","ping_status":"closed","template":"template-fullwidth.php","meta":{"_acf_changed":false,"footnotes":""},"categories":[77,16,14],"tags":[],"class_list":["post-1416","page","type-page","status-publish","has-post-thumbnail","hentry","category-kegyeleti-adattar","category-tanszekvezetok","category-teljes-nevlista"],"acf":[],"_links":{"self":[{"href":"https:\/\/semmelweis.hu\/baratikor\/wp-json\/wp\/v2\/pages\/1416","targetHints":{"allow":["GET"]}}],"collection":[{"href":"https:\/\/semmelweis.hu\/baratikor\/wp-json\/wp\/v2\/pages"}],"about":[{"href":"https:\/\/semmelweis.hu\/baratikor\/wp-json\/wp\/v2\/types\/page"}],"author":[{"embeddable":true,"href":"https:\/\/semmelweis.hu\/baratikor\/wp-json\/wp\/v2\/users\/282"}],"replies":[{"embeddable":true,"href":"https:\/\/semmelweis.hu\/baratikor\/wp-json\/wp\/v2\/comments?post=1416"}],"version-history":[{"count":2,"href":"https:\/\/semmelweis.hu\/baratikor\/wp-json\/wp\/v2\/pages\/1416\/revisions"}],"predecessor-version":[{"id":1419,"href":"https:\/\/semmelweis.hu\/baratikor\/wp-json\/wp\/v2\/pages\/1416\/revisions\/1419"}],"up":[{"embeddable":true,"href":"https:\/\/semmelweis.hu\/baratikor\/wp-json\/wp\/v2\/pages\/347"}],"wp:featuredmedia":[{"embeddable":true,"href":"https:\/\/semmelweis.hu\/baratikor\/wp-json\/wp\/v2\/media\/1417"}],"wp:attachment":[{"href":"https:\/\/semmelweis.hu\/baratikor\/wp-json\/wp\/v2\/media?parent=1416"}],"wp:term":[{"taxonomy":"category","embeddable":true,"href":"https:\/\/semmelweis.hu\/baratikor\/wp-json\/wp\/v2\/categories?post=1416"},{"taxonomy":"post_tag","embeddable":true,"href":"https:\/\/semmelweis.hu\/baratikor\/wp-json\/wp\/v2\/tags?post=1416"}],"curies":[{"name":"wp","href":"https:\/\/api.w.org\/{rel}","templated":true}]}}