{"id":1408,"date":"2023-01-02T09:11:57","date_gmt":"2023-01-02T08:11:57","guid":{"rendered":"https:\/\/semmelweis.hu\/baratikor\/?page_id=1408"},"modified":"2023-01-09T11:29:47","modified_gmt":"2023-01-09T10:29:47","slug":"racz-samuel","status":"publish","type":"page","link":"https:\/\/semmelweis.hu\/baratikor\/galeria\/teljes-nevlista\/racz-samuel\/","title":{"rendered":"R\u00e1cz S\u00e1muel"},"content":{"rendered":"<p style=\"text-align: justify\"><strong><a href=\"https:\/\/semmelweis.hu\/baratikor\/galeria\/teljes-nevlista\/racz-samuel\/014_11\/\" rel=\"attachment wp-att-1409\"><img loading=\"lazy\" decoding=\"async\" class=\"alignleft size-medium wp-image-1409\" src=\"https:\/\/semmelweis.hu\/baratikor\/files\/2023\/01\/014_11-243x400.jpg\" alt=\"\" width=\"243\" height=\"400\" srcset=\"https:\/\/semmelweis.hu\/baratikor\/files\/2023\/01\/014_11-243x400.jpg 243w, https:\/\/semmelweis.hu\/baratikor\/files\/2023\/01\/014_11.jpg 295w\" sizes=\"auto, (max-width: 243px) 100vw, 243px\" \/><\/a>(Pest, 1744. m\u00e1rcius 30. &#8211; Pest, 1807. febru\u00e1r 24.)<\/strong><\/p>\n<p style=\"text-align: justify\">D\u00e9k\u00e1n: 1781\/82, 1790\/91, 1796\/97<\/p>\n<p style=\"text-align: justify\">Orvosi tanulm\u00e1nyait B\u00e9csben folytatta, oklevelet 1773-ban szerzett. Ezut\u00e1n Nagyb\u00e1ny\u00e1n m\u0171k\u00f6d\u00f6tt, mint kamarai \u00e9s tiszti orvos. 1777-t\u0151l a Bud\u00e1ra \u00e1thelyezett egyetem rendk\u00edv\u00fcli tan\u00e1ra, majd 1783\/84-t\u0151l kinevezt\u00e9k az Orvoskar \u00e9lettan tan\u00e1r\u00e1v\u00e1, mely tansz\u00e9ken hal\u00e1l\u00e1ig adott el\u0151. Helyettesk\u00e9nt oktatta a belgy\u00f3gy\u00e1szatot (1785\/86), az elm\u00e9leti orvostant \u00e9s \u00e1llamorvostant \/k\u00f6zeg\u00e9szs\u00e9gtan \u00e9s t\u00f6rv\u00e9nysz\u00e9ki orvostan egy\u00fctt\/ (1802\/03), valamint az anat\u00f3mi\u00e1t (1805\/06-1806\/07). \u00c1tvette Brown tan\u00edt\u00e1sait, melyeket igyekezett tov\u00e1bbfejleszteni. Nyilv\u00e1nos gyakorlatait a katonai k\u00f3rh\u00e1zban tartotta, valamint sz\u00e9les mag\u00e1npraxist folytatott. H\u00edve volt a magyar orvosi szaknyelv megteremt\u00e9s\u00e9nek \u00e9s a magyar nyelv\u0171 szakoktat\u00e1snak. Els\u0151k\u00e9nt \u00edrt magyarul \u00e9lettan tank\u00f6nyvet (A physiol\u00f3gi\u00e1nak r\u00f6vid somm\u00e1ja, Pest, 1789) els\u0151sorban a nemzeti nyelveken (magyar \u00e9s n\u00e9met) tanul\u00f3 seb\u00e9szhallgat\u00f3k r\u00e9sz\u00e9re. A magyar, n\u00e9met \u00e9s latin mellett otthonos volt a g\u00f6r\u00f6g \u00e9s francia nyelvben is. Csokonai versben \u00f6r\u00f6k\u00edtette meg nev\u00e9t (A h\u00edres R\u00e1cz S\u00e1muel \u00darhoz \u2013 1794). M\u00e1ria Ter\u00e9zia arany \u00e9rdem\u00e9remmel t\u00fcntette ki, k\u00e9s\u0151bb kir\u00e1lyi tan\u00e1csosi c\u00edmet nyert, illetve Hont v\u00e1rmegye t\u00e1blab\u00edr\u00e1i sor\u00e1ba v\u00e1lasztotta. N\u00e9gy tan\u00e9vben volt d\u00e9k\u00e1n (1780\/81, 1785\/86, 1790\/91, 1796\/97), egyszer rektor (1793\/94).<\/p>\n<p style=\"text-align: justify\">(F\u0151bb munk\u00e1i: Az emberi \u00e9let \u00e1ltal\u00e1nos ismeret\u00e9t tan\u00edt\u00f3 k\u00f6nyv. Buda, 1772.; Dissertatio inauguralis medica de sanitate conservanda. Vindobonae, 1773.; Orvosi oktat\u00e1s. Buda, 1776.; A sal\u00e9trom f\u0151z\u00e9snek legk\u00f6nnyebb \u00e9s legbizonyosabb m\u00f3dgya,\u2026 Buda, 1780.; A physiologi\u00e1nak r\u00f6vid somm\u00e1ja. Pest, 1789.; A nemes magyar nemzethez r\u00f6vid eml\u00e9keztet\u0151 besz\u00e9d, melyben megmutattatik, hogy Magyar-Orsz\u00e1gban lehet, s kell is a magyar nyelvet, \u00e9s a magyar tan\u00edt\u00e1sokat fel\u00e1ll\u00edtani, \u00e9s hogy az universitasnak Pest legjobb hely. Hely n. 1790.; A borb\u00e9lyi tan\u00edt\u00e1soknak els\u0151 darabja. Az anat\u00f3mi\u00e1r\u00f3l stb. Pest, 1794.; A borb\u00e9lyi tan\u00edt\u00e1soknak m\u00e1sodik darabja. A t\u00f6rv\u00e9nyes orvosi tudom\u00e1nyr\u00f3l stb. Pest, 1794.; Orvosi praxis. Buda, 1801.)<\/p>\n<p><a href=\"https:\/\/semmelweis.hu\/baratikor\/galeria\/teljes-nevlista\/racz-samuel\/014_21\/\" rel=\"attachment wp-att-1410\"><img loading=\"lazy\" decoding=\"async\" class=\"alignleft size-medium wp-image-1410\" src=\"https:\/\/semmelweis.hu\/baratikor\/files\/2023\/01\/014_21-286x400.jpg\" alt=\"\" width=\"286\" height=\"400\" srcset=\"https:\/\/semmelweis.hu\/baratikor\/files\/2023\/01\/014_21-286x400.jpg 286w, https:\/\/semmelweis.hu\/baratikor\/files\/2023\/01\/014_21.jpg 295w\" sizes=\"auto, (max-width: 286px) 100vw, 286px\" \/><\/a><a href=\"https:\/\/semmelweis.hu\/baratikor\/galeria\/teljes-nevlista\/racz-samuel\/014_31\/\" rel=\"attachment wp-att-1411\"><img loading=\"lazy\" decoding=\"async\" class=\"alignleft size-medium wp-image-1411\" src=\"https:\/\/semmelweis.hu\/baratikor\/files\/2023\/01\/014_31-282x400.jpg\" alt=\"\" width=\"282\" height=\"400\" srcset=\"https:\/\/semmelweis.hu\/baratikor\/files\/2023\/01\/014_31-282x400.jpg 282w, https:\/\/semmelweis.hu\/baratikor\/files\/2023\/01\/014_31.jpg 295w\" sizes=\"auto, (max-width: 282px) 100vw, 282px\" \/><\/a><\/p>\n","protected":false},"excerpt":{"rendered":"<p><a href=\"https:\/\/semmelweis.hu\/baratikor\/galeria\/teljes-nevlista\/racz-samuel\/014_11\/\" rel=\"attachment wp-att-1409\"><\/a> (Pest, 1744. m\u00e1rcius 30. &#8211; Pest, 1807. febru\u00e1r 24.) D\u00e9k\u00e1n: 1781\/82, 1790\/91, 1796\/97 Orvosi tanulm\u00e1nyait B\u00e9csben folytatta, oklevelet 1773-ban szerzett. Ezut\u00e1n Nagyb\u00e1ny\u00e1n m\u0171k\u00f6d\u00f6tt, mint kamarai \u00e9s tiszti orvos. 1777-t\u0151l a Bud\u00e1ra \u00e1thelyezett egyetem rendk\u00edv\u00fcli tan\u00e1ra, majd 1783\/84-t\u0151l kinevezt\u00e9k az Orvoskar \u00e9lettan tan\u00e1r\u00e1v\u00e1, mely tansz\u00e9ken hal\u00e1l\u00e1ig adott el\u0151. Helyettesk\u00e9nt oktatta a belgy\u00f3gy\u00e1szatot (1785\/86), az elm\u00e9leti orvostant &hellip;<\/p>\n","protected":false},"author":282,"featured_media":1409,"parent":347,"menu_order":0,"comment_status":"closed","ping_status":"closed","template":"template-fullwidth.php","meta":{"_acf_changed":false,"footnotes":""},"categories":[6,20,77,81,5,16,14],"tags":[],"class_list":["post-1408","page","type-page","status-publish","has-post-thumbnail","hentry","category-dekanok","category-dekanok-karok-szerint","category-kegyeleti-adattar","category-orvosi-kar-dekanjai","category-rektorok","category-tanszekvezetok","category-teljes-nevlista"],"acf":[],"_links":{"self":[{"href":"https:\/\/semmelweis.hu\/baratikor\/wp-json\/wp\/v2\/pages\/1408","targetHints":{"allow":["GET"]}}],"collection":[{"href":"https:\/\/semmelweis.hu\/baratikor\/wp-json\/wp\/v2\/pages"}],"about":[{"href":"https:\/\/semmelweis.hu\/baratikor\/wp-json\/wp\/v2\/types\/page"}],"author":[{"embeddable":true,"href":"https:\/\/semmelweis.hu\/baratikor\/wp-json\/wp\/v2\/users\/282"}],"replies":[{"embeddable":true,"href":"https:\/\/semmelweis.hu\/baratikor\/wp-json\/wp\/v2\/comments?post=1408"}],"version-history":[{"count":2,"href":"https:\/\/semmelweis.hu\/baratikor\/wp-json\/wp\/v2\/pages\/1408\/revisions"}],"predecessor-version":[{"id":1413,"href":"https:\/\/semmelweis.hu\/baratikor\/wp-json\/wp\/v2\/pages\/1408\/revisions\/1413"}],"up":[{"embeddable":true,"href":"https:\/\/semmelweis.hu\/baratikor\/wp-json\/wp\/v2\/pages\/347"}],"wp:featuredmedia":[{"embeddable":true,"href":"https:\/\/semmelweis.hu\/baratikor\/wp-json\/wp\/v2\/media\/1409"}],"wp:attachment":[{"href":"https:\/\/semmelweis.hu\/baratikor\/wp-json\/wp\/v2\/media?parent=1408"}],"wp:term":[{"taxonomy":"category","embeddable":true,"href":"https:\/\/semmelweis.hu\/baratikor\/wp-json\/wp\/v2\/categories?post=1408"},{"taxonomy":"post_tag","embeddable":true,"href":"https:\/\/semmelweis.hu\/baratikor\/wp-json\/wp\/v2\/tags?post=1408"}],"curies":[{"name":"wp","href":"https:\/\/api.w.org\/{rel}","templated":true}]}}