{"id":1400,"date":"2023-01-02T08:52:51","date_gmt":"2023-01-02T07:52:51","guid":{"rendered":"https:\/\/semmelweis.hu\/baratikor\/?page_id=1400"},"modified":"2023-10-12T16:11:47","modified_gmt":"2023-10-12T14:11:47","slug":"stipsics-ferdinand-karoly","status":"publish","type":"page","link":"https:\/\/semmelweis.hu\/baratikor\/galeria\/teljes-nevlista\/stipsics-ferdinand-karoly\/","title":{"rendered":"Stipsics Ferdin\u00e1nd K\u00e1roly"},"content":{"rendered":"<p style=\"text-align: justify\"><strong><a href=\"https:\/\/semmelweis.hu\/baratikor\/galeria\/teljes-nevlista\/stipsics-ferdinand-karoly\/stipsics-2\/\" rel=\"attachment wp-att-1401\"><img loading=\"lazy\" decoding=\"async\" class=\"alignleft size-full wp-image-1401\" src=\"https:\/\/semmelweis.hu\/baratikor\/files\/2023\/01\/Stipsics-2.jpg\" alt=\"\" width=\"295\" height=\"379\" \/><\/a>(Sz\u00e9kesfeh\u00e9rv\u00e1r, 1754. \u00e1prilis 25. &#8211; Pest, 1820. m\u00e1rcius 25.) <\/strong><\/p>\n<p style=\"text-align: justify\"><strong>Tansz\u00e9k: <\/strong>\u00e1ltal\u00e1nos k\u00f3r- \u00e9s gy\u00f3gyszertan 1791-1819.<\/p>\n<p style=\"text-align: justify\"><strong>Viselt egyetemi m\u00e9lt\u00f3s\u00e1g: <\/strong>rektor 1796\/97, 1802\/03, 1805\/06, d\u00e9k\u00e1n 1793\/94, 1795\/96, 1797\/98-1798\/99, 1801\/02, 1803\/04-1804\/05.<\/p>\n<p style=\"text-align: justify\">B\u00f6lcs\u00e9sz- \u00e9s orvosdoktor. Egyetemi tanulm\u00e1nyait B\u00e9csben \u00e9s Nagyszombatban v\u00e9gezte. Orvosdoktori oklevel\u00e9t ez ut\u00f3bbin szerezte 1774. augusztus 30-\u00e1n. Ezut\u00e1n megyei tisztiorvos, majd k\u00f3rh\u00e1zigazgat\u00f3 \u00e9s tiszti f\u0151orvos Pesten. 1783\/84-t\u0151l az elm\u00e9leti orvostan rendk\u00edv\u00fcli tan\u00e1ra. 1791-t\u0151l 1819-ig az \u00e1ltal\u00e1nos k\u00f3r- \u00e9s gy\u00f3gyszertan tansz\u00e9k\u00e9t vezette. H\u00e9tszer viselt d\u00e9k\u00e1ni, h\u00e1romszor rektori tiszts\u00e9get. 1807-ben az egyetem prosenior\u00e1v\u00e1 nevezt\u00e9k ki.<\/p>\n<p style=\"text-align: justify\"><strong>F\u0151bb munk\u00e1i:<\/strong> Dissertatio inauguralis. medica de natura et remediis calculi. Posonii, 1774.; Idealis institutorum facultatis medicae Pestiensis adumbratio. Pestini, 1791.<\/p>\n<p style=\"text-align: justify\"><strong>Nyughelye:<\/strong> nem ismert.<\/p>\n<p><a href=\"https:\/\/semmelweis.hu\/baratikor\/files\/2023\/07\/Stipsics-Ferdinand-1_jav.jpg\"><img loading=\"lazy\" decoding=\"async\" class=\"alignleft size-full wp-image-5085\" src=\"https:\/\/semmelweis.hu\/baratikor\/files\/2023\/07\/Stipsics-Ferdinand-1_jav.jpg\" alt=\"\" width=\"231\" height=\"304\" \/><\/a><a href=\"https:\/\/semmelweis.hu\/baratikor\/files\/2023\/07\/Stipsics-2_jav.jpg\"><img loading=\"lazy\" decoding=\"async\" class=\"alignleft size-full wp-image-5084\" src=\"https:\/\/semmelweis.hu\/baratikor\/files\/2023\/07\/Stipsics-2_jav.jpg\" alt=\"\" width=\"191\" height=\"245\" \/><\/a><\/p>\n","protected":false},"excerpt":{"rendered":"<p><a href=\"https:\/\/semmelweis.hu\/baratikor\/galeria\/teljes-nevlista\/stipsics-ferdinand-karoly\/stipsics-2\/\" rel=\"attachment wp-att-1401\"><\/a> (Sz\u00e9kesfeh\u00e9rv\u00e1r, 1754. \u00e1prilis 25. &#8211; Pest, 1820. m\u00e1rcius 25.) Tansz\u00e9k: \u00e1ltal\u00e1nos k\u00f3r- \u00e9s gy\u00f3gyszertan 1791-1819. Viselt egyetemi m\u00e9lt\u00f3s\u00e1g: rektor 1796\/97, 1802\/03, 1805\/06, d\u00e9k\u00e1n 1793\/94, 1795\/96, 1797\/98-1798\/99, 1801\/02, 1803\/04-1804\/05. B\u00f6lcs\u00e9sz- \u00e9s orvosdoktor. Egyetemi tanulm\u00e1nyait B\u00e9csben \u00e9s Nagyszombatban v\u00e9gezte. Orvosdoktori oklevel\u00e9t ez ut\u00f3bbin szerezte 1774. augusztus 30-\u00e1n. Ezut\u00e1n megyei tisztiorvos, majd k\u00f3rh\u00e1zigazgat\u00f3 \u00e9s tiszti f\u0151orvos Pesten. 1783\/84-t\u0151l &hellip;<\/p>\n","protected":false},"author":282,"featured_media":5447,"parent":347,"menu_order":0,"comment_status":"closed","ping_status":"closed","template":"template-fullwidth.php","meta":{"_acf_changed":false,"footnotes":""},"categories":[6,20,77,81,5,14],"tags":[],"class_list":["post-1400","page","type-page","status-publish","has-post-thumbnail","hentry","category-dekanok","category-dekanok-karok-szerint","category-kegyeleti-adattar","category-orvosi-kar-dekanjai","category-rektorok","category-teljes-nevlista"],"acf":[],"_links":{"self":[{"href":"https:\/\/semmelweis.hu\/baratikor\/wp-json\/wp\/v2\/pages\/1400","targetHints":{"allow":["GET"]}}],"collection":[{"href":"https:\/\/semmelweis.hu\/baratikor\/wp-json\/wp\/v2\/pages"}],"about":[{"href":"https:\/\/semmelweis.hu\/baratikor\/wp-json\/wp\/v2\/types\/page"}],"author":[{"embeddable":true,"href":"https:\/\/semmelweis.hu\/baratikor\/wp-json\/wp\/v2\/users\/282"}],"replies":[{"embeddable":true,"href":"https:\/\/semmelweis.hu\/baratikor\/wp-json\/wp\/v2\/comments?post=1400"}],"version-history":[{"count":3,"href":"https:\/\/semmelweis.hu\/baratikor\/wp-json\/wp\/v2\/pages\/1400\/revisions"}],"predecessor-version":[{"id":5086,"href":"https:\/\/semmelweis.hu\/baratikor\/wp-json\/wp\/v2\/pages\/1400\/revisions\/5086"}],"up":[{"embeddable":true,"href":"https:\/\/semmelweis.hu\/baratikor\/wp-json\/wp\/v2\/pages\/347"}],"wp:featuredmedia":[{"embeddable":true,"href":"https:\/\/semmelweis.hu\/baratikor\/wp-json\/wp\/v2\/media\/5447"}],"wp:attachment":[{"href":"https:\/\/semmelweis.hu\/baratikor\/wp-json\/wp\/v2\/media?parent=1400"}],"wp:term":[{"taxonomy":"category","embeddable":true,"href":"https:\/\/semmelweis.hu\/baratikor\/wp-json\/wp\/v2\/categories?post=1400"},{"taxonomy":"post_tag","embeddable":true,"href":"https:\/\/semmelweis.hu\/baratikor\/wp-json\/wp\/v2\/tags?post=1400"}],"curies":[{"name":"wp","href":"https:\/\/api.w.org\/{rel}","templated":true}]}}