{"id":1390,"date":"2023-01-02T08:42:05","date_gmt":"2023-01-02T07:42:05","guid":{"rendered":"https:\/\/semmelweis.hu\/baratikor\/?page_id=1390"},"modified":"2023-07-17T09:01:29","modified_gmt":"2023-07-17T07:01:29","slug":"schraud-ferenc","status":"publish","type":"page","link":"https:\/\/semmelweis.hu\/baratikor\/galeria\/teljes-nevlista\/schraud-ferenc\/","title":{"rendered":"Schraud Ferenc"},"content":{"rendered":"<p style=\"text-align: justify\"><strong><a href=\"https:\/\/semmelweis.hu\/baratikor\/files\/2023\/07\/Schraud-Ferenc-318.-VIII.15-3._jav.jpg\"><img loading=\"lazy\" decoding=\"async\" class=\"alignleft size-medium wp-image-5042\" src=\"https:\/\/semmelweis.hu\/baratikor\/files\/2023\/07\/Schraud-Ferenc-318.-VIII.15-3._jav-272x400.jpg\" alt=\"\" width=\"272\" height=\"400\" srcset=\"https:\/\/semmelweis.hu\/baratikor\/files\/2023\/07\/Schraud-Ferenc-318.-VIII.15-3._jav-272x400.jpg 272w, https:\/\/semmelweis.hu\/baratikor\/files\/2023\/07\/Schraud-Ferenc-318.-VIII.15-3._jav.jpg 681w\" sizes=\"auto, (max-width: 272px) 100vw, 272px\" \/><\/a>(Pest, 1761. m\u00e1jus 14. \u2013 Kismarton, 1806. m\u00e1rcius 18.) <\/strong><\/p>\n<p style=\"text-align: justify\"><strong>Tansz\u00e9k: <\/strong>elm\u00e9leti orvostan (seb\u00e9szek r\u00e9sz\u00e9re) 1792-1802, \u00e1llamorvostan 1793-1802.<\/p>\n<p style=\"text-align: justify\"><strong>Viselt egyetemi m\u00e9lt\u00f3s\u00e1g: <\/strong>d\u00e9k\u00e1n 1799\/1800-1801\/02 (I. f\u00e9l\u00e9v), kari igazgat\u00f3 1802-1806.<\/p>\n<p style=\"text-align: justify\">K\u00f6z\u00e9piskol\u00e1it Debrecenben, Kolozsv\u00e1rott \u00e9s V\u00e1con v\u00e9gezte, majd Pesten b\u00f6lcs\u00e9szetet hallgatott. 19 \u00e9vesen b\u00f6lcs\u00e9szdoktori oklevelet szerzett. Tanulm\u00e1nyai mellett az angol, francia \u00e9s olasz nyelvet is elsaj\u00e1t\u00edtotta. Czindery Antallal hosszabb utaz\u00e1st tett a magyar tengermell\u00e9ken \u00e9s It\u00e1li\u00e1ban. B\u00e9csben Gottfried van Swieten, az udvari k\u00f6nyvt\u00e1r igazgat\u00f3ja r\u00e1besz\u00e9l\u00e9s\u00e9re orvosi tanulm\u00e1nyokba kezdett, melyet Lembergben (ma Lviv) v\u00e9gzett el 1786-ban, de oklevelet B\u00e9csben szerzett. Innen Szegedre ment, ahol 1790-t\u0151l Csongr\u00e1d \u00e9s Csan\u00e1d v\u00e1rmegy\u00e9k f\u0151orvosa lett. Innen h\u00edvt\u00e1k meg 1792-ben a seb\u00e9szek r\u00e9sz\u00e9re rendelt elm\u00e9leti orvostan tansz\u00e9k \u00e9l\u00e9re. A helytart\u00f3tan\u00e1cs 1793. november 2-i rendelete \u00e9rtelm\u00e9ben az addig mell\u00e9kt\u00e1rgyk\u00e9nt el\u0151adott \u00e1llamorvostan (k\u00f6zeg\u00e9szs\u00e9gtan \u00e9s t\u00f6rv\u00e9nysz\u00e9ki orvostan egy\u00fctt) \u00f6n\u00e1ll\u00f3 tansz\u00e9ket kapott, melynek vezet\u00e9s\u00e9re Schraud kapott kinevez\u00e9st. Az 1794-es szer\u00e9ms\u00e9gi pestis kit\u00f6r\u00e9sekor tett szolg\u00e1latai\u00e9rt magyar nemess\u00e9get, majd a bukovinai pestis elleni v\u00e9dekez\u00e9s\u00e9rt kir\u00e1lyi tan\u00e1csosi c\u00edmet kapott. 1799-1802 k\u00f6z\u00f6tt h\u00e1rom tan\u00e9ven \u00e1t volt d\u00e9k\u00e1n, majd 1802-ben, amikor orsz\u00e1gos f\u0151orvoss\u00e1 nevezt\u00e9k ki, megv\u00e1lt katedr\u00e1j\u00e1t\u00f3l, \u00e9s elv\u00e1llalta az \u00faj tiszt\u00e9vel egy\u00fctt j\u00e1r\u00f3 kari igazgat\u00f3s\u00e1got. 1802-ben sikertelen k\u00eds\u00e9rletet tett egy term\u00e9szet-, gazdas\u00e1g- \u00e9s orvostudom\u00e1nyi t\u00e1rsas\u00e1g megszervez\u00e9s\u00e9re. Jelent\u0151s tev\u00e9kenys\u00e9get fejtett ki az 1803-as d\u00e9lvid\u00e9ki skorbutj\u00e1rv\u00e1ny, a dalm\u00e1ciai \u00e9s isztriai s\u00e1rgal\u00e1z idej\u00e9n, valamint a kuruzsl\u00e1s megsz\u00fcntet\u00e9se, a seborvosi int\u00e9zm\u00e9ny rendez\u00e9se \u00e9s a teh\u00e9nhiml\u0151olt\u00e1s bevezet\u00e9se k\u00f6r\u00fcl is. Az 1806-os nyugat-magyarorsz\u00e1gi t\u00edfuszj\u00e1rv\u00e1ny idej\u00e9n Vasv\u00e1ron maga is megbetegedett \u00e9s meghalt. M\u00e1s forr\u00e1sok szerint Kismartonban \u00e9rte a hal\u00e1l.<\/p>\n<p style=\"text-align: justify\"><strong>F\u0151bb munk\u00e1i:<\/strong> Opuscula rem physicam et chemicam attinentia, Diss. I. De natura aerum inflammabilium et vitalium. II. De lucis et materiae electricae similitudine. III. De origine caloris in tritis corporibus. IV. De meteoro quodam singulari, et nonnullis consectariis theoriam aurorae borealis attinentibus. Leopoli, 1785.; Beobachtungen aus der Arzneikunde. Wien, 1792.; De febribus tontamina duo. Vienna, 1797.; De febribus periodum habentibus observationes novae. Vienna, 1797.; De forensibus judicum et medicorum relationibus. In vicem introductionis ad medicinam forensem disserit. Pestini, 1797.; Elementa medicinae forensis. Pesthini, 1802.<\/p>\n<p style=\"text-align: justify\"><strong>Nyughelye:<\/strong> nem ismert.<\/p>\n<p>&nbsp;<\/p>\n","protected":false},"excerpt":{"rendered":"<p><a href=\"https:\/\/semmelweis.hu\/baratikor\/files\/2023\/07\/Schraud-Ferenc-318.-VIII.15-3._jav.jpg\"><\/a> (Pest, 1761. m\u00e1jus 14. \u2013 Kismarton, 1806. m\u00e1rcius 18.) Tansz\u00e9k: elm\u00e9leti orvostan (seb\u00e9szek r\u00e9sz\u00e9re) 1792-1802, \u00e1llamorvostan 1793-1802. Viselt egyetemi m\u00e9lt\u00f3s\u00e1g: d\u00e9k\u00e1n 1799\/1800-1801\/02 (I. f\u00e9l\u00e9v), kari igazgat\u00f3 1802-1806. K\u00f6z\u00e9piskol\u00e1it Debrecenben, Kolozsv\u00e1rott \u00e9s V\u00e1con v\u00e9gezte, majd Pesten b\u00f6lcs\u00e9szetet hallgatott. 19 \u00e9vesen b\u00f6lcs\u00e9szdoktori oklevelet szerzett. Tanulm\u00e1nyai mellett az angol, francia \u00e9s olasz nyelvet is elsaj\u00e1t\u00edtotta. Czindery Antallal hosszabb &hellip;<\/p>\n","protected":false},"author":282,"featured_media":5043,"parent":347,"menu_order":0,"comment_status":"closed","ping_status":"closed","template":"template-fullwidth.php","meta":{"_acf_changed":false,"footnotes":""},"categories":[6,20,77,81,16,14],"tags":[],"class_list":["post-1390","page","type-page","status-publish","has-post-thumbnail","hentry","category-dekanok","category-dekanok-karok-szerint","category-kegyeleti-adattar","category-orvosi-kar-dekanjai","category-tanszekvezetok","category-teljes-nevlista"],"acf":[],"_links":{"self":[{"href":"https:\/\/semmelweis.hu\/baratikor\/wp-json\/wp\/v2\/pages\/1390","targetHints":{"allow":["GET"]}}],"collection":[{"href":"https:\/\/semmelweis.hu\/baratikor\/wp-json\/wp\/v2\/pages"}],"about":[{"href":"https:\/\/semmelweis.hu\/baratikor\/wp-json\/wp\/v2\/types\/page"}],"author":[{"embeddable":true,"href":"https:\/\/semmelweis.hu\/baratikor\/wp-json\/wp\/v2\/users\/282"}],"replies":[{"embeddable":true,"href":"https:\/\/semmelweis.hu\/baratikor\/wp-json\/wp\/v2\/comments?post=1390"}],"version-history":[{"count":6,"href":"https:\/\/semmelweis.hu\/baratikor\/wp-json\/wp\/v2\/pages\/1390\/revisions"}],"predecessor-version":[{"id":5044,"href":"https:\/\/semmelweis.hu\/baratikor\/wp-json\/wp\/v2\/pages\/1390\/revisions\/5044"}],"up":[{"embeddable":true,"href":"https:\/\/semmelweis.hu\/baratikor\/wp-json\/wp\/v2\/pages\/347"}],"wp:featuredmedia":[{"embeddable":true,"href":"https:\/\/semmelweis.hu\/baratikor\/wp-json\/wp\/v2\/media\/5043"}],"wp:attachment":[{"href":"https:\/\/semmelweis.hu\/baratikor\/wp-json\/wp\/v2\/media?parent=1390"}],"wp:term":[{"taxonomy":"category","embeddable":true,"href":"https:\/\/semmelweis.hu\/baratikor\/wp-json\/wp\/v2\/categories?post=1390"},{"taxonomy":"post_tag","embeddable":true,"href":"https:\/\/semmelweis.hu\/baratikor\/wp-json\/wp\/v2\/tags?post=1390"}],"curies":[{"name":"wp","href":"https:\/\/api.w.org\/{rel}","templated":true}]}}