{"id":1388,"date":"2023-01-02T08:36:29","date_gmt":"2023-01-02T07:36:29","guid":{"rendered":"https:\/\/semmelweis.hu\/baratikor\/?page_id=1388"},"modified":"2023-07-31T09:44:05","modified_gmt":"2023-07-31T07:44:05","slug":"schonbauer-jozsef-antal","status":"publish","type":"page","link":"https:\/\/semmelweis.hu\/baratikor\/galeria\/teljes-nevlista\/schonbauer-jozsef-antal\/","title":{"rendered":"Sch\u00f6nbauer J\u00f3zsef Antal"},"content":{"rendered":"<p style=\"text-align: justify\"><strong>(Reichenberg, 1757 &#8211; Pest, 1807. december 27.)<\/strong><\/p>\n<p style=\"text-align: justify\">D\u00e9k\u00e1n: 1794\/95, 1802\/03<\/p>\n<p style=\"text-align: justify\">Cseh sz\u00fclet\u00e9s\u0171 orvos, zool\u00f3gus, egyetemi tan\u00e1r. 1789-t\u0151l hal\u00e1l\u00e1ig az \u00e1llattan \u00e9s \u00e1sv\u00e1nytan tan\u00e1ra, emellett 1790\/91-ben helyettesk\u00e9nt a k\u00fcl\u00f6n\u00f6s k\u00f3r- \u00e9s gy\u00f3gytant is el\u0151adta. Egyik els\u0151 szorgalmaz\u00f3ja volt a hazai Term\u00e9szettudom\u00e1nyi T\u00e1rsulat megalak\u00edt\u00e1s\u00e1nak, az orsz\u00e1g term\u00e9szeti kincsei \u00f6sszegy\u0171jt\u00e9s\u00e9nek \u00e9s konzerv\u00e1l\u00e1s\u00e1nak. Munk\u00e1ss\u00e1ga kiterjedt a magyarorsz\u00e1gi \u00e1sv\u00e1nyvizek sz\u00e1mbav\u00e9tel\u00e9re \u00e9s vegyelemz\u00e9s\u00e9re, valamint az ornitol\u00f3gi\u00e1ra. Kiemelked\u0151ek a b\u00e1ns\u00e1gi legyek \u00e9s sz\u00fanyogok ismertet\u00e9s\u00e9t c\u00e9lz\u00f3 dolgozatai. K\u00e9t tan\u00e9vben (1794\/95, 1802\/03) d\u00e9k\u00e1n, 1799\/1800-ban pedig rektor volt.<\/p>\n<p style=\"text-align: justify\">(Munk\u00e1i: Theses de Abortu. Viennae, 1778.; Geschichte der sch\u00e4dlichen Kolumbatzer M\u00fccken im Banat als ein Beytrag zur Naturgeschichte von Ungarn. Wien, 1795. \/Kivonata a Tudom\u00e1nyos Gy\u0171jtem\u00e9nyben 1839. I.\/; Conspectus ornithologiae Hungariae sive enumeratio avium, quas in Regno Hungariae observavit et secundum systema Linnaei digessit. Budae, 1795.; Neue analytische Methode die Mineralien und ihre Bestandtheile richtig zu bestimmen. Ein Leitfaden zur bestimmen. Ein Litfaden zur Selbst\u00fcbung und zum Selbstunterricht in der Mineralogie, Ofen, 1805. \u00e9s Wien, 1809. K\u00e9t r\u00e9sz. \/A II. r\u00e9szt fia Sch\u00f6nbauer Vince dolgozta \u00e9s adta ki.\/; Determinations- und Werner&#8217;s Mineralsystem. Leipzig, 1809.)<\/p>\n","protected":false},"excerpt":{"rendered":"<p>(Reichenberg, 1757 &#8211; Pest, 1807. december 27.) D\u00e9k\u00e1n: 1794\/95, 1802\/03 Cseh sz\u00fclet\u00e9s\u0171 orvos, zool\u00f3gus, egyetemi tan\u00e1r. 1789-t\u0151l hal\u00e1l\u00e1ig az \u00e1llattan \u00e9s \u00e1sv\u00e1nytan tan\u00e1ra, emellett 1790\/91-ben helyettesk\u00e9nt a k\u00fcl\u00f6n\u00f6s k\u00f3r- \u00e9s gy\u00f3gytant is el\u0151adta. Egyik els\u0151 szorgalmaz\u00f3ja volt a hazai Term\u00e9szettudom\u00e1nyi T\u00e1rsulat megalak\u00edt\u00e1s\u00e1nak, az orsz\u00e1g term\u00e9szeti kincsei \u00f6sszegy\u0171jt\u00e9s\u00e9nek \u00e9s konzerv\u00e1l\u00e1s\u00e1nak. Munk\u00e1ss\u00e1ga kiterjedt a magyarorsz\u00e1gi \u00e1sv\u00e1nyvizek sz\u00e1mbav\u00e9tel\u00e9re &hellip;<\/p>\n","protected":false},"author":282,"featured_media":0,"parent":347,"menu_order":0,"comment_status":"closed","ping_status":"closed","template":"template-fullwidth.php","meta":{"_acf_changed":false,"footnotes":""},"categories":[6,20,77,81,5,16,14],"tags":[],"class_list":["post-1388","page","type-page","status-publish","hentry","category-dekanok","category-dekanok-karok-szerint","category-kegyeleti-adattar","category-orvosi-kar-dekanjai","category-rektorok","category-tanszekvezetok","category-teljes-nevlista"],"acf":[],"_links":{"self":[{"href":"https:\/\/semmelweis.hu\/baratikor\/wp-json\/wp\/v2\/pages\/1388","targetHints":{"allow":["GET"]}}],"collection":[{"href":"https:\/\/semmelweis.hu\/baratikor\/wp-json\/wp\/v2\/pages"}],"about":[{"href":"https:\/\/semmelweis.hu\/baratikor\/wp-json\/wp\/v2\/types\/page"}],"author":[{"embeddable":true,"href":"https:\/\/semmelweis.hu\/baratikor\/wp-json\/wp\/v2\/users\/282"}],"replies":[{"embeddable":true,"href":"https:\/\/semmelweis.hu\/baratikor\/wp-json\/wp\/v2\/comments?post=1388"}],"version-history":[{"count":1,"href":"https:\/\/semmelweis.hu\/baratikor\/wp-json\/wp\/v2\/pages\/1388\/revisions"}],"predecessor-version":[{"id":1389,"href":"https:\/\/semmelweis.hu\/baratikor\/wp-json\/wp\/v2\/pages\/1388\/revisions\/1389"}],"up":[{"embeddable":true,"href":"https:\/\/semmelweis.hu\/baratikor\/wp-json\/wp\/v2\/pages\/347"}],"wp:attachment":[{"href":"https:\/\/semmelweis.hu\/baratikor\/wp-json\/wp\/v2\/media?parent=1388"}],"wp:term":[{"taxonomy":"category","embeddable":true,"href":"https:\/\/semmelweis.hu\/baratikor\/wp-json\/wp\/v2\/categories?post=1388"},{"taxonomy":"post_tag","embeddable":true,"href":"https:\/\/semmelweis.hu\/baratikor\/wp-json\/wp\/v2\/tags?post=1388"}],"curies":[{"name":"wp","href":"https:\/\/api.w.org\/{rel}","templated":true}]}}