{"id":1386,"date":"2023-01-02T08:32:38","date_gmt":"2023-01-02T07:32:38","guid":{"rendered":"https:\/\/semmelweis.hu\/baratikor\/?page_id=1386"},"modified":"2023-01-09T11:34:31","modified_gmt":"2023-01-09T10:34:31","slug":"szening-janos","status":"publish","type":"page","link":"https:\/\/semmelweis.hu\/baratikor\/galeria\/teljes-nevlista\/szening-janos\/","title":{"rendered":"Szening J\u00e1nos"},"content":{"rendered":"<p style=\"text-align: justify\"><strong>Szening J\u00e1nos (Gy\u0151r, 1757. j\u00fanius 7. &#8211; Pest, 1806. febru\u00e1r 12.<a href=\"#_ftn1\" name=\"_ftnref1\"><sup>[1]<\/sup><\/a>) <\/strong><\/p>\n<p style=\"text-align: justify\"><strong>Tansz\u00e9k: <\/strong>bonctan 1790-1797 (h.), 1797-1803, bonctan \u00e9s sz\u00fcl\u00e9szet 1803-1806.<\/p>\n<p style=\"text-align: justify\"><strong>Viselt egyetemi m\u00e9lt\u00f3s\u00e1g: <\/strong>d\u00e9k\u00e1n 1805\/06.<\/p>\n<p style=\"text-align: justify\">St\u00e1hly Gy\u00f6rgy mellett tanult seb\u00e9szetet, majd h\u00e1rom \u00e9vig katonaorvosk\u00e9nt m\u0171k\u00f6d\u00f6tt. R\u00e9szt vett a Poroszorsz\u00e1ggal folytatott 1778\/79-es bajor \u00f6r\u00f6k\u00f6s\u00f6d\u00e9si h\u00e1bor\u00faban, ahol fogs\u00e1gba esett. F\u00e9l \u00e9vi rabs\u00e1g ut\u00e1n hazat\u00e9rhetett, majd 1782-ben az egyetemi seb\u00e9szeti tansz\u00e9ken lett seg\u00e9d. 1785. november 24-\u00e9n sz\u00fcl\u00e9szmesteri oklevelet szerzett, majd adjunktusi kinevez\u00e9st kapott a seb\u00e9szet \u00e9s sz\u00fcl\u00e9szet tan\u00e1ra, St\u00e1hly Gy\u00f6rgy mell\u00e9. 1790-ben bonctani lector, 1791. november 22-\u00e9n seb\u00e9szdoktor lett. Orvosdoktori oklevel\u00e9t 1797. augusztus 29-\u00e9n szerezte meg, \u00e9s m\u00e9g ebben az \u00e9vben kinevezt\u00e9k a bonctan rendes tan\u00e1r\u00e1v\u00e1. K\u00e9s\u0151bb az 1800. \u00e9vi nemesi felkel\u0151 seregben t\u00f6rzsorvosk\u00e9nt szolg\u00e1lt St\u00e1hly mellett. St\u00e1hly 1802-ben bek\u00f6vetkezett hal\u00e1la ut\u00e1n t\u00e1rgyait, a sz\u00fcl\u00e9szetet \u00e9s a seb\u00e9szetet kett\u00e9v\u00e1lasztott\u00e1k, \u00edgy 1803. szeptember 13-\u00e1n Szeninget a bonctan \u00e9s a sz\u00fcl\u00e9szet tan\u00e1r\u00e1v\u00e1 nevezt\u00e9k ki. A kar az 1805\/06. tan\u00e9vre d\u00e9k\u00e1nj\u00e1v\u00e1 v\u00e1lasztotta, de 1806. febru\u00e1r 12-\u00e9n bek\u00f6vetkezett hal\u00e1la miatt hivatali idej\u00e9t nem t\u00f6lthette ki.<\/p>\n<p style=\"text-align: justify\"><strong>F\u0151bb munk\u00e1i:<\/strong> szakirodalmi tev\u00e9kenys\u00e9ge nem ismert.<\/p>\n<p style=\"text-align: justify\"><strong>Nyughelye:<\/strong> nem ismert.<\/p>\n<p style=\"text-align: justify\"><sup><a href=\"#_ftnref1\" name=\"_ftn1\">[1]<\/a> <\/sup>Gy\u0151ry Tibor \u00e9s nyom\u00e1ban a t\u00f6bbi \u00e9letrajz febru\u00e1r 13-\u00e1t adja meg elhal\u00e1loz\u00e1sa napjak\u00e9nt. A 12-i d\u00e1tum a Gy\u0151ryn\u00e9l \u00e1ltal\u00e1ban megb\u00edzhat\u00f3bb adatk\u00f6zl\u0151, H\u0151gyes Endre k\u00f6nyv\u00e9b\u0151l sz\u00e1rmazik.<\/p>\n","protected":false},"excerpt":{"rendered":"<p>Szening J\u00e1nos (Gy\u0151r, 1757. j\u00fanius 7. &#8211; Pest, 1806. febru\u00e1r 12. <a href=\"#_ftn1\" name=\"_ftnref1\">[1]<\/a> ) Tansz\u00e9k: bonctan 1790-1797 (h.), 1797-1803, bonctan \u00e9s sz\u00fcl\u00e9szet 1803-1806. Viselt egyetemi m\u00e9lt\u00f3s\u00e1g: d\u00e9k\u00e1n 1805\/06. St\u00e1hly Gy\u00f6rgy mellett tanult seb\u00e9szetet, majd h\u00e1rom \u00e9vig katonaorvosk\u00e9nt m\u0171k\u00f6d\u00f6tt. R\u00e9szt vett a Poroszorsz\u00e1ggal folytatott 1778\/79-es bajor \u00f6r\u00f6k\u00f6s\u00f6d\u00e9si h\u00e1bor\u00faban, ahol fogs\u00e1gba esett. F\u00e9l \u00e9vi rabs\u00e1g ut\u00e1n hazat\u00e9rhetett, majd 1782-ben &hellip;<\/p>\n","protected":false},"author":282,"featured_media":0,"parent":347,"menu_order":0,"comment_status":"closed","ping_status":"closed","template":"template-fullwidth.php","meta":{"_acf_changed":false,"footnotes":""},"categories":[6,20,77,81,14],"tags":[],"class_list":["post-1386","page","type-page","status-publish","hentry","category-dekanok","category-dekanok-karok-szerint","category-kegyeleti-adattar","category-orvosi-kar-dekanjai","category-teljes-nevlista"],"acf":[],"_links":{"self":[{"href":"https:\/\/semmelweis.hu\/baratikor\/wp-json\/wp\/v2\/pages\/1386","targetHints":{"allow":["GET"]}}],"collection":[{"href":"https:\/\/semmelweis.hu\/baratikor\/wp-json\/wp\/v2\/pages"}],"about":[{"href":"https:\/\/semmelweis.hu\/baratikor\/wp-json\/wp\/v2\/types\/page"}],"author":[{"embeddable":true,"href":"https:\/\/semmelweis.hu\/baratikor\/wp-json\/wp\/v2\/users\/282"}],"replies":[{"embeddable":true,"href":"https:\/\/semmelweis.hu\/baratikor\/wp-json\/wp\/v2\/comments?post=1386"}],"version-history":[{"count":1,"href":"https:\/\/semmelweis.hu\/baratikor\/wp-json\/wp\/v2\/pages\/1386\/revisions"}],"predecessor-version":[{"id":1387,"href":"https:\/\/semmelweis.hu\/baratikor\/wp-json\/wp\/v2\/pages\/1386\/revisions\/1387"}],"up":[{"embeddable":true,"href":"https:\/\/semmelweis.hu\/baratikor\/wp-json\/wp\/v2\/pages\/347"}],"wp:attachment":[{"href":"https:\/\/semmelweis.hu\/baratikor\/wp-json\/wp\/v2\/media?parent=1386"}],"wp:term":[{"taxonomy":"category","embeddable":true,"href":"https:\/\/semmelweis.hu\/baratikor\/wp-json\/wp\/v2\/categories?post=1386"},{"taxonomy":"post_tag","embeddable":true,"href":"https:\/\/semmelweis.hu\/baratikor\/wp-json\/wp\/v2\/tags?post=1386"}],"curies":[{"name":"wp","href":"https:\/\/api.w.org\/{rel}","templated":true}]}}