{"id":1379,"date":"2023-01-02T08:25:57","date_gmt":"2023-01-02T07:25:57","guid":{"rendered":"https:\/\/semmelweis.hu\/baratikor\/?page_id=1379"},"modified":"2023-01-09T11:14:10","modified_gmt":"2023-01-09T10:14:10","slug":"eckstein-janos","status":"publish","type":"page","link":"https:\/\/semmelweis.hu\/baratikor\/galeria\/teljes-nevlista\/eckstein-janos\/","title":{"rendered":"Eckstein J\u00e1nos"},"content":{"rendered":"<p style=\"text-align: justify\"><strong>Eckstein J\u00e1nos, ehrenbergi (Csehorsz\u00e1g, 1762. janu\u00e1r 26.<a href=\"#_ftn1\" name=\"_ftnref1\"><sup>[1]<\/sup><\/a> &#8211; Pest, 1812. j\u00fanius 12.) <\/strong><\/p>\n<p style=\"text-align: justify\"><strong>Tansz\u00e9k: <\/strong>elm\u00e9leti seb\u00e9szet 1808-1812, szem\u00e9szet 1809\/10 (h.).<\/p>\n<p style=\"text-align: justify\">Eckstein Ferenc (1769-1833), a seb\u00e9szet \u00e9s sz\u00fcl\u00e9szet tan\u00e1r\u00e1nak b\u00e1tyja. Fia, Eckstein Frigyes k\u00e9s\u0151bb a pesti orvoskar d\u00e9k\u00e1ni tiszt\u00e9t viselte. Orvosi tanulm\u00e1nyait Pesten v\u00e9gezte, 1791. m\u00e1jus 31-\u00e9n avatt\u00e1k doktorr\u00e1. 1793-ban tan\u00e1rseg\u00e9d lett a seb\u00e9szet tansz\u00e9k\u00e9n. A nap\u00f3leoni h\u00e1bor\u00fak idej\u00e9n 1797 augusztus\u00e1ban professzor\u00e1val, St\u00e1hly Gy\u00f6rggyel \u00e9s Ferenc \u00f6ccs\u00e9vel egy\u00fctt a nemesi felkel\u0151 sereghez h\u00edvt\u00e1k be. T\u00e1bori t\u00f6rzsorvosk\u00e9nt az it\u00e1liai hadsz\u00ednt\u00e9ren szolg\u00e1lt, k\u00e9tszer is megsebes\u00fclt. Fel\u00e9p\u00fcl\u00e9se ut\u00e1n polg\u00e1ri \u00e1ll\u00e1sba helyezt\u00e9k, 1800-t\u00f3l 1807-ig a kolozsv\u00e1ri orvos-seb\u00e9szi int\u00e9zetben a bonctan, seb\u00e9szet \u00e9s sz\u00fcl\u00e9szet tan\u00e1ra, illetve az int\u00e9zet igazgat\u00f3ja volt. Erd\u00e9lyben \u0151 vezette be a himl\u0151olt\u00e1st. 1808-ban a pesti egyetemre h\u00edvt\u00e1k (kinevez\u00e9se okt\u00f3ber 22-\u00e9n volt) az \u00fajonnan alak\u00edtott elm\u00e9leti seb\u00e9szet tansz\u00e9k\u00e9re, melynek els\u0151 tan\u00e1rak\u00e9nt m\u0171k\u00f6d\u00f6tt. Ezzel p\u00e1rhuzamosan gyakorlati seb\u00e9szetet is oktatott magyar nyelven. Az 1809\/10. tan\u00e9vben helyettesk\u00e9nt a szem\u00e9szetet is el\u0151adta.<\/p>\n<p style=\"text-align: justify\"><strong>F\u0151bb munk\u00e1i:<\/strong> A Venusi vagy Szerelem nyavaly\u00e1j\u00e1nak r\u00f6vid le\u00edr\u00e1sa \u00e9s bizonyos orvosl\u00e1sa a legujabb tapasztal\u00e1sok szerint (Sz\u0151ts Andr\u00e1ssal). Kolozsv\u00e1r, 1803.<\/p>\n<p style=\"text-align: justify\"><strong>Nyughelye:<\/strong> Budapest, Fiumei \u00fat, jobb old. fal 337 &#8211; Eckstein, de nincs a s\u00edrban.<\/p>\n<p style=\"text-align: justify\"><sup><a href=\"#_ftnref1\" name=\"_ftn1\">[1]<\/a> <\/sup>Pontos sz\u00fclet\u00e9si idej\u00e9t megtal\u00e1lni a Pesti Orvoskaron v\u00e9gzettek jegyz\u00e9k\u00e9ben (Semmelweis Egyetem Lev\u00e9lt\u00e1ra 1\/f V\u00e9gzett hallgat\u00f3k jegyz\u00e9ke 1. k\u00f6tet 27. oldal)<\/p>\n<p style=\"text-align: justify\"><a href=\"https:\/\/semmelweis.hu\/baratikor\/galeria\/teljes-nevlista\/eckstein-janos\/eckstein-kozeli\/\" rel=\"attachment wp-att-1380\"><img loading=\"lazy\" decoding=\"async\" class=\"alignleft size-medium wp-image-1380\" src=\"https:\/\/semmelweis.hu\/baratikor\/files\/2023\/01\/Eckstein-kozeli-400x266.jpg\" alt=\"\" width=\"400\" height=\"266\" srcset=\"https:\/\/semmelweis.hu\/baratikor\/files\/2023\/01\/Eckstein-kozeli-400x266.jpg 400w, https:\/\/semmelweis.hu\/baratikor\/files\/2023\/01\/Eckstein-kozeli-768x511.jpg 768w, https:\/\/semmelweis.hu\/baratikor\/files\/2023\/01\/Eckstein-kozeli-753x501.jpg 753w, https:\/\/semmelweis.hu\/baratikor\/files\/2023\/01\/Eckstein-kozeli-203x135.jpg 203w, https:\/\/semmelweis.hu\/baratikor\/files\/2023\/01\/Eckstein-kozeli.jpg 1000w\" sizes=\"auto, (max-width: 400px) 100vw, 400px\" \/><\/a><a href=\"https:\/\/semmelweis.hu\/baratikor\/galeria\/teljes-nevlista\/eckstein-janos\/eckstein-csalad-2\/\" rel=\"attachment wp-att-1381\"><img loading=\"lazy\" decoding=\"async\" class=\"alignleft size-medium wp-image-1381\" src=\"https:\/\/semmelweis.hu\/baratikor\/files\/2023\/01\/Eckstein-csalad-1-267x400.jpg\" alt=\"\" width=\"267\" height=\"400\" srcset=\"https:\/\/semmelweis.hu\/baratikor\/files\/2023\/01\/Eckstein-csalad-1-267x400.jpg 267w, https:\/\/semmelweis.hu\/baratikor\/files\/2023\/01\/Eckstein-csalad-1.jpg 667w\" sizes=\"auto, (max-width: 267px) 100vw, 267px\" \/><\/a><\/p>\n","protected":false},"excerpt":{"rendered":"<p>Eckstein J\u00e1nos, ehrenbergi (Csehorsz\u00e1g, 1762. janu\u00e1r 26. <a href=\"#_ftn1\" name=\"_ftnref1\">[1]<\/a> &#8211; Pest, 1812. j\u00fanius 12.) Tansz\u00e9k: elm\u00e9leti seb\u00e9szet 1808-1812, szem\u00e9szet 1809\/10 (h.). Eckstein Ferenc (1769-1833), a seb\u00e9szet \u00e9s sz\u00fcl\u00e9szet tan\u00e1r\u00e1nak b\u00e1tyja. Fia, Eckstein Frigyes k\u00e9s\u0151bb a pesti orvoskar d\u00e9k\u00e1ni tiszt\u00e9t viselte. Orvosi tanulm\u00e1nyait Pesten v\u00e9gezte, 1791. m\u00e1jus 31-\u00e9n avatt\u00e1k doktorr\u00e1. 1793-ban tan\u00e1rseg\u00e9d lett a seb\u00e9szet tansz\u00e9k\u00e9n. A nap\u00f3leoni &hellip;<\/p>\n","protected":false},"author":282,"featured_media":0,"parent":347,"menu_order":0,"comment_status":"closed","ping_status":"closed","template":"template-fullwidth.php","meta":{"_acf_changed":false,"footnotes":""},"categories":[77,16,14],"tags":[],"class_list":["post-1379","page","type-page","status-publish","hentry","category-kegyeleti-adattar","category-tanszekvezetok","category-teljes-nevlista"],"acf":[],"_links":{"self":[{"href":"https:\/\/semmelweis.hu\/baratikor\/wp-json\/wp\/v2\/pages\/1379","targetHints":{"allow":["GET"]}}],"collection":[{"href":"https:\/\/semmelweis.hu\/baratikor\/wp-json\/wp\/v2\/pages"}],"about":[{"href":"https:\/\/semmelweis.hu\/baratikor\/wp-json\/wp\/v2\/types\/page"}],"author":[{"embeddable":true,"href":"https:\/\/semmelweis.hu\/baratikor\/wp-json\/wp\/v2\/users\/282"}],"replies":[{"embeddable":true,"href":"https:\/\/semmelweis.hu\/baratikor\/wp-json\/wp\/v2\/comments?post=1379"}],"version-history":[{"count":3,"href":"https:\/\/semmelweis.hu\/baratikor\/wp-json\/wp\/v2\/pages\/1379\/revisions"}],"predecessor-version":[{"id":1384,"href":"https:\/\/semmelweis.hu\/baratikor\/wp-json\/wp\/v2\/pages\/1379\/revisions\/1384"}],"up":[{"embeddable":true,"href":"https:\/\/semmelweis.hu\/baratikor\/wp-json\/wp\/v2\/pages\/347"}],"wp:attachment":[{"href":"https:\/\/semmelweis.hu\/baratikor\/wp-json\/wp\/v2\/media?parent=1379"}],"wp:term":[{"taxonomy":"category","embeddable":true,"href":"https:\/\/semmelweis.hu\/baratikor\/wp-json\/wp\/v2\/categories?post=1379"},{"taxonomy":"post_tag","embeddable":true,"href":"https:\/\/semmelweis.hu\/baratikor\/wp-json\/wp\/v2\/tags?post=1379"}],"curies":[{"name":"wp","href":"https:\/\/api.w.org\/{rel}","templated":true}]}}