{"id":1374,"date":"2023-01-02T08:21:40","date_gmt":"2023-01-02T07:21:40","guid":{"rendered":"https:\/\/semmelweis.hu\/baratikor\/?page_id=1374"},"modified":"2023-01-09T11:11:28","modified_gmt":"2023-01-09T10:11:28","slug":"bene-ferenc","status":"publish","type":"page","link":"https:\/\/semmelweis.hu\/baratikor\/galeria\/teljes-nevlista\/bene-ferenc\/","title":{"rendered":"Bene Ferenc"},"content":{"rendered":"<p style=\"text-align: justify\"><strong><a href=\"https:\/\/semmelweis.hu\/baratikor\/galeria\/teljes-nevlista\/bene-ferenc\/017_11\/\" rel=\"attachment wp-att-1375\"><img loading=\"lazy\" decoding=\"async\" class=\"alignleft size-medium wp-image-1375\" src=\"https:\/\/semmelweis.hu\/baratikor\/files\/2023\/01\/017_11-286x400.jpg\" alt=\"\" width=\"286\" height=\"400\" \/><\/a>(Mindszent \/Csongr\u00e1d m.\/, 1775. okt\u00f3ber 12. &#8211; Pest, 1858. j\u00falius 2.)<\/strong><\/p>\n<p style=\"text-align: justify\">D\u00e9k\u00e1n: 1807\/08 &#8211; 1808\/09<\/p>\n<p style=\"text-align: justify\">Orvosi tanulm\u00e1nyait 1794-1798 k\u00f6z\u00f6tt B\u00e9csben (Peter Frank tan\u00edtv\u00e1nya) \u00e9s Pesten v\u00e9gezte, oklevelet ez ut\u00f3bbi egyetemen szerzett 1798. szeptember 4-\u00e9n. 1799-t\u0151l Pesten az \u00fan. polg\u00e1ri seb\u00e9szeknek sz\u00e1nt elm\u00e9leti orvostan el\u0151ad\u00f3ja. 1802. december 24-\u00e9t\u0151l kezdve a bonctan helyettes tan\u00e1rak\u00e9nt m\u0171k\u00f6d\u00f6tt, 1803-t\u00f3l az elm\u00e9leti orvostan \u00e9s 1805-t\u0151l az \u00e1llamorvostan \/k\u00f6zeg\u00e9szs\u00e9gtan \u00e9s t\u00f6rv\u00e9nysz\u00e9ki orvostan egy\u00fctt\/ rendes tan\u00e1ra. 1806-t\u00f3l a Szt. R\u00f3kus-k\u00f3rh\u00e1z igazgat\u00f3ja \u00e9s v\u00e1rosi f\u0151orvos, de e tiszts\u00e9geir\u0151l \u00f6sszef\u00e9rhetetlens\u00e9g miatt hamarosan lemondott, megtartva egyetemi katedr\u00e1j\u00e1t. 1813-t\u00f3l a beteg Prandt \u00c1d\u00e1m Ign\u00e1cot helyettes\u00edtette a k\u00fcl\u00f6n\u00f6s k\u00f3r- \u00e9s gy\u00f3gytan tansz\u00e9k\u00e9n, majd 1816-ban hivatalosan is \u00e1tvette azt (1841-ig). T\u00f6bb alkalommal tett hosszabb k\u00fclf\u00f6ldi tanulm\u00e1nyutat. 1807-ben k\u00e9t h\u00f3napot t\u00f6lt\u00f6tt P\u00e1rizsban, majd a n\u00e9met fejedelems\u00e9geket utazta be. 1828-ban h\u00e1rom h\u00f3napot Angli\u00e1ban id\u0151z\u00f6tt, v\u00e9g\u00fcl 1834-ben Fels\u0151-Magyarorsz\u00e1got j\u00e1rta k\u00f6rbe. 1801-ben el\u0151sz\u00f6r v\u00e9gzett haz\u00e1nkban himl\u0151olt\u00e1st, els\u0151sorban neki k\u00f6sz\u00f6nhet\u0151 annak elterjeszt\u00e9se. 1803-t\u00f3l 1828-ig ezt a t\u00e1rgyat az egyetemen is el\u0151adta. Az 1831-es nagy koleraj\u00e1rv\u00e1ny elleni int\u00e9zked\u00e9sek egyik megtervez\u0151je \u00e9s v\u00e9grehajt\u00f3ja. M\u00e9g ebben az \u00e9vben az Akad\u00e9mia tiszteleti tagj\u00e1v\u00e1 v\u00e1lasztotta. Az Orvoskar 1840. j\u00falius 25-i \u00fcl\u00e9s\u00e9n kezdem\u00e9nyezte egy term\u00e9szettudom\u00e1nyi \u00e9s orvosi t\u00e1rsas\u00e1g l\u00e9trehoz\u00e1s\u00e1t. Ennek nyom\u00e1n indultak meg a Magyar Orvosok \u00e9s Term\u00e9szetvizsg\u00e1l\u00f3k v\u00e1ndorgy\u0171l\u00e9sei 1841. m\u00e1jus 20-t\u00f3l. K\u00e9t alkalommal d\u00e9k\u00e1ni (1807\/08, 1808\/09), egyszer rektori (1809\/10) tiszts\u00e9gre is v\u00e1lasztott\u00e1k. 1841. febru\u00e1r 9-\u00e9n az Orvoskar igazgat\u00f3j\u00e1v\u00e1 nevezt\u00e9k ki.<\/p>\n<p style=\"text-align: justify\">(F\u0151bb munk\u00e1i: A himl\u0151 veszedelmei ellen val\u00f3 oktat\u00e1s. Pest, 1800.; R\u00f6vid oktat\u00e1s a ment\u0151 himl\u0151nek eredet\u00e9r\u0151l, term\u00e9szet\u00e9r\u0151l \u00e9s beolt\u00e1s\u00e1r\u00f3l. Pest, 1802. \/megjelent latin, n\u00e9met, szlov\u00e1k \u00e9s horv\u00e1t nyelven is\/; Elementa politiae medicae. Budae, 1807.; Elementa medicinae forensis. Budae, 1811.; Elementa medicinae practicae. Pest, 1833-34. \/Ez ut\u00f3bbi munk\u00e1j\u00e1t fia adta ki \u00f6t k\u00f6tetben, melyet az olasz \u00e9s orosz egyetemeken is haszn\u00e1lt\u00e1k.\/)<\/p>\n<p><a href=\"https:\/\/semmelweis.hu\/baratikor\/galeria\/teljes-nevlista\/bene-ferenc\/017_21\/\" rel=\"attachment wp-att-1376\"><img loading=\"lazy\" decoding=\"async\" class=\"alignleft size-medium wp-image-1376\" src=\"https:\/\/semmelweis.hu\/baratikor\/files\/2023\/01\/017_21-278x400.jpg\" alt=\"\" width=\"278\" height=\"400\" srcset=\"https:\/\/semmelweis.hu\/baratikor\/files\/2023\/01\/017_21-278x400.jpg 278w, https:\/\/semmelweis.hu\/baratikor\/files\/2023\/01\/017_21.jpg 295w\" sizes=\"auto, (max-width: 278px) 100vw, 278px\" \/><\/a><\/p>\n","protected":false},"excerpt":{"rendered":"<p><a href=\"https:\/\/semmelweis.hu\/baratikor\/galeria\/teljes-nevlista\/bene-ferenc\/017_11\/\" rel=\"attachment wp-att-1375\"><\/a> (Mindszent \/Csongr\u00e1d m.\/, 1775. okt\u00f3ber 12. &#8211; Pest, 1858. j\u00falius 2.) D\u00e9k\u00e1n: 1807\/08 &#8211; 1808\/09 Orvosi tanulm\u00e1nyait 1794-1798 k\u00f6z\u00f6tt B\u00e9csben (Peter Frank tan\u00edtv\u00e1nya) \u00e9s Pesten v\u00e9gezte, oklevelet ez ut\u00f3bbi egyetemen szerzett 1798. szeptember 4-\u00e9n. 1799-t\u0151l Pesten az \u00fan. polg\u00e1ri seb\u00e9szeknek sz\u00e1nt elm\u00e9leti orvostan el\u0151ad\u00f3ja. 1802. december 24-\u00e9t\u0151l kezdve a bonctan helyettes tan\u00e1rak\u00e9nt m\u0171k\u00f6d\u00f6tt, 1803-t\u00f3l az &hellip;<\/p>\n","protected":false},"author":282,"featured_media":1375,"parent":347,"menu_order":0,"comment_status":"closed","ping_status":"closed","template":"template-fullwidth.php","meta":{"_acf_changed":false,"footnotes":""},"categories":[6,77,81,5,14],"tags":[],"class_list":["post-1374","page","type-page","status-publish","has-post-thumbnail","hentry","category-dekanok","category-kegyeleti-adattar","category-orvosi-kar-dekanjai","category-rektorok","category-teljes-nevlista"],"acf":[],"_links":{"self":[{"href":"https:\/\/semmelweis.hu\/baratikor\/wp-json\/wp\/v2\/pages\/1374","targetHints":{"allow":["GET"]}}],"collection":[{"href":"https:\/\/semmelweis.hu\/baratikor\/wp-json\/wp\/v2\/pages"}],"about":[{"href":"https:\/\/semmelweis.hu\/baratikor\/wp-json\/wp\/v2\/types\/page"}],"author":[{"embeddable":true,"href":"https:\/\/semmelweis.hu\/baratikor\/wp-json\/wp\/v2\/users\/282"}],"replies":[{"embeddable":true,"href":"https:\/\/semmelweis.hu\/baratikor\/wp-json\/wp\/v2\/comments?post=1374"}],"version-history":[{"count":2,"href":"https:\/\/semmelweis.hu\/baratikor\/wp-json\/wp\/v2\/pages\/1374\/revisions"}],"predecessor-version":[{"id":1378,"href":"https:\/\/semmelweis.hu\/baratikor\/wp-json\/wp\/v2\/pages\/1374\/revisions\/1378"}],"up":[{"embeddable":true,"href":"https:\/\/semmelweis.hu\/baratikor\/wp-json\/wp\/v2\/pages\/347"}],"wp:featuredmedia":[{"embeddable":true,"href":"https:\/\/semmelweis.hu\/baratikor\/wp-json\/wp\/v2\/media\/1375"}],"wp:attachment":[{"href":"https:\/\/semmelweis.hu\/baratikor\/wp-json\/wp\/v2\/media?parent=1374"}],"wp:term":[{"taxonomy":"category","embeddable":true,"href":"https:\/\/semmelweis.hu\/baratikor\/wp-json\/wp\/v2\/categories?post=1374"},{"taxonomy":"post_tag","embeddable":true,"href":"https:\/\/semmelweis.hu\/baratikor\/wp-json\/wp\/v2\/tags?post=1374"}],"curies":[{"name":"wp","href":"https:\/\/api.w.org\/{rel}","templated":true}]}}