{"id":1372,"date":"2023-01-02T08:18:12","date_gmt":"2023-01-02T07:18:12","guid":{"rendered":"https:\/\/semmelweis.hu\/baratikor\/?page_id=1372"},"modified":"2023-01-09T11:14:11","modified_gmt":"2023-01-09T10:14:11","slug":"frankenburg-jakab","status":"publish","type":"page","link":"https:\/\/semmelweis.hu\/baratikor\/galeria\/teljes-nevlista\/frankenburg-jakab\/","title":{"rendered":"Frankenburg Jakab"},"content":{"rendered":"<p style=\"text-align: justify\"><strong>(Gy\u0151r, 1781 &#8211; Pest, 1814)<\/strong><\/p>\n<p style=\"text-align: justify\">Orvosi tanulm\u00e1nyait Pesten v\u00e9gezte, ahol 1804-ben seb\u00e9szdoktorr\u00e1, 1805-ben orvosdoktorr\u00e1 avatt\u00e1k. 1809-ben prosectori kinevez\u00e9st kapott az anat\u00f3mi\u00e1n. 1811\/12-t\u0151l helyettesk\u00e9nt adta el\u0151 a sz\u00fcl\u00e9szetet, majd annak a seb\u00e9szett\u0151l t\u00f6rt\u00e9nt lev\u00e1laszt\u00e1sa ut\u00e1n 1812. \u00e1prilis 7-t\u0151l a t\u00e1rgy rendes tan\u00e1r\u00e1v\u00e1 nevezt\u00e9k ki. A sz\u00fcl\u00e9szeti oktat\u00e1s korszer\u0171bb\u00e9 t\u00e9tel\u00e9re \u00e9s a Szt. R\u00f3kus k\u00f3rh\u00e1zzal val\u00f3 egy\u00fcttm\u0171k\u00f6d\u00e9sre r\u00e9szletes tervet dolgozott ki, ami azonban \u00e9let\u00e9ben nem val\u00f3sulhatott meg. \u00cdg\u00e9retesen indul\u00f3 karrierj\u00e9t korai hal\u00e1la t\u00f6rte der\u00e9kba.<\/p>\n","protected":false},"excerpt":{"rendered":"<p>(Gy\u0151r, 1781 &#8211; Pest, 1814) Orvosi tanulm\u00e1nyait Pesten v\u00e9gezte, ahol 1804-ben seb\u00e9szdoktorr\u00e1, 1805-ben orvosdoktorr\u00e1 avatt\u00e1k. 1809-ben prosectori kinevez\u00e9st kapott az anat\u00f3mi\u00e1n. 1811\/12-t\u0151l helyettesk\u00e9nt adta el\u0151 a sz\u00fcl\u00e9szetet, majd annak a seb\u00e9szett\u0151l t\u00f6rt\u00e9nt lev\u00e1laszt\u00e1sa ut\u00e1n 1812. \u00e1prilis 7-t\u0151l a t\u00e1rgy rendes tan\u00e1r\u00e1v\u00e1 nevezt\u00e9k ki. A sz\u00fcl\u00e9szeti oktat\u00e1s korszer\u0171bb\u00e9 t\u00e9tel\u00e9re \u00e9s a Szt. R\u00f3kus k\u00f3rh\u00e1zzal val\u00f3 egy\u00fcttm\u0171k\u00f6d\u00e9sre &hellip;<\/p>\n","protected":false},"author":282,"featured_media":0,"parent":347,"menu_order":0,"comment_status":"closed","ping_status":"closed","template":"template-fullwidth.php","meta":{"_acf_changed":false,"footnotes":""},"categories":[77,16,14],"tags":[],"class_list":["post-1372","page","type-page","status-publish","hentry","category-kegyeleti-adattar","category-tanszekvezetok","category-teljes-nevlista"],"acf":[],"_links":{"self":[{"href":"https:\/\/semmelweis.hu\/baratikor\/wp-json\/wp\/v2\/pages\/1372","targetHints":{"allow":["GET"]}}],"collection":[{"href":"https:\/\/semmelweis.hu\/baratikor\/wp-json\/wp\/v2\/pages"}],"about":[{"href":"https:\/\/semmelweis.hu\/baratikor\/wp-json\/wp\/v2\/types\/page"}],"author":[{"embeddable":true,"href":"https:\/\/semmelweis.hu\/baratikor\/wp-json\/wp\/v2\/users\/282"}],"replies":[{"embeddable":true,"href":"https:\/\/semmelweis.hu\/baratikor\/wp-json\/wp\/v2\/comments?post=1372"}],"version-history":[{"count":1,"href":"https:\/\/semmelweis.hu\/baratikor\/wp-json\/wp\/v2\/pages\/1372\/revisions"}],"predecessor-version":[{"id":1373,"href":"https:\/\/semmelweis.hu\/baratikor\/wp-json\/wp\/v2\/pages\/1372\/revisions\/1373"}],"up":[{"embeddable":true,"href":"https:\/\/semmelweis.hu\/baratikor\/wp-json\/wp\/v2\/pages\/347"}],"wp:attachment":[{"href":"https:\/\/semmelweis.hu\/baratikor\/wp-json\/wp\/v2\/media?parent=1372"}],"wp:term":[{"taxonomy":"category","embeddable":true,"href":"https:\/\/semmelweis.hu\/baratikor\/wp-json\/wp\/v2\/categories?post=1372"},{"taxonomy":"post_tag","embeddable":true,"href":"https:\/\/semmelweis.hu\/baratikor\/wp-json\/wp\/v2\/tags?post=1372"}],"curies":[{"name":"wp","href":"https:\/\/api.w.org\/{rel}","templated":true}]}}