{"id":137,"date":"2022-05-12T11:05:12","date_gmt":"2022-05-12T09:05:12","guid":{"rendered":"https:\/\/semmelweis.hu\/baratikor\/?page_id=137"},"modified":"2024-04-04T08:40:08","modified_gmt":"2024-04-04T06:40:08","slug":"felugyelo-bizottsag","status":"publish","type":"page","link":"https:\/\/semmelweis.hu\/baratikor\/magunkrol\/felugyelo-bizottsag\/","title":{"rendered":"Fel\u00fcgyel\u0151 Bizotts\u00e1g"},"content":{"rendered":"<h2>A Semmelweis Egyetem Bar\u00e1ti K\u00f6r Fel\u00fcgyel\u0151 Bizotts\u00e1ga:<\/h2>\n<p><strong>Eln\u00f6k:<br \/>\n<\/strong><strong>Dr. Kelemen Zsolt, <\/strong>ny. egyetemi tan\u00e1r<\/p>\n<p><b>Tagok:<br \/>\n<\/b><b>Kahlichn\u00e9 Dr. Simon M\u00e1rta, <\/b>ny. f\u0151iskolai tan\u00e1r<\/p>\n<p><b>Dr. Wenger Tibor, <\/b>ny. egyetemi tan\u00e1r, szaktan\u00e1csad\u00f3<\/p>\n","protected":false},"excerpt":{"rendered":"<p>A Semmelweis Egyetem Bar\u00e1ti K\u00f6r Fel\u00fcgyel\u0151 Bizotts\u00e1ga:<br \/>\nEln\u00f6k:<br \/>\nDr. Kelemen Zsolt, ny. egyetemi tan\u00e1r<br \/>\nTagok:<br \/>\nKahlichn\u00e9 Dr. Simon M\u00e1rta, ny. f\u0151iskolai tan\u00e1r<br \/>\nDr. Wenger Tibor, ny. egyetemi tan\u00e1r, szaktan\u00e1csad\u00f3<\/p>\n","protected":false},"author":282,"featured_media":0,"parent":2404,"menu_order":3,"comment_status":"closed","ping_status":"closed","template":"","meta":{"_acf_changed":false,"footnotes":""},"categories":[],"tags":[],"class_list":["post-137","page","type-page","status-publish","hentry"],"acf":[],"_links":{"self":[{"href":"https:\/\/semmelweis.hu\/baratikor\/wp-json\/wp\/v2\/pages\/137","targetHints":{"allow":["GET"]}}],"collection":[{"href":"https:\/\/semmelweis.hu\/baratikor\/wp-json\/wp\/v2\/pages"}],"about":[{"href":"https:\/\/semmelweis.hu\/baratikor\/wp-json\/wp\/v2\/types\/page"}],"author":[{"embeddable":true,"href":"https:\/\/semmelweis.hu\/baratikor\/wp-json\/wp\/v2\/users\/282"}],"replies":[{"embeddable":true,"href":"https:\/\/semmelweis.hu\/baratikor\/wp-json\/wp\/v2\/comments?post=137"}],"version-history":[{"count":7,"href":"https:\/\/semmelweis.hu\/baratikor\/wp-json\/wp\/v2\/pages\/137\/revisions"}],"predecessor-version":[{"id":5705,"href":"https:\/\/semmelweis.hu\/baratikor\/wp-json\/wp\/v2\/pages\/137\/revisions\/5705"}],"up":[{"embeddable":true,"href":"https:\/\/semmelweis.hu\/baratikor\/wp-json\/wp\/v2\/pages\/2404"}],"wp:attachment":[{"href":"https:\/\/semmelweis.hu\/baratikor\/wp-json\/wp\/v2\/media?parent=137"}],"wp:term":[{"taxonomy":"category","embeddable":true,"href":"https:\/\/semmelweis.hu\/baratikor\/wp-json\/wp\/v2\/categories?post=137"},{"taxonomy":"post_tag","embeddable":true,"href":"https:\/\/semmelweis.hu\/baratikor\/wp-json\/wp\/v2\/tags?post=137"}],"curies":[{"name":"wp","href":"https:\/\/api.w.org\/{rel}","templated":true}]}}