{"id":1361,"date":"2023-01-02T08:14:43","date_gmt":"2023-01-02T07:14:43","guid":{"rendered":"https:\/\/semmelweis.hu\/baratikor\/?page_id=1361"},"modified":"2023-10-11T15:00:00","modified_gmt":"2023-10-11T13:00:00","slug":"eckstein-ferenc","status":"publish","type":"page","link":"https:\/\/semmelweis.hu\/baratikor\/galeria\/teljes-nevlista\/eckstein-ferenc\/","title":{"rendered":"Eckstein Ferenc"},"content":{"rendered":"<p style=\"text-align: justify\"><strong><a href=\"https:\/\/semmelweis.hu\/baratikor\/galeria\/teljes-nevlista\/eckstein-ferenc\/eckstein-ferenc-318-iv-1-rajz-erminy-lith-lantz\/\" rel=\"attachment wp-att-1362\"><img loading=\"lazy\" decoding=\"async\" class=\"alignleft size-medium wp-image-1362\" src=\"https:\/\/semmelweis.hu\/baratikor\/files\/2023\/01\/Eckstein-Ferenc-318.-IV.1-rajz-Erminy-lith.-Lantz-322x400.jpg\" alt=\"\" width=\"322\" height=\"400\" srcset=\"https:\/\/semmelweis.hu\/baratikor\/files\/2023\/01\/Eckstein-Ferenc-318.-IV.1-rajz-Erminy-lith.-Lantz-322x400.jpg 322w, https:\/\/semmelweis.hu\/baratikor\/files\/2023\/01\/Eckstein-Ferenc-318.-IV.1-rajz-Erminy-lith.-Lantz-768x953.jpg 768w, https:\/\/semmelweis.hu\/baratikor\/files\/2023\/01\/Eckstein-Ferenc-318.-IV.1-rajz-Erminy-lith.-Lantz-753x934.jpg 753w, https:\/\/semmelweis.hu\/baratikor\/files\/2023\/01\/Eckstein-Ferenc-318.-IV.1-rajz-Erminy-lith.-Lantz.jpg 806w\" sizes=\"auto, (max-width: 322px) 100vw, 322px\" \/><\/a> Eckstein Ferenc, ehrenbergi (Als\u00f3kubin, 1769. m\u00e1rcius 28. &#8211; Pest, 1833. november 7.)<\/strong><\/p>\n<p style=\"text-align: justify\"><strong>Tansz\u00e9k: <\/strong>gyakorlati seb\u00e9szet 1803-1827.<\/p>\n<p style=\"text-align: justify\"><strong>Viselt egyetemi m\u00e9lt\u00f3s\u00e1g: <\/strong>d\u00e9k\u00e1n: 1805\/06 &#8211; 1806\/07, rektor: 1813\/14.<\/p>\n<p style=\"text-align: justify\">\u00c9desapja Als\u00f3kubinban ker\u00fcleti seb\u00e9szk\u00e9nt m\u0171k\u00f6d\u00f6tt. Orvosi tanulm\u00e1nyait Pesten v\u00e9gezte, 1795. okt\u00f3ber 27-\u00e9n seb\u00e9szdoktori, november 26-\u00e1n sz\u00fcl\u00e9szmesteri, 1797. augusztus 1-j\u00e9n orvosdoktori oklevelet nyert. 1793 \u00e9s 1797 k\u00f6z\u00f6tt St\u00e1hly Gy\u00f6rgy tan\u00e1rseg\u00e9dje volt. 1797-ben K\u0151szeg tiszti orvosa, majd hamarosan a nemesi felkel\u0151 sereg t\u00f6rzsorvosa lett (1797, 1800). K\u00f6zben 1799-t\u0151l a pesti egyetemen adjunktus a seb\u00e9szet \u00e9s sz\u00fcl\u00e9szet tan\u00e1ra mellett, majd 1800-ban ugyanezen t\u00e1rgyak korrepet\u00edtora lett. 1802\/03-t\u00f3l m\u00e1r helyettesk\u00e9nt adta el\u0151 e t\u00e1rgyakat, majd 1803. november 1-j\u00e9t\u0151l a gyakorlati seb\u00e9szet rendes tan\u00e1ra 1826\/27-ig. Ez alatt 1802-1804 k\u00f6z\u00f6tt a szem\u00e9szeti k\u00f3rh\u00e1z \u00e9s az orsz\u00e1gos szem\u00e9szi hivatal helyettes vezet\u0151je, 1805 \u00e9s 1809-ben pedig a nemesi felkel\u0151 sereg f\u0151orvosa volt. 1810-ben jelent\u00e9st adott ki a hadik\u00f3rh\u00e1zak m\u0171k\u00f6d\u00e9s\u00e9r\u0151l. T\u00f6bb cikket \u00edrt a berlini Encyclop. W\u00f6rterbuch der medizinischen Wissenschaft-ba. 1805\/06 \u00e9s 1806\/07-ben d\u00e9k\u00e1ni, 1813\/14-ben rektori tiszts\u00e9get viselt. Munk\u00e1ss\u00e1g\u00e1\u00e9rt t\u00f6bb magas elismer\u00e9sben is r\u00e9szes\u00fclt. \u00cdgy 1812-ben magyar nemess\u00e9get nyert, Pest \u00e9s Somogy megye t\u00e1blab\u00edr\u00e1j\u00e1v\u00e1 v\u00e1lasztott\u00e1k, a Lip\u00f3t-rend lovagja \u00e9s 1825-ben cs. kir. tan\u00e1csos lett. 1824. szeptember 27-\u00e9n pesti polg\u00e1rjogot szerzett.<\/p>\n<p style=\"text-align: justify\"><strong>F\u0151bb munk\u00e1i:<\/strong> Casus chirurgici tres, in publicum artis suae specimen descripti. Pesthini, 1803.; Relatio officiosa generalis de nosocomiis pro nobili insurgente militia hungarica anno 1809. erectis et administratis. Budae, 1810.; Tabellarische Darstellung der gebr\u00e4uchlichsten chirurgischen Instrumente, Binden und Maschinen \u00e4lterer und neuerer Zeit, zum Behufe der Wundarznei beflissenen. Budae, 1822.; k\u00e9ziratban maradt fenn Vorlesungen \u00fcber die Wundarzneikunst. c. munk\u00e1ja Alm\u00e1si Balogh P\u00e1l m\u00e1solat\u00e1ban. Pest, 1819\u201320.<\/p>\n<p style=\"text-align: justify\"><strong>Nyughelye:<\/strong> Fiumei \u00fat, jobb oldali fal 337 &#8211; Eckstein, de nincs a s\u00edrban.<\/p>\n<p style=\"text-align: justify\"><a href=\"https:\/\/semmelweis.hu\/baratikor\/galeria\/teljes-nevlista\/eckstein-ferenc\/018_21\/\" rel=\"attachment wp-att-1612\"><img loading=\"lazy\" decoding=\"async\" class=\"alignleft size-full wp-image-1612\" src=\"https:\/\/semmelweis.hu\/baratikor\/files\/2023\/01\/018_21.jpg\" alt=\"\" width=\"295\" height=\"370\" \/><\/a><a href=\"https:\/\/semmelweis.hu\/baratikor\/galeria\/teljes-nevlista\/eckstein-ferenc\/eckstein-ferenc-318-iv-1-rajz-erminy-lith-lantz_2\/\" rel=\"attachment wp-att-1364\"><img loading=\"lazy\" decoding=\"async\" class=\"alignleft size-medium wp-image-1364\" src=\"https:\/\/semmelweis.hu\/baratikor\/files\/2023\/01\/Eckstein-Ferenc-318.-IV.1-rajz-Erminy-lith.-Lantz_2-330x400.jpg\" alt=\"\" width=\"330\" height=\"400\" srcset=\"https:\/\/semmelweis.hu\/baratikor\/files\/2023\/01\/Eckstein-Ferenc-318.-IV.1-rajz-Erminy-lith.-Lantz_2-330x400.jpg 330w, https:\/\/semmelweis.hu\/baratikor\/files\/2023\/01\/Eckstein-Ferenc-318.-IV.1-rajz-Erminy-lith.-Lantz_2-768x930.jpg 768w, https:\/\/semmelweis.hu\/baratikor\/files\/2023\/01\/Eckstein-Ferenc-318.-IV.1-rajz-Erminy-lith.-Lantz_2-753x912.jpg 753w, https:\/\/semmelweis.hu\/baratikor\/files\/2023\/01\/Eckstein-Ferenc-318.-IV.1-rajz-Erminy-lith.-Lantz_2.jpg 826w\" sizes=\"auto, (max-width: 330px) 100vw, 330px\" \/><\/a><strong><a href=\"https:\/\/semmelweis.hu\/baratikor\/galeria\/teljes-nevlista\/eckstein-ferenc\/eckstein-csalad\/\" rel=\"attachment wp-att-1363\"><img loading=\"lazy\" decoding=\"async\" class=\"alignleft size-medium wp-image-1363\" src=\"https:\/\/semmelweis.hu\/baratikor\/files\/2023\/01\/Eckstein-csalad-267x400.jpg\" alt=\"\" width=\"267\" height=\"400\" srcset=\"https:\/\/semmelweis.hu\/baratikor\/files\/2023\/01\/Eckstein-csalad-267x400.jpg 267w, https:\/\/semmelweis.hu\/baratikor\/files\/2023\/01\/Eckstein-csalad.jpg 667w\" sizes=\"auto, (max-width: 267px) 100vw, 267px\" \/><\/a><\/strong><\/p>\n","protected":false},"excerpt":{"rendered":"<p><a href=\"https:\/\/semmelweis.hu\/baratikor\/galeria\/teljes-nevlista\/eckstein-ferenc\/eckstein-ferenc-318-iv-1-rajz-erminy-lith-lantz\/\" rel=\"attachment wp-att-1362\"><\/a> Eckstein Ferenc, ehrenbergi (Als\u00f3kubin, 1769. m\u00e1rcius 28. &#8211; Pest, 1833. november 7.) Tansz\u00e9k: gyakorlati seb\u00e9szet 1803-1827. Viselt egyetemi m\u00e9lt\u00f3s\u00e1g: d\u00e9k\u00e1n: 1805\/06 &#8211; 1806\/07, rektor: 1813\/14. \u00c9desapja Als\u00f3kubinban ker\u00fcleti seb\u00e9szk\u00e9nt m\u0171k\u00f6d\u00f6tt. Orvosi tanulm\u00e1nyait Pesten v\u00e9gezte, 1795. okt\u00f3ber 27-\u00e9n seb\u00e9szdoktori, november 26-\u00e1n sz\u00fcl\u00e9szmesteri, 1797. augusztus 1-j\u00e9n orvosdoktori oklevelet nyert. 1793 \u00e9s 1797 k\u00f6z\u00f6tt St\u00e1hly Gy\u00f6rgy tan\u00e1rseg\u00e9dje volt. &hellip;<\/p>\n","protected":false},"author":282,"featured_media":5368,"parent":347,"menu_order":0,"comment_status":"closed","ping_status":"closed","template":"template-fullwidth.php","meta":{"_acf_changed":false,"footnotes":""},"categories":[6,20,77,81,5,16,14],"tags":[],"class_list":["post-1361","page","type-page","status-publish","has-post-thumbnail","hentry","category-dekanok","category-dekanok-karok-szerint","category-kegyeleti-adattar","category-orvosi-kar-dekanjai","category-rektorok","category-tanszekvezetok","category-teljes-nevlista"],"acf":[],"_links":{"self":[{"href":"https:\/\/semmelweis.hu\/baratikor\/wp-json\/wp\/v2\/pages\/1361","targetHints":{"allow":["GET"]}}],"collection":[{"href":"https:\/\/semmelweis.hu\/baratikor\/wp-json\/wp\/v2\/pages"}],"about":[{"href":"https:\/\/semmelweis.hu\/baratikor\/wp-json\/wp\/v2\/types\/page"}],"author":[{"embeddable":true,"href":"https:\/\/semmelweis.hu\/baratikor\/wp-json\/wp\/v2\/users\/282"}],"replies":[{"embeddable":true,"href":"https:\/\/semmelweis.hu\/baratikor\/wp-json\/wp\/v2\/comments?post=1361"}],"version-history":[{"count":4,"href":"https:\/\/semmelweis.hu\/baratikor\/wp-json\/wp\/v2\/pages\/1361\/revisions"}],"predecessor-version":[{"id":1614,"href":"https:\/\/semmelweis.hu\/baratikor\/wp-json\/wp\/v2\/pages\/1361\/revisions\/1614"}],"up":[{"embeddable":true,"href":"https:\/\/semmelweis.hu\/baratikor\/wp-json\/wp\/v2\/pages\/347"}],"wp:featuredmedia":[{"embeddable":true,"href":"https:\/\/semmelweis.hu\/baratikor\/wp-json\/wp\/v2\/media\/5368"}],"wp:attachment":[{"href":"https:\/\/semmelweis.hu\/baratikor\/wp-json\/wp\/v2\/media?parent=1361"}],"wp:term":[{"taxonomy":"category","embeddable":true,"href":"https:\/\/semmelweis.hu\/baratikor\/wp-json\/wp\/v2\/categories?post=1361"},{"taxonomy":"post_tag","embeddable":true,"href":"https:\/\/semmelweis.hu\/baratikor\/wp-json\/wp\/v2\/tags?post=1361"}],"curies":[{"name":"wp","href":"https:\/\/api.w.org\/{rel}","templated":true}]}}