{"id":1359,"date":"2022-12-30T12:38:07","date_gmt":"2022-12-30T11:38:07","guid":{"rendered":"https:\/\/semmelweis.hu\/baratikor\/?page_id=1359"},"modified":"2023-01-06T14:19:46","modified_gmt":"2023-01-06T13:19:46","slug":"palkovics-andras","status":"publish","type":"page","link":"https:\/\/semmelweis.hu\/baratikor\/galeria\/teljes-nevlista\/palkovics-andras\/","title":{"rendered":"Palkovics Andr\u00e1s"},"content":{"rendered":"<p style=\"text-align: justify\"><strong>Palkovics Andr\u00e1s (Cinfalva \/Sopron megye\/, 1750. szeptember &#8211; Buda, 1819. j\u00falius 27.)<a href=\"#_ftn1\" name=\"_ftnref1\"><sup>[1]<\/sup><\/a> <\/strong><\/p>\n<p style=\"text-align: justify\"><strong>Tansz\u00e9k: <\/strong>az \u00fan. k\u00fcls\u0151 orvosi kar tagjak\u00e9nt nem v\u00e9gzett oktat\u00e1st.<\/p>\n<p style=\"text-align: justify\"><strong>Viselt egyetemi m\u00e9lt\u00f3s\u00e1g: <\/strong>d\u00e9k\u00e1n 1816\/17-1817\/18.<\/p>\n<p style=\"text-align: justify\">Orvosi oklevel\u00e9t 1778 m\u00e1jus\u00e1ban kapta az akkor m\u00e1r Bud\u00e1n m\u0171k\u00f6d\u0151 egyetem orvoskar\u00e1n. R\u00f6vid m\u00e1sf\u00e9l \u00e9vig az orvoskaron seg\u00e9dtan\u00e1rk\u00e9nt m\u0171k\u00f6d\u00f6tt, majd 1779-ben el\u0151bb Krass\u00f3 v\u00e1rmegye, majd pedig Szeged v\u00e1ros tiszti orvosak\u00e9nt dolgozott tov\u00e1bb. 1781-ben visszat\u00e9rt Bud\u00e1ra, ahol el\u0151bb m\u00e1sod-, majd 1784-ben els\u0151 tisztiorvosi tiszts\u00e9get kapott. K\u00fcl\u00f6n\u00f6sen kit\u00fcntette mag\u00e1t az 1789-ben \u00e9s 1806-ban a v\u00e1rosban d\u00falt pestisj\u00e1rv\u00e1nyok idej\u00e9n, melyek el\u00fclte ut\u00e1n megszervezte a k\u00f6zadakoz\u00e1sb\u00f3l megval\u00f3sul\u00f3 \u00faj budai k\u00f6zk\u00f3rh\u00e1z \u00e9p\u00edt\u00e9s\u00e9t. Az 1809-es francia h\u00e1bor\u00fa sor\u00e1n a Szent Fl\u00f3ri\u00e1n melletti budai tartal\u00e9kk\u00f3rh\u00e1zban 600 sebes\u00fclt \u00e9s beteg \u00e1pol\u00e1s\u00e1r\u00f3l gondoskodott. Mindezen szolg\u00e1latok elismer\u00e9sek\u00e9nt 1810. febru\u00e1r 9-\u00e9n I. Ferenct\u0151l magyar nemess\u00e9get kapott. A pesti Orvoskar k\u00fcltagja volt, vagyis nem tartozott az oktat\u00f3i test\u00fclethez. P\u00e1ly\u00e1ja sor\u00e1n t\u00f6bb megye t\u00e1blab\u00edr\u00f3i tiszt\u00e9t is bet\u00f6lt\u00f6tte. Egyetlen munk\u00e1ja ismert, a Bud\u00e1n kiadott doktori disszert\u00e1ci\u00f3ja. 1816\/17-1817\/18 k\u00f6z\u00f6tt volt az orvoskar d\u00e9k\u00e1nja.<\/p>\n<p style=\"text-align: justify\"><strong>F\u0151bb munk\u00e1i:<\/strong> Dissertatio inauguralis medica de calculis pulmonum. Budae, 1778.<\/p>\n<p style=\"text-align: justify\"><strong>Nyughelye:<\/strong> nem ismert.<\/p>\n<p style=\"text-align: justify\"><a href=\"#_ftnref1\" name=\"_ftn1\"><sup>[1]<\/sup><\/a> Nev\u00e9t a k\u00e9sei \u00e9letrajzok \u00e9s a szakirodalom egy\u00f6ntet\u0171en Palkovits alakban \u00edrj\u00e1k, az Orvoskar prom\u00f3ci\u00f3s k\u00f6nyv\u00e9ben azonban Palkovicsk\u00e9nt szerepel.<\/p>\n","protected":false},"excerpt":{"rendered":"<p>Palkovics Andr\u00e1s (Cinfalva \/Sopron megye\/, 1750. szeptember &#8211; Buda, 1819. j\u00falius 27.) <a href=\"#_ftn1\" name=\"_ftnref1\">[1]<\/a> Tansz\u00e9k: az \u00fan. k\u00fcls\u0151 orvosi kar tagjak\u00e9nt nem v\u00e9gzett oktat\u00e1st. Viselt egyetemi m\u00e9lt\u00f3s\u00e1g: d\u00e9k\u00e1n 1816\/17-1817\/18. Orvosi oklevel\u00e9t 1778 m\u00e1jus\u00e1ban kapta az akkor m\u00e1r Bud\u00e1n m\u0171k\u00f6d\u0151 egyetem orvoskar\u00e1n. R\u00f6vid m\u00e1sf\u00e9l \u00e9vig az orvoskaron seg\u00e9dtan\u00e1rk\u00e9nt m\u0171k\u00f6d\u00f6tt, majd 1779-ben el\u0151bb Krass\u00f3 v\u00e1rmegye, majd pedig Szeged v\u00e1ros &hellip;<\/p>\n","protected":false},"author":282,"featured_media":0,"parent":347,"menu_order":0,"comment_status":"closed","ping_status":"closed","template":"template-fullwidth.php","meta":{"_acf_changed":false,"footnotes":""},"categories":[6,20,81,14],"tags":[],"class_list":["post-1359","page","type-page","status-publish","hentry","category-dekanok","category-dekanok-karok-szerint","category-orvosi-kar-dekanjai","category-teljes-nevlista"],"acf":[],"_links":{"self":[{"href":"https:\/\/semmelweis.hu\/baratikor\/wp-json\/wp\/v2\/pages\/1359","targetHints":{"allow":["GET"]}}],"collection":[{"href":"https:\/\/semmelweis.hu\/baratikor\/wp-json\/wp\/v2\/pages"}],"about":[{"href":"https:\/\/semmelweis.hu\/baratikor\/wp-json\/wp\/v2\/types\/page"}],"author":[{"embeddable":true,"href":"https:\/\/semmelweis.hu\/baratikor\/wp-json\/wp\/v2\/users\/282"}],"replies":[{"embeddable":true,"href":"https:\/\/semmelweis.hu\/baratikor\/wp-json\/wp\/v2\/comments?post=1359"}],"version-history":[{"count":2,"href":"https:\/\/semmelweis.hu\/baratikor\/wp-json\/wp\/v2\/pages\/1359\/revisions"}],"predecessor-version":[{"id":2159,"href":"https:\/\/semmelweis.hu\/baratikor\/wp-json\/wp\/v2\/pages\/1359\/revisions\/2159"}],"up":[{"embeddable":true,"href":"https:\/\/semmelweis.hu\/baratikor\/wp-json\/wp\/v2\/pages\/347"}],"wp:attachment":[{"href":"https:\/\/semmelweis.hu\/baratikor\/wp-json\/wp\/v2\/media?parent=1359"}],"wp:term":[{"taxonomy":"category","embeddable":true,"href":"https:\/\/semmelweis.hu\/baratikor\/wp-json\/wp\/v2\/categories?post=1359"},{"taxonomy":"post_tag","embeddable":true,"href":"https:\/\/semmelweis.hu\/baratikor\/wp-json\/wp\/v2\/tags?post=1359"}],"curies":[{"name":"wp","href":"https:\/\/api.w.org\/{rel}","templated":true}]}}