{"id":1349,"date":"2022-12-30T12:22:44","date_gmt":"2022-12-30T11:22:44","guid":{"rendered":"https:\/\/semmelweis.hu\/baratikor\/?page_id=1349"},"modified":"2023-07-11T08:50:39","modified_gmt":"2023-07-11T06:50:39","slug":"lenhossek-mihaly-ignac","status":"publish","type":"page","link":"https:\/\/semmelweis.hu\/baratikor\/galeria\/teljes-nevlista\/lenhossek-mihaly-ignac\/","title":{"rendered":"Lenhoss\u00e9k Mih\u00e1ly Ign\u00e1c"},"content":{"rendered":"<p style=\"text-align: justify\"><strong><a href=\"https:\/\/semmelweis.hu\/baratikor\/galeria\/teljes-nevlista\/lenhossek-mihaly-ignac\/lenhossek-mihaly-id-4\/\" rel=\"attachment wp-att-2024\"><img loading=\"lazy\" decoding=\"async\" class=\"alignleft size-medium wp-image-2024\" src=\"https:\/\/semmelweis.hu\/baratikor\/files\/2023\/01\/Lenhossek-Mihaly-id.-4.-335x400.jpg\" alt=\"\" width=\"335\" height=\"400\" srcset=\"https:\/\/semmelweis.hu\/baratikor\/files\/2023\/01\/Lenhossek-Mihaly-id.-4.-335x400.jpg 335w, https:\/\/semmelweis.hu\/baratikor\/files\/2023\/01\/Lenhossek-Mihaly-id.-4.-768x918.jpg 768w, https:\/\/semmelweis.hu\/baratikor\/files\/2023\/01\/Lenhossek-Mihaly-id.-4.-753x900.jpg 753w, https:\/\/semmelweis.hu\/baratikor\/files\/2023\/01\/Lenhossek-Mihaly-id.-4..jpg 837w\" sizes=\"auto, (max-width: 335px) 100vw, 335px\" \/><\/a>(Pozsony, 1773. m\u00e1jus 11. &#8211; Buda, 1840. febru\u00e1r 12.) <\/strong><\/p>\n<p style=\"text-align: justify\"><strong>Tansz\u00e9k: <\/strong>\u00e9lettan \u00e9s fels\u0151bb bonctan 1808-1819.<\/p>\n<p style=\"text-align: justify\"><strong>Viselt egyetemi m\u00e9lt\u00f3s\u00e1g: <\/strong>d\u00e9k\u00e1n 1809\/10-1810\/11, 1815\/16-1816\/17, rektor 1817\/18, kari igazgat\u00f3 1825\/26-1839\/40.<\/p>\n<p style=\"text-align: justify\">Pozsonyi asztalosmester fiak\u00e9nt l\u00e1tta meg a napvil\u00e1got, eredetileg Linoschegg n\u00e9ven. A gimn\u00e1ziumot a helybeli jezsuit\u00e1kn\u00e1l v\u00e9gezte, \u00e9retts\u00e9gi bizony\u00edtv\u00e1ny\u00e1t m\u00e1r Lenhoss\u00e9k n\u00e9vre \u00e1ll\u00edtott\u00e1k ki. Az akkoriban m\u00e9g csak egyetemi el\u0151k\u00e9sz\u00edt\u0151nek tekintett b\u00f6lcs\u00e9szetet is sz\u00fcl\u0151v\u00e1ros\u00e1ban v\u00e9gezte. Orvosi tanulm\u00e1nyait B\u00e9csben kezdte, majd Pesten fejezte be, ahol 1799. augusztus 16-\u00e1n orvosdoktorr\u00e1 avatt\u00e1k. Magyarul rosszul besz\u00e9lt, ann\u00e1l jobban latinul \u00e9s anyanyelv\u00e9n, n\u00e9met\u00fcl. Felavat\u00e1sa ut\u00e1n Esztergom v\u00e1rmegye f\u0151orvos\u00e1v\u00e1 v\u00e1lasztott\u00e1k. 1808. szeptember 2-\u00e1n magyar nemess\u00e9get nyert. 1808. november 29-\u00e9n kinevez\u00e9st kapott a pesti egyetemhez, mint az \u00e9lettan \u00e9s fels\u0151bb bonctan (sz\u00f6vettan) tan\u00e1ra. Az \u00e9lettant saj\u00e1t k\u00e9zirata alapj\u00e1n tan\u00edtotta. 1819-t\u0151l ugyanezt a t\u00e1rgyat a b\u00e9csi egyetemen oktatta tov\u00e1bb. Az 1819\/20. tan\u00e9vben H\u0151gyes \u00e9s Gy\u0151ry<sup><a href=\"#_ftn1\" name=\"_ftnref1\">[1]<\/a><\/sup> adatai szerint helyettesk\u00e9nt az \u00e1ltal\u00e1nos k\u00f3rtant is el\u0151adta. Esztergom, Somogy \u00e9s Pest megy\u00e9k is t\u00e1blab\u00edr\u00e1v\u00e1 v\u00e1lasztott\u00e1k. El\u0151kel\u0151 k\u00f6r\u00f6kben forgott, t\u00f6bbek k\u00f6z\u00f6tt gr. Sz\u00e9chenyi Istv\u00e1n h\u00e1ziorvosa \u00e9s bar\u00e1tja is volt. 1823-ban megkapta a sv\u00e9d Wasa-rendet. T\u00f6bb k\u00fclf\u00f6ldi tud\u00f3s t\u00e1rsas\u00e1g (szentp\u00e9terv\u00e1ri, berlini, g\u00f6ttingeni, n\u00e1polyi stb.) rendes \u00e9s tiszteletbeli tagj\u00e1v\u00e1 v\u00e1lasztotta. 1825-t\u0151l orsz\u00e1gos f\u0151orvos (protomedicus Hungariae), nev\u00e9hez f\u0171z\u0151dik a himl\u0151 elleni k\u00f6telez\u0151 v\u00e9d\u0151olt\u00e1s bevezet\u00e9se 1829-ben. Ugyanakkor a kir. helytart\u00f3s\u00e1g tan\u00e1csosa, az orvosi \u00e9s seb\u00e9szi tanulm\u00e1nyok igazgat\u00f3ja \u00e9s az orvosi kar eln\u00f6ke lett. Kari igazgat\u00f3i feladatait eg\u00e9szen hal\u00e1l\u00e1ig l\u00e1tta el. R\u00e9szt vett az 1831. \u00e9vi koleraj\u00e1rv\u00e1ny lek\u00fczd\u00e9s\u00e9ben. A betegs\u00e9gek kialakul\u00e1s\u00e1ban \u00e9s kezel\u00e9s\u00e9ben nagy jelent\u0151s\u00e9get tulajdon\u00edtott a lelki folyamatoknak. Az \u00e9letjelens\u00e9geket a szervezet alaki \u00e9s k\u00e9miai tulajdons\u00e1gaira vezette vissza. Jelent\u0151s munk\u00e1i f\u0151leg \u00e9lettani \u00e9s pszichol\u00f3giai t\u00e1rgy\u00faak. N\u00e9gy tan\u00e9vben viselte a d\u00e9k\u00e1ni, egyszer a rektori m\u00e9lt\u00f3s\u00e1got. T\u00f6bb nemzed\u00e9kes orvos-tan\u00e1r dinasztia alap\u00edt\u00f3 tagja, d\u00e9dunok\u00e1ja Szent-Gy\u00f6rgyi Albert volt.<\/p>\n<p style=\"text-align: justify\"><strong>F\u0151bb munk\u00e1i:<\/strong> Untersuchungen \u00fcber Leidenschaften und Gem\u00fcthsaffekten als Ursachen und Heilmittel der Krankheiten. Pest, 1804.; Introductio in methologiam physiologiae corporis humani. Pest, 1808. (B\u00e9cs, 1810.); Physiologia medicinalis I\u2013V., Pest, 1816 \u00e9s 1818.; Darstellung des menschlichen Gem\u00fcths in seinen Beziehungen zum geistigen und leiblichen Leben. F\u00fcr Aerzte und Nicht\u00e4rzte h\u00f6herer Bildung. I\u2013II., Wien, 1824\u201325.; Taxa medicamentorum pro regno Hungariae. Budae, 1829.; Animadversiones circa curandam choleram orientalem et alias epidemicos morbos in regno Hungariae\u2026 Budae, 1831. (Magyarul \u00e9s n\u00e9met\u00fcl, Pest, 1831. olaszul Padova, 1831. \u00e9s n\u00e9met\u00fcl \u00e9s olaszul Innsbruck, 1831.); Die Wuthkrankheit, nach bisherigen Beobachtungen und neuren Erfahrungen pathologisch und therapeutisch dargestellt. Pest und Leipzig, 1836.<\/p>\n<p style=\"text-align: justify\"><strong>Nyughelye:<\/strong> Budapest, Farkasr\u00e9ti temet\u0151, felsz\u00e1molva.<\/p>\n<p style=\"text-align: justify\"><sup><a href=\"#_ftnref1\" name=\"_ftn1\">[1]<\/a><\/sup> Gy\u0151ry szerint eg\u00e9szen 1821-ig tan\u00edtotta.<\/p>\n\r\n        [slb_exclude]\r\n        <div class=\"row galeria-wrapper mx-0 h-auto\">\r\n            <div class=\"col-9 pl-0 pr-2\">\r\n            <span class=\"gallery-item frame\">\r\n\t\t\t\t<div class=\"galeria-left-img\"><a href=\"https:\/\/semmelweis.hu\/baratikor\/files\/2022\/12\/019_51.jpg\"><img src=https:\/\/semmelweis.hu\/baratikor\/files\/2022\/12\/019_51.jpg  \r\n                            alt=\"\" \r\n                            class=\"attachment-sote-gallery-big size-sote-gallery-big\" \r\n                            srcset=\"\" ><\/a><\/div>\r\n            <\/span>\r\n\r\n            <\/div>\r\n\r\n\t\t\t<div class=\"col-3 pl-0 pr-0\">\r\n\t\t\t\t<div class=\"galeria-right-img d-flex justify-content-between flex-column h-100 w-100 px-0 mx-0 \">\r\n                <div class=\"galeria-box\">\r\n\t\t\t\t\t<h3 class=\"galeria-title\">Gal\u00e9ria<\/h3>\r\n\t\t\t\t\t<div class=\"galeria-subtitle\">\r\n\r\n\t\t\t\t\t\t<div class=\"galeria-page-counter\"><span>5<\/span>k\u00e9p<\/div>\r\n                    <\/div> <\/div>\r\n                    <span class=\"gallery-item frame d-none d-md-flex\">\r\n\t\t\t\t\t<div class=\"galeria-small-img mt-0\"><a href=\"https:\/\/semmelweis.hu\/baratikor\/files\/2022\/12\/019_41.jpg\"><img src=https:\/\/semmelweis.hu\/baratikor\/files\/2022\/12\/019_41.jpg \r\n                                alt=\"\"  \r\n                                class=\"attachment-sote-gallery-small size-sote-gallery-small\" \r\n                                srcset=\"https:\/\/semmelweis.hu\/baratikor\/files\/2022\/12\/019_41-266x400.jpg 266w, https:\/\/semmelweis.hu\/baratikor\/files\/2022\/12\/019_41.jpg 295w\" ><\/a><\/div>\r\n                    <\/span>\r\n                    <span class=\"gallery-item frame d-none d-md-flex\">\r\n\t\t\t\t\t<div class=\"galeria-small-img mt-0\"><a href=\"https:\/\/semmelweis.hu\/baratikor\/files\/2022\/12\/019_31.jpg\"><img src=https:\/\/semmelweis.hu\/baratikor\/files\/2022\/12\/019_31.jpg \r\n                                alt=\"\" \r\n                                class=\"attachment-sote-gallery-small size-sote-gallery-small\" \r\n                                srcset=\"https:\/\/semmelweis.hu\/baratikor\/files\/2022\/12\/019_31-293x400.jpg 293w, https:\/\/semmelweis.hu\/baratikor\/files\/2022\/12\/019_31.jpg 295w\" ><\/a><\/div>\r\n                    <\/span>\r\n\r\n                <\/div>\r\n\r\n            <\/div>\r\n\r\n            <span class=\"gallery-item\"><div class=\"hidden\"><a href=\"https:\/\/semmelweis.hu\/baratikor\/files\/2022\/12\/019_21.jpg\">\r\n        <img src=https:\/\/semmelweis.hu\/baratikor\/files\/2022\/12\/019_21.jpg alt=\"\" class=\"attachment-sote-gallery-big size-sote-gallery-big\" srcset=\"https:\/\/semmelweis.hu\/baratikor\/files\/2022\/12\/019_21-276x400.jpg 276w, https:\/\/semmelweis.hu\/baratikor\/files\/2022\/12\/019_21.jpg 295w\" >\r\n        <\/a><\/div><\/span><span class=\"gallery-item\"><div class=\"hidden\"><a href=\"https:\/\/semmelweis.hu\/baratikor\/files\/2022\/12\/019_11.jpg\">\r\n        <img src=https:\/\/semmelweis.hu\/baratikor\/files\/2022\/12\/019_11.jpg alt=\"\" class=\"attachment-sote-gallery-big size-sote-gallery-big\" srcset=\"https:\/\/semmelweis.hu\/baratikor\/files\/2022\/12\/019_11-272x400.jpg 272w, https:\/\/semmelweis.hu\/baratikor\/files\/2022\/12\/019_11.jpg 295w\" >\r\n        <\/a><\/div><\/span>\r\n            <\/div>\r\n\r\n            [\/slb_exclude]\r\n\t\n","protected":false},"excerpt":{"rendered":"<p><a href=\"https:\/\/semmelweis.hu\/baratikor\/galeria\/teljes-nevlista\/lenhossek-mihaly-ignac\/lenhossek-mihaly-id-4\/\" rel=\"attachment wp-att-2024\"><\/a> (Pozsony, 1773. m\u00e1jus 11. &#8211; Buda, 1840. febru\u00e1r 12.) Tansz\u00e9k: \u00e9lettan \u00e9s fels\u0151bb bonctan 1808-1819. Viselt egyetemi m\u00e9lt\u00f3s\u00e1g: d\u00e9k\u00e1n 1809\/10-1810\/11, 1815\/16-1816\/17, rektor 1817\/18, kari igazgat\u00f3 1825\/26-1839\/40. Pozsonyi asztalosmester fiak\u00e9nt l\u00e1tta meg a napvil\u00e1got, eredetileg Linoschegg n\u00e9ven. A gimn\u00e1ziumot a helybeli jezsuit\u00e1kn\u00e1l v\u00e9gezte, \u00e9retts\u00e9gi bizony\u00edtv\u00e1ny\u00e1t m\u00e1r Lenhoss\u00e9k n\u00e9vre \u00e1ll\u00edtott\u00e1k ki. Az akkoriban m\u00e9g csak egyetemi el\u0151k\u00e9sz\u00edt\u0151nek &hellip;<\/p>\n","protected":false},"author":282,"featured_media":4957,"parent":347,"menu_order":0,"comment_status":"closed","ping_status":"closed","template":"template-fullwidth.php","meta":{"_acf_changed":false,"footnotes":""},"categories":[6,20,77,81,5,14],"tags":[],"class_list":["post-1349","page","type-page","status-publish","has-post-thumbnail","hentry","category-dekanok","category-dekanok-karok-szerint","category-kegyeleti-adattar","category-orvosi-kar-dekanjai","category-rektorok","category-teljes-nevlista"],"acf":[],"_links":{"self":[{"href":"https:\/\/semmelweis.hu\/baratikor\/wp-json\/wp\/v2\/pages\/1349","targetHints":{"allow":["GET"]}}],"collection":[{"href":"https:\/\/semmelweis.hu\/baratikor\/wp-json\/wp\/v2\/pages"}],"about":[{"href":"https:\/\/semmelweis.hu\/baratikor\/wp-json\/wp\/v2\/types\/page"}],"author":[{"embeddable":true,"href":"https:\/\/semmelweis.hu\/baratikor\/wp-json\/wp\/v2\/users\/282"}],"replies":[{"embeddable":true,"href":"https:\/\/semmelweis.hu\/baratikor\/wp-json\/wp\/v2\/comments?post=1349"}],"version-history":[{"count":4,"href":"https:\/\/semmelweis.hu\/baratikor\/wp-json\/wp\/v2\/pages\/1349\/revisions"}],"predecessor-version":[{"id":2025,"href":"https:\/\/semmelweis.hu\/baratikor\/wp-json\/wp\/v2\/pages\/1349\/revisions\/2025"}],"up":[{"embeddable":true,"href":"https:\/\/semmelweis.hu\/baratikor\/wp-json\/wp\/v2\/pages\/347"}],"wp:featuredmedia":[{"embeddable":true,"href":"https:\/\/semmelweis.hu\/baratikor\/wp-json\/wp\/v2\/media\/4957"}],"wp:attachment":[{"href":"https:\/\/semmelweis.hu\/baratikor\/wp-json\/wp\/v2\/media?parent=1349"}],"wp:term":[{"taxonomy":"category","embeddable":true,"href":"https:\/\/semmelweis.hu\/baratikor\/wp-json\/wp\/v2\/categories?post=1349"},{"taxonomy":"post_tag","embeddable":true,"href":"https:\/\/semmelweis.hu\/baratikor\/wp-json\/wp\/v2\/tags?post=1349"}],"curies":[{"name":"wp","href":"https:\/\/api.w.org\/{rel}","templated":true}]}}