{"id":1342,"date":"2022-12-30T10:44:01","date_gmt":"2022-12-30T09:44:01","guid":{"rendered":"https:\/\/semmelweis.hu\/baratikor\/?page_id=1342"},"modified":"2023-07-17T09:05:47","modified_gmt":"2023-07-17T07:05:47","slug":"schuster-janos-konstantin","status":"publish","type":"page","link":"https:\/\/semmelweis.hu\/baratikor\/galeria\/teljes-nevlista\/schuster-janos-konstantin\/","title":{"rendered":"Schuster J\u00e1nos Konstantin"},"content":{"rendered":"<p style=\"text-align: justify\"><strong><a href=\"https:\/\/semmelweis.hu\/baratikor\/files\/2023\/07\/Schuster-Janos-318.-X.9-2_jav.jpg\"><img loading=\"lazy\" decoding=\"async\" class=\"alignleft size-medium wp-image-5052\" src=\"https:\/\/semmelweis.hu\/baratikor\/files\/2023\/07\/Schuster-Janos-318.-X.9-2_jav-263x400.jpg\" alt=\"\" width=\"263\" height=\"400\" srcset=\"https:\/\/semmelweis.hu\/baratikor\/files\/2023\/07\/Schuster-Janos-318.-X.9-2_jav-263x400.jpg 263w, https:\/\/semmelweis.hu\/baratikor\/files\/2023\/07\/Schuster-Janos-318.-X.9-2_jav.jpg 658w\" sizes=\"auto, (max-width: 263px) 100vw, 263px\" \/><\/a><\/strong><strong>Schuster J\u00e1nos Konstantin (P\u00e9cs, 1777. m\u00e1jus 4. \u2013 Pest, 1838. m\u00e1jus 19.)<\/strong><\/p>\n<p><strong>Tansz\u00e9k: <\/strong>term\u00e9szetrajz (h.) 1808-1810, vegytan 1811-1838, botanika (h.) 1816-1817, \u00e1ltal\u00e1nos k\u00f3r- \u00e9s gy\u00f3gytan (h.) 1821-1824.<\/p>\n<p><strong>Viselt egyetemi m\u00e9lt\u00f3s\u00e1g: <\/strong>d\u00e9k\u00e1n 1811\/12-1812\/13<a href=\"#_ftn1\" name=\"_ftnref1\"><sup>[1]<\/sup><\/a>, rektor 1821\/22.<\/p>\n<p>P\u00e9kmester fiak\u00e9nt sz\u00fcletett. Gimn\u00e1ziumba sz\u00fcl\u0151v\u00e1ros\u00e1ban j\u00e1rt, ugyanitt v\u00e9gezte el a b\u00f6lcseleti (1792-94) \u00e9s jogi (1794-96) tanulm\u00e1nyokat is. Ezut\u00e1n j\u00f6tt Pestre, ahol 1796 \u00e9s 1800 k\u00f6z\u00f6tt orvosl\u00e1st tanult, majd 1802. m\u00e1rcius 16-\u00e1n szerzett orvosdoktori oklevelet. Ezt megel\u0151z\u0151en, 1802. febru\u00e1r 10-\u00e9n a vegytani tansz\u00e9ken lett seg\u00e9d. 1805-t\u0151l hosszabb n\u00e9metorsz\u00e1gi tanulm\u00e1nyutat tett, melynek sor\u00e1n f\u0151leg Martin Heinrich Klaproth mellett dolgozott Berlinben. Visszat\u00e9rve 1806. m\u00e1jus 27-t\u0151l 1808. szeptember 16-ig a gy\u00f3gyszer\u00e9szet korrepet\u00edtora Pesten, majd 1808. szeptember 26-t\u00f3l r\u00f6vid ideig a kolozsv\u00e1ri l\u00edceum tan\u00e1ra (vegytan, \u00e1sv\u00e1nytan \u00e9s metallurgia). M\u00e9g ugyanebben az \u00e9vben, december 20-\u00e1n kinevezt\u00e9k a pesti egyetemre a term\u00e9szetrajz tan\u00e1r\u00e1nak. 1809-ben a nemesi felkel\u0151 sereg orvosak\u00e9nt s\u00falyos t\u00edfuszon esett \u00e1t. Winterl hal\u00e1la ut\u00e1n, 1811. febru\u00e1r 19-\u00e9n \u00e1tvette a vegytani tansz\u00e9ket, de helyettesk\u00e9nt botanik\u00e1t is el\u0151adott 1817. m\u00e1jus 21-ig, Haberle K\u00e1roly kinevez\u00e9s\u00e9ig. Ez id\u0151 alatt a Nemzeti M\u00fazeum term\u00e9szetrajzi gy\u0171jtem\u00e9ny\u00e9nek rendez\u00e9s\u00e9t \u00e9s lajtsromoz\u00e1s\u00e1t is elv\u00e9gezte. 1831. febru\u00e1r 20-\u00e1n az Akad\u00e9mia rendes tagj\u00e1v\u00e1 v\u00e1lasztotta, k\u00fcl\u00f6n\u00f6s tekintettel a vegytani magyar m\u0171nyelv megalkot\u00e1sa k\u00f6r\u00fcl szerzett \u00e9rdemeire. Tansz\u00e9ki el\u0151djei munk\u00e1it is kiadatta, \u00edgy 1807-ben Berlinben Winterl k\u00e9t k\u00f6tetes dualisztikus k\u00e9miai rendszer\u00e9t, illetve 1829-ben Kitaibel Magyarorsz\u00e1g v\u00edzrajz\u00e1t t\u00e1rgyal\u00f3, szint\u00e9n k\u00e9tk\u00f6tetes m\u0171v\u00e9t. Foglalkozott m\u00e9g a magyar \u00e9s keleti nyelvek \u00f6sszehasonl\u00edt\u00f3 nyelv\u00e9szet\u00e9vel \u00e9s helyt\u00f6rt\u00e9net\u00edr\u00e1ssal, zenedarabok szerz\u00e9s\u00e9vel is. 1836. augusztus 1-j\u00e9n Baranya megye t\u00e1blab\u00edr\u00e1j\u00e1nak h\u00edvta meg. K\u00e9tszer d\u00e9k\u00e1nn\u00e1, egyszer rektorr\u00e1 v\u00e1lasztott\u00e1k. Temet\u00e9s\u00e9n tan\u00edtv\u00e1nyai v\u00e1llukon vitt\u00e9k szeretett professzorukat eg\u00e9szen a s\u00edrhelyig, mely Kisfaludy K\u00e1roly\u00e9 k\u00f6zel\u00e9ben volt, de ma m\u00e1r nem lelhet\u0151 fel.<\/p>\n<p><strong>F\u0151bb munk\u00e1i:<\/strong> Geschichte der Stadt Pesth. Pesth, 1806.; System der dualistischen Chemie des Professor Jak. Jos. Winterl I-II. Berlin, 1807.; Terminologia botanica. Budae, 1808.; De opio. Pesth, 1819. (n\u00e9vtelen\u00fcl); De iodo. Pesth, 1827. (n\u00e9vtelen\u00fcl); De ferro. Pesth, 1829. (n\u00e9vtelen\u00fcl); Pauli Kitaibel, Hydrographia Hungariae, praemissa auctoris vita. Pesth, 1829.; Gy\u00f3gyszerek \u00e1rszab\u00e1sa. Magyarorsz\u00e1gra \u00e9s a hozz\u00e1 kapcsolt tartom\u00e1nyokra alkalmaztatva. Buda, 1829 \u00e9s 1845. (N\u00e9vtelen\u00fcl. Magyar, latin \u00e9s n\u00e9met sz\u00f6veggel.); Kleiner chemischer Apparat. Pesth, 1829.; Gy\u00f3gyszeres \u00e9rtekez\u00e9sek I-II. Pesth, 1829-30.<\/p>\n<p><strong>Nyughelye:<\/strong> Szinnyei J\u00f3zsef szerint Kisfaludy K\u00e1roly s\u00edrja k\u00f6zel\u00e9be temett\u00e9k el, amely ma a Fiumei \u00fati temet\u0151, 29\/2-1-1. s\u00edrhely\u00e9n tal\u00e1lhat\u00f3. A temet\u0151 l\u00e9tes\u00edt\u00e9s\u00e9t a v\u00e1rosi tan\u00e1cs csak 1847-ben, j\u00f3val Schuszter hal\u00e1la ut\u00e1n hat\u00e1rozta el, ide Kisfaludy s\u00edrja is \u00e1thelyez\u00e9s \u00fatj\u00e1n ker\u00fclt.<\/p>\n<p><a href=\"#_ftnref1\" name=\"_ftn1\"><sup>[1]<\/sup><\/a> \u00c9letrajzai \u00e1ltal\u00e1ban m\u00e1r az 1810\/11. tan\u00e9vt\u0151l keltezik d\u00e9k\u00e1ns\u00e1ga kezdet\u00e9t. Forr\u00e1suk feltehet\u0151en a H\u0151gyes \u00e1ltal t\u00e9vesen megadott adat, az Orvoskar prom\u00f3ci\u00f3s k\u00f6nyv\u00e9ben ekkor egy\u00e9rtelm\u0171en m\u00e9g Lenhoss\u00e9k Mih\u00e1ly Ign\u00e1c t\u00f6lt\u00f6tte be ezt a tiszts\u00e9get.<\/p>\n<p><a href=\"https:\/\/semmelweis.hu\/baratikor\/galeria\/teljes-nevlista\/schuster-janos-konstantin\/020_21\/\" rel=\"attachment wp-att-1344\"><img loading=\"lazy\" decoding=\"async\" class=\"alignleft size-medium wp-image-1344\" src=\"https:\/\/semmelweis.hu\/baratikor\/files\/2022\/12\/020_21-286x400.jpg\" alt=\"\" width=\"286\" height=\"400\" srcset=\"https:\/\/semmelweis.hu\/baratikor\/files\/2022\/12\/020_21-286x400.jpg 286w, https:\/\/semmelweis.hu\/baratikor\/files\/2022\/12\/020_21.jpg 295w\" sizes=\"auto, (max-width: 286px) 100vw, 286px\" \/><\/a><\/p>\n","protected":false},"excerpt":{"rendered":"<p><a href=\"https:\/\/semmelweis.hu\/baratikor\/files\/2023\/07\/Schuster-Janos-318.-X.9-2_jav.jpg\"><\/a> Schuster J\u00e1nos Konstantin (P\u00e9cs, 1777. m\u00e1jus 4. \u2013 Pest, 1838. m\u00e1jus 19.) Tansz\u00e9k: term\u00e9szetrajz (h.) 1808-1810, vegytan 1811-1838, botanika (h.) 1816-1817, \u00e1ltal\u00e1nos k\u00f3r- \u00e9s gy\u00f3gytan (h.) 1821-1824. Viselt egyetemi m\u00e9lt\u00f3s\u00e1g: d\u00e9k\u00e1n 1811\/12-1812\/13 <a href=\"#_ftn1\" name=\"_ftnref1\">[1]<\/a> , rektor 1821\/22. P\u00e9kmester fiak\u00e9nt sz\u00fcletett. Gimn\u00e1ziumba sz\u00fcl\u0151v\u00e1ros\u00e1ban j\u00e1rt, ugyanitt v\u00e9gezte el a b\u00f6lcseleti (1792-94) \u00e9s jogi (1794-96) tanulm\u00e1nyokat is. Ezut\u00e1n j\u00f6tt Pestre, &hellip;<\/p>\n","protected":false},"author":282,"featured_media":5054,"parent":347,"menu_order":0,"comment_status":"closed","ping_status":"closed","template":"template-fullwidth.php","meta":{"_acf_changed":false,"footnotes":""},"categories":[6,20,77,81,5,14],"tags":[],"class_list":["post-1342","page","type-page","status-publish","has-post-thumbnail","hentry","category-dekanok","category-dekanok-karok-szerint","category-kegyeleti-adattar","category-orvosi-kar-dekanjai","category-rektorok","category-teljes-nevlista"],"acf":[],"_links":{"self":[{"href":"https:\/\/semmelweis.hu\/baratikor\/wp-json\/wp\/v2\/pages\/1342","targetHints":{"allow":["GET"]}}],"collection":[{"href":"https:\/\/semmelweis.hu\/baratikor\/wp-json\/wp\/v2\/pages"}],"about":[{"href":"https:\/\/semmelweis.hu\/baratikor\/wp-json\/wp\/v2\/types\/page"}],"author":[{"embeddable":true,"href":"https:\/\/semmelweis.hu\/baratikor\/wp-json\/wp\/v2\/users\/282"}],"replies":[{"embeddable":true,"href":"https:\/\/semmelweis.hu\/baratikor\/wp-json\/wp\/v2\/comments?post=1342"}],"version-history":[{"count":4,"href":"https:\/\/semmelweis.hu\/baratikor\/wp-json\/wp\/v2\/pages\/1342\/revisions"}],"predecessor-version":[{"id":5053,"href":"https:\/\/semmelweis.hu\/baratikor\/wp-json\/wp\/v2\/pages\/1342\/revisions\/5053"}],"up":[{"embeddable":true,"href":"https:\/\/semmelweis.hu\/baratikor\/wp-json\/wp\/v2\/pages\/347"}],"wp:featuredmedia":[{"embeddable":true,"href":"https:\/\/semmelweis.hu\/baratikor\/wp-json\/wp\/v2\/media\/5054"}],"wp:attachment":[{"href":"https:\/\/semmelweis.hu\/baratikor\/wp-json\/wp\/v2\/media?parent=1342"}],"wp:term":[{"taxonomy":"category","embeddable":true,"href":"https:\/\/semmelweis.hu\/baratikor\/wp-json\/wp\/v2\/categories?post=1342"},{"taxonomy":"post_tag","embeddable":true,"href":"https:\/\/semmelweis.hu\/baratikor\/wp-json\/wp\/v2\/tags?post=1342"}],"curies":[{"name":"wp","href":"https:\/\/api.w.org\/{rel}","templated":true}]}}