{"id":1340,"date":"2022-12-30T10:34:36","date_gmt":"2022-12-30T09:34:36","guid":{"rendered":"https:\/\/semmelweis.hu\/baratikor\/?page_id=1340"},"modified":"2023-01-06T14:19:46","modified_gmt":"2023-01-06T13:19:46","slug":"beer-nepomuk-janos","status":"publish","type":"page","link":"https:\/\/semmelweis.hu\/baratikor\/galeria\/teljes-nevlista\/beer-nepomuk-janos\/","title":{"rendered":"Beer Nepomuk J\u00e1nos"},"content":{"rendered":"<p style=\"text-align: justify\"><strong>Beer J\u00e1nos Nepomuk Antal J\u00f3zsef (Buda, 1764. okt\u00f3ber 12. &#8211; Buda, 1827. okt\u00f3ber 10.) <\/strong><\/p>\n<p style=\"text-align: justify\"><strong>Viselt egyetemi m\u00e9lt\u00f3s\u00e1g: <\/strong>d\u00e9k\u00e1n 1822\/23 &#8211; 1825\/26, kari igazgat\u00f3 1825. j\u00falius 21 &#8211; szeptember 2.<\/p>\n<p style=\"text-align: justify\">\u00c9desapja a budai Fekete sashoz c\u00edmzett patika tulajdonosa volt. K\u00f6z\u00e9piskol\u00e1i v\u00e9gezt\u00e9vel a b\u00f6lcs\u00e9szeti, majd orvosi tanulm\u00e1nyait a pesti egyetemen v\u00e9gezte, ahol k\u00e9s\u0151bb tan\u00edtott is. 1785. \u00e1prilis 11-\u00e9n avatt\u00e1k orvosdoktorr\u00e1. Bud\u00e1n folytatott orvosi gyakorlatot, k\u00e9s\u0151bb v\u00e1rosi f\u0151orvos lett. Az orvostudori c\u00edm elnyer\u00e9se kapcs\u00e1n jelentette meg egyetlen ismert munk\u00e1j\u00e1t Pesten, 1785-ben. Az 1819\/20. tan\u00e9vt\u0151l az \u00fan. k\u00fcls\u0151 orvosi kar tagjak\u00e9nt v\u00e1llalt vend\u00e9g-vizsg\u00e1ztat\u00f3i feladatokat az egyetemi oktat\u00e1sban. 1822\/23-t\u00f3l n\u00e9gy tan\u00e9ven \u00e1t t\u00f6lt\u00f6tte be a d\u00e9k\u00e1ni tiszts\u00e9get. Pfisterer Andr\u00e1s orsz\u00e1gos f\u0151orvos, egyben kari igazgat\u00f3 betegs\u00e9ge folyt\u00e1n 1825. j\u00falius 21-\u00e9n \u00e1tvette a kari igazgat\u00f3i tiszts\u00e9get, melyet szeptember 2-\u00e1n adott tov\u00e1bb Lenhoss\u00e9k Mih\u00e1ly Ign\u00e1cnak.<\/p>\n<p style=\"text-align: justify\"><strong>F\u0151bb munk\u00e1ja:<\/strong> Dissertatio inauguralis medica de angina suppuratoria. Pesthini, 1785.<\/p>\n<p style=\"text-align: justify\"><strong>Nyughelye:<\/strong> nem ismert.<\/p>\n","protected":false},"excerpt":{"rendered":"<p>Beer J\u00e1nos Nepomuk Antal J\u00f3zsef (Buda, 1764. okt\u00f3ber 12. &#8211; Buda, 1827. okt\u00f3ber 10.) Viselt egyetemi m\u00e9lt\u00f3s\u00e1g: d\u00e9k\u00e1n 1822\/23 &#8211; 1825\/26, kari igazgat\u00f3 1825. j\u00falius 21 &#8211; szeptember 2. \u00c9desapja a budai Fekete sashoz c\u00edmzett patika tulajdonosa volt. K\u00f6z\u00e9piskol\u00e1i v\u00e9gezt\u00e9vel a b\u00f6lcs\u00e9szeti, majd orvosi tanulm\u00e1nyait a pesti egyetemen v\u00e9gezte, ahol k\u00e9s\u0151bb tan\u00edtott is. 1785. \u00e1prilis &hellip;<\/p>\n","protected":false},"author":282,"featured_media":0,"parent":347,"menu_order":0,"comment_status":"closed","ping_status":"closed","template":"template-fullwidth.php","meta":{"_acf_changed":false,"footnotes":""},"categories":[6,20,81,14],"tags":[],"class_list":["post-1340","page","type-page","status-publish","hentry","category-dekanok","category-dekanok-karok-szerint","category-orvosi-kar-dekanjai","category-teljes-nevlista"],"acf":[],"_links":{"self":[{"href":"https:\/\/semmelweis.hu\/baratikor\/wp-json\/wp\/v2\/pages\/1340","targetHints":{"allow":["GET"]}}],"collection":[{"href":"https:\/\/semmelweis.hu\/baratikor\/wp-json\/wp\/v2\/pages"}],"about":[{"href":"https:\/\/semmelweis.hu\/baratikor\/wp-json\/wp\/v2\/types\/page"}],"author":[{"embeddable":true,"href":"https:\/\/semmelweis.hu\/baratikor\/wp-json\/wp\/v2\/users\/282"}],"replies":[{"embeddable":true,"href":"https:\/\/semmelweis.hu\/baratikor\/wp-json\/wp\/v2\/comments?post=1340"}],"version-history":[{"count":1,"href":"https:\/\/semmelweis.hu\/baratikor\/wp-json\/wp\/v2\/pages\/1340\/revisions"}],"predecessor-version":[{"id":1341,"href":"https:\/\/semmelweis.hu\/baratikor\/wp-json\/wp\/v2\/pages\/1340\/revisions\/1341"}],"up":[{"embeddable":true,"href":"https:\/\/semmelweis.hu\/baratikor\/wp-json\/wp\/v2\/pages\/347"}],"wp:attachment":[{"href":"https:\/\/semmelweis.hu\/baratikor\/wp-json\/wp\/v2\/media?parent=1340"}],"wp:term":[{"taxonomy":"category","embeddable":true,"href":"https:\/\/semmelweis.hu\/baratikor\/wp-json\/wp\/v2\/categories?post=1340"},{"taxonomy":"post_tag","embeddable":true,"href":"https:\/\/semmelweis.hu\/baratikor\/wp-json\/wp\/v2\/tags?post=1340"}],"curies":[{"name":"wp","href":"https:\/\/api.w.org\/{rel}","templated":true}]}}