{"id":1335,"date":"2022-12-30T10:32:16","date_gmt":"2022-12-30T09:32:16","guid":{"rendered":"https:\/\/semmelweis.hu\/baratikor\/?page_id=1335"},"modified":"2023-07-31T09:30:15","modified_gmt":"2023-07-31T07:30:15","slug":"reisinger-janos","status":"publish","type":"page","link":"https:\/\/semmelweis.hu\/baratikor\/galeria\/teljes-nevlista\/reisinger-janos\/","title":{"rendered":"Reisinger J\u00e1nos"},"content":{"rendered":"<p style=\"text-align: justify\"><strong><a href=\"https:\/\/semmelweis.hu\/baratikor\/galeria\/teljes-nevlista\/reisinger-janos\/021_11\/\" rel=\"attachment wp-att-1336\"><img loading=\"lazy\" decoding=\"async\" class=\"alignleft size-medium wp-image-1336\" src=\"https:\/\/semmelweis.hu\/baratikor\/files\/2022\/12\/021_11-265x400.jpg\" alt=\"\" width=\"265\" height=\"400\" srcset=\"https:\/\/semmelweis.hu\/baratikor\/files\/2022\/12\/021_11-265x400.jpg 265w, https:\/\/semmelweis.hu\/baratikor\/files\/2022\/12\/021_11.jpg 295w\" sizes=\"auto, (max-width: 265px) 100vw, 265px\" \/><\/a>(Gy\u0151r, 1784. m\u00e1jus 24. \u2013 Pest, 1852. febru\u00e1r 12.)<\/strong><\/p>\n<p style=\"text-align: justify\">D\u00e9k\u00e1n: 1813\/14 &#8211; 1814\/15<\/p>\n<p style=\"text-align: justify\">Orvosi tanulm\u00e1nyait Pesten v\u00e9gezte, 1806-ban orvosdoktori, egy \u00e9vvel k\u00e9s\u0151bb seb\u00e9szdoktori oklevelet kapott. R\u00f6vid ideig Szegeden folytatott orvosi gyakorlatot, de m\u00e9g 1807-ben visszat\u00e9rt Pestre, ahol a term\u00e9szetrajzi tansz\u00e9k mellett adjunktusk\u00e9nt m\u0171k\u00f6d\u00f6tt. M\u00e9g ebben az \u00e9vben elhunyt f\u0151n\u00f6ke, Sch\u00f6nbauer J\u00f3zsef, \u00e9s Reisinger ekkort\u00f3l helyettesk\u00e9nt vezette a tansz\u00e9ket. 1809-ben a nemesi felkel\u0151 sereg t\u00f6rzsorvosa. 1810-t\u0151l 1848-as nyugd\u00edjaz\u00e1s\u00e1ig az \u00e1llattan \u00e9s \u00e1sv\u00e1nytan tan\u00e1ra a pesti Orvoskaron. 1813\/14 \u00e9s 1814\/15-ben d\u00e9k\u00e1n, 1825\/26-ban rektor. 1840 szeptember\u00e9ben kir\u00e1lyi tan\u00e1csosi c\u00edmmel t\u00fcntett\u00e9k ki.<\/p>\n<p style=\"text-align: justify\">(F\u0151bb munk\u00e1i: Enchiridion anorganosiae. Budae, 1820.; Specimen ichthyologiae-sistens pisces aquarum dulcium Hungariae. Budae, 1830.; \u00c1llattan I\u2013II., Budae, 1846, 1848.)<\/p>\n<p><a href=\"https:\/\/semmelweis.hu\/baratikor\/galeria\/teljes-nevlista\/reisinger-janos\/021_21\/\" rel=\"attachment wp-att-1337\"><img loading=\"lazy\" decoding=\"async\" class=\"alignleft size-full wp-image-1337\" src=\"https:\/\/semmelweis.hu\/baratikor\/files\/2022\/12\/021_21.jpg\" alt=\"\" width=\"295\" height=\"370\" \/><\/a><\/p>\n","protected":false},"excerpt":{"rendered":"<p><a href=\"https:\/\/semmelweis.hu\/baratikor\/galeria\/teljes-nevlista\/reisinger-janos\/021_11\/\" rel=\"attachment wp-att-1336\"><\/a> (Gy\u0151r, 1784. m\u00e1jus 24. \u2013 Pest, 1852. febru\u00e1r 12.) D\u00e9k\u00e1n: 1813\/14 &#8211; 1814\/15 Orvosi tanulm\u00e1nyait Pesten v\u00e9gezte, 1806-ban orvosdoktori, egy \u00e9vvel k\u00e9s\u0151bb seb\u00e9szdoktori oklevelet kapott. R\u00f6vid ideig Szegeden folytatott orvosi gyakorlatot, de m\u00e9g 1807-ben visszat\u00e9rt Pestre, ahol a term\u00e9szetrajzi tansz\u00e9k mellett adjunktusk\u00e9nt m\u0171k\u00f6d\u00f6tt. M\u00e9g ebben az \u00e9vben elhunyt f\u0151n\u00f6ke, Sch\u00f6nbauer J\u00f3zsef, \u00e9s Reisinger ekkort\u00f3l helyettesk\u00e9nt &hellip;<\/p>\n","protected":false},"author":282,"featured_media":4965,"parent":347,"menu_order":0,"comment_status":"closed","ping_status":"closed","template":"template-fullwidth.php","meta":{"_acf_changed":false,"footnotes":""},"categories":[6,20,77,81,5,14],"tags":[],"class_list":["post-1335","page","type-page","status-publish","has-post-thumbnail","hentry","category-dekanok","category-dekanok-karok-szerint","category-kegyeleti-adattar","category-orvosi-kar-dekanjai","category-rektorok","category-teljes-nevlista"],"acf":[],"_links":{"self":[{"href":"https:\/\/semmelweis.hu\/baratikor\/wp-json\/wp\/v2\/pages\/1335","targetHints":{"allow":["GET"]}}],"collection":[{"href":"https:\/\/semmelweis.hu\/baratikor\/wp-json\/wp\/v2\/pages"}],"about":[{"href":"https:\/\/semmelweis.hu\/baratikor\/wp-json\/wp\/v2\/types\/page"}],"author":[{"embeddable":true,"href":"https:\/\/semmelweis.hu\/baratikor\/wp-json\/wp\/v2\/users\/282"}],"replies":[{"embeddable":true,"href":"https:\/\/semmelweis.hu\/baratikor\/wp-json\/wp\/v2\/comments?post=1335"}],"version-history":[{"count":2,"href":"https:\/\/semmelweis.hu\/baratikor\/wp-json\/wp\/v2\/pages\/1335\/revisions"}],"predecessor-version":[{"id":1339,"href":"https:\/\/semmelweis.hu\/baratikor\/wp-json\/wp\/v2\/pages\/1335\/revisions\/1339"}],"up":[{"embeddable":true,"href":"https:\/\/semmelweis.hu\/baratikor\/wp-json\/wp\/v2\/pages\/347"}],"wp:featuredmedia":[{"embeddable":true,"href":"https:\/\/semmelweis.hu\/baratikor\/wp-json\/wp\/v2\/media\/4965"}],"wp:attachment":[{"href":"https:\/\/semmelweis.hu\/baratikor\/wp-json\/wp\/v2\/media?parent=1335"}],"wp:term":[{"taxonomy":"category","embeddable":true,"href":"https:\/\/semmelweis.hu\/baratikor\/wp-json\/wp\/v2\/categories?post=1335"},{"taxonomy":"post_tag","embeddable":true,"href":"https:\/\/semmelweis.hu\/baratikor\/wp-json\/wp\/v2\/tags?post=1335"}],"curies":[{"name":"wp","href":"https:\/\/api.w.org\/{rel}","templated":true}]}}