{"id":1326,"date":"2023-01-02T09:10:45","date_gmt":"2023-01-02T08:10:45","guid":{"rendered":"https:\/\/semmelweis.hu\/baratikor\/?page_id=1326"},"modified":"2023-07-17T09:25:17","modified_gmt":"2023-07-17T07:25:17","slug":"stahly-gyorgy","status":"publish","type":"page","link":"https:\/\/semmelweis.hu\/baratikor\/galeria\/teljes-nevlista\/stahly-gyorgy\/","title":{"rendered":"St\u00e1hly Gy\u00f6rgy"},"content":{"rendered":"<p style=\"text-align: justify\"><strong>(Pest, 1755 \u2013 Pest, 1802. okt\u00f3ber 26.)<\/strong><\/p>\n<p style=\"text-align: justify\">D\u00e9k\u00e1n: 1786\/87, 1791\/92<\/p>\n<p style=\"text-align: justify\">Csal\u00e1dja Donaueschingenb\u0151l v\u00e1ndorolt Magyarorsz\u00e1gra. Orvosi tanulm\u00e1nyai elv\u00e9gz\u00e9se ut\u00e1n kezdetben katonaorvosk\u00e9nt m\u0171k\u00f6d\u00f6tt, majd 1784-t\u0151l az \u00e9ppen abban az \u00e9vben Pestre telep\u00edtett egyetem seb\u00e9szet \u00e9s sz\u00fcl\u00e9szet tan\u00e1ra lett. Ezzel egy id\u0151ben orsz\u00e1gos szemorvoss\u00e1 is kinevezt\u00e9k. 1801-ben az \u0151 kezdem\u00e9nyez\u00e9s\u00e9re l\u00e9tes\u00fclt szembetegeknek fekv\u0151beteg oszt\u00e1ly az egyetemi klinik\u00e1n. A fiumei himl\u0151j\u00e1rv\u00e1ny lek\u00fczd\u00e9s\u00e9ben szerzett \u00e9rdemei elismer\u00e9s\u00e9\u00fcl 1797. okt\u00f3ber 20-\u00e1n magyar nemess\u00e9get kapott. A francia h\u00e1bor\u00fak kapcs\u00e1n meghirdetett nemesi felkel\u00e9sek sor\u00e1n sz\u00e1mos tengermell\u00e9ki katonai k\u00f3rh\u00e1zban (Z\u00e1ra, Raguza, Zeng, Fiume, Trieszt) tett l\u00e1togat\u00e1st az akkoriban d\u00fch\u00f6ng\u0151 j\u00e1rv\u00e1nyok elleni v\u00e9dekez\u00e9s megszervez\u00e9s\u00e9re. V\u00e9g\u00fcl maga is e j\u00e1rv\u00e1nyoknak esett \u00e1ldozat\u00e1ul.<\/p>\n<p style=\"text-align: justify\">(Munk\u00e1i csak k\u00e9ziratban maradtak fenn: De criterio experimentorum medicorum, De fidis remediis, De intempestiva assumtione medicamentorum, De judicio difficili, De isagoge practica, De historiae morborum criterio, De casibus medicis practicis, De medicina et pharmacopolio.)<\/p>\n","protected":false},"excerpt":{"rendered":"<p>(Pest, 1755 \u2013 Pest, 1802. okt\u00f3ber 26.) D\u00e9k\u00e1n: 1786\/87, 1791\/92 Csal\u00e1dja Donaueschingenb\u0151l v\u00e1ndorolt Magyarorsz\u00e1gra. Orvosi tanulm\u00e1nyai elv\u00e9gz\u00e9se ut\u00e1n kezdetben katonaorvosk\u00e9nt m\u0171k\u00f6d\u00f6tt, majd 1784-t\u0151l az \u00e9ppen abban az \u00e9vben Pestre telep\u00edtett egyetem seb\u00e9szet \u00e9s sz\u00fcl\u00e9szet tan\u00e1ra lett. Ezzel egy id\u0151ben orsz\u00e1gos szemorvoss\u00e1 is kinevezt\u00e9k. 1801-ben az \u0151 kezdem\u00e9nyez\u00e9s\u00e9re l\u00e9tes\u00fclt szembetegeknek fekv\u0151beteg oszt\u00e1ly az egyetemi klinik\u00e1n. A &hellip;<\/p>\n","protected":false},"author":282,"featured_media":0,"parent":347,"menu_order":0,"comment_status":"closed","ping_status":"closed","template":"template-fullwidth.php","meta":{"_acf_changed":false,"footnotes":""},"categories":[6,20,77,81,5,14],"tags":[],"class_list":["post-1326","page","type-page","status-publish","hentry","category-dekanok","category-dekanok-karok-szerint","category-kegyeleti-adattar","category-orvosi-kar-dekanjai","category-rektorok","category-teljes-nevlista"],"acf":[],"_links":{"self":[{"href":"https:\/\/semmelweis.hu\/baratikor\/wp-json\/wp\/v2\/pages\/1326","targetHints":{"allow":["GET"]}}],"collection":[{"href":"https:\/\/semmelweis.hu\/baratikor\/wp-json\/wp\/v2\/pages"}],"about":[{"href":"https:\/\/semmelweis.hu\/baratikor\/wp-json\/wp\/v2\/types\/page"}],"author":[{"embeddable":true,"href":"https:\/\/semmelweis.hu\/baratikor\/wp-json\/wp\/v2\/users\/282"}],"replies":[{"embeddable":true,"href":"https:\/\/semmelweis.hu\/baratikor\/wp-json\/wp\/v2\/comments?post=1326"}],"version-history":[{"count":3,"href":"https:\/\/semmelweis.hu\/baratikor\/wp-json\/wp\/v2\/pages\/1326\/revisions"}],"predecessor-version":[{"id":5080,"href":"https:\/\/semmelweis.hu\/baratikor\/wp-json\/wp\/v2\/pages\/1326\/revisions\/5080"}],"up":[{"embeddable":true,"href":"https:\/\/semmelweis.hu\/baratikor\/wp-json\/wp\/v2\/pages\/347"}],"wp:attachment":[{"href":"https:\/\/semmelweis.hu\/baratikor\/wp-json\/wp\/v2\/media?parent=1326"}],"wp:term":[{"taxonomy":"category","embeddable":true,"href":"https:\/\/semmelweis.hu\/baratikor\/wp-json\/wp\/v2\/categories?post=1326"},{"taxonomy":"post_tag","embeddable":true,"href":"https:\/\/semmelweis.hu\/baratikor\/wp-json\/wp\/v2\/tags?post=1326"}],"curies":[{"name":"wp","href":"https:\/\/api.w.org\/{rel}","templated":true}]}}