{"id":1321,"date":"2022-12-30T10:22:03","date_gmt":"2022-12-30T09:22:03","guid":{"rendered":"https:\/\/semmelweis.hu\/baratikor\/?page_id=1321"},"modified":"2023-01-09T11:11:29","modified_gmt":"2023-01-09T10:11:29","slug":"csausz-marton","status":"publish","type":"page","link":"https:\/\/semmelweis.hu\/baratikor\/galeria\/teljes-nevlista\/csausz-marton\/","title":{"rendered":"Csausz M\u00e1rton"},"content":{"rendered":"<p style=\"text-align: justify\"><strong><a href=\"https:\/\/semmelweis.hu\/baratikor\/galeria\/teljes-nevlista\/csausz-marton\/156_11\/\" rel=\"attachment wp-att-1322\"><img loading=\"lazy\" decoding=\"async\" class=\"alignleft size-full wp-image-1322\" src=\"https:\/\/semmelweis.hu\/baratikor\/files\/2022\/12\/156_11.jpg\" alt=\"\" width=\"283\" height=\"392\" \/><\/a>(Fels\u0151b\u00e1nya, 1796. augusztus 8. &#8211; Pest, 1860. szeptember 14.)<\/strong><\/p>\n<p style=\"text-align: justify\">D\u00e9k\u00e1n: 1830\/31 &#8211; 1833\/34<\/p>\n<p style=\"text-align: justify\">\u00d6rm\u00e9ny keresked\u0151csal\u00e1db\u00f3l sz\u00e1rmazott. A gimn\u00e1ziumot \u00e9s az akkoriban egyetemi el\u0151k\u00e9sz\u00edt\u0151nek sz\u00e1m\u00edt\u00f3 k\u00e9t b\u00f6lcs\u00e9szeti \u00e9vet Nagyv\u00e1radon v\u00e9gezte. Orvosi tanulm\u00e1nyait Pesten kezdte 1815-ben, ahol 1820. m\u00e1jus 6-\u00e1n avatt\u00e1k orvoss\u00e1. Ezut\u00e1n Pesten folytatott gyakorlatot, ahol hamarosan az egyik legkeresettebb orvos lett. 1824. \u00e1prilis 4-\u00e9n az Orvoskar jegyz\u0151j\u00e9v\u00e9 v\u00e1lasztott\u00e1k, majd 1827-ben helyettes tan\u00e1ri kinevez\u00e9st kapott a bonctani tansz\u00e9kre. Az 1831-es nagy koleraj\u00e1rv\u00e1ny \u00e9pp d\u00e9k\u00e1ni idej\u00e9re esett, \u00edgy a j\u00e1rv\u00e1ny elleni k\u00fczdelemben Pesten vett r\u00e9szt, ahol nagysz\u00e1m\u00fa beteget l\u00e1tott el. 1834 v\u00e9g\u00e9n lett rendes tan\u00e1r. Tansz\u00e9ke k\u00f6lts\u00e9geit nagyobbr\u00e9szt saj\u00e1t maga fedezte. Emellett a sz\u00fcnid\u0151kben hossz\u00fa tanulm\u00e1nyutakat tett, bej\u00e1rva Eur\u00f3p\u00e1t \u00e9s Alg\u00e9ri\u00e1t, valamint \u00c1zsia egy r\u00e9sz\u00e9t. A kar d\u00e9k\u00e1ni tiszts\u00e9g\u00e9t 1830\/31-t\u0151l kezdve n\u00e9gy tan\u00e9ven kereszt\u00fcl t\u00f6lt\u00f6tte be. 1848. m\u00e1jus 1-j\u00e9n br. E\u00f6tv\u00f6s J\u00f3zsef vall\u00e1s- \u00e9s k\u00f6zoktat\u00e1si miniszter az Orvoskar aleln\u00f6k\u00e9v\u00e9 \u00e9s miniszteri tan\u00e1csoss\u00e1 nevezte ki, mely tisztet 1849. febru\u00e1r 1-j\u00e9ig viselt. 1855-ben a Helytart\u00f3tan\u00e1cs k\u00f6zeg\u00e9szs\u00e9g\u00fcgyi bizotts\u00e1g\u00e1nak \u00e1lland\u00f3 tagja lett. Ebb\u00e9li min\u0151s\u00e9g\u00e9ben sokat tett az egyetem \u00e9rdek\u00e9ben. 1859. m\u00e1rcius 27-\u00e9n vonult nyugalomba. Ezzel egy id\u0151ben kir\u00e1lyi tan\u00e1csosi c\u00edmmel ismert\u00e9k el munk\u00e1ss\u00e1g\u00e1t. Hatalmas, csaknem 100 ezer forintra r\u00fag\u00f3 vagyon\u00e1b\u00f3l 35 ezret hagyott tudom\u00e1nyos \u00e9s j\u00f3t\u00e9kony c\u00e9lokra, t\u00f6bbek k\u00f6z\u00f6tt az akad\u00e9mi\u00e1ra, illetve szeg\u00e9ny sors\u00fa orvostanhallgat\u00f3k seg\u00e9lyez\u00e9s\u00e9re vall\u00e1sukra val\u00f3 tekintet n\u00e9lk\u00fcl.<\/p>\n<p style=\"text-align: justify\">(Munk\u00e1ja: Dissertatio inauguralis medica de intestino sanguinis motu ut praecipuo circulationis adminiculo. Pestini, 1820.)<\/p>\n<p><a href=\"https:\/\/semmelweis.hu\/baratikor\/galeria\/teljes-nevlista\/csausz-marton\/156_21\/\" rel=\"attachment wp-att-1323\"><img loading=\"lazy\" decoding=\"async\" class=\"alignleft size-medium wp-image-1323\" src=\"https:\/\/semmelweis.hu\/baratikor\/files\/2022\/12\/156_21-270x400.jpg\" alt=\"\" width=\"270\" height=\"400\" srcset=\"https:\/\/semmelweis.hu\/baratikor\/files\/2022\/12\/156_21-270x400.jpg 270w, https:\/\/semmelweis.hu\/baratikor\/files\/2022\/12\/156_21.jpg 283w\" sizes=\"auto, (max-width: 270px) 100vw, 270px\" \/><\/a><\/p>\n","protected":false},"excerpt":{"rendered":"<p><a href=\"https:\/\/semmelweis.hu\/baratikor\/galeria\/teljes-nevlista\/csausz-marton\/156_11\/\" rel=\"attachment wp-att-1322\"><\/a> (Fels\u0151b\u00e1nya, 1796. augusztus 8. &#8211; Pest, 1860. szeptember 14.) D\u00e9k\u00e1n: 1830\/31 &#8211; 1833\/34 \u00d6rm\u00e9ny keresked\u0151csal\u00e1db\u00f3l sz\u00e1rmazott. A gimn\u00e1ziumot \u00e9s az akkoriban egyetemi el\u0151k\u00e9sz\u00edt\u0151nek sz\u00e1m\u00edt\u00f3 k\u00e9t b\u00f6lcs\u00e9szeti \u00e9vet Nagyv\u00e1radon v\u00e9gezte. Orvosi tanulm\u00e1nyait Pesten kezdte 1815-ben, ahol 1820. m\u00e1jus 6-\u00e1n avatt\u00e1k orvoss\u00e1. Ezut\u00e1n Pesten folytatott gyakorlatot, ahol hamarosan az egyik legkeresettebb orvos lett. 1824. \u00e1prilis 4-\u00e9n az &hellip;<\/p>\n","protected":false},"author":282,"featured_media":1322,"parent":347,"menu_order":0,"comment_status":"closed","ping_status":"closed","template":"template-fullwidth.php","meta":{"_acf_changed":false,"footnotes":""},"categories":[6,20,77,81,14],"tags":[],"class_list":["post-1321","page","type-page","status-publish","has-post-thumbnail","hentry","category-dekanok","category-dekanok-karok-szerint","category-kegyeleti-adattar","category-orvosi-kar-dekanjai","category-teljes-nevlista"],"acf":[],"_links":{"self":[{"href":"https:\/\/semmelweis.hu\/baratikor\/wp-json\/wp\/v2\/pages\/1321","targetHints":{"allow":["GET"]}}],"collection":[{"href":"https:\/\/semmelweis.hu\/baratikor\/wp-json\/wp\/v2\/pages"}],"about":[{"href":"https:\/\/semmelweis.hu\/baratikor\/wp-json\/wp\/v2\/types\/page"}],"author":[{"embeddable":true,"href":"https:\/\/semmelweis.hu\/baratikor\/wp-json\/wp\/v2\/users\/282"}],"replies":[{"embeddable":true,"href":"https:\/\/semmelweis.hu\/baratikor\/wp-json\/wp\/v2\/comments?post=1321"}],"version-history":[{"count":2,"href":"https:\/\/semmelweis.hu\/baratikor\/wp-json\/wp\/v2\/pages\/1321\/revisions"}],"predecessor-version":[{"id":1325,"href":"https:\/\/semmelweis.hu\/baratikor\/wp-json\/wp\/v2\/pages\/1321\/revisions\/1325"}],"up":[{"embeddable":true,"href":"https:\/\/semmelweis.hu\/baratikor\/wp-json\/wp\/v2\/pages\/347"}],"wp:featuredmedia":[{"embeddable":true,"href":"https:\/\/semmelweis.hu\/baratikor\/wp-json\/wp\/v2\/media\/1322"}],"wp:attachment":[{"href":"https:\/\/semmelweis.hu\/baratikor\/wp-json\/wp\/v2\/media?parent=1321"}],"wp:term":[{"taxonomy":"category","embeddable":true,"href":"https:\/\/semmelweis.hu\/baratikor\/wp-json\/wp\/v2\/categories?post=1321"},{"taxonomy":"post_tag","embeddable":true,"href":"https:\/\/semmelweis.hu\/baratikor\/wp-json\/wp\/v2\/tags?post=1321"}],"curies":[{"name":"wp","href":"https:\/\/api.w.org\/{rel}","templated":true}]}}