{"id":1316,"date":"2022-12-30T10:19:31","date_gmt":"2022-12-30T09:19:31","guid":{"rendered":"https:\/\/semmelweis.hu\/baratikor\/?page_id=1316"},"modified":"2023-10-12T17:13:53","modified_gmt":"2023-10-12T15:13:53","slug":"veleczky-janos","status":"publish","type":"page","link":"https:\/\/semmelweis.hu\/baratikor\/galeria\/teljes-nevlista\/veleczky-janos\/","title":{"rendered":"Veleczky J\u00e1nos"},"content":{"rendered":"<p style=\"text-align: justify\"><strong><a href=\"https:\/\/semmelweis.hu\/baratikor\/files\/2023\/07\/023_2_jav.jpg\"><img loading=\"lazy\" decoding=\"async\" class=\"alignleft size-full wp-image-5173\" src=\"https:\/\/semmelweis.hu\/baratikor\/files\/2023\/07\/023_2_jav.jpg\" alt=\"\" width=\"234\" height=\"304\" \/><\/a>Veleczky (Welleczky) J\u00e1nos (Pest, 1786. okt\u00f3ber 11. &#8211; B\u00e9cs, 1854. m\u00e1jus 12.)<\/strong><\/p>\n<p style=\"text-align: justify\"><strong>Tansz\u00e9k: <\/strong>Elm\u00e9leti seb\u00e9szeti tansz\u00e9k 1812-1816 (mb.), 1816-1847.<\/p>\n<p style=\"text-align: justify\"><strong>Viselt egyetemi m\u00e9lt\u00f3s\u00e1g:<\/strong> rektor 1833\/34.<\/p>\n<p style=\"text-align: justify\">A pesti egyetemen seb\u00e9szmesteri tanulm\u00e1nyokat folytatott 1805-1807 k\u00f6z\u00f6tt. Az orvoskari nyilv\u00e1ntart\u00e1sokban k\u00fcl\u00f6nb\u00f6z\u0151 n\u00e9vv\u00e1ltozatokban fordul el\u0151: Waletzky, Weleczky, Welletzky. 1807. szeptember 13-\u00e1n avatt\u00e1k seb\u00e9szmesterr\u00e9, majd az 1808\/09. tan\u00e9vben sz\u00fcl\u00e9szmesterr\u00e9. Ezut\u00e1n v\u00e9gezte el az \u00fan. magasabb seb\u00e9szet tanfolyam\u00e1t, \u00e9s 1811. november 21-\u00e9n seb\u00e9szdoktorr\u00e1 avatt\u00e1k. Az elm\u00e9leti seb\u00e9szeti tansz\u00e9ken m\u00e1r 1807-t\u0151l seg\u00e9d, majd 1811-t\u0151l adjunktus. Eckstein J\u00e1nos hal\u00e1la ut\u00e1n 1812-ben megb\u00edzt\u00e1k a tansz\u00e9k vezet\u00e9s\u00e9vel, egyel\u0151re helyettesk\u00e9nt, majd 1816-ban rendes tan\u00e1ri kinevez\u00e9st kapott. Az 1833\/34. tan\u00e9vben rektori m\u00e9lt\u00f3s\u00e1got viselt. 1847-ben vonult nyugalomba, megtartva teljes fizet\u00e9s\u00e9t. Ugyanekkor kapott kir\u00e1lyi tan\u00e1csosi c\u00edmet.<\/p>\n<p style=\"text-align: justify\"><strong>F\u0151bb munk\u00e1i:<\/strong> Sermo, quo instaurationis anniversarium diem regia literarum universitatis hungaricae 25. Junii 1834. in palatio majore universitatis celebravit. Budae, 1834.<\/p>\n<p style=\"text-align: justify\"><strong>Nyughelye:<\/strong> nem ismert.<\/p>\n<p><strong><a href=\"https:\/\/semmelweis.hu\/baratikor\/files\/2023\/07\/Veleczky-Janos-2_jav_2.jpg\"><img loading=\"lazy\" decoding=\"async\" class=\"alignleft size-medium wp-image-5174\" src=\"https:\/\/semmelweis.hu\/baratikor\/files\/2023\/07\/Veleczky-Janos-2_jav_2-322x400.jpg\" alt=\"\" width=\"322\" height=\"400\" srcset=\"https:\/\/semmelweis.hu\/baratikor\/files\/2023\/07\/Veleczky-Janos-2_jav_2-322x400.jpg 322w, https:\/\/semmelweis.hu\/baratikor\/files\/2023\/07\/Veleczky-Janos-2_jav_2-768x955.jpg 768w, https:\/\/semmelweis.hu\/baratikor\/files\/2023\/07\/Veleczky-Janos-2_jav_2-753x937.jpg 753w, https:\/\/semmelweis.hu\/baratikor\/files\/2023\/07\/Veleczky-Janos-2_jav_2.jpg 804w\" sizes=\"auto, (max-width: 322px) 100vw, 322px\" \/><\/a><\/strong><\/p>\n<p>&nbsp;<\/p>\n","protected":false},"excerpt":{"rendered":"<p><a href=\"https:\/\/semmelweis.hu\/baratikor\/files\/2023\/07\/023_2_jav.jpg\"><\/a> Veleczky (Welleczky) J\u00e1nos (Pest, 1786. okt\u00f3ber 11. &#8211; B\u00e9cs, 1854. m\u00e1jus 12.) Tansz\u00e9k: Elm\u00e9leti seb\u00e9szeti tansz\u00e9k 1812-1816 (mb.), 1816-1847. Viselt egyetemi m\u00e9lt\u00f3s\u00e1g: rektor 1833\/34. A pesti egyetemen seb\u00e9szmesteri tanulm\u00e1nyokat folytatott 1805-1807 k\u00f6z\u00f6tt. Az orvoskari nyilv\u00e1ntart\u00e1sokban k\u00fcl\u00f6nb\u00f6z\u0151 n\u00e9vv\u00e1ltozatokban fordul el\u0151: Waletzky, Weleczky, Welletzky. 1807. szeptember 13-\u00e1n avatt\u00e1k seb\u00e9szmesterr\u00e9, majd az 1808\/09. tan\u00e9vben sz\u00fcl\u00e9szmesterr\u00e9. Ezut\u00e1n v\u00e9gezte el &hellip;<\/p>\n","protected":false},"author":282,"featured_media":5463,"parent":347,"menu_order":0,"comment_status":"closed","ping_status":"closed","template":"template-fullwidth.php","meta":{"_acf_changed":false,"footnotes":""},"categories":[77,5,14],"tags":[],"class_list":["post-1316","page","type-page","status-publish","has-post-thumbnail","hentry","category-kegyeleti-adattar","category-rektorok","category-teljes-nevlista"],"acf":[],"_links":{"self":[{"href":"https:\/\/semmelweis.hu\/baratikor\/wp-json\/wp\/v2\/pages\/1316","targetHints":{"allow":["GET"]}}],"collection":[{"href":"https:\/\/semmelweis.hu\/baratikor\/wp-json\/wp\/v2\/pages"}],"about":[{"href":"https:\/\/semmelweis.hu\/baratikor\/wp-json\/wp\/v2\/types\/page"}],"author":[{"embeddable":true,"href":"https:\/\/semmelweis.hu\/baratikor\/wp-json\/wp\/v2\/users\/282"}],"replies":[{"embeddable":true,"href":"https:\/\/semmelweis.hu\/baratikor\/wp-json\/wp\/v2\/comments?post=1316"}],"version-history":[{"count":4,"href":"https:\/\/semmelweis.hu\/baratikor\/wp-json\/wp\/v2\/pages\/1316\/revisions"}],"predecessor-version":[{"id":5177,"href":"https:\/\/semmelweis.hu\/baratikor\/wp-json\/wp\/v2\/pages\/1316\/revisions\/5177"}],"up":[{"embeddable":true,"href":"https:\/\/semmelweis.hu\/baratikor\/wp-json\/wp\/v2\/pages\/347"}],"wp:featuredmedia":[{"embeddable":true,"href":"https:\/\/semmelweis.hu\/baratikor\/wp-json\/wp\/v2\/media\/5463"}],"wp:attachment":[{"href":"https:\/\/semmelweis.hu\/baratikor\/wp-json\/wp\/v2\/media?parent=1316"}],"wp:term":[{"taxonomy":"category","embeddable":true,"href":"https:\/\/semmelweis.hu\/baratikor\/wp-json\/wp\/v2\/categories?post=1316"},{"taxonomy":"post_tag","embeddable":true,"href":"https:\/\/semmelweis.hu\/baratikor\/wp-json\/wp\/v2\/tags?post=1316"}],"curies":[{"name":"wp","href":"https:\/\/api.w.org\/{rel}","templated":true}]}}