{"id":1304,"date":"2022-12-30T09:52:08","date_gmt":"2022-12-30T08:52:08","guid":{"rendered":"https:\/\/semmelweis.hu\/baratikor\/?page_id=1304"},"modified":"2023-01-06T14:19:47","modified_gmt":"2023-01-06T13:19:47","slug":"christen-kristof-andras","status":"publish","type":"page","link":"https:\/\/semmelweis.hu\/baratikor\/galeria\/teljes-nevlista\/christen-kristof-andras\/","title":{"rendered":"Christen Krist\u00f3f Andr\u00e1s"},"content":{"rendered":"<p style=\"text-align: justify\"><strong>Christen Krist\u00f3f Andr\u00e1s (Buda, 1783 &#8211; ?, ?) <\/strong><\/p>\n<p style=\"text-align: justify\"><strong>Viselt egyetemi m\u00e9lt\u00f3s\u00e1g: <\/strong>d\u00e9k\u00e1n 1839\/40.<\/p>\n<p style=\"text-align: justify\">Orvoscsal\u00e1db\u00f3l sz\u00e1rmazott, tanulm\u00e1nyait a pesti egyetemen v\u00e9gezte, ahol 1819. j\u00falius 31-\u00e9n avatt\u00e1k orvoss\u00e1. Sz\u00fcl\u0151v\u00e1ros\u00e1nak tiszti f\u0151orvosa, egyben a pesti Orvoskar k\u00fcls\u0151 tagja lett. Tanulm\u00e1nyi c\u00e9llal \u00f6t \u00e9vig j\u00e1rta Eur\u00f3p\u00e1t, megfordulva n\u00e9met f\u00f6ld\u00f6n, Hollandi\u00e1ban, P\u00e1rizsban, Sv\u00e1jcban \u00e9s \u00c9szak-It\u00e1li\u00e1ban. Csak 1824 \u0151sz\u00e9n t\u00e9rt haza, majd 1839-ben a pesti Orvoskar d\u00e9k\u00e1nj\u00e1v\u00e1 v\u00e1lasztott\u00e1k. Egyetlen ismert munk\u00e1ja a Pesten 1819-ben megjelent doktori disszert\u00e1ci\u00f3ja. Hal\u00e1l\u00e1nak hely\u00e9t \u00e9s idej\u00e9t hom\u00e1ly fedi.<\/p>\n<p style=\"text-align: justify\"><strong>F\u0151bb munk\u00e1i:<\/strong> Dissertatio inauguralis medica sistens opium historice, chemice et pharmacologice consideratum. Pestini, 1819.<\/p>\n<p style=\"text-align: justify\"><strong>Nyughelye:<\/strong> nem ismert.<\/p>\n","protected":false},"excerpt":{"rendered":"<p>Christen Krist\u00f3f Andr\u00e1s (Buda, 1783 &#8211; ?, ?) Viselt egyetemi m\u00e9lt\u00f3s\u00e1g: d\u00e9k\u00e1n 1839\/40. Orvoscsal\u00e1db\u00f3l sz\u00e1rmazott, tanulm\u00e1nyait a pesti egyetemen v\u00e9gezte, ahol 1819. j\u00falius 31-\u00e9n avatt\u00e1k orvoss\u00e1. Sz\u00fcl\u0151v\u00e1ros\u00e1nak tiszti f\u0151orvosa, egyben a pesti Orvoskar k\u00fcls\u0151 tagja lett. Tanulm\u00e1nyi c\u00e9llal \u00f6t \u00e9vig j\u00e1rta Eur\u00f3p\u00e1t, megfordulva n\u00e9met f\u00f6ld\u00f6n, Hollandi\u00e1ban, P\u00e1rizsban, Sv\u00e1jcban \u00e9s \u00c9szak-It\u00e1li\u00e1ban. Csak 1824 \u0151sz\u00e9n t\u00e9rt haza, &hellip;<\/p>\n","protected":false},"author":282,"featured_media":0,"parent":347,"menu_order":0,"comment_status":"closed","ping_status":"closed","template":"template-fullwidth.php","meta":{"_acf_changed":false,"footnotes":""},"categories":[6,20,81,14],"tags":[],"class_list":["post-1304","page","type-page","status-publish","hentry","category-dekanok","category-dekanok-karok-szerint","category-orvosi-kar-dekanjai","category-teljes-nevlista"],"acf":[],"_links":{"self":[{"href":"https:\/\/semmelweis.hu\/baratikor\/wp-json\/wp\/v2\/pages\/1304","targetHints":{"allow":["GET"]}}],"collection":[{"href":"https:\/\/semmelweis.hu\/baratikor\/wp-json\/wp\/v2\/pages"}],"about":[{"href":"https:\/\/semmelweis.hu\/baratikor\/wp-json\/wp\/v2\/types\/page"}],"author":[{"embeddable":true,"href":"https:\/\/semmelweis.hu\/baratikor\/wp-json\/wp\/v2\/users\/282"}],"replies":[{"embeddable":true,"href":"https:\/\/semmelweis.hu\/baratikor\/wp-json\/wp\/v2\/comments?post=1304"}],"version-history":[{"count":2,"href":"https:\/\/semmelweis.hu\/baratikor\/wp-json\/wp\/v2\/pages\/1304\/revisions"}],"predecessor-version":[{"id":1306,"href":"https:\/\/semmelweis.hu\/baratikor\/wp-json\/wp\/v2\/pages\/1304\/revisions\/1306"}],"up":[{"embeddable":true,"href":"https:\/\/semmelweis.hu\/baratikor\/wp-json\/wp\/v2\/pages\/347"}],"wp:attachment":[{"href":"https:\/\/semmelweis.hu\/baratikor\/wp-json\/wp\/v2\/media?parent=1304"}],"wp:term":[{"taxonomy":"category","embeddable":true,"href":"https:\/\/semmelweis.hu\/baratikor\/wp-json\/wp\/v2\/categories?post=1304"},{"taxonomy":"post_tag","embeddable":true,"href":"https:\/\/semmelweis.hu\/baratikor\/wp-json\/wp\/v2\/tags?post=1304"}],"curies":[{"name":"wp","href":"https:\/\/api.w.org\/{rel}","templated":true}]}}