{"id":1300,"date":"2022-12-30T09:45:58","date_gmt":"2022-12-30T08:45:58","guid":{"rendered":"https:\/\/semmelweis.hu\/baratikor\/?page_id=1300"},"modified":"2023-10-11T15:13:45","modified_gmt":"2023-10-11T13:13:45","slug":"gebhardt-xaver-ferenc","status":"publish","type":"page","link":"https:\/\/semmelweis.hu\/baratikor\/galeria\/teljes-nevlista\/gebhardt-xaver-ferenc\/","title":{"rendered":"Gebhardt Xav\u00e9r Ferenc"},"content":{"rendered":"<p style=\"text-align: justify\"><strong><a href=\"https:\/\/semmelweis.hu\/baratikor\/galeria\/teljes-nevlista\/gebhardt-xaver-ferenc\/160_11\/\" rel=\"attachment wp-att-1301\"><img loading=\"lazy\" decoding=\"async\" class=\"alignleft size-full wp-image-1301\" src=\"https:\/\/semmelweis.hu\/baratikor\/files\/2022\/12\/160_11.jpg\" alt=\"\" width=\"295\" height=\"370\" \/><\/a>Gebhardt Xav\u00e9r Ferenc (Paks, 1791. janu\u00e1r 23. \u2013 Pest, 1869. okt\u00f3ber 27.) <\/strong><\/p>\n<p style=\"text-align: justify\"><strong>Tansz\u00e9k: <\/strong>gy\u00f3gyszertan 1819\/20 (h.), \u00e1ltal\u00e1nos k\u00f3r- \u00e9s gy\u00f3gytan 1820\/21 (h.), bels\u0151 bajok k\u00f3r-\u00e9s gy\u00f3gytana (seb\u00e9szek sz\u00e1m\u00e1ra) 1821-1824 (h.), 1824-1860, elm\u00e9leti orvostan 1866\/67.<\/p>\n<p style=\"text-align: justify\"><strong>Viselt egyetemi m\u00e9lt\u00f3s\u00e1g: <\/strong>d\u00e9k\u00e1n 1840\/41, 1855\/56 &#8211; 1859\/60 (I. f\u00e9l\u00e9v).<\/p>\n<p style=\"text-align: justify\">\u00c9desapja, Gebhardt J\u00f3zsef keresked\u0151k\u00e9nt dolgozott. K\u00f6z\u00e9piskol\u00e1it \u00d3v\u00e1rott (ma Mosonmagyar\u00f3v\u00e1r) \u00e9s Bud\u00e1n, b\u00f6lcs\u00e9szeti tanulm\u00e1nyait Szegeden, az orvosit Pesten v\u00e9gezte, ahol 1814. m\u00e1jus 1-j\u00e9n avatt\u00e1k orvosdoktorr\u00e1. Ezut\u00e1n \u00f6t h\u00f3napra B\u00e9csbe utazott, hogy Hildenbrand, Kern \u00e9s Bo\u00ebr el\u0151ad\u00e1sait hallgassa. Hazat\u00e9rve, 1815. november 1-j\u00e9n Bene Ferenc vette maga mell\u00e9 asszisztensnek. 1816. j\u00falius 3-\u00e1n sz\u00fcl\u00e9szmesteri k\u00e9pes\u00edt\u00e9st is szerzett. 1816-ban az Orvoskar tagjai k\u00f6z\u00e9 emelte, majd k\u00e9t \u00e9v m\u00falva a jegyz\u0151i tisztre v\u00e1lasztott\u00e1k. Az 1819\/20. tan\u00e9vben helyettesk\u00e9nt adta el\u0151 a gy\u00f3gyszertant, majd 1820\/21-ben az \u00e1ltal\u00e1nos k\u00f3r- \u00e9s gy\u00f3gytant. 1821-1824 k\u00f6z\u00f6tt helyettesk\u00e9nt \u0151 tartotta a seb\u00e9szek sz\u00e1m\u00e1ra rendelt belgy\u00f3gy\u00e1szati gyakorlatokat. Ekkor ugyanezen t\u00e1rgy rendes tan\u00e1r\u00e1v\u00e1 nevezt\u00e9k ki. \u0150 volt az els\u0151, aki sz\u00e9kfoglal\u00f3 besz\u00e9d\u00e9t magyarul tartotta meg, 1824. janu\u00e1r 10-\u00e9n. M\u00e9g ebben az \u00e9vben fel\u00e1ll\u00edtotta a v\u00e9dhiml\u0151int\u00e9zetet, mely 1850-t\u0151l k\u00f6zponti ojt\u00f3int\u00e9zet n\u00e9ven m\u0171k\u00f6d\u00f6tt. Feladatai mellett ell\u00e1tta a pesti vakok int\u00e9zet\u00e9nek orvosi teend\u0151it, illetve foglalkozott a magyar orvosi szaknyelv megteremt\u00e9s\u00e9vel is, belgy\u00f3gy\u00e1szati tank\u00f6nyv\u00e9t m\u00e1r magyarul \u00edrta. Munk\u00e1ss\u00e1ga sor\u00e1n f\u0151k\u00e9nt a himl\u0151 \u00e9s m\u00e1s fert\u0151z\u0151 betegs\u00e9gek k\u00f3r- \u00e9s gy\u00f3gytan\u00e1val, a j\u00e1rv\u00e1nyok megel\u0151z\u00e9s\u00e9vel foglalkozott. Kort\u00e1rsai a \u201evaccinatio buzg\u00f3 \u00e9s hatalmas apostol\u00e1nak\u201d nevezt\u00e9k.<\/p>\n<p style=\"text-align: justify\">1830. november 17-\u00e9n akad\u00e9miai tags\u00e1got nyert \u00e9vi 500 forintos fizet\u00e9ssel. 1835-ben a bajor frauendorfi kertm\u0171vel\u0151 t\u00e1rsas\u00e1g tiszteletbeli tagj\u00e1v\u00e1, az Osztr\u00e1k Tudom\u00e1nyos Akad\u00e9mia pedig levelez\u0151 tagj\u00e1v\u00e1 v\u00e1lasztotta. 1840-ben gazdag szakirodalmi \u00e9s oktat\u00f3i tev\u00e9kenys\u00e9g\u00e9\u00e9rt magyar nemess\u00e9get kapott. 1857-ben kir\u00e1lyi tan\u00e1csosi c\u00edmmel, majd a Ferenc J\u00f3zsef-renddel t\u00fcntett\u00e9k ki. Tolna megye t\u00e1blab\u00edr\u00f3i tiszt\u00e9t is bet\u00f6lt\u00f6tte. K\u00e9t alkalommal viselte a d\u00e9k\u00e1ni hivatalt (1840\/41, 1855\/56-1859\/60), m\u00e1sodj\u00e1ra \u00f6t tan\u00e9ven kereszt\u00fcl.<\/p>\n<p style=\"text-align: justify\"><strong>F\u0151bb munk\u00e1i:<\/strong> Versus domino Carolo Gindlj, pro onomastico die oblati. Budae. (magyar sz\u00f6veggel.); \u00datmutat\u00e1s az orvosi gyakorl\u00e1sra, vagy b\u00e9vezet\u00e9s a beteg \u00e1gya mellett val\u00f3 orvosi tan\u00edt\u00e1sra. Pest, 1827.; A k\u00fcl\u00f6n\u00f6s orvosi nyavalya \u00e9s gy\u00f3gytudom\u00e1ny alapvonatjai. A k\u00fcl\u00f6n\u00f6s orvosi pathologia \u00e9s therapia. I-II. Pest, 1828\u201338.<\/p>\n<p style=\"text-align: justify\"><strong>Nyughelye:<\/strong> Fiumei \u00fati temet\u0151 FM\/BAL\/1\/81 (v\u00e9dett\u00e9 nyilv\u00e1n\u00edtva).<\/p>\n<p><a href=\"https:\/\/semmelweis.hu\/baratikor\/galeria\/teljes-nevlista\/gebhardt-xaver-ferenc\/gebhardt-xaver-ferenc-318-iv-85-1\/\" rel=\"attachment wp-att-1659\"><img loading=\"lazy\" decoding=\"async\" class=\"alignleft wp-image-1659\" src=\"https:\/\/semmelweis.hu\/baratikor\/files\/2023\/01\/Gebhardt-Xaver-Ferenc-318.-IV.85-1-324x400.jpg\" alt=\"\" width=\"307\" height=\"380\" srcset=\"https:\/\/semmelweis.hu\/baratikor\/files\/2023\/01\/Gebhardt-Xaver-Ferenc-318.-IV.85-1-324x400.jpg 324w, https:\/\/semmelweis.hu\/baratikor\/files\/2023\/01\/Gebhardt-Xaver-Ferenc-318.-IV.85-1-768x949.jpg 768w, https:\/\/semmelweis.hu\/baratikor\/files\/2023\/01\/Gebhardt-Xaver-Ferenc-318.-IV.85-1-753x931.jpg 753w, https:\/\/semmelweis.hu\/baratikor\/files\/2023\/01\/Gebhardt-Xaver-Ferenc-318.-IV.85-1.jpg 809w\" sizes=\"auto, (max-width: 307px) 100vw, 307px\" \/><\/a><a href=\"https:\/\/semmelweis.hu\/baratikor\/galeria\/teljes-nevlista\/gebhardt-xaver-ferenc\/gebhardt-xaver-ferenc-318-iv-85-2\/\" rel=\"attachment wp-att-1661\"><img loading=\"lazy\" decoding=\"async\" class=\"alignleft wp-image-1661\" src=\"https:\/\/semmelweis.hu\/baratikor\/files\/2023\/01\/Gebhardt-Xaver-Ferenc-318.-IV.85-2-248x400.jpg\" alt=\"\" width=\"236\" height=\"380\" srcset=\"https:\/\/semmelweis.hu\/baratikor\/files\/2023\/01\/Gebhardt-Xaver-Ferenc-318.-IV.85-2-248x400.jpg 248w, https:\/\/semmelweis.hu\/baratikor\/files\/2023\/01\/Gebhardt-Xaver-Ferenc-318.-IV.85-2.jpg 620w\" sizes=\"auto, (max-width: 236px) 100vw, 236px\" \/><\/a><a href=\"https:\/\/semmelweis.hu\/baratikor\/galeria\/teljes-nevlista\/gebhardt-xaver-ferenc\/gebhardt-xaver-ferenc-318-iv-85-1-2\/\" rel=\"attachment wp-att-1660\"><img loading=\"lazy\" decoding=\"async\" class=\"alignleft wp-image-1660\" src=\"https:\/\/semmelweis.hu\/baratikor\/files\/2023\/01\/Gebhardt-Xaver-Ferenc-318.-IV.85-1.2-317x400.jpg\" alt=\"\" width=\"301\" height=\"380\" srcset=\"https:\/\/semmelweis.hu\/baratikor\/files\/2023\/01\/Gebhardt-Xaver-Ferenc-318.-IV.85-1.2-317x400.jpg 317w, https:\/\/semmelweis.hu\/baratikor\/files\/2023\/01\/Gebhardt-Xaver-Ferenc-318.-IV.85-1.2-768x970.jpg 768w, https:\/\/semmelweis.hu\/baratikor\/files\/2023\/01\/Gebhardt-Xaver-Ferenc-318.-IV.85-1.2-753x951.jpg 753w, https:\/\/semmelweis.hu\/baratikor\/files\/2023\/01\/Gebhardt-Xaver-Ferenc-318.-IV.85-1.2.jpg 792w\" sizes=\"auto, (max-width: 301px) 100vw, 301px\" \/><\/a><a href=\"https:\/\/semmelweis.hu\/baratikor\/galeria\/teljes-nevlista\/gebhardt-xaver-ferenc\/gebhardt-xaver-ferenc-2\/\" rel=\"attachment wp-att-1658\"><img loading=\"lazy\" decoding=\"async\" class=\"alignleft wp-image-1658\" src=\"https:\/\/semmelweis.hu\/baratikor\/files\/2023\/01\/Gebhardt-Xaver-Ferenc-266x400.jpg\" alt=\"\" width=\"253\" height=\"380\" srcset=\"https:\/\/semmelweis.hu\/baratikor\/files\/2023\/01\/Gebhardt-Xaver-Ferenc-266x400.jpg 266w, https:\/\/semmelweis.hu\/baratikor\/files\/2023\/01\/Gebhardt-Xaver-Ferenc.jpg 665w\" sizes=\"auto, (max-width: 253px) 100vw, 253px\" \/><\/a><\/p>\n","protected":false},"excerpt":{"rendered":"<p><a href=\"https:\/\/semmelweis.hu\/baratikor\/galeria\/teljes-nevlista\/gebhardt-xaver-ferenc\/160_11\/\" rel=\"attachment wp-att-1301\"><\/a> Gebhardt Xav\u00e9r Ferenc (Paks, 1791. janu\u00e1r 23. \u2013 Pest, 1869. okt\u00f3ber 27.) Tansz\u00e9k: gy\u00f3gyszertan 1819\/20 (h.), \u00e1ltal\u00e1nos k\u00f3r- \u00e9s gy\u00f3gytan 1820\/21 (h.), bels\u0151 bajok k\u00f3r-\u00e9s gy\u00f3gytana (seb\u00e9szek sz\u00e1m\u00e1ra) 1821-1824 (h.), 1824-1860, elm\u00e9leti orvostan 1866\/67. Viselt egyetemi m\u00e9lt\u00f3s\u00e1g: d\u00e9k\u00e1n 1840\/41, 1855\/56 &#8211; 1859\/60 (I. f\u00e9l\u00e9v). \u00c9desapja, Gebhardt J\u00f3zsef keresked\u0151k\u00e9nt dolgozott. K\u00f6z\u00e9piskol\u00e1it \u00d3v\u00e1rott (ma Mosonmagyar\u00f3v\u00e1r) \u00e9s Bud\u00e1n, &hellip;<\/p>\n","protected":false},"author":282,"featured_media":5375,"parent":347,"menu_order":0,"comment_status":"closed","ping_status":"closed","template":"template-fullwidth.php","meta":{"_acf_changed":false,"footnotes":""},"categories":[6,20,77,81,14],"tags":[],"class_list":["post-1300","page","type-page","status-publish","has-post-thumbnail","hentry","category-dekanok","category-dekanok-karok-szerint","category-kegyeleti-adattar","category-orvosi-kar-dekanjai","category-teljes-nevlista"],"acf":[],"_links":{"self":[{"href":"https:\/\/semmelweis.hu\/baratikor\/wp-json\/wp\/v2\/pages\/1300","targetHints":{"allow":["GET"]}}],"collection":[{"href":"https:\/\/semmelweis.hu\/baratikor\/wp-json\/wp\/v2\/pages"}],"about":[{"href":"https:\/\/semmelweis.hu\/baratikor\/wp-json\/wp\/v2\/types\/page"}],"author":[{"embeddable":true,"href":"https:\/\/semmelweis.hu\/baratikor\/wp-json\/wp\/v2\/users\/282"}],"replies":[{"embeddable":true,"href":"https:\/\/semmelweis.hu\/baratikor\/wp-json\/wp\/v2\/comments?post=1300"}],"version-history":[{"count":5,"href":"https:\/\/semmelweis.hu\/baratikor\/wp-json\/wp\/v2\/pages\/1300\/revisions"}],"predecessor-version":[{"id":1662,"href":"https:\/\/semmelweis.hu\/baratikor\/wp-json\/wp\/v2\/pages\/1300\/revisions\/1662"}],"up":[{"embeddable":true,"href":"https:\/\/semmelweis.hu\/baratikor\/wp-json\/wp\/v2\/pages\/347"}],"wp:featuredmedia":[{"embeddable":true,"href":"https:\/\/semmelweis.hu\/baratikor\/wp-json\/wp\/v2\/media\/5375"}],"wp:attachment":[{"href":"https:\/\/semmelweis.hu\/baratikor\/wp-json\/wp\/v2\/media?parent=1300"}],"wp:term":[{"taxonomy":"category","embeddable":true,"href":"https:\/\/semmelweis.hu\/baratikor\/wp-json\/wp\/v2\/categories?post=1300"},{"taxonomy":"post_tag","embeddable":true,"href":"https:\/\/semmelweis.hu\/baratikor\/wp-json\/wp\/v2\/tags?post=1300"}],"curies":[{"name":"wp","href":"https:\/\/api.w.org\/{rel}","templated":true}]}}