{"id":1294,"date":"2022-12-30T09:43:31","date_gmt":"2022-12-30T08:43:31","guid":{"rendered":"https:\/\/semmelweis.hu\/baratikor\/?page_id=1294"},"modified":"2023-06-29T09:46:30","modified_gmt":"2023-06-29T07:46:30","slug":"bugat-pal","status":"publish","type":"page","link":"https:\/\/semmelweis.hu\/baratikor\/galeria\/teljes-nevlista\/bugat-pal\/","title":{"rendered":"Bug\u00e1t P\u00e1l"},"content":{"rendered":"<p style=\"text-align: justify\"><strong><a href=\"https:\/\/semmelweis.hu\/baratikor\/?attachment_id=1295\"><img loading=\"lazy\" decoding=\"async\" class=\"alignleft wp-image-1295 size-full\" src=\"https:\/\/semmelweis.hu\/baratikor\/files\/2022\/12\/161_11.jpg\" alt=\"\" width=\"283\" height=\"359\" \/><\/a>(Gy\u00f6ngy\u00f6s, 1793. \u00e1prilis 12. \u2013 Pest, 1865. j\u00falius 9.)<\/strong><\/p>\n<p style=\"text-align: justify\">D\u00e9k\u00e1n: 1841\/42 &#8211; 1842\/43<\/p>\n<p style=\"text-align: justify\">\u00c9desapja szab\u00f3mester volt Gy\u00f6ngy\u00f6s\u00f6n. Gimn\u00e1ziumi tanulm\u00e1nyait sz\u00fcl\u0151v\u00e1ros\u00e1ban kezdte, \u00e9s Egerben fejezte be 1811-ben. Ezut\u00e1n a pesti Orvoskarra iratkozott, ahol 1818. december 21-\u00e9n avatt\u00e1k orvostudorr\u00e1. 1820. janu\u00e1r 8-\u00e1n szem\u00e9szmesteri k\u00e9pes\u00edt\u00e9st szerzett, majd t\u00f6bb \u00e9vig tan\u00e1rseg\u00e9dkedett. 1821-ben orsz\u00e1gos szemorvosi kinevez\u00e9st kapott. 1823-ban Bakab\u00e1ny\u00e1n lett tisztiorvos, de m\u00e1r 1824. janu\u00e1r 10-\u00e9n az Orvoskar jegyz\u0151j\u00e9v\u00e9 v\u00e1lasztotta, \u00e9s visszak\u00f6lt\u00f6z\u00f6tt Pestre. M\u00e9g ugyanezen \u00e9v \u00e1prilis\u00e1ban Selmec- \u00e9s B\u00e9lab\u00e1nya f\u0151orvosa lett, majd okt\u00f3ber 5-\u00e9n kinevezt\u00e9k a pesti egyetemen a seb\u00e9szek sz\u00e1m\u00e1ra rendelt elm\u00e9leti orvostudom\u00e1nyi tansz\u00e9kre, amit november 9-\u00e9n foglalt el. 24 \u00e9vig m\u0171k\u00f6d\u00f6tt tansz\u00e9k\u00e9n. A Magyar Tudom\u00e1nyos Akad\u00e9mia 1830. november 17-\u00e9n fogadta tagjai sor\u00e1ba. 1831-ben Schedel (Toldy) Ferenccel megalap\u00edtott\u00e1k az Orvosi T\u00e1r c. szaklapot, melyet Fl\u00f3r Ferenccel egy\u00fctt szerkesztett 1848-ig, majd 1861-t\u0151l 1868-ig. 1840-ben e lap has\u00e1bjain \u0151 vetette fel el\u0151sz\u00f6r a k\u00e9s\u0151bb hagyom\u00e1nny\u00e1 v\u00e1lt Magyar Orvosok \u00e9s Term\u00e9szetvizsg\u00e1l\u00f3k v\u00e1ndorgy\u0171l\u00e9s\u00e9nek \u00f6tlet\u00e9t, melynek els\u0151 n\u00e9gy \u00fcl\u00e9s\u00e9n aleln\u00f6k volt. A gy\u0171l\u00e9sek kiadv\u00e1nyait is \u0151 szerkesztette. 1841-ben, az els\u0151 v\u00e1ndorgy\u0171l\u00e9sen megalak\u00edtotta a Term\u00e9szettudom\u00e1nyi T\u00e1rsulatot, melynek alap\u00edt\u00e1s\u00e1hoz 1000 forinttal j\u00e1rult hozz\u00e1. Fl\u00f3r Ferenccel egy\u00fctt adta ki az els\u0151 magyar orvosi c\u00edmt\u00e1rat. 1848-ban az Orsz\u00e1gos Honv\u00e9delmi Bizottm\u00e1ny orsz\u00e1gos f\u0151orvoss\u00e1 nevezte ki. 1849 elej\u00e9n k\u00f6vette a korm\u00e1nyt Debrecenbe, \u00e9s tov\u00e1bbra is ell\u00e1tta feladat\u00e1t. Ez\u00e9rt a cs\u00e1sz\u00e1riak k\u00e9s\u0151bb megfosztott\u00e1k \u00e1ll\u00e1s\u00e1t\u00f3l \u00e9s elvesztette nyugd\u00edjig\u00e9ny\u00e9t is. A vil\u00e1gosi fegyverlet\u00e9tel ut\u00e1n sz\u00fcl\u0151f\u00f6ldj\u00e9re t\u00e9rt vissza \u00e9s \u00f6sszehasonl\u00edt\u00f3 nyelv\u00e9szettel foglalkozott, finn\u00fcl \u00e9s t\u00f6r\u00f6k\u00fcl tanult. Kutat\u00e1saival a finnugor nyelvrokons\u00e1got igyekezett bizony\u00edtani. Kezdem\u00e9nyez\u0151je \u00e9s egyik legf\u0151bb kivitelez\u0151je volt a magyar orvosi szaknyelv megteremt\u00e9s\u00e9nek, sz\u00e1mos ma haszn\u00e1lt szakkifejez\u00e9s\u00fcnk is t\u0151le sz\u00e1rmazik (pl. l\u00e1z, genny, t\u00e1lyog, izom, ideg, \u00e9tv\u00e1gy stb.). 1844-ben kiadott term\u00e9szettudom\u00e1nyi sz\u00f3gy\u0171jtem\u00e9ny\u00e9t V. Ferdin\u00e1nd kir\u00e1lynak aj\u00e1nlotta, aki viszonz\u00e1sk\u00e9ppen gy\u00e9m\u00e1ntgy\u0171r\u0171vel jutalmazta meg. Foglalkozott tank\u00f6nyvek ford\u00edt\u00e1s\u00e1val, illetve orvosi szaksz\u00f3t\u00e1r szerkeszt\u00e9s\u00e9vel. 1830-ban \u0151 ford\u00edtotta le Hahnemann Organonj\u00e1t, az akkort\u00e1jt igen divatos homeop\u00e1tia alapm\u0171v\u00e9t. Gyermeke nem l\u00e9v\u00e9n nyolc cs\u00e1ng\u00f3 fi\u00fat fogadott \u00f6r\u00f6kbe, akiknek tan\u00edttat\u00e1s\u00e1r\u00f3l is gondoskodott. Elm\u00e9leti munk\u00e1it \u00e1ltal\u00e1ban a Sz\u00e9p Juh\u00e1szn\u00e9-v\u00f6lgyben fekv\u0151 kertj\u00e9ben \u00edrta, ahol legsz\u00edvesebben id\u0151z\u00f6tt.<\/p>\n<p style=\"text-align: justify\">(F\u0151bb munk\u00e1i: Dissertatio inauguralis medica sistens enkephalitidem. Pesthini, 1818.; Az eg\u00e9szs\u00e9ges emberi test boncztudom\u00e1ny\u00e1nak alapvonalai. Hempel ut\u00e1n n\u00e9metb\u0151l ford. \u00e9s boncztudom\u00e1nyi sz\u00f3t\u00e1rral ell\u00e1tva I-II. Pest, 1828.; \u00c9ptan. Tan\u00edtv\u00e1nyai sz\u00e1m\u00e1ra. Pest, 1830.; Magyar-de\u00e1k \u00e9s de\u00e1k-magyar orvosi sz\u00f3k\u00f6nyv. Pest, 1833. \/Schedel Ferenccel egy\u00fctt.\/; Tapasztalati term\u00e9szettudom\u00e1ny Tscharner ut\u00e1n ford. I-II. Pest, 1836-37.; Magyarorsz\u00e1gi orvosrend n\u00e9vsora. I. \u00e9v. Pest, 1840. \/Fl\u00f3r Ferenccel egy\u00fctt.\/; Term\u00e9szettudom\u00e1nyi sz\u00f3halmaz. Buda, 1844.; Phonologiai eszm\u00e9i. Buda, 1854. K\u00e9ziratban maradt f\u0151k\u00e9nt nyelv\u00e9szeti munk\u00e1it az Akad\u00e9mi\u00e1ra hagyta.)<\/p>\n<p><a href=\"https:\/\/semmelweis.hu\/baratikor\/galeria\/teljes-nevlista\/bugat-pal\/161_21\/\" rel=\"attachment wp-att-1296\"><img loading=\"lazy\" decoding=\"async\" class=\"alignleft size-medium wp-image-1296\" src=\"https:\/\/semmelweis.hu\/baratikor\/files\/2022\/12\/161_21-240x400.jpg\" alt=\"\" width=\"240\" height=\"400\" srcset=\"https:\/\/semmelweis.hu\/baratikor\/files\/2022\/12\/161_21-240x400.jpg 240w, https:\/\/semmelweis.hu\/baratikor\/files\/2022\/12\/161_21.jpg 283w\" sizes=\"auto, (max-width: 240px) 100vw, 240px\" \/><\/a><a href=\"https:\/\/semmelweis.hu\/baratikor\/galeria\/teljes-nevlista\/bugat-pal\/161_31\/\" rel=\"attachment wp-att-1297\"><img loading=\"lazy\" decoding=\"async\" class=\"alignleft size-medium wp-image-1297\" src=\"https:\/\/semmelweis.hu\/baratikor\/files\/2022\/12\/161_31-273x400.jpg\" alt=\"\" width=\"273\" height=\"400\" srcset=\"https:\/\/semmelweis.hu\/baratikor\/files\/2022\/12\/161_31-273x400.jpg 273w, https:\/\/semmelweis.hu\/baratikor\/files\/2022\/12\/161_31.jpg 283w\" sizes=\"auto, (max-width: 273px) 100vw, 273px\" \/><\/a><\/p>\n","protected":false},"excerpt":{"rendered":"<p><a href=\"https:\/\/semmelweis.hu\/baratikor\/?attachment_id=1295\"><\/a> (Gy\u00f6ngy\u00f6s, 1793. \u00e1prilis 12. \u2013 Pest, 1865. j\u00falius 9.) D\u00e9k\u00e1n: 1841\/42 &#8211; 1842\/43 \u00c9desapja szab\u00f3mester volt Gy\u00f6ngy\u00f6s\u00f6n. Gimn\u00e1ziumi tanulm\u00e1nyait sz\u00fcl\u0151v\u00e1ros\u00e1ban kezdte, \u00e9s Egerben fejezte be 1811-ben. Ezut\u00e1n a pesti Orvoskarra iratkozott, ahol 1818. december 21-\u00e9n avatt\u00e1k orvostudorr\u00e1. 1820. janu\u00e1r 8-\u00e1n szem\u00e9szmesteri k\u00e9pes\u00edt\u00e9st szerzett, majd t\u00f6bb \u00e9vig tan\u00e1rseg\u00e9dkedett. 1821-ben orsz\u00e1gos szemorvosi kinevez\u00e9st kapott. 1823-ban Bakab\u00e1ny\u00e1n lett &hellip;<\/p>\n","protected":false},"author":282,"featured_media":4325,"parent":347,"menu_order":0,"comment_status":"closed","ping_status":"closed","template":"template-fullwidth.php","meta":{"_acf_changed":false,"footnotes":""},"categories":[6,20,77,81,14],"tags":[],"class_list":["post-1294","page","type-page","status-publish","has-post-thumbnail","hentry","category-dekanok","category-dekanok-karok-szerint","category-kegyeleti-adattar","category-orvosi-kar-dekanjai","category-teljes-nevlista"],"acf":[],"_links":{"self":[{"href":"https:\/\/semmelweis.hu\/baratikor\/wp-json\/wp\/v2\/pages\/1294","targetHints":{"allow":["GET"]}}],"collection":[{"href":"https:\/\/semmelweis.hu\/baratikor\/wp-json\/wp\/v2\/pages"}],"about":[{"href":"https:\/\/semmelweis.hu\/baratikor\/wp-json\/wp\/v2\/types\/page"}],"author":[{"embeddable":true,"href":"https:\/\/semmelweis.hu\/baratikor\/wp-json\/wp\/v2\/users\/282"}],"replies":[{"embeddable":true,"href":"https:\/\/semmelweis.hu\/baratikor\/wp-json\/wp\/v2\/comments?post=1294"}],"version-history":[{"count":2,"href":"https:\/\/semmelweis.hu\/baratikor\/wp-json\/wp\/v2\/pages\/1294\/revisions"}],"predecessor-version":[{"id":1299,"href":"https:\/\/semmelweis.hu\/baratikor\/wp-json\/wp\/v2\/pages\/1294\/revisions\/1299"}],"up":[{"embeddable":true,"href":"https:\/\/semmelweis.hu\/baratikor\/wp-json\/wp\/v2\/pages\/347"}],"wp:featuredmedia":[{"embeddable":true,"href":"https:\/\/semmelweis.hu\/baratikor\/wp-json\/wp\/v2\/media\/4325"}],"wp:attachment":[{"href":"https:\/\/semmelweis.hu\/baratikor\/wp-json\/wp\/v2\/media?parent=1294"}],"wp:term":[{"taxonomy":"category","embeddable":true,"href":"https:\/\/semmelweis.hu\/baratikor\/wp-json\/wp\/v2\/categories?post=1294"},{"taxonomy":"post_tag","embeddable":true,"href":"https:\/\/semmelweis.hu\/baratikor\/wp-json\/wp\/v2\/tags?post=1294"}],"curies":[{"name":"wp","href":"https:\/\/api.w.org\/{rel}","templated":true}]}}