{"id":1282,"date":"2022-12-20T15:13:46","date_gmt":"2022-12-20T14:13:46","guid":{"rendered":"https:\/\/semmelweis.hu\/baratikor\/?page_id=1282"},"modified":"2023-10-11T15:01:47","modified_gmt":"2023-10-11T13:01:47","slug":"eckstein-frigyes","status":"publish","type":"page","link":"https:\/\/semmelweis.hu\/baratikor\/galeria\/teljes-nevlista\/eckstein-frigyes\/","title":{"rendered":"Eckstein Frigyes"},"content":{"rendered":"<p style=\"text-align: justify\"><strong><a href=\"https:\/\/semmelweis.hu\/baratikor\/galeria\/teljes-nevlista\/eckstein-frigyes\/eckstein-frigyes_2\/\" rel=\"attachment wp-att-1615\"><img loading=\"lazy\" decoding=\"async\" class=\"alignleft size-medium wp-image-1615\" src=\"https:\/\/semmelweis.hu\/baratikor\/files\/2023\/01\/Eckstein-Frigyes_2-310x400.jpg\" alt=\"\" width=\"310\" height=\"400\" srcset=\"https:\/\/semmelweis.hu\/baratikor\/files\/2023\/01\/Eckstein-Frigyes_2-310x400.jpg 310w, https:\/\/semmelweis.hu\/baratikor\/files\/2023\/01\/Eckstein-Frigyes_2-768x990.jpg 768w, https:\/\/semmelweis.hu\/baratikor\/files\/2023\/01\/Eckstein-Frigyes_2-753x970.jpg 753w, https:\/\/semmelweis.hu\/baratikor\/files\/2023\/01\/Eckstein-Frigyes_2.jpg 776w\" sizes=\"auto, (max-width: 310px) 100vw, 310px\" \/><\/a><\/strong><strong>Eckstein Frigyes, ehrenbergi (Kolozsv\u00e1r, 1803. szeptember 13. &#8211; Pest, 1859. j\u00fanius 8.) <\/strong><\/p>\n<p><strong>Tansz\u00e9k: <\/strong>az \u00fan. k\u00fcls\u0151 orvosi kar tagja volt, nem v\u00e9gzett oktat\u00f3 tev\u00e9kenys\u00e9get.<\/p>\n<p><strong>Viselt egyetemi m\u00e9lt\u00f3s\u00e1g: <\/strong>d\u00e9k\u00e1n 1843\/44-1844\/45.<\/p>\n<p>\u00c9desapja Eckstein J\u00e1nos orvosdoktor, a kolozsv\u00e1ri Orvos-seb\u00e9szi Tanint\u00e9zet tan\u00e1ra, majd Pesten az elm\u00e9leti seb\u00e9szet els\u0151 tan\u00e1ra volt. Frigyes m\u00e1r 5 \u00e9ves kor\u00e1t\u00f3l Pesten nevelkedett, itt v\u00e9gezte a gimn\u00e1ziumi \u00e9s b\u00f6lcs\u00e9szeti, illetve az orvosi tanulm\u00e1nyokat is. 1825 november\u00e9t\u0151l k\u00f3rh\u00e1zi seg\u00e9dk\u00e9nt m\u0171k\u00f6d\u00f6tt, majd 1826. janu\u00e1r 21-\u00e9n orvosdoktorr\u00e1 avatt\u00e1k. Pesten folytatott gyakorlatot, \u00e9s igen gyorsan a legkeresettebb orvosok k\u00f6z\u00f6tt tartott\u00e1k sz\u00e1mon. R\u00e9szt vett az 1831-ben alap\u00edtott Orvosi T\u00e1r munk\u00e1lataiban. 1839-ben bar\u00e1tja, b\u00e1r\u00f3 E\u00f6tv\u00f6s J\u00f3zsef t\u00e1rsas\u00e1g\u00e1ban N\u00e9metorsz\u00e1gba \u00e9s Karlsbadba tett utaz\u00e1st. \u00dati \u00e9lm\u00e9nyeinek orvosi vonatkoz\u00e1sair\u00f3l az Orvosegylet megv\u00e1lasztott eln\u00f6kek\u00e9nt, sz\u00e9kfoglal\u00f3j\u00e1ban sz\u00e1molt be 1839 okt\u00f3ber\u00e9ben. N\u00e9h\u00e1ny napos b\u00e9csi tart\u00f3zkod\u00e1sa alatt Skoda mag\u00e1nleck\u00e9it l\u00e1togatta, \u00e9s ennek hat\u00e1s\u00e1ra v\u00e1lt a kopogtat\u00e1s \u00e9s hallgat\u00f3dz\u00e1s m\u00f3dszer\u00e9nek lelkes p\u00e1rtfog\u00f3j\u00e1v\u00e1. A Magyar Orvosok \u00e9s Term\u00e9szetvizsg\u00e1l\u00f3k 1841-es els\u0151 v\u00e1ndorgy\u0171l\u00e9s\u00e9n felh\u00edv\u00e1st tett k\u00f6zz\u00e9 Magyarorsz\u00e1g orvosi helyrajz\u00e1nak kidolgoz\u00e1s\u00e1ra. Ugyanebben az \u00e9vben aspir\u00e1lt a pesti Orvoskar gyakorlati orvostani tansz\u00e9k\u00e9re, de betegs\u00e9ge miatt vissza kellett l\u00e9pjen. K\u00f3rbonctannal, azon bel\u00fcl is a sejtsz\u00f6vet k\u00f3rtan\u00e1val foglalkozott. 1843-ban az \u00fan. k\u00fcls\u0151 orvosi kar tagjak\u00e9nt v\u00e1lasztott\u00e1k az egyetemi orvoskar d\u00e9k\u00e1nj\u00e1v\u00e1, mely tisztet k\u00e9t tan\u00e9ven \u00e1t l\u00e1tta el. 1848-ban a Batthy\u00e1ny-korm\u00e1ny munk\u00e1j\u00e1t eg\u00e9szs\u00e9g\u00fcgyi tan\u00e1csosk\u00e9nt seg\u00edtette, mely szolg\u00e1lat\u00e1t 1849-ig fenntartotta. Tan\u00e1csosk\u00e9nt tagja volt a koler\u00e1val foglalkoz\u00f3 bizotts\u00e1gnak is.<\/p>\n<p><strong>F\u0151bb munk\u00e1i:<\/strong> Dissertatio inauguralis medica sistens memorabilia clinica anno scholastico 1825 in nosocomio academico r. s. universitatis Hungaricae collecta habito imprimis respectis typhi contagiosi. Pestini, 1825.; Die epidemische Cholera. Beobachtet in den Monaten Juli, August u. September, 1831. Pest u. Leipzig, 1832.<\/p>\n<p><strong>Nyughelye:<\/strong> nem ismert.<\/p>\n<p><strong><a href=\"https:\/\/semmelweis.hu\/baratikor\/galeria\/teljes-nevlista\/eckstein-frigyes\/162_11\/\" rel=\"attachment wp-att-1283\"><img loading=\"lazy\" decoding=\"async\" class=\"alignleft size-full wp-image-1283\" src=\"https:\/\/semmelweis.hu\/baratikor\/files\/2022\/12\/162_11.jpg\" alt=\"\" width=\"283\" height=\"398\" \/><\/a><\/strong><\/p>\n","protected":false},"excerpt":{"rendered":"<p><a href=\"https:\/\/semmelweis.hu\/baratikor\/galeria\/teljes-nevlista\/eckstein-frigyes\/eckstein-frigyes_2\/\" rel=\"attachment wp-att-1615\"><\/a> Eckstein Frigyes, ehrenbergi (Kolozsv\u00e1r, 1803. szeptember 13. &#8211; Pest, 1859. j\u00fanius 8.) Tansz\u00e9k: az \u00fan. k\u00fcls\u0151 orvosi kar tagja volt, nem v\u00e9gzett oktat\u00f3 tev\u00e9kenys\u00e9get. Viselt egyetemi m\u00e9lt\u00f3s\u00e1g: d\u00e9k\u00e1n 1843\/44-1844\/45. \u00c9desapja Eckstein J\u00e1nos orvosdoktor, a kolozsv\u00e1ri Orvos-seb\u00e9szi Tanint\u00e9zet tan\u00e1ra, majd Pesten az elm\u00e9leti seb\u00e9szet els\u0151 tan\u00e1ra volt. Frigyes m\u00e1r 5 \u00e9ves kor\u00e1t\u00f3l Pesten nevelkedett, itt v\u00e9gezte &hellip;<\/p>\n","protected":false},"author":282,"featured_media":5369,"parent":347,"menu_order":0,"comment_status":"closed","ping_status":"closed","template":"template-fullwidth.php","meta":{"_acf_changed":false,"footnotes":""},"categories":[6,20,81,14],"tags":[],"class_list":["post-1282","page","type-page","status-publish","has-post-thumbnail","hentry","category-dekanok","category-dekanok-karok-szerint","category-orvosi-kar-dekanjai","category-teljes-nevlista"],"acf":[],"_links":{"self":[{"href":"https:\/\/semmelweis.hu\/baratikor\/wp-json\/wp\/v2\/pages\/1282","targetHints":{"allow":["GET"]}}],"collection":[{"href":"https:\/\/semmelweis.hu\/baratikor\/wp-json\/wp\/v2\/pages"}],"about":[{"href":"https:\/\/semmelweis.hu\/baratikor\/wp-json\/wp\/v2\/types\/page"}],"author":[{"embeddable":true,"href":"https:\/\/semmelweis.hu\/baratikor\/wp-json\/wp\/v2\/users\/282"}],"replies":[{"embeddable":true,"href":"https:\/\/semmelweis.hu\/baratikor\/wp-json\/wp\/v2\/comments?post=1282"}],"version-history":[{"count":4,"href":"https:\/\/semmelweis.hu\/baratikor\/wp-json\/wp\/v2\/pages\/1282\/revisions"}],"predecessor-version":[{"id":1616,"href":"https:\/\/semmelweis.hu\/baratikor\/wp-json\/wp\/v2\/pages\/1282\/revisions\/1616"}],"up":[{"embeddable":true,"href":"https:\/\/semmelweis.hu\/baratikor\/wp-json\/wp\/v2\/pages\/347"}],"wp:featuredmedia":[{"embeddable":true,"href":"https:\/\/semmelweis.hu\/baratikor\/wp-json\/wp\/v2\/media\/5369"}],"wp:attachment":[{"href":"https:\/\/semmelweis.hu\/baratikor\/wp-json\/wp\/v2\/media?parent=1282"}],"wp:term":[{"taxonomy":"category","embeddable":true,"href":"https:\/\/semmelweis.hu\/baratikor\/wp-json\/wp\/v2\/categories?post=1282"},{"taxonomy":"post_tag","embeddable":true,"href":"https:\/\/semmelweis.hu\/baratikor\/wp-json\/wp\/v2\/tags?post=1282"}],"curies":[{"name":"wp","href":"https:\/\/api.w.org\/{rel}","templated":true}]}}