{"id":1274,"date":"2022-12-20T15:01:23","date_gmt":"2022-12-20T14:01:23","guid":{"rendered":"https:\/\/semmelweis.hu\/baratikor\/?page_id=1274"},"modified":"2023-10-11T15:30:49","modified_gmt":"2023-10-11T13:30:49","slug":"havas-ignac","status":"publish","type":"page","link":"https:\/\/semmelweis.hu\/baratikor\/galeria\/teljes-nevlista\/havas-ignac\/","title":{"rendered":"Havas Ign\u00e1c"},"content":{"rendered":"<p style=\"text-align: justify\"><strong><a href=\"https:\/\/semmelweis.hu\/baratikor\/galeria\/teljes-nevlista\/havas-ignac\/163_11\/\" rel=\"attachment wp-att-1275\"><img loading=\"lazy\" decoding=\"async\" class=\"alignleft size-full wp-image-1275\" src=\"https:\/\/semmelweis.hu\/baratikor\/files\/2022\/12\/163_11.jpg\" alt=\"\" width=\"283\" height=\"321\" \/><\/a><\/strong><strong>Havas Ign\u00e1c, g\u00f6m\u00f6ri (Valaszka \/Garamolaszka, Z\u00f3lyom megye\/, 1803 &#8211; Budapest, 1887. november 2.) <\/strong><\/p>\n<p><strong>Tansz\u00e9k: <\/strong>a k\u00fcls\u0151 orvosi kar tagja volt, nem oktatott az egyetemen.<\/p>\n<p><strong>Viselt egyetemi m\u00e9lt\u00f3s\u00e1g: <\/strong>d\u00e9k\u00e1n 1845\/46-1846\/47.<\/p>\n<p>Pesten szerzett orvosdoktori oklevelet 1828. m\u00e1rcius 1-j\u00e9n. Ezut\u00e1n Toln\u00e1n telepedett le, ahol a v\u00e1rmegye f\u0151orvosa \u00e9s a szeksz\u00e1rdi k\u00f3rh\u00e1z igazgat\u00f3ja lett. K\u00e9s\u0151bb Tolna, Baranya \u00e9s G\u00f6m\u00f6r megy\u00e9k t\u00e1blab\u00edr\u00f3i tiszt\u00e9t is bet\u00f6lt\u00f6tte. A 40-es \u00e9vekben Pestre telep\u00fclt, \u00e9s az el\u0151kel\u0151 k\u00f6r\u00f6k kedvelt orvosa lett. Emellett k\u00f6z\u00fcgyekkel is foglalkozott, 1842-ben a pesti Orvosegylet tagja lett, ahonnan azonban 1866-ban kil\u00e9pett. A Sz\u00e9chenyi \u00e1ltal alap\u00edtott Nemzeti Casino egyik legr\u00e9gebbi tagj\u00e1nak sz\u00e1m\u00edtott, ak\u00e1rcsak a Sas-clubnak. Tagja volt tov\u00e1bb\u00e1 a r\u00e9gi Gemeinderathnak, majd hal\u00e1l\u00e1ig a f\u0151v\u00e1ros tan\u00e1cs\u00e1nak. Komoly \u00e9rdemeket szerzett a f\u0151v\u00e1ros felvir\u00e1goztat\u00e1sa ter\u00e9n. Az 1873-as egyes\u00edt\u00e9skor korm\u00e1nybiztosk\u00e9nt \u0151 eln\u00f6k\u00f6lt a h\u00e1rom v\u00e1ros (Pest, Buda, \u00d3buda) k\u00f6zgy\u0171l\u00e9s\u00e9n. \u00c9rdemei elismer\u00e9sek\u00e9nt a Szent Istv\u00e1n-renddel \u00e9s a kir\u00e1lyi tan\u00e1csosi m\u00e9lt\u00f3s\u00e1ggal t\u00fcntett\u00e9k ki, s\u0151t utc\u00e1t neveztek el r\u00f3la. P\u00e1ly\u00e1ja sor\u00e1n jelent\u0151s vagyont gy\u0171jt\u00f6tt, \u00e9s b\u00e1r szer\u00e9ny \u00e9letet \u00e9lt, id\u0151s kor\u00e1ra ennek nagy r\u00e9sz\u00e9t elvesztette. Az Els\u0151 Hazai Takar\u00e9kp\u00e9nzt\u00e1rn\u00e1l bet\u00f6lt\u00f6tt \u00e1ll\u00e1sa azonban meg\u00f3vta a n\u00e9lk\u00fcl\u00f6z\u00e9sekt\u0151l. Az Orvosi Kar k\u00fcls\u0151 tagjak\u00e9nt 1845-t\u0151l k\u00e9t tan\u00e9ven \u00e1t viselte a d\u00e9k\u00e1ni tiszts\u00e9get.<\/p>\n<p><strong>F\u0151bb munk\u00e1i:<\/strong> Dissertatio inauguralis medica de prosopolgia nervosa. Pestini, 1828.; Hivatalos jelent\u00e9s a marhapestist enyh\u00edt\u0151 b\u00e1n\u00e1sm\u00f3dr\u00f3l. Pestini, 1839.; Inoculatio luis pecorum per&#8230; proposita. Pestini, 1861 (Linzbauer Ferenc, Codex sanitario-medicinalis Hungariae c. munk\u00e1ja f\u00fcggel\u00e9k\u00e9ben.).<\/p>\n<p><strong>Nyughelye:<\/strong> nem ismert.<\/p>\n<p><a href=\"https:\/\/semmelweis.hu\/baratikor\/galeria\/teljes-nevlista\/havas-ignac\/163_31\/\" rel=\"attachment wp-att-1277\"><img loading=\"lazy\" decoding=\"async\" class=\"alignleft size-medium wp-image-1277\" src=\"https:\/\/semmelweis.hu\/baratikor\/files\/2022\/12\/163_31-270x400.jpg\" alt=\"\" width=\"270\" height=\"400\" srcset=\"https:\/\/semmelweis.hu\/baratikor\/files\/2022\/12\/163_31-270x400.jpg 270w, https:\/\/semmelweis.hu\/baratikor\/files\/2022\/12\/163_31.jpg 539w\" sizes=\"auto, (max-width: 270px) 100vw, 270px\" \/><\/a><strong><a href=\"https:\/\/semmelweis.hu\/baratikor\/galeria\/teljes-nevlista\/havas-ignac\/havas-ignac-2\/\" rel=\"attachment wp-att-1793\"><img loading=\"lazy\" decoding=\"async\" class=\"alignleft size-medium wp-image-1793\" src=\"https:\/\/semmelweis.hu\/baratikor\/files\/2023\/01\/Havas-Ignac-304x400.jpg\" alt=\"\" width=\"304\" height=\"400\" srcset=\"https:\/\/semmelweis.hu\/baratikor\/files\/2023\/01\/Havas-Ignac-304x400.jpg 304w, https:\/\/semmelweis.hu\/baratikor\/files\/2023\/01\/Havas-Ignac-753x992.jpg 753w, https:\/\/semmelweis.hu\/baratikor\/files\/2023\/01\/Havas-Ignac.jpg 759w\" sizes=\"auto, (max-width: 304px) 100vw, 304px\" \/><\/a><\/strong><a href=\"https:\/\/semmelweis.hu\/baratikor\/galeria\/teljes-nevlista\/havas-ignac\/163_21\/\" rel=\"attachment wp-att-1276\"><img loading=\"lazy\" decoding=\"async\" class=\"alignleft wp-image-1276 size-medium\" src=\"https:\/\/semmelweis.hu\/baratikor\/files\/2022\/12\/163_21-251x400.jpg\" alt=\"\" width=\"251\" height=\"400\" srcset=\"https:\/\/semmelweis.hu\/baratikor\/files\/2022\/12\/163_21-251x400.jpg 251w, https:\/\/semmelweis.hu\/baratikor\/files\/2022\/12\/163_21.jpg 501w\" sizes=\"auto, (max-width: 251px) 100vw, 251px\" \/><\/a><\/p>\n","protected":false},"excerpt":{"rendered":"<p><a href=\"https:\/\/semmelweis.hu\/baratikor\/galeria\/teljes-nevlista\/havas-ignac\/163_11\/\" rel=\"attachment wp-att-1275\"><\/a> Havas Ign\u00e1c, g\u00f6m\u00f6ri (Valaszka \/Garamolaszka, Z\u00f3lyom megye\/, 1803 &#8211; Budapest, 1887. november 2.) Tansz\u00e9k: a k\u00fcls\u0151 orvosi kar tagja volt, nem oktatott az egyetemen. Viselt egyetemi m\u00e9lt\u00f3s\u00e1g: d\u00e9k\u00e1n 1845\/46-1846\/47. Pesten szerzett orvosdoktori oklevelet 1828. m\u00e1rcius 1-j\u00e9n. Ezut\u00e1n Toln\u00e1n telepedett le, ahol a v\u00e1rmegye f\u0151orvosa \u00e9s a szeksz\u00e1rdi k\u00f3rh\u00e1z igazgat\u00f3ja lett. K\u00e9s\u0151bb Tolna, Baranya \u00e9s G\u00f6m\u00f6r &hellip;<\/p>\n","protected":false},"author":282,"featured_media":5382,"parent":347,"menu_order":0,"comment_status":"closed","ping_status":"closed","template":"template-fullwidth.php","meta":{"_acf_changed":false,"footnotes":""},"categories":[6,20,81,14],"tags":[],"class_list":["post-1274","page","type-page","status-publish","has-post-thumbnail","hentry","category-dekanok","category-dekanok-karok-szerint","category-orvosi-kar-dekanjai","category-teljes-nevlista"],"acf":[],"_links":{"self":[{"href":"https:\/\/semmelweis.hu\/baratikor\/wp-json\/wp\/v2\/pages\/1274","targetHints":{"allow":["GET"]}}],"collection":[{"href":"https:\/\/semmelweis.hu\/baratikor\/wp-json\/wp\/v2\/pages"}],"about":[{"href":"https:\/\/semmelweis.hu\/baratikor\/wp-json\/wp\/v2\/types\/page"}],"author":[{"embeddable":true,"href":"https:\/\/semmelweis.hu\/baratikor\/wp-json\/wp\/v2\/users\/282"}],"replies":[{"embeddable":true,"href":"https:\/\/semmelweis.hu\/baratikor\/wp-json\/wp\/v2\/comments?post=1274"}],"version-history":[{"count":7,"href":"https:\/\/semmelweis.hu\/baratikor\/wp-json\/wp\/v2\/pages\/1274\/revisions"}],"predecessor-version":[{"id":1796,"href":"https:\/\/semmelweis.hu\/baratikor\/wp-json\/wp\/v2\/pages\/1274\/revisions\/1796"}],"up":[{"embeddable":true,"href":"https:\/\/semmelweis.hu\/baratikor\/wp-json\/wp\/v2\/pages\/347"}],"wp:featuredmedia":[{"embeddable":true,"href":"https:\/\/semmelweis.hu\/baratikor\/wp-json\/wp\/v2\/media\/5382"}],"wp:attachment":[{"href":"https:\/\/semmelweis.hu\/baratikor\/wp-json\/wp\/v2\/media?parent=1274"}],"wp:term":[{"taxonomy":"category","embeddable":true,"href":"https:\/\/semmelweis.hu\/baratikor\/wp-json\/wp\/v2\/categories?post=1274"},{"taxonomy":"post_tag","embeddable":true,"href":"https:\/\/semmelweis.hu\/baratikor\/wp-json\/wp\/v2\/tags?post=1274"}],"curies":[{"name":"wp","href":"https:\/\/api.w.org\/{rel}","templated":true}]}}